{"id":25628,"date":"2024-05-27T11:22:26","date_gmt":"2024-05-27T11:22:26","guid":{"rendered":"https:\/\/swiftlifts.com\/solicitar-un-presupuesto\/"},"modified":"2024-05-27T11:22:26","modified_gmt":"2024-05-27T11:22:26","slug":"solicitar-un-presupuesto","status":"publish","type":"page","link":"https:\/\/swiftlifts.com\/es\/solicitar-un-presupuesto\/","title":{"rendered":"Solicitar un presupuesto"},"content":{"rendered":"\n\t<section class=\"section\" id=\"section_1817295032\">\n\t\t<div class=\"section-bg fill\" >\n\t\t\t\t\t\t\t\t\t\n\t\t\t\n\n\t\t<\/div>\n\n\t\t\n\n\t\t<div class=\"section-content relative\">\n\t\t\t\n<div class=\"row\"  id=\"row-947676723\">\n\n\t<div id=\"col-214424797\" class=\"col medium-11 small-12 large-11\"  >\n\t\t\t\t<div class=\"col-inner\"  >\n\t\t\t\n\t\t\t\n<h1>Solicitar presupuesto de ascensor<\/h1>\n<p>Podemos proporcionarle r\u00e1pidamente un presupuesto de ascensor dom\u00e9stico. El presupuesto incluir\u00e1 un precio estimado del producto con sus distintas opciones y caracter\u00edsticas, incluidos los costes de instalaci\u00f3n y entrega, la garant\u00eda y una propuesta de contrato de servicio.<\/p>\n<p>Para que nuestro presupuesto sea lo m\u00e1s realista posible, necesitamos algunos antecedentes. Cuanta m\u00e1s informaci\u00f3n proporcione, mejor. Al menos necesitamos informaci\u00f3n sobre el n\u00famero de plantas, d\u00f3nde tiene previsto colocar el ascensor de la vivienda y si desea que el ascensor sea con paneles de cristal o con paneles de hueco.<\/p>\n<p>El presupuesto que recibir\u00e1 no s\u00f3lo incluir\u00e1 el precio, sino tambi\u00e9n planos de diferentes vistas, medidas de las puertas y c\u00f3mo se abren, altura de recorrido e informaci\u00f3n sobre lo que hay que preparar antes de la instalaci\u00f3n.<\/p>\n\t<div id=\"text-2249998759\" class=\"text\">\n\t\t\n<form id=\"get-a-quote\"><label for=\"email\">Correo electr\u00f3nico:<\/label> <input id=\"email\" name=\"email\" type=\"text\"><label for=\"fname\">Nombre:<\/label> <input id=\"fname\" name=\"fname\" type=\"text\"><label for=\"lname\">Apellidos:<\/label> <input id=\"lname\" name=\"lname\" type=\"text\"><label for=\"phone\">N\u00famero de tel\u00e9fono:<\/label> <input id=\"phone\" name=\"phone\" type=\"text\"><label for=\"country\">Pa\u00eds:<\/label> <input id=\"country\" name=\"country\" type=\"text\"><label for=\"country\">Ciudad\/ Estado:<\/label> <input id=\"city\" name=\"city\" type=\"text\"><\/p>\n<div id=\"thank-you\" class=\"thank-you-text\"><input id=\"submit-button\" type=\"submit\" value=\"Enviar\" onclick=\"GetAQuote()\"><\/div>\n<\/form>\n\t\t\n<style>\n#text-2249998759 {\n  color: rgb(255, 145, 150);\n}\n#text-2249998759 > * {\n  color: rgb(255, 145, 150);\n}\n<\/style>\n\t<\/div>\n\t\n<p>Estaremos encantados de ayudarle a especificar c\u00f3mo podr\u00eda ser el ascensor y qu\u00e9 es importante tener en cuenta: <a href=\"https:\/\/swiftlifts.com\/contact-us\/\">p\u00f3ngase en contacto con SWIFT&gt;&gt;<\/a> <\/p>\n<p><a href=\"https:\/\/swiftlifts.com\/swift-faq\/what-types-of-elevators-are-there\/\">Para m\u00e1s informaci\u00f3n sobre ascensores en general &gt;&gt;<\/a><\/p>\n<p><a href=\"https:\/\/swiftlifts.com\/how-to-buy\/\">Para m\u00e1s informaci\u00f3n sobre c\u00f3mo comprar un ascensor dom\u00e9stico &gt;&gt;<\/a><\/p>\n<p><a href=\"https:\/\/www.instagram.com\/swifthomelifts\/\">Para inspirarse en SWIFT &gt;&gt;<\/a><\/p>\n\t\t<\/div>\n\t\t\t\t\t<\/div>\n\n\t\n\n<style>\n#row-947676723 > .col > .col-inner {\n  padding: 100px 0px 0px 0px;\n}\n<\/style>\n<\/div>\n\t\t<\/div>\n\n\t\t\n<style>\n#section_1817295032 {\n  padding-top: 30px;\n  padding-bottom: 30px;\n  background-color: rgb(250, 245, 242);\n}\n<\/style>\n\t<\/section>\n\t\n","protected":false},"excerpt":{"rendered":"","protected":false},"author":1,"featured_media":25629,"parent":0,"menu_order":0,"comment_status":"closed","ping_status":"closed","template":"page-transparent-header.php","meta":{"_acf_changed":false,"content-type":"","footnotes":""},"class_list":["post-25628","page","type-page","status-publish","has-post-thumbnail","hentry"],"acf":[],"yoast_head":"<!-- This site is optimized with the Yoast SEO Premium plugin v27.3 (Yoast SEO v27.4) - https:\/\/yoast.com\/product\/yoast-seo-premium-wordpress\/ -->\n<title>Ascensor dom\u00e9stico - solicite presupuesto swiftlifts.com<\/title>\n<meta name=\"description\" content=\"SWIFT ofrece ascensores dom\u00e9sticos para todo tipo de viviendas. Elija entre diferentes tama\u00f1os y modelos. Podemos facilitarle r\u00e1pidamente un presupuesto.\" \/>\n<meta name=\"robots\" content=\"index, follow, max-snippet:-1, max-image-preview:large, max-video-preview:-1\" \/>\n<link rel=\"canonical\" href=\"https:\/\/swiftlifts.com\/es\/solicitar-un-presupuesto\/\" \/>\n<meta property=\"og:locale\" content=\"es_ES\" \/>\n<meta property=\"og:type\" content=\"article\" \/>\n<meta property=\"og:title\" content=\"Ascensor dom\u00e9stico - solicite presupuesto\" \/>\n<meta property=\"og:description\" content=\"SWIFT ofrece ascensores dom\u00e9sticos para todo tipo de viviendas. Elija entre diferentes tama\u00f1os y modelos. Podemos facilitarle r\u00e1pidamente un presupuesto.\" \/>\n<meta property=\"og:url\" content=\"https:\/\/swiftlifts.com\/es\/solicitar-un-presupuesto\/\" \/>\n<meta property=\"og:site_name\" content=\"SWIFT - 100% battery driven home lifts\" \/>\n<meta property=\"article:publisher\" content=\"https:\/\/www.facebook.com\/swifthomelifts\" \/>\n<meta property=\"og:image\" content=\"https:\/\/swiftlifts.com\/wp-content\/uploads\/2022\/06\/4.jpg\" \/>\n\t<meta property=\"og:image:width\" content=\"2000\" \/>\n\t<meta property=\"og:image:height\" content=\"950\" \/>\n\t<meta property=\"og:image:type\" content=\"image\/jpeg\" \/>\n<meta name=\"twitter:card\" content=\"summary_large_image\" \/>\n<meta name=\"twitter:title\" content=\"Ascensor dom\u00e9stico - solicite presupuesto\" \/>\n<meta name=\"twitter:description\" content=\"SWIFT ofrece ascensores dom\u00e9sticos para todo tipo de viviendas. Elija entre diferentes tama\u00f1os y modelos. Podemos facilitarle r\u00e1pidamente un presupuesto.\" \/>\n<meta name=\"twitter:label1\" content=\"Tiempo de lectura\" \/>\n\t<meta name=\"twitter:data1\" content=\"1 minuto\" \/>\n<script type=\"application\/ld+json\" class=\"yoast-schema-graph\">{\"@context\":\"https:\\\/\\\/schema.org\",\"@graph\":[{\"@type\":\"WebPage\",\"@id\":\"https:\\\/\\\/swiftlifts.com\\\/es\\\/solicitar-un-presupuesto\\\/\",\"url\":\"https:\\\/\\\/swiftlifts.com\\\/es\\\/solicitar-un-presupuesto\\\/\",\"name\":\"Ascensor dom\u00e9stico - solicite presupuesto swiftlifts.com\",\"isPartOf\":{\"@id\":\"https:\\\/\\\/swiftlifts.com\\\/es\\\/#website\"},\"primaryImageOfPage\":{\"@id\":\"https:\\\/\\\/swiftlifts.com\\\/es\\\/solicitar-un-presupuesto\\\/#primaryimage\"},\"image\":{\"@id\":\"https:\\\/\\\/swiftlifts.com\\\/es\\\/solicitar-un-presupuesto\\\/#primaryimage\"},\"thumbnailUrl\":\"https:\\\/\\\/swiftlifts.com\\\/wp-content\\\/uploads\\\/2022\\\/06\\\/4.jpg\",\"datePublished\":\"2024-05-27T11:22:26+00:00\",\"description\":\"SWIFT ofrece ascensores dom\u00e9sticos para todo tipo de viviendas. Elija entre diferentes tama\u00f1os y modelos. Podemos facilitarle r\u00e1pidamente un presupuesto.\",\"breadcrumb\":{\"@id\":\"https:\\\/\\\/swiftlifts.com\\\/es\\\/solicitar-un-presupuesto\\\/#breadcrumb\"},\"inLanguage\":\"es\",\"potentialAction\":[{\"@type\":\"ReadAction\",\"target\":[\"https:\\\/\\\/swiftlifts.com\\\/es\\\/solicitar-un-presupuesto\\\/\"]}]},{\"@type\":\"ImageObject\",\"inLanguage\":\"es\",\"@id\":\"https:\\\/\\\/swiftlifts.com\\\/es\\\/solicitar-un-presupuesto\\\/#primaryimage\",\"url\":\"https:\\\/\\\/swiftlifts.com\\\/wp-content\\\/uploads\\\/2022\\\/06\\\/4.jpg\",\"contentUrl\":\"https:\\\/\\\/swiftlifts.com\\\/wp-content\\\/uploads\\\/2022\\\/06\\\/4.jpg\",\"width\":2000,\"height\":950},{\"@type\":\"BreadcrumbList\",\"@id\":\"https:\\\/\\\/swiftlifts.com\\\/es\\\/solicitar-un-presupuesto\\\/#breadcrumb\",\"itemListElement\":[{\"@type\":\"ListItem\",\"position\":1,\"name\":\"Home\",\"item\":\"https:\\\/\\\/swiftlifts.com\\\/es\\\/\"},{\"@type\":\"ListItem\",\"position\":2,\"name\":\"Solicitar un presupuesto\"}]},{\"@type\":\"WebSite\",\"@id\":\"https:\\\/\\\/swiftlifts.com\\\/es\\\/#website\",\"url\":\"https:\\\/\\\/swiftlifts.com\\\/es\\\/\",\"name\":\"SWIFT - 100% battery driven home lifts\",\"description\":\"NEW WAYS TO MOVE\",\"publisher\":{\"@id\":\"https:\\\/\\\/swiftlifts.com\\\/es\\\/#organization\"},\"potentialAction\":[{\"@type\":\"SearchAction\",\"target\":{\"@type\":\"EntryPoint\",\"urlTemplate\":\"https:\\\/\\\/swiftlifts.com\\\/es\\\/?s={search_term_string}\"},\"query-input\":{\"@type\":\"PropertyValueSpecification\",\"valueRequired\":true,\"valueName\":\"search_term_string\"}}],\"inLanguage\":\"es\"},{\"@type\":\"Organization\",\"@id\":\"https:\\\/\\\/swiftlifts.com\\\/es\\\/#organization\",\"name\":\"SWIFT Home Lifts\",\"url\":\"https:\\\/\\\/swiftlifts.com\\\/es\\\/\",\"logo\":{\"@type\":\"ImageObject\",\"inLanguage\":\"es\",\"@id\":\"https:\\\/\\\/swiftlifts.com\\\/es\\\/#\\\/schema\\\/logo\\\/image\\\/\",\"url\":\"https:\\\/\\\/swiftlifts.com\\\/wp-content\\\/uploads\\\/2025\\\/03\\\/cropped-SWIFT-Logo-Google.jpg\",\"contentUrl\":\"https:\\\/\\\/swiftlifts.com\\\/wp-content\\\/uploads\\\/2025\\\/03\\\/cropped-SWIFT-Logo-Google.jpg\",\"width\":512,\"height\":512,\"caption\":\"SWIFT Home Lifts\"},\"image\":{\"@id\":\"https:\\\/\\\/swiftlifts.com\\\/es\\\/#\\\/schema\\\/logo\\\/image\\\/\"},\"sameAs\":[\"https:\\\/\\\/www.facebook.com\\\/swifthomelifts\",\"https:\\\/\\\/www.instagram.com\\\/swifthomelifts\\\/\",\"https:\\\/\\\/www.linkedin.com\\\/company\\\/swifthomelifts\\\/\",\"https:\\\/\\\/www.pinterest.se\\\/swifthomelifts\\\/\",\"https:\\\/\\\/www.youtube.com\\\/@swift5669\"]}]}<\/script>\n<!-- \/ Yoast SEO Premium plugin. -->","yoast_head_json":{"title":"Ascensor dom\u00e9stico - solicite presupuesto swiftlifts.com","description":"SWIFT ofrece ascensores dom\u00e9sticos para todo tipo de viviendas. Elija entre diferentes tama\u00f1os y modelos. Podemos facilitarle r\u00e1pidamente un presupuesto.","robots":{"index":"index","follow":"follow","max-snippet":"max-snippet:-1","max-image-preview":"max-image-preview:large","max-video-preview":"max-video-preview:-1"},"canonical":"https:\/\/swiftlifts.com\/es\/solicitar-un-presupuesto\/","og_locale":"es_ES","og_type":"article","og_title":"Ascensor dom\u00e9stico - solicite presupuesto","og_description":"SWIFT ofrece ascensores dom\u00e9sticos para todo tipo de viviendas. Elija entre diferentes tama\u00f1os y modelos. Podemos facilitarle r\u00e1pidamente un presupuesto.","og_url":"https:\/\/swiftlifts.com\/es\/solicitar-un-presupuesto\/","og_site_name":"SWIFT - 100% battery driven home lifts","article_publisher":"https:\/\/www.facebook.com\/swifthomelifts","og_image":[{"width":2000,"height":950,"url":"https:\/\/swiftlifts.com\/wp-content\/uploads\/2022\/06\/4.jpg","type":"image\/jpeg"}],"twitter_card":"summary_large_image","twitter_title":"Ascensor dom\u00e9stico - solicite presupuesto","twitter_description":"SWIFT ofrece ascensores dom\u00e9sticos para todo tipo de viviendas. Elija entre diferentes tama\u00f1os y modelos. Podemos facilitarle r\u00e1pidamente un presupuesto.","twitter_misc":{"Tiempo de lectura":"1 minuto"},"schema":{"@context":"https:\/\/schema.org","@graph":[{"@type":"WebPage","@id":"https:\/\/swiftlifts.com\/es\/solicitar-un-presupuesto\/","url":"https:\/\/swiftlifts.com\/es\/solicitar-un-presupuesto\/","name":"Ascensor dom\u00e9stico - solicite presupuesto swiftlifts.com","isPartOf":{"@id":"https:\/\/swiftlifts.com\/es\/#website"},"primaryImageOfPage":{"@id":"https:\/\/swiftlifts.com\/es\/solicitar-un-presupuesto\/#primaryimage"},"image":{"@id":"https:\/\/swiftlifts.com\/es\/solicitar-un-presupuesto\/#primaryimage"},"thumbnailUrl":"https:\/\/swiftlifts.com\/wp-content\/uploads\/2022\/06\/4.jpg","datePublished":"2024-05-27T11:22:26+00:00","description":"SWIFT ofrece ascensores dom\u00e9sticos para todo tipo de viviendas. Elija entre diferentes tama\u00f1os y modelos. Podemos facilitarle r\u00e1pidamente un presupuesto.","breadcrumb":{"@id":"https:\/\/swiftlifts.com\/es\/solicitar-un-presupuesto\/#breadcrumb"},"inLanguage":"es","potentialAction":[{"@type":"ReadAction","target":["https:\/\/swiftlifts.com\/es\/solicitar-un-presupuesto\/"]}]},{"@type":"ImageObject","inLanguage":"es","@id":"https:\/\/swiftlifts.com\/es\/solicitar-un-presupuesto\/#primaryimage","url":"https:\/\/swiftlifts.com\/wp-content\/uploads\/2022\/06\/4.jpg","contentUrl":"https:\/\/swiftlifts.com\/wp-content\/uploads\/2022\/06\/4.jpg","width":2000,"height":950},{"@type":"BreadcrumbList","@id":"https:\/\/swiftlifts.com\/es\/solicitar-un-presupuesto\/#breadcrumb","itemListElement":[{"@type":"ListItem","position":1,"name":"Home","item":"https:\/\/swiftlifts.com\/es\/"},{"@type":"ListItem","position":2,"name":"Solicitar un presupuesto"}]},{"@type":"WebSite","@id":"https:\/\/swiftlifts.com\/es\/#website","url":"https:\/\/swiftlifts.com\/es\/","name":"SWIFT - 100% battery driven home lifts","description":"NEW WAYS TO MOVE","publisher":{"@id":"https:\/\/swiftlifts.com\/es\/#organization"},"potentialAction":[{"@type":"SearchAction","target":{"@type":"EntryPoint","urlTemplate":"https:\/\/swiftlifts.com\/es\/?s={search_term_string}"},"query-input":{"@type":"PropertyValueSpecification","valueRequired":true,"valueName":"search_term_string"}}],"inLanguage":"es"},{"@type":"Organization","@id":"https:\/\/swiftlifts.com\/es\/#organization","name":"SWIFT Home Lifts","url":"https:\/\/swiftlifts.com\/es\/","logo":{"@type":"ImageObject","inLanguage":"es","@id":"https:\/\/swiftlifts.com\/es\/#\/schema\/logo\/image\/","url":"https:\/\/swiftlifts.com\/wp-content\/uploads\/2025\/03\/cropped-SWIFT-Logo-Google.jpg","contentUrl":"https:\/\/swiftlifts.com\/wp-content\/uploads\/2025\/03\/cropped-SWIFT-Logo-Google.jpg","width":512,"height":512,"caption":"SWIFT Home Lifts"},"image":{"@id":"https:\/\/swiftlifts.com\/es\/#\/schema\/logo\/image\/"},"sameAs":["https:\/\/www.facebook.com\/swifthomelifts","https:\/\/www.instagram.com\/swifthomelifts\/","https:\/\/www.linkedin.com\/company\/swifthomelifts\/","https:\/\/www.pinterest.se\/swifthomelifts\/","https:\/\/www.youtube.com\/@swift5669"]}]}},"_links":{"self":[{"href":"https:\/\/swiftlifts.com\/es\/wp-json\/wp\/v2\/pages\/25628","targetHints":{"allow":["GET"]}}],"collection":[{"href":"https:\/\/swiftlifts.com\/es\/wp-json\/wp\/v2\/pages"}],"about":[{"href":"https:\/\/swiftlifts.com\/es\/wp-json\/wp\/v2\/types\/page"}],"author":[{"embeddable":true,"href":"https:\/\/swiftlifts.com\/es\/wp-json\/wp\/v2\/users\/1"}],"replies":[{"embeddable":true,"href":"https:\/\/swiftlifts.com\/es\/wp-json\/wp\/v2\/comments?post=25628"}],"version-history":[{"count":0,"href":"https:\/\/swiftlifts.com\/es\/wp-json\/wp\/v2\/pages\/25628\/revisions"}],"wp:featuredmedia":[{"embeddable":true,"href":"https:\/\/swiftlifts.com\/es\/wp-json\/wp\/v2\/media\/25629"}],"wp:attachment":[{"href":"https:\/\/swiftlifts.com\/es\/wp-json\/wp\/v2\/media?parent=25628"}],"curies":[{"name":"wp","href":"https:\/\/api.w.org\/{rel}","templated":true}]}}