{"id":25509,"date":"2024-05-27T07:56:57","date_gmt":"2024-05-27T07:56:57","guid":{"rendered":"https:\/\/swiftlifts.com\/construye-tu-ascensor\/"},"modified":"2024-08-20T08:58:53","modified_gmt":"2024-08-20T08:58:53","slug":"construye-tu-ascensor","status":"publish","type":"page","link":"https:\/\/swiftlifts.com\/es\/construye-tu-ascensor\/","title":{"rendered":"Construye tu ascensor"},"content":{"rendered":"\n\t<section class=\"section build-your-lift-sec\" id=\"section_767853996\">\n\t\t<div class=\"section-bg fill\" >\n\t\t\t\t\t\t\t\t\t\n\t\t\t\n\n\t\t<\/div>\n\n\t\t\n\n\t\t<div class=\"section-content relative\">\n\t\t\t\n<div class=\"row align-bottom align-center\" style=\"max-width:80%\" id=\"row-1985797709\">\n\n\t<div id=\"col-481667950\" class=\"col medium-12 small-12 large-12\"  >\n\t\t\t\t<div class=\"col-inner text-center\"  >\n\t\t\t\n\t\t\t\n\t<div id=\"text-2309070304\" class=\"text\">\n\t\t\n<h1>Elija su modelo<\/h1>\n\t\t\n<style>\n#text-2309070304 {\n  font-size: 1.5rem;\n  color: rgb(0,0,0);\n}\n#text-2309070304 > * {\n  color: rgb(0,0,0);\n}\n<\/style>\n\t<\/div>\n\t\n\t\t<\/div>\n\t\t\t\t\n<style>\n#col-481667950 > .col-inner {\n  padding: 0px 0px 0px 0px;\n  margin: 0px 0px -30px 0px;\n}\n<\/style>\n\t<\/div>\n\n\t\n\n<style>\n#row-1985797709 > .col > .col-inner {\n  padding: 20px 0px 0px 0px;\n  background-color: rgb(250, 245, 242);\n}\n<\/style>\n<\/div>\n<div class=\"row row-full-width\"  id=\"row-1944214360\">\n\n\t<div id=\"col-1622575810\" class=\"col medium-2 small-12 large-2\"  >\n\t\t\t\t<div class=\"col-inner\"  >\n\t\t\t\n\t\t\t\n\t\t<\/div>\n\t\t\t\t\t<\/div>\n\n\t\n\n\t<div id=\"col-1236862783\" class=\"col medium-4 small-12 large-4\"  >\n\t\t\t\t<div class=\"col-inner text-center\"  >\n\t\t\t\n\t\t\t\n<p><img decoding=\"async\" src=\"https:\/\/swiftlifts.com\/wp-content\/uploads\/2024\/04\/swift-pro-whole.jpg\" width=\"300\"><\/p>\n<\/p>\n\t<div id=\"text-591293787\" class=\"text\">\n\t\t\n<h2>Nuestro modelo m\u00e1s avanzado<\/h2>\n\t\t\n<style>\n#text-591293787 {\n  font-size: 1rem;\n  text-align: center;\n  color: #ff9196;\n}\n#text-591293787 > * {\n  color: #ff9196;\n}\n<\/style>\n\t<\/div>\n\t\n\t<div id=\"text-2727948284\" class=\"text\">\n\t\t\n<p>Pantalla t\u00e1ctil e inteligente<br \/> caracter\u00edsticas para todos los miembros de la familia<\/p>\n\t\t\n<style>\n#text-2727948284 {\n  text-align: center;\n  color: #ff9196;\n}\n#text-2727948284 > * {\n  color: #ff9196;\n}\n<\/style>\n\t<\/div>\n\t\n<a class=\"button primary lowercase arrow-icon-button-nordic-sunset\" >\n\t\t<span>Cree su SWIFT Pro<\/span>\n\t<\/a>\n\n\t<div id=\"text-316428007\" class=\"text hidden\">\n\t\t\n<h2>SWIFT Pro<\/h2>\n<p class=\"swift-comparison-pro-text\">SWIFT Pro es nuestro ascensor dom\u00e9stico m\u00e1s avanzado, con varias opciones de configuraci\u00f3n personalizada. Disponible en 4 tama\u00f1os y 5 colores diferentes, con una capacidad de 250 kg a 400 kg. Diferentes opciones de suelos de la empresa danesa de dise\u00f1o Ege Carpets, uno de los principales fabricantes europeos de alfombras sostenibles de alta calidad.<\/p>\n\t\t\n<style>\n#text-316428007 {\n  text-align: left;\n}\n<\/style>\n\t<\/div>\n\t\n\t<div id=\"text-3717288728\" class=\"text\">\n\t\t\n<p><img decoding=\"async\" src=\"https:\/\/swiftlifts.com\/wp-content\/uploads\/2024\/04\/ecodrive_2024_ns.png\" class=\"build-lift-icon\" title=\"Banco de bater\u00edas EcoDrive 48V cargado din\u00e1micamente: - Por cargador de bater\u00edas - Por paneles solares (opcional)\"> <img decoding=\"async\" src=\"https:\/\/swiftlifts.com\/wp-content\/uploads\/2024\/04\/touch_display_2024_ns.png\" class=\"build-lift-icon\" title=\"Pantalla t\u00e1ctil Dise\u00f1o intuitivo. Pon nombre a tus pisos. Establece perfiles de usuario.\"> <img decoding=\"async\" src=\"https:\/\/swiftlifts.com\/wp-content\/uploads\/2024\/04\/user-profiles_2024_ns.png\" class=\"build-lift-icon\" title=\"Perfiles de usuario Ajuste la velocidad del ascensor y de la puerta en funci\u00f3n de las preferencias de los miembros de la familia. Ni\u00f1os, visitas y abuelos.\"> <img decoding=\"async\" src=\"https:\/\/swiftlifts.com\/wp-content\/uploads\/2024\/04\/customise_2024_ns.png\" class=\"build-lift-icon\" title=\"Personalizable ArtWalls, colores, elementos de iluminaci\u00f3n y opciones de suelo cuidadosamente seleccionados para que se adapte a cualquier preferencia personal.\"> <img decoding=\"async\" src=\"https:\/\/swiftlifts.com\/wp-content\/uploads\/2024\/04\/sounds_2024_ns.png\" class=\"build-lift-icon\" title=\"Sistema de sonido\"> <img decoding=\"async\" src=\"https:\/\/swiftlifts.com\/wp-content\/uploads\/2024\/04\/swift_remote_2024_ns.png\" class=\"build-lift-icon\" title=\"SWIFT Remote (Opci\u00f3n) Siempre conectado y supervisado a distancia para minimizar los costes de mantenimiento y servicio y optimizar la funcionalidad.\"> <img decoding=\"async\" src=\"https:\/\/swiftlifts.com\/wp-content\/uploads\/2024\/04\/anti-trap_2024_ns.png\" class=\"build-lift-icon\" title=\"Sistema antiatrapamiento Funcionamiento completo si falla la alimentaci\u00f3n externa. No hay que preocuparse.\"> <img decoding=\"async\" src=\"https:\/\/swiftlifts.com\/wp-content\/uploads\/2024\/04\/screwnutmotor_2024_ns.png\" class=\"build-lift-icon\" title=\"Sistema de accionamiento patentado (pendiente) Sistema de tornillo y tuerca m\u00e1s moderno. Menos sala de m\u00e1quinas. Motor IPM-SynRM de 48 V accionado por bater\u00eda de \u00faltima generaci\u00f3n con tecnolog\u00eda de control del motor de \u00faltima generaci\u00f3n.\"> <img decoding=\"async\" src=\"https:\/\/swiftlifts.com\/wp-content\/uploads\/2024\/04\/ce_2024_ns.png\" class=\"build-lift-icon\" title=\"Conformidad t\u00e9cnica Cumple los requisitos de seguridad m\u00e1s estrictos de Europa Directiva Europea de M\u00e1quinas 2006\/42\/CE. Garant\u00eda 10 a\u00f1os del sistema de transmisi\u00f3n por tornillo y tuerca. 5 a\u00f1os para el elevador (requiere un paquete de asistencia y mantenimiento).\"> <img decoding=\"async\" src=\"https:\/\/swiftlifts.com\/wp-content\/uploads\/2024\/04\/a_rated_2024_ns.png\" class=\"build-lift-icon\" title=\"Consumo de energ\u00eda de categor\u00eda A En pleno funcionamiento, el consumo de energ\u00eda es similar al de un lavavajillas de categor\u00eda A (seg\u00fan VDI 4707). El coste de mantenimiento m\u00e1s bajo del mercado gracias al EcoDrive, que regenera la energ\u00eda cuando baja la elevaci\u00f3n.\"><\/p>\n\t\t\n<style>\n#text-3717288728 {\n  text-align: center;\n}\n<\/style>\n\t<\/div>\n\t\n<div class=\"is-divider divider clearfix\" style=\"max-width:100%;height:1px;background-color:rgb(255, 145, 150);\"><\/div>\n\t\t<\/div>\n\t\t\t\t\t<\/div>\n\n\t\n\n\t<div id=\"col-1169129755\" class=\"col medium-4 small-12 large-4\"  >\n\t\t\t\t<div class=\"col-inner text-center\"  >\n\t\t\t\n\t\t\t\n<p><img decoding=\"async\" src=\"https:\/\/swiftlifts.com\/wp-content\/uploads\/2024\/04\/swift-lite-whole.jpg\" width=\"300\"><\/p>\n\t<div id=\"text-521911343\" class=\"text\">\n\t\t\n<h2>Un modelo econ\u00f3mico<\/h2>\n\t\t\n<style>\n#text-521911343 {\n  font-size: 1rem;\n  text-align: center;\n  color: rgb(30, 98, 122);\n}\n#text-521911343 > * {\n  color: rgb(30, 98, 122);\n}\n<\/style>\n\t<\/div>\n\t\n\t<div id=\"text-91456909\" class=\"text\">\n\t\t\n<p>Cumple todos los requisitos<br \/> de comodidad y seguridad<\/p>\n\t\t\n<style>\n#text-91456909 {\n  text-align: center;\n  color: rgb(30, 98, 122);\n}\n#text-91456909 > * {\n  color: rgb(30, 98, 122);\n}\n<\/style>\n\t<\/div>\n\t\n<a class=\"button alert lowercase arrow-icon-button-teal\" >\n\t\t<span>Construya su SWIFT Lite<\/span>\n\t<\/a>\n\n\t<div id=\"text-2358852992\" class=\"text hidden\">\n\t\t\n<h2 class=\"swift-comparison-lite-header\">SWIFT Lite<\/h2>\n<p>SWIFT Lite es nuestro ascensor dom\u00e9stico b\u00e1sico dise\u00f1ado para satisfacer las necesidades de un presupuesto limitado sin comprometer el estilo y la comodidad. Disponible en 4 tama\u00f1os y 3 colores diferentes con una capacidad de 250 kg a 400 kg.<\/p>\n\t\t\n<style>\n#text-2358852992 {\n  text-align: left;\n}\n<\/style>\n\t<\/div>\n\t\n\t<div id=\"text-2131446418\" class=\"text\">\n\t\t\n<p><img decoding=\"async\" src=\"https:\/\/swiftlifts.com\/wp-content\/uploads\/2024\/04\/ecodrive_2024_mt.png\" class=\"build-lift-icon\" title=\"Banco de bater\u00edas EcoDrive 48V cargado din\u00e1micamente: - Por cargador de bater\u00edas - Por paneles solares (opcional)\"> <img decoding=\"async\" src=\"https:\/\/swiftlifts.com\/wp-content\/uploads\/2024\/04\/swift_remote_2024_mt.png\" class=\"build-lift-icon\" title=\"SWIFT Remote (Opci\u00f3n) Siempre conectado y supervisado a distancia para minimizar los costes de mantenimiento y servicio y optimizar la funcionalidad.\"> <img decoding=\"async\" src=\"https:\/\/swiftlifts.com\/wp-content\/uploads\/2024\/04\/anti-trap_2024_mt.png\" class=\"build-lift-icon\" title=\"Sistema antiatrapamiento Funcionamiento completo si falla la alimentaci\u00f3n externa. No hay que preocuparse.\"> <img decoding=\"async\" src=\"https:\/\/swiftlifts.com\/wp-content\/uploads\/2024\/04\/screwnutmotor_2024_mt.png\" class=\"build-lift-icon\" title=\"Sistema de accionamiento patentado (pendiente) Sistema de tornillo y tuerca m\u00e1s moderno. Menos sala de m\u00e1quinas. Motor IPM-SynRM de 48 V accionado por bater\u00eda de \u00faltima generaci\u00f3n con tecnolog\u00eda de control del motor de \u00faltima generaci\u00f3n.\"> <img decoding=\"async\" src=\"https:\/\/swiftlifts.com\/wp-content\/uploads\/2024\/04\/ce_2024_mt.png\" class=\"build-lift-icon\" title=\"Conformidad t\u00e9cnica Cumple los requisitos de seguridad m\u00e1s estrictos de Europa Directiva europea sobre m\u00e1quinas 2006\/42\/CE.\"> <img decoding=\"async\" src=\"https:\/\/swiftlifts.com\/wp-content\/uploads\/2024\/04\/a_rated_2024_mt.png\" class=\"build-lift-icon\" title=\"Consumo de energ\u00eda de categor\u00eda A En pleno funcionamiento, el consumo de energ\u00eda es similar al de un lavavajillas de categor\u00eda A (seg\u00fan VDI 4707). El coste de mantenimiento m\u00e1s bajo del mercado gracias al EcoDrive, que regenera la energ\u00eda cuando baja la elevaci\u00f3n.\"><\/p>\n\t\t\n<style>\n#text-2131446418 {\n  text-align: center;\n}\n<\/style>\n\t<\/div>\n\t\n<div class=\"is-divider divider clearfix\" style=\"max-width:100%;height:1px;background-color:rgb(30, 98, 122);\"><\/div>\n\t\t<\/div>\n\t\t\t\t\t<\/div>\n\n\t\n<\/div>\n\t\t<\/div>\n\n\t\t\n<style>\n#section_767853996 {\n  padding-top: 0px;\n  padding-bottom: 0px;\n  margin-bottom: 0px;\n  background-color: rgb(250, 245, 242);\n}\n<\/style>\n\t<\/section>\n\t\n\n","protected":false},"excerpt":{"rendered":"","protected":false},"author":1,"featured_media":0,"parent":0,"menu_order":0,"comment_status":"closed","ping_status":"closed","template":"page-blank-landingpage.php","meta":{"_acf_changed":false,"content-type":"","footnotes":""},"class_list":["post-25509","page","type-page","status-publish","hentry"],"acf":[],"yoast_head":"<!-- This site is optimized with the Yoast SEO Premium plugin v27.3 (Yoast SEO v27.3) - https:\/\/yoast.com\/product\/yoast-seo-premium-wordpress\/ -->\n<title>Construye tu ascensor - SWIFT - 100% battery driven home lifts<\/title>\n<meta name=\"robots\" content=\"index, follow, max-snippet:-1, max-image-preview:large, max-video-preview:-1\" \/>\n<link rel=\"canonical\" href=\"https:\/\/swiftlifts.com\/es\/construye-tu-ascensor\/\" \/>\n<meta property=\"og:locale\" content=\"es_ES\" \/>\n<meta property=\"og:type\" content=\"article\" \/>\n<meta property=\"og:title\" content=\"Construye tu ascensor\" \/>\n<meta property=\"og:url\" content=\"https:\/\/swiftlifts.com\/es\/construye-tu-ascensor\/\" \/>\n<meta property=\"og:site_name\" content=\"SWIFT - 100% battery driven home lifts\" \/>\n<meta property=\"article:publisher\" content=\"https:\/\/www.facebook.com\/swifthomelifts\" \/>\n<meta property=\"article:modified_time\" content=\"2024-08-20T08:58:53+00:00\" \/>\n<meta property=\"og:image\" content=\"https:\/\/swiftlifts.com\/wp-content\/uploads\/2024\/04\/swift-pro-whole.jpg\" \/>\n<meta name=\"twitter:card\" content=\"summary_large_image\" \/>\n<meta name=\"twitter:label1\" content=\"Tiempo de lectura\" \/>\n\t<meta name=\"twitter:data1\" content=\"2 minutos\" \/>\n<script type=\"application\/ld+json\" class=\"yoast-schema-graph\">{\"@context\":\"https:\\\/\\\/schema.org\",\"@graph\":[{\"@type\":\"WebPage\",\"@id\":\"https:\\\/\\\/swiftlifts.com\\\/es\\\/construye-tu-ascensor\\\/\",\"url\":\"https:\\\/\\\/swiftlifts.com\\\/es\\\/construye-tu-ascensor\\\/\",\"name\":\"Construye tu ascensor - SWIFT - 100% battery driven home lifts\",\"isPartOf\":{\"@id\":\"https:\\\/\\\/swiftlifts.com\\\/es\\\/#website\"},\"primaryImageOfPage\":{\"@id\":\"https:\\\/\\\/swiftlifts.com\\\/es\\\/construye-tu-ascensor\\\/#primaryimage\"},\"image\":{\"@id\":\"https:\\\/\\\/swiftlifts.com\\\/es\\\/construye-tu-ascensor\\\/#primaryimage\"},\"thumbnailUrl\":\"https:\\\/\\\/swiftlifts.com\\\/wp-content\\\/uploads\\\/2024\\\/04\\\/swift-pro-whole.jpg\",\"datePublished\":\"2024-05-27T07:56:57+00:00\",\"dateModified\":\"2024-08-20T08:58:53+00:00\",\"breadcrumb\":{\"@id\":\"https:\\\/\\\/swiftlifts.com\\\/es\\\/construye-tu-ascensor\\\/#breadcrumb\"},\"inLanguage\":\"es\",\"potentialAction\":[{\"@type\":\"ReadAction\",\"target\":[\"https:\\\/\\\/swiftlifts.com\\\/es\\\/construye-tu-ascensor\\\/\"]}]},{\"@type\":\"ImageObject\",\"inLanguage\":\"es\",\"@id\":\"https:\\\/\\\/swiftlifts.com\\\/es\\\/construye-tu-ascensor\\\/#primaryimage\",\"url\":\"https:\\\/\\\/swiftlifts.com\\\/wp-content\\\/uploads\\\/2024\\\/04\\\/swift-pro-whole.jpg\",\"contentUrl\":\"https:\\\/\\\/swiftlifts.com\\\/wp-content\\\/uploads\\\/2024\\\/04\\\/swift-pro-whole.jpg\"},{\"@type\":\"BreadcrumbList\",\"@id\":\"https:\\\/\\\/swiftlifts.com\\\/es\\\/construye-tu-ascensor\\\/#breadcrumb\",\"itemListElement\":[{\"@type\":\"ListItem\",\"position\":1,\"name\":\"Home\",\"item\":\"https:\\\/\\\/swiftlifts.com\\\/es\\\/\"},{\"@type\":\"ListItem\",\"position\":2,\"name\":\"Construye tu ascensor\"}]},{\"@type\":\"WebSite\",\"@id\":\"https:\\\/\\\/swiftlifts.com\\\/es\\\/#website\",\"url\":\"https:\\\/\\\/swiftlifts.com\\\/es\\\/\",\"name\":\"SWIFT - 100% battery driven home lifts\",\"description\":\"NEW WAYS TO MOVE\",\"publisher\":{\"@id\":\"https:\\\/\\\/swiftlifts.com\\\/es\\\/#organization\"},\"potentialAction\":[{\"@type\":\"SearchAction\",\"target\":{\"@type\":\"EntryPoint\",\"urlTemplate\":\"https:\\\/\\\/swiftlifts.com\\\/es\\\/?s={search_term_string}\"},\"query-input\":{\"@type\":\"PropertyValueSpecification\",\"valueRequired\":true,\"valueName\":\"search_term_string\"}}],\"inLanguage\":\"es\"},{\"@type\":\"Organization\",\"@id\":\"https:\\\/\\\/swiftlifts.com\\\/es\\\/#organization\",\"name\":\"SWIFT Home Lifts\",\"url\":\"https:\\\/\\\/swiftlifts.com\\\/es\\\/\",\"logo\":{\"@type\":\"ImageObject\",\"inLanguage\":\"es\",\"@id\":\"https:\\\/\\\/swiftlifts.com\\\/es\\\/#\\\/schema\\\/logo\\\/image\\\/\",\"url\":\"https:\\\/\\\/swiftlifts.com\\\/wp-content\\\/uploads\\\/2025\\\/03\\\/cropped-SWIFT-Logo-Google.jpg\",\"contentUrl\":\"https:\\\/\\\/swiftlifts.com\\\/wp-content\\\/uploads\\\/2025\\\/03\\\/cropped-SWIFT-Logo-Google.jpg\",\"width\":512,\"height\":512,\"caption\":\"SWIFT Home Lifts\"},\"image\":{\"@id\":\"https:\\\/\\\/swiftlifts.com\\\/es\\\/#\\\/schema\\\/logo\\\/image\\\/\"},\"sameAs\":[\"https:\\\/\\\/www.facebook.com\\\/swifthomelifts\",\"https:\\\/\\\/www.instagram.com\\\/swifthomelifts\\\/\",\"https:\\\/\\\/www.linkedin.com\\\/company\\\/swifthomelifts\\\/\",\"https:\\\/\\\/www.pinterest.se\\\/swifthomelifts\\\/\",\"https:\\\/\\\/www.youtube.com\\\/@swift5669\"]}]}<\/script>\n<!-- \/ Yoast SEO Premium plugin. -->","yoast_head_json":{"title":"Construye tu ascensor - SWIFT - 100% battery driven home lifts","robots":{"index":"index","follow":"follow","max-snippet":"max-snippet:-1","max-image-preview":"max-image-preview:large","max-video-preview":"max-video-preview:-1"},"canonical":"https:\/\/swiftlifts.com\/es\/construye-tu-ascensor\/","og_locale":"es_ES","og_type":"article","og_title":"Construye tu ascensor","og_url":"https:\/\/swiftlifts.com\/es\/construye-tu-ascensor\/","og_site_name":"SWIFT - 100% battery driven home lifts","article_publisher":"https:\/\/www.facebook.com\/swifthomelifts","article_modified_time":"2024-08-20T08:58:53+00:00","og_image":[{"url":"https:\/\/swiftlifts.com\/wp-content\/uploads\/2024\/04\/swift-pro-whole.jpg","type":"","width":"","height":""}],"twitter_card":"summary_large_image","twitter_misc":{"Tiempo de lectura":"2 minutos"},"schema":{"@context":"https:\/\/schema.org","@graph":[{"@type":"WebPage","@id":"https:\/\/swiftlifts.com\/es\/construye-tu-ascensor\/","url":"https:\/\/swiftlifts.com\/es\/construye-tu-ascensor\/","name":"Construye tu ascensor - SWIFT - 100% battery driven home lifts","isPartOf":{"@id":"https:\/\/swiftlifts.com\/es\/#website"},"primaryImageOfPage":{"@id":"https:\/\/swiftlifts.com\/es\/construye-tu-ascensor\/#primaryimage"},"image":{"@id":"https:\/\/swiftlifts.com\/es\/construye-tu-ascensor\/#primaryimage"},"thumbnailUrl":"https:\/\/swiftlifts.com\/wp-content\/uploads\/2024\/04\/swift-pro-whole.jpg","datePublished":"2024-05-27T07:56:57+00:00","dateModified":"2024-08-20T08:58:53+00:00","breadcrumb":{"@id":"https:\/\/swiftlifts.com\/es\/construye-tu-ascensor\/#breadcrumb"},"inLanguage":"es","potentialAction":[{"@type":"ReadAction","target":["https:\/\/swiftlifts.com\/es\/construye-tu-ascensor\/"]}]},{"@type":"ImageObject","inLanguage":"es","@id":"https:\/\/swiftlifts.com\/es\/construye-tu-ascensor\/#primaryimage","url":"https:\/\/swiftlifts.com\/wp-content\/uploads\/2024\/04\/swift-pro-whole.jpg","contentUrl":"https:\/\/swiftlifts.com\/wp-content\/uploads\/2024\/04\/swift-pro-whole.jpg"},{"@type":"BreadcrumbList","@id":"https:\/\/swiftlifts.com\/es\/construye-tu-ascensor\/#breadcrumb","itemListElement":[{"@type":"ListItem","position":1,"name":"Home","item":"https:\/\/swiftlifts.com\/es\/"},{"@type":"ListItem","position":2,"name":"Construye tu ascensor"}]},{"@type":"WebSite","@id":"https:\/\/swiftlifts.com\/es\/#website","url":"https:\/\/swiftlifts.com\/es\/","name":"SWIFT - 100% battery driven home lifts","description":"NEW WAYS TO MOVE","publisher":{"@id":"https:\/\/swiftlifts.com\/es\/#organization"},"potentialAction":[{"@type":"SearchAction","target":{"@type":"EntryPoint","urlTemplate":"https:\/\/swiftlifts.com\/es\/?s={search_term_string}"},"query-input":{"@type":"PropertyValueSpecification","valueRequired":true,"valueName":"search_term_string"}}],"inLanguage":"es"},{"@type":"Organization","@id":"https:\/\/swiftlifts.com\/es\/#organization","name":"SWIFT Home Lifts","url":"https:\/\/swiftlifts.com\/es\/","logo":{"@type":"ImageObject","inLanguage":"es","@id":"https:\/\/swiftlifts.com\/es\/#\/schema\/logo\/image\/","url":"https:\/\/swiftlifts.com\/wp-content\/uploads\/2025\/03\/cropped-SWIFT-Logo-Google.jpg","contentUrl":"https:\/\/swiftlifts.com\/wp-content\/uploads\/2025\/03\/cropped-SWIFT-Logo-Google.jpg","width":512,"height":512,"caption":"SWIFT Home Lifts"},"image":{"@id":"https:\/\/swiftlifts.com\/es\/#\/schema\/logo\/image\/"},"sameAs":["https:\/\/www.facebook.com\/swifthomelifts","https:\/\/www.instagram.com\/swifthomelifts\/","https:\/\/www.linkedin.com\/company\/swifthomelifts\/","https:\/\/www.pinterest.se\/swifthomelifts\/","https:\/\/www.youtube.com\/@swift5669"]}]}},"_links":{"self":[{"href":"https:\/\/swiftlifts.com\/es\/wp-json\/wp\/v2\/pages\/25509","targetHints":{"allow":["GET"]}}],"collection":[{"href":"https:\/\/swiftlifts.com\/es\/wp-json\/wp\/v2\/pages"}],"about":[{"href":"https:\/\/swiftlifts.com\/es\/wp-json\/wp\/v2\/types\/page"}],"author":[{"embeddable":true,"href":"https:\/\/swiftlifts.com\/es\/wp-json\/wp\/v2\/users\/1"}],"replies":[{"embeddable":true,"href":"https:\/\/swiftlifts.com\/es\/wp-json\/wp\/v2\/comments?post=25509"}],"version-history":[{"count":3,"href":"https:\/\/swiftlifts.com\/es\/wp-json\/wp\/v2\/pages\/25509\/revisions"}],"predecessor-version":[{"id":30903,"href":"https:\/\/swiftlifts.com\/es\/wp-json\/wp\/v2\/pages\/25509\/revisions\/30903"}],"wp:attachment":[{"href":"https:\/\/swiftlifts.com\/es\/wp-json\/wp\/v2\/media?parent=25509"}],"curies":[{"name":"wp","href":"https:\/\/api.w.org\/{rel}","templated":true}]}}