{"id":25297,"date":"2024-05-24T12:28:34","date_gmt":"2024-05-24T12:28:34","guid":{"rendered":"https:\/\/swiftlifts.com\/mapa-web\/"},"modified":"2024-05-24T12:28:36","modified_gmt":"2024-05-24T12:28:36","slug":"mapa-web","status":"publish","type":"page","link":"https:\/\/swiftlifts.com\/es\/mapa-web\/","title":{"rendered":"Mapa web"},"content":{"rendered":"<ul class=\"dhswp-html-sitemap-post-list dhswp-page-list\">\n<li><a href=\"https:\/\/swiftlifts.com\/en\/\">Home<\/a><\/li>\n<li><a href=\"https:\/\/swiftlifts.com\/en\/domestic-lifts\/\">Elevadores dom\u00e9sticos<\/a><\/li>\n<li><a href=\"https:\/\/swiftlifts.com\/en\/about\/\">About<\/a><\/li>\n<li><a href=\"https:\/\/swiftlifts.com\/en\/contact-us\/\">Cont\u00e1ctenos<\/a><\/li>\n<li><a href=\"https:\/\/swiftlifts.com\/en\/swift-privacy-policy\/\">Pol\u00edtica de privacidad de SWIFT<\/a><\/li>\n<li><a href=\"https:\/\/swiftlifts.com\/en\/request-a-quote\/\">Solicitar un presupuesto<\/a><\/li>\n<li><a href=\"https:\/\/swiftlifts.com\/en\/warranty-and-maintenance\/\">Garant\u00eda y mantenimiento<\/a><\/li>\n<li><a href=\"https:\/\/swiftlifts.com\/en\/how-to-buy\/\">C\u00f3mo comprar<\/a><\/li>\n<li><a href=\"https:\/\/swiftlifts.com\/en\/our-story\/\">Nuestra historia<\/a><\/li>\n<li><a href=\"https:\/\/swiftlifts.com\/en\/products\/\">Productos<\/a>\n<ul>\n<li><a href=\"https:\/\/swiftlifts.com\/en\/products\/swift-lite-a-small-house-lift\/\">SWIFT Lite<\/a><\/li>\n<li><a href=\"https:\/\/swiftlifts.com\/en\/products\/swift-pro-residential-lift\/\">SWIFT Pro<\/a><\/li>\n<\/ul>\n<\/li>\n<li><a href=\"https:\/\/swiftlifts.com\/en\/swift-cookie-policy\/\">Pol\u00edtica de cookies de SWIFT<\/a><\/li>\n<li><a href=\"https:\/\/swiftlifts.com\/en\/support\/\">Soporte<\/a><\/li>\n<li><a href=\"https:\/\/swiftlifts.com\/en\/swift-people\/\">SWIFT People<\/a>\n<ul>\n<li><a href=\"https:\/\/swiftlifts.com\/en\/swift-people\/swift-portrait-sarah\/\">Retrato SWIFT &#8211; Sarah<\/a><\/li>\n<li><a href=\"https:\/\/swiftlifts.com\/en\/swift-people\/swift-portrait-stefan\/\">Retrato SWIFT &#8211; Stefan<\/a><\/li>\n<li><a href=\"https:\/\/swiftlifts.com\/en\/swift-people\/swift-portrait-mahmud\/\">Retrato SWIFT &#8211; Mahmud<\/a><\/li>\n<li><a href=\"https:\/\/swiftlifts.com\/en\/swift-people\/swift-portrait-alice\/\">ccRetrato SWIFT &#8211; Alice<\/a><\/li>\n<li><a href=\"https:\/\/swiftlifts.com\/en\/swift-people\/swift-portrait-araz\/\">Retrato SWIFT &#8211; Araz<\/a><\/li>\n<li><a href=\"https:\/\/swiftlifts.com\/en\/swift-people\/swift-portrait-leo\/\">Retrato SWIFT &#8211; Leo<\/a><\/li>\n<li><a href=\"https:\/\/swiftlifts.com\/en\/swift-people\/swift-portrait-oscar\/\">Retrato SWIFT &#8211; Oscar<\/a><\/li>\n<li><a href=\"https:\/\/swiftlifts.com\/en\/swift-people\/swift-portrait-arvid\/\">Retrato SWIFT &#8211; Arvid<\/a><\/li>\n<li><a href=\"https:\/\/swiftlifts.com\/en\/swift-people\/swift-portrait-thomas\/\">Retrato SWIFT &#8211; Thomas<\/a><\/li>\n<li><a href=\"https:\/\/swiftlifts.com\/en\/swift-people\/swift-portrait-carl\/\">Retrato SWIFT &#8211; Carl<\/a><\/li>\n<\/ul>\n<\/li>\n<li><a href=\"https:\/\/swiftlifts.com\/en\/test-can-you-have-a-home-lift\/\">Prueba: \u00bfpuedes tener un ascensor en casa?<\/a><\/li>\n<li><a href=\"https:\/\/swiftlifts.com\/en\/projects\/\">Proyectos<\/a>\n<ul>\n<li><a href=\"https:\/\/swiftlifts.com\/en\/projects\/projects-district-5-detached-villa\/\">Proyectos &#8211; Distrito 5 Chalet independiente<\/a><\/li>\n<li><a href=\"https:\/\/swiftlifts.com\/en\/projects\/projects-villa-lagenda\/\">Projects &#8211; Villa Lagenda<\/a><\/li>\n<li><a href=\"https:\/\/swiftlifts.com\/en\/projects\/projects-townhouse-hua-lamphong\/\">Projects &#8211; Townhouse Hua Lamphong<\/a><\/li>\n<li><a href=\"https:\/\/swiftlifts.com\/en\/projects\/projects-villa-al-hamra\/\">Projects &#8211; Villa Al Hamra<\/a><\/li>\n<li><a href=\"https:\/\/swiftlifts.com\/en\/projects\/projects-villa-al-rabwah\/\">Projects &#8211; Villa Al Rabwah<\/a><\/li>\n<li><a href=\"https:\/\/swiftlifts.com\/en\/projects\/projects-bay-suites-residence\/\">Projects &#8211; Bay Suites Residence<\/a><\/li>\n<\/ul>\n<\/li>\n<li><a href=\"https:\/\/swiftlifts.com\/en\/blog\/\">Blog<\/a><\/li>\n<\/ul>\n","protected":false},"excerpt":{"rendered":"<p>Home Elevadores dom\u00e9sticos About Cont\u00e1ctenos Pol\u00edtica de privacidad de SWIFT Solicitar un presupuesto Garant\u00eda y mantenimiento C\u00f3mo comprar Nuestra historia Productos SWIFT Lite SWIFT Pro Pol\u00edtica de cookies de SWIFT Soporte SWIFT People Retrato SWIFT &#8211; Sarah Retrato SWIFT &#8211; Stefan Retrato SWIFT &#8211; Mahmud ccRetrato SWIFT &#8211; Alice Retrato SWIFT &#8211; Araz Retrato SWIFT [&#8230;]\n","protected":false},"author":9,"featured_media":0,"parent":0,"menu_order":0,"comment_status":"closed","ping_status":"closed","template":"","meta":{"_acf_changed":false,"content-type":"","footnotes":""},"class_list":["post-25297","page","type-page","status-publish","hentry"],"acf":[],"yoast_head":"<!-- This site is optimized with the Yoast SEO Premium plugin v27.3 (Yoast SEO v27.3) - https:\/\/yoast.com\/product\/yoast-seo-premium-wordpress\/ -->\n<title>Mapa web - SWIFT - 100% battery driven home lifts<\/title>\n<meta name=\"robots\" content=\"index, follow, max-snippet:-1, max-image-preview:large, max-video-preview:-1\" \/>\n<link rel=\"canonical\" href=\"https:\/\/swiftlifts.com\/es\/mapa-web\/\" \/>\n<meta property=\"og:locale\" content=\"es_ES\" \/>\n<meta property=\"og:type\" content=\"article\" \/>\n<meta property=\"og:title\" content=\"Mapa web\" \/>\n<meta property=\"og:description\" content=\"Home Elevadores dom\u00e9sticos About Cont\u00e1ctenos Pol\u00edtica de privacidad de SWIFT Solicitar un presupuesto Garant\u00eda y mantenimiento C\u00f3mo comprar Nuestra historia Productos SWIFT Lite SWIFT Pro Pol\u00edtica de cookies de SWIFT Soporte SWIFT People Retrato SWIFT &#8211; Sarah Retrato SWIFT &#8211; Stefan Retrato SWIFT &#8211; Mahmud ccRetrato SWIFT &#8211; Alice Retrato SWIFT &#8211; Araz Retrato SWIFT [...]\" \/>\n<meta property=\"og:url\" content=\"https:\/\/swiftlifts.com\/es\/mapa-web\/\" \/>\n<meta property=\"og:site_name\" content=\"SWIFT - 100% battery driven home lifts\" \/>\n<meta property=\"article:publisher\" content=\"https:\/\/www.facebook.com\/swifthomelifts\" \/>\n<meta property=\"article:modified_time\" content=\"2024-05-24T12:28:36+00:00\" \/>\n<meta name=\"twitter:card\" content=\"summary_large_image\" \/>\n<meta name=\"twitter:label1\" content=\"Tiempo de lectura\" \/>\n\t<meta name=\"twitter:data1\" content=\"1 minuto\" \/>\n<script type=\"application\/ld+json\" class=\"yoast-schema-graph\">{\"@context\":\"https:\\\/\\\/schema.org\",\"@graph\":[{\"@type\":\"WebPage\",\"@id\":\"https:\\\/\\\/swiftlifts.com\\\/es\\\/mapa-web\\\/\",\"url\":\"https:\\\/\\\/swiftlifts.com\\\/es\\\/mapa-web\\\/\",\"name\":\"Mapa web - SWIFT - 100% battery driven home lifts\",\"isPartOf\":{\"@id\":\"https:\\\/\\\/swiftlifts.com\\\/es\\\/#website\"},\"datePublished\":\"2024-05-24T12:28:34+00:00\",\"dateModified\":\"2024-05-24T12:28:36+00:00\",\"breadcrumb\":{\"@id\":\"https:\\\/\\\/swiftlifts.com\\\/es\\\/mapa-web\\\/#breadcrumb\"},\"inLanguage\":\"es\",\"potentialAction\":[{\"@type\":\"ReadAction\",\"target\":[\"https:\\\/\\\/swiftlifts.com\\\/es\\\/mapa-web\\\/\"]}]},{\"@type\":\"BreadcrumbList\",\"@id\":\"https:\\\/\\\/swiftlifts.com\\\/es\\\/mapa-web\\\/#breadcrumb\",\"itemListElement\":[{\"@type\":\"ListItem\",\"position\":1,\"name\":\"Home\",\"item\":\"https:\\\/\\\/swiftlifts.com\\\/es\\\/\"},{\"@type\":\"ListItem\",\"position\":2,\"name\":\"Mapa web\"}]},{\"@type\":\"WebSite\",\"@id\":\"https:\\\/\\\/swiftlifts.com\\\/es\\\/#website\",\"url\":\"https:\\\/\\\/swiftlifts.com\\\/es\\\/\",\"name\":\"SWIFT - 100% battery driven home lifts\",\"description\":\"NEW WAYS TO MOVE\",\"publisher\":{\"@id\":\"https:\\\/\\\/swiftlifts.com\\\/es\\\/#organization\"},\"potentialAction\":[{\"@type\":\"SearchAction\",\"target\":{\"@type\":\"EntryPoint\",\"urlTemplate\":\"https:\\\/\\\/swiftlifts.com\\\/es\\\/?s={search_term_string}\"},\"query-input\":{\"@type\":\"PropertyValueSpecification\",\"valueRequired\":true,\"valueName\":\"search_term_string\"}}],\"inLanguage\":\"es\"},{\"@type\":\"Organization\",\"@id\":\"https:\\\/\\\/swiftlifts.com\\\/es\\\/#organization\",\"name\":\"SWIFT Home Lifts\",\"url\":\"https:\\\/\\\/swiftlifts.com\\\/es\\\/\",\"logo\":{\"@type\":\"ImageObject\",\"inLanguage\":\"es\",\"@id\":\"https:\\\/\\\/swiftlifts.com\\\/es\\\/#\\\/schema\\\/logo\\\/image\\\/\",\"url\":\"https:\\\/\\\/swiftlifts.com\\\/wp-content\\\/uploads\\\/2025\\\/03\\\/cropped-SWIFT-Logo-Google.jpg\",\"contentUrl\":\"https:\\\/\\\/swiftlifts.com\\\/wp-content\\\/uploads\\\/2025\\\/03\\\/cropped-SWIFT-Logo-Google.jpg\",\"width\":512,\"height\":512,\"caption\":\"SWIFT Home Lifts\"},\"image\":{\"@id\":\"https:\\\/\\\/swiftlifts.com\\\/es\\\/#\\\/schema\\\/logo\\\/image\\\/\"},\"sameAs\":[\"https:\\\/\\\/www.facebook.com\\\/swifthomelifts\",\"https:\\\/\\\/www.instagram.com\\\/swifthomelifts\\\/\",\"https:\\\/\\\/www.linkedin.com\\\/company\\\/swifthomelifts\\\/\",\"https:\\\/\\\/www.pinterest.se\\\/swifthomelifts\\\/\",\"https:\\\/\\\/www.youtube.com\\\/@swift5669\"]}]}<\/script>\n<!-- \/ Yoast SEO Premium plugin. -->","yoast_head_json":{"title":"Mapa web - SWIFT - 100% battery driven home lifts","robots":{"index":"index","follow":"follow","max-snippet":"max-snippet:-1","max-image-preview":"max-image-preview:large","max-video-preview":"max-video-preview:-1"},"canonical":"https:\/\/swiftlifts.com\/es\/mapa-web\/","og_locale":"es_ES","og_type":"article","og_title":"Mapa web","og_description":"Home Elevadores dom\u00e9sticos About Cont\u00e1ctenos Pol\u00edtica de privacidad de SWIFT Solicitar un presupuesto Garant\u00eda y mantenimiento C\u00f3mo comprar Nuestra historia Productos SWIFT Lite SWIFT Pro Pol\u00edtica de cookies de SWIFT Soporte SWIFT People Retrato SWIFT &#8211; Sarah Retrato SWIFT &#8211; Stefan Retrato SWIFT &#8211; Mahmud ccRetrato SWIFT &#8211; Alice Retrato SWIFT &#8211; Araz Retrato SWIFT [...]","og_url":"https:\/\/swiftlifts.com\/es\/mapa-web\/","og_site_name":"SWIFT - 100% battery driven home lifts","article_publisher":"https:\/\/www.facebook.com\/swifthomelifts","article_modified_time":"2024-05-24T12:28:36+00:00","twitter_card":"summary_large_image","twitter_misc":{"Tiempo de lectura":"1 minuto"},"schema":{"@context":"https:\/\/schema.org","@graph":[{"@type":"WebPage","@id":"https:\/\/swiftlifts.com\/es\/mapa-web\/","url":"https:\/\/swiftlifts.com\/es\/mapa-web\/","name":"Mapa web - SWIFT - 100% battery driven home lifts","isPartOf":{"@id":"https:\/\/swiftlifts.com\/es\/#website"},"datePublished":"2024-05-24T12:28:34+00:00","dateModified":"2024-05-24T12:28:36+00:00","breadcrumb":{"@id":"https:\/\/swiftlifts.com\/es\/mapa-web\/#breadcrumb"},"inLanguage":"es","potentialAction":[{"@type":"ReadAction","target":["https:\/\/swiftlifts.com\/es\/mapa-web\/"]}]},{"@type":"BreadcrumbList","@id":"https:\/\/swiftlifts.com\/es\/mapa-web\/#breadcrumb","itemListElement":[{"@type":"ListItem","position":1,"name":"Home","item":"https:\/\/swiftlifts.com\/es\/"},{"@type":"ListItem","position":2,"name":"Mapa web"}]},{"@type":"WebSite","@id":"https:\/\/swiftlifts.com\/es\/#website","url":"https:\/\/swiftlifts.com\/es\/","name":"SWIFT - 100% battery driven home lifts","description":"NEW WAYS TO MOVE","publisher":{"@id":"https:\/\/swiftlifts.com\/es\/#organization"},"potentialAction":[{"@type":"SearchAction","target":{"@type":"EntryPoint","urlTemplate":"https:\/\/swiftlifts.com\/es\/?s={search_term_string}"},"query-input":{"@type":"PropertyValueSpecification","valueRequired":true,"valueName":"search_term_string"}}],"inLanguage":"es"},{"@type":"Organization","@id":"https:\/\/swiftlifts.com\/es\/#organization","name":"SWIFT Home Lifts","url":"https:\/\/swiftlifts.com\/es\/","logo":{"@type":"ImageObject","inLanguage":"es","@id":"https:\/\/swiftlifts.com\/es\/#\/schema\/logo\/image\/","url":"https:\/\/swiftlifts.com\/wp-content\/uploads\/2025\/03\/cropped-SWIFT-Logo-Google.jpg","contentUrl":"https:\/\/swiftlifts.com\/wp-content\/uploads\/2025\/03\/cropped-SWIFT-Logo-Google.jpg","width":512,"height":512,"caption":"SWIFT Home Lifts"},"image":{"@id":"https:\/\/swiftlifts.com\/es\/#\/schema\/logo\/image\/"},"sameAs":["https:\/\/www.facebook.com\/swifthomelifts","https:\/\/www.instagram.com\/swifthomelifts\/","https:\/\/www.linkedin.com\/company\/swifthomelifts\/","https:\/\/www.pinterest.se\/swifthomelifts\/","https:\/\/www.youtube.com\/@swift5669"]}]}},"_links":{"self":[{"href":"https:\/\/swiftlifts.com\/es\/wp-json\/wp\/v2\/pages\/25297","targetHints":{"allow":["GET"]}}],"collection":[{"href":"https:\/\/swiftlifts.com\/es\/wp-json\/wp\/v2\/pages"}],"about":[{"href":"https:\/\/swiftlifts.com\/es\/wp-json\/wp\/v2\/types\/page"}],"author":[{"embeddable":true,"href":"https:\/\/swiftlifts.com\/es\/wp-json\/wp\/v2\/users\/9"}],"replies":[{"embeddable":true,"href":"https:\/\/swiftlifts.com\/es\/wp-json\/wp\/v2\/comments?post=25297"}],"version-history":[{"count":1,"href":"https:\/\/swiftlifts.com\/es\/wp-json\/wp\/v2\/pages\/25297\/revisions"}],"predecessor-version":[{"id":25298,"href":"https:\/\/swiftlifts.com\/es\/wp-json\/wp\/v2\/pages\/25297\/revisions\/25298"}],"wp:attachment":[{"href":"https:\/\/swiftlifts.com\/es\/wp-json\/wp\/v2\/media?parent=25297"}],"curies":[{"name":"wp","href":"https:\/\/api.w.org\/{rel}","templated":true}]}}