{"id":25294,"date":"2024-05-24T12:21:16","date_gmt":"2024-05-24T12:21:16","guid":{"rendered":"https:\/\/swiftlifts.com\/personas-swift\/retrato-swift-dan\/"},"modified":"2024-06-04T10:53:30","modified_gmt":"2024-06-04T10:53:30","slug":"retrato-swift-dan","status":"publish","type":"page","link":"https:\/\/swiftlifts.com\/es\/personas-swift\/retrato-swift-dan\/","title":{"rendered":"Retrato SWIFT &#8211; Dan"},"content":{"rendered":"\n\t<section class=\"section\" id=\"section_491017114\">\n\t\t<div class=\"section-bg fill\" >\n\t\t\t\t\t\t\t\t\t\n\t\t\t\n\n\t\t<\/div>\n\n\t\t\n\n\t\t<div class=\"section-content relative\">\n\t\t\t\n<div class=\"row\"  id=\"row-487149713\">\n\n\t<div id=\"col-1151533311\" class=\"col small-12 large-12\"  >\n\t\t\t\t<div class=\"col-inner\"  >\n\t\t\t\n\t\t\t\n\t\t<\/div>\n\t\t\t\t\t<\/div>\n\n\t\n<\/div>\n<div class=\"row align-center\" style=\"max-width:100%\" id=\"row-1688295631\">\n\n\t<div id=\"col-397600301\" class=\"col medium-10 small-12 large-10\"  >\n\t\t\t\t<div class=\"col-inner\"  >\n\t\t\t\n\t\t\t\n\t<div id=\"text-3471652249\" class=\"text\">\n\t\t\n<h1>SWIFT People<\/h1>\n\t\t\n<style>\n#text-3471652249 {\n  font-size: 1.75rem;\n  line-height: 0.75;\n  color: rgb(0, 10, 54);\n}\n#text-3471652249 > * {\n  color: rgb(0, 10, 54);\n}\n<\/style>\n\t<\/div>\n\t\n\t<div id=\"text-1719092646\" class=\"text\">\n\t\t\n<p>Retrato del mes<br \/>\n\t\t\n<style>\n#text-1719092646 {\n  font-size: 1.6rem;\n  line-height: 0.75;\n}\n<\/style>\n\t<\/div>\n\t\n\t\t<\/div>\n\t\t\t\t\n<style>\n#col-397600301 > .col-inner {\n  margin: 50px 0px 0px 0px;\n}\n<\/style>\n\t<\/div>\n\n\t\n<\/div>\n<div class=\"row align-equal align-center\" style=\"max-width:100%\" id=\"row-985216402\">\n\n\t<div id=\"col-516820592\" class=\"col medium-5 small-12 large-5\"  >\n\t\t\t\t<div class=\"col-inner text-left\" style=\"background-color:rgb(0, 10, 54);\" >\n\t\t\t\n\t\t\t\n\t<div id=\"text-3109420764\" class=\"text swift-people-text\">\n\t\t\n<p>NOMBRE: <b>Dan Bengtsson<\/b><br \/>\nCARGO: <strong>Ingeniero de dise\u00f1o<\/strong><br \/>\nEDAD: <b>47<\/b><br \/>\nVIVE: <b>Falkenberg, Sweden<\/b><br \/>\n\t\t\n<style>\n#text-3109420764 {\n  font-size: 1.5rem;\n  line-height: 1.65;\n  color: rgb(250, 245, 242);\n}\n#text-3109420764 > * {\n  color: rgb(250, 245, 242);\n}\n<\/style>\n\t<\/div>\n\t\n\t\t<\/div>\n\t\t\t\t\n<style>\n#col-516820592 > .col-inner {\n  padding: 20% 0px 0px 50px;\n  margin: 0px 0px 0px 0px;\n}\n<\/style>\n\t<\/div>\n\n\t\n\n\t<div id=\"col-144637534\" class=\"col medium-5 small-12 large-5\"  >\n\t\t\t\t<div class=\"col-inner\"  >\n\t\t\t\n\t\t\t\n\t<div class=\"img has-hover x md-x lg-x y md-y lg-y\" id=\"image_1995639050\">\n\t\t\t\t\t\t\t\t<div class=\"img-inner dark\" >\n\t\t\t<img loading=\"lazy\" decoding=\"async\" width=\"648\" height=\"800\" src=\"https:\/\/swiftlifts.com\/wp-content\/uploads\/2024\/01\/SWIFT_046-scaled-e1705065705946-648x800.jpg\" class=\"attachment-large size-large\" alt=\"\" srcset=\"https:\/\/swiftlifts.com\/wp-content\/uploads\/2024\/01\/SWIFT_046-scaled-e1705065705946-648x800.jpg 648w, https:\/\/swiftlifts.com\/wp-content\/uploads\/2024\/01\/SWIFT_046-scaled-e1705065705946-324x400.jpg 324w, https:\/\/swiftlifts.com\/wp-content\/uploads\/2024\/01\/SWIFT_046-scaled-e1705065705946.jpg 759w\" sizes=\"auto, (max-width: 648px) 100vw, 648px\" \/>\t\t\t\t\t\t\n\t\t\t\t\t<\/div>\n\t\t\t\t\t\t\t\t\n<style>\n#image_1995639050 {\n  width: 100%;\n}\n<\/style>\n\t<\/div>\n\t\n\t\t<\/div>\n\t\t\t\t\n<style>\n#col-144637534 > .col-inner {\n  margin: 0px 0px 0px 0px;\n}\n<\/style>\n\t<\/div>\n\n\t\n<\/div>\n<div class=\"row align-equal align-center\" style=\"max-width:100%\" id=\"row-2124662319\">\n\n\t<div id=\"col-1639391900\" class=\"col medium-10 small-12 large-10\"  >\n\t\t\t\t<div class=\"col-inner\"  >\n\t\t\t\n\t<div class=\"is-border\"\n\t\tstyle=\"border-color:rgb(30, 98, 122);border-width:5px 5px 5px 5px;\">\n\t<\/div>\n\t\t\t\n\t<div id=\"text-1741542146\" class=\"text\">\n\t\t\n<p><strong>\u00bfSu trayectoria en pocas palabras?<\/strong><br \/>\n&#8211; Ha estudiado electr\u00f3nica, pero ha trabajado con mec\u00e1nica y electr\u00f3nica, tanto en la pr\u00e1ctica como en la teor\u00eda. \u2699\ufe0f\ud83d\udd29\ud83d\udda5<\/p>\n<p><strong>\u00bfQu\u00e9 es lo que m\u00e1s le gusta de su trabajo en SWIFT?<\/strong><br \/>\n&#8211; La gran variedad de tareas laborales. \ud83c\udf08<\/p>\n<p><strong>\u00bfCu\u00e1les son tus consejos para empezar bien el d\u00eda?<\/strong><br \/>\n&#8211; \u00a1No tengas prisa! T\u00f3mate tu tiempo para desayunar bien. \ud83e\udd63\ud83c\udf73\u2615\ufe0f<\/p>\n<p><strong>\u00bfT\u00e9 o caf\u00e9?<\/strong><br \/>\n&#8211; Caf\u00e9, negro. \u2615\ufe0f<\/p>\n<p><strong>\u00bfTu truco de vida definitivo?<\/strong><br \/>\n&#8211; Tengo un hervidor de huevos con temporizador, despi\u00e9rtate con huevos reci\u00e9n cocidos cada ma\u00f1ana. \ud83e\udd5a\u23f2<\/p>\n<p><strong>\u00bfC\u00f3mo es una jornada laboral normal?<\/strong><br \/>\n&#8211; Los equipos se re\u00fanen con los colegios de todo el mundo por la ma\u00f1ana y resuelven problemas por la tarde. \ud83d\udcbb\ud83c\udf0d<\/p>\n<p><strong>\u00bfUna cosa sin la que no puede vivir en el trabajo?<\/strong><br \/>\n&#8211; Mis auriculares para las reuniones de Teams. \ud83c\udfa7<\/p>\n<p><strong>Mirando lo que ha conseguido hasta ahora, \u00bfde qu\u00e9 se siente m\u00e1s orgulloso?<\/strong><br \/>\n&#8211; Al final, son todos los detalles combinados los que hacen un gran producto, por lo que todas las soluciones que funcionan seg\u00fan lo previsto son dignas de orgullo. \u2b50\ufe0f<\/p>\n<p><strong>\u00bfQu\u00e9 funci\u00f3n de SWIFT le gusta m\u00e1s?<\/strong><br \/>\n&#8211; Sus capacidades dom\u00f3ticas. \ud83d\udcaf<\/p>\n<p><strong>Si tuviera que dar un consejo a alguien que quiere dedicarse al desarrollo de productos, \u00bfcu\u00e1l ser\u00eda?<\/strong><br \/>\n&#8211; Si no crees en el producto que est\u00e1s desarrollando, no te parecer\u00e1 interesante y, al final, no har\u00e1s un gran trabajo. \ud83d\udc8e<\/p>\n<p><strong>\u00bfTu lema en la vida?<\/strong><br \/>\n&#8211; Piensa primero y luego act\u00faa. \ud83d\udcad<\/p>\n<p><strong>\u00bfPlaya o monta\u00f1a?<\/strong><br \/>\n&#8211; Playa. \ud83c\udfd6<\/p>\n<p><strong>\u00bfPescado (salm\u00f3n aqu\u00ed en Falkenberg), verduras o carne?<\/strong><br \/>\n&#8211; Me encanta la comida, as\u00ed que todo lo anterior. \ud83c\udf63\ud83c\udf46\ud83c\udf3d\ud83c\udf57<\/p>\n<p><strong>\u00bfCu\u00e1l es su lugar feliz?<\/strong><br \/>\n&#8211; En verano, en la playa con una bebida fr\u00eda. En invierno, bajo el cap\u00f3 de un viejo Chevy. \ud83c\udf79 \ud83d\ude99<\/p>\n<p><strong>Para alguien que nunca haya estado en Falkenberg (donde se encuentra el Centro de I+D de SWIFT), \u00bfpuede describirlo?<\/strong><br \/>\n&#8211; Falkenberg es una peque\u00f1a y encantadora ciudad de la Mejor Costa, como nos gusta llamarla aqu\u00ed: la costa oeste de Suecia. Encontrar\u00e1s calles encantadoras, agradables caf\u00e9s, mercados de alimentos y lugares interesantes para comer como Prostens Pizza, Skrea Matbruk, Lilla Napoli y \u00c4stad Vineyard. Si le gusta pescar, el r\u00edo \u00c4tran ofrece abundante salm\u00f3n. Sin embargo, Falkenberg es quiz\u00e1s m\u00e1s conocida por sus largas playas de arena, \u00a1como Skrea Strand con su bonito muelle y embarcadero para ba\u00f1arse! \ud83c\udf0a<\/p>\n<p><strong>\u00bfEl mejor consejo que ha recibido (hasta ahora)?<\/strong><br \/>\n&#8211; Nunca te rindas. \ud83d\udc4a\ud83c\udffd Si pudiera elegir, \u00bfde qu\u00e9 innovaci\u00f3n le gustar\u00eda ser inventor? La cura del cancer \ud83d\udd2c\ud83d\udc68\u200d\ud83d\udd2c\ud83e\uddea<\/p>\n<p><strong>\u00bfQu\u00e9 hay en su lista de deseos?<\/strong><br \/>\n&#8211; Visite el Centro Espacial Kennedy (NASA). \ud83d\udd2d\ud83d\ude80<\/p>\n<p><strong>\u00bfSue\u00f1os para el futuro?<\/strong><br \/>\n&#8211; Poseer una granja con mucha maquinaria. \ud83c\udfda<\/p>\n<p><strong>\u00bfSu medio de transporte favorito adem\u00e1s de SWIFT?<\/strong><br \/>\n&#8211; Mi camioneta C10 de 1965. Me encantan las nuevas tecnolog\u00edas y todo lo que se considera \u00abhi-tech\u00bb pero a veces es agradable disfrutar de cosas sencillas que no necesitan un ordenador para funcionar. \ud83d\ude9b<br \/>\n\t\t\n<style>\n#text-1741542146 {\n  font-size: 1.5rem;\n  color: rgb(30, 98, 122);\n}\n#text-1741542146 > * {\n  color: rgb(30, 98, 122);\n}\n<\/style>\n\t<\/div>\n\t\n\t\t<\/div>\n\t\t\t\t\n<style>\n#col-1639391900 > .col-inner {\n  padding: 10px 10px 10px 10px;\n}\n@media (min-width:550px) {\n  #col-1639391900 > .col-inner {\n    padding: 50px 50px 50px 50px;\n  }\n}\n<\/style>\n\t<\/div>\n\n\t\n<\/div>\n\t\t<\/div>\n\n\t\t\n<style>\n#section_491017114 {\n  padding-top: 30px;\n  padding-bottom: 30px;\n}\n<\/style>\n\t<\/section>\n\t\n","protected":false},"excerpt":{"rendered":"","protected":false},"author":11,"featured_media":0,"parent":25275,"menu_order":0,"comment_status":"closed","ping_status":"closed","template":"page-transparent-header.php","meta":{"_acf_changed":false,"content-type":"","footnotes":""},"class_list":["post-25294","page","type-page","status-publish","hentry"],"acf":[],"yoast_head":"<!-- This site is optimized with the Yoast SEO Premium plugin v27.3 (Yoast SEO v27.3) - https:\/\/yoast.com\/product\/yoast-seo-premium-wordpress\/ -->\n<title>Retrato SWIFT - Dan - SWIFT - 100% battery driven home lifts<\/title>\n<meta name=\"robots\" content=\"index, follow, max-snippet:-1, max-image-preview:large, max-video-preview:-1\" \/>\n<link rel=\"canonical\" href=\"https:\/\/swiftlifts.com\/es\/personas-swift\/retrato-swift-dan\/\" \/>\n<meta property=\"og:locale\" content=\"es_ES\" \/>\n<meta property=\"og:type\" content=\"article\" \/>\n<meta property=\"og:title\" content=\"Retrato SWIFT - Dan\" \/>\n<meta property=\"og:url\" content=\"https:\/\/swiftlifts.com\/es\/personas-swift\/retrato-swift-dan\/\" \/>\n<meta property=\"og:site_name\" content=\"SWIFT - 100% battery driven home lifts\" \/>\n<meta property=\"article:publisher\" content=\"https:\/\/www.facebook.com\/swifthomelifts\" \/>\n<meta property=\"article:modified_time\" content=\"2024-06-04T10:53:30+00:00\" \/>\n<meta name=\"twitter:card\" content=\"summary_large_image\" \/>\n<meta name=\"twitter:label1\" content=\"Tiempo de lectura\" \/>\n\t<meta name=\"twitter:data1\" content=\"3 minutos\" \/>\n<script type=\"application\/ld+json\" class=\"yoast-schema-graph\">{\"@context\":\"https:\\\/\\\/schema.org\",\"@graph\":[{\"@type\":\"WebPage\",\"@id\":\"https:\\\/\\\/swiftlifts.com\\\/es\\\/personas-swift\\\/retrato-swift-dan\\\/\",\"url\":\"https:\\\/\\\/swiftlifts.com\\\/es\\\/personas-swift\\\/retrato-swift-dan\\\/\",\"name\":\"Retrato SWIFT - Dan - SWIFT - 100% battery driven home lifts\",\"isPartOf\":{\"@id\":\"https:\\\/\\\/swiftlifts.com\\\/es\\\/#website\"},\"datePublished\":\"2024-05-24T12:21:16+00:00\",\"dateModified\":\"2024-06-04T10:53:30+00:00\",\"breadcrumb\":{\"@id\":\"https:\\\/\\\/swiftlifts.com\\\/es\\\/personas-swift\\\/retrato-swift-dan\\\/#breadcrumb\"},\"inLanguage\":\"es\",\"potentialAction\":[{\"@type\":\"ReadAction\",\"target\":[\"https:\\\/\\\/swiftlifts.com\\\/es\\\/personas-swift\\\/retrato-swift-dan\\\/\"]}]},{\"@type\":\"BreadcrumbList\",\"@id\":\"https:\\\/\\\/swiftlifts.com\\\/es\\\/personas-swift\\\/retrato-swift-dan\\\/#breadcrumb\",\"itemListElement\":[{\"@type\":\"ListItem\",\"position\":1,\"name\":\"Home\",\"item\":\"https:\\\/\\\/swiftlifts.com\\\/es\\\/\"},{\"@type\":\"ListItem\",\"position\":2,\"name\":\"SWIFT People\",\"item\":\"https:\\\/\\\/swiftlifts.com\\\/es\\\/personas-swift\\\/\"},{\"@type\":\"ListItem\",\"position\":3,\"name\":\"Retrato SWIFT &#8211; Dan\"}]},{\"@type\":\"WebSite\",\"@id\":\"https:\\\/\\\/swiftlifts.com\\\/es\\\/#website\",\"url\":\"https:\\\/\\\/swiftlifts.com\\\/es\\\/\",\"name\":\"SWIFT - 100% battery driven home lifts\",\"description\":\"NEW WAYS TO MOVE\",\"publisher\":{\"@id\":\"https:\\\/\\\/swiftlifts.com\\\/es\\\/#organization\"},\"potentialAction\":[{\"@type\":\"SearchAction\",\"target\":{\"@type\":\"EntryPoint\",\"urlTemplate\":\"https:\\\/\\\/swiftlifts.com\\\/es\\\/?s={search_term_string}\"},\"query-input\":{\"@type\":\"PropertyValueSpecification\",\"valueRequired\":true,\"valueName\":\"search_term_string\"}}],\"inLanguage\":\"es\"},{\"@type\":\"Organization\",\"@id\":\"https:\\\/\\\/swiftlifts.com\\\/es\\\/#organization\",\"name\":\"SWIFT Home Lifts\",\"url\":\"https:\\\/\\\/swiftlifts.com\\\/es\\\/\",\"logo\":{\"@type\":\"ImageObject\",\"inLanguage\":\"es\",\"@id\":\"https:\\\/\\\/swiftlifts.com\\\/es\\\/#\\\/schema\\\/logo\\\/image\\\/\",\"url\":\"https:\\\/\\\/swiftlifts.com\\\/wp-content\\\/uploads\\\/2025\\\/03\\\/cropped-SWIFT-Logo-Google.jpg\",\"contentUrl\":\"https:\\\/\\\/swiftlifts.com\\\/wp-content\\\/uploads\\\/2025\\\/03\\\/cropped-SWIFT-Logo-Google.jpg\",\"width\":512,\"height\":512,\"caption\":\"SWIFT Home Lifts\"},\"image\":{\"@id\":\"https:\\\/\\\/swiftlifts.com\\\/es\\\/#\\\/schema\\\/logo\\\/image\\\/\"},\"sameAs\":[\"https:\\\/\\\/www.facebook.com\\\/swifthomelifts\",\"https:\\\/\\\/www.instagram.com\\\/swifthomelifts\\\/\",\"https:\\\/\\\/www.linkedin.com\\\/company\\\/swifthomelifts\\\/\",\"https:\\\/\\\/www.pinterest.se\\\/swifthomelifts\\\/\",\"https:\\\/\\\/www.youtube.com\\\/@swift5669\"]}]}<\/script>\n<!-- \/ Yoast SEO Premium plugin. -->","yoast_head_json":{"title":"Retrato SWIFT - Dan - SWIFT - 100% battery driven home lifts","robots":{"index":"index","follow":"follow","max-snippet":"max-snippet:-1","max-image-preview":"max-image-preview:large","max-video-preview":"max-video-preview:-1"},"canonical":"https:\/\/swiftlifts.com\/es\/personas-swift\/retrato-swift-dan\/","og_locale":"es_ES","og_type":"article","og_title":"Retrato SWIFT - Dan","og_url":"https:\/\/swiftlifts.com\/es\/personas-swift\/retrato-swift-dan\/","og_site_name":"SWIFT - 100% battery driven home lifts","article_publisher":"https:\/\/www.facebook.com\/swifthomelifts","article_modified_time":"2024-06-04T10:53:30+00:00","twitter_card":"summary_large_image","twitter_misc":{"Tiempo de lectura":"3 minutos"},"schema":{"@context":"https:\/\/schema.org","@graph":[{"@type":"WebPage","@id":"https:\/\/swiftlifts.com\/es\/personas-swift\/retrato-swift-dan\/","url":"https:\/\/swiftlifts.com\/es\/personas-swift\/retrato-swift-dan\/","name":"Retrato SWIFT - Dan - SWIFT - 100% battery driven home lifts","isPartOf":{"@id":"https:\/\/swiftlifts.com\/es\/#website"},"datePublished":"2024-05-24T12:21:16+00:00","dateModified":"2024-06-04T10:53:30+00:00","breadcrumb":{"@id":"https:\/\/swiftlifts.com\/es\/personas-swift\/retrato-swift-dan\/#breadcrumb"},"inLanguage":"es","potentialAction":[{"@type":"ReadAction","target":["https:\/\/swiftlifts.com\/es\/personas-swift\/retrato-swift-dan\/"]}]},{"@type":"BreadcrumbList","@id":"https:\/\/swiftlifts.com\/es\/personas-swift\/retrato-swift-dan\/#breadcrumb","itemListElement":[{"@type":"ListItem","position":1,"name":"Home","item":"https:\/\/swiftlifts.com\/es\/"},{"@type":"ListItem","position":2,"name":"SWIFT People","item":"https:\/\/swiftlifts.com\/es\/personas-swift\/"},{"@type":"ListItem","position":3,"name":"Retrato SWIFT &#8211; Dan"}]},{"@type":"WebSite","@id":"https:\/\/swiftlifts.com\/es\/#website","url":"https:\/\/swiftlifts.com\/es\/","name":"SWIFT - 100% battery driven home lifts","description":"NEW WAYS TO MOVE","publisher":{"@id":"https:\/\/swiftlifts.com\/es\/#organization"},"potentialAction":[{"@type":"SearchAction","target":{"@type":"EntryPoint","urlTemplate":"https:\/\/swiftlifts.com\/es\/?s={search_term_string}"},"query-input":{"@type":"PropertyValueSpecification","valueRequired":true,"valueName":"search_term_string"}}],"inLanguage":"es"},{"@type":"Organization","@id":"https:\/\/swiftlifts.com\/es\/#organization","name":"SWIFT Home Lifts","url":"https:\/\/swiftlifts.com\/es\/","logo":{"@type":"ImageObject","inLanguage":"es","@id":"https:\/\/swiftlifts.com\/es\/#\/schema\/logo\/image\/","url":"https:\/\/swiftlifts.com\/wp-content\/uploads\/2025\/03\/cropped-SWIFT-Logo-Google.jpg","contentUrl":"https:\/\/swiftlifts.com\/wp-content\/uploads\/2025\/03\/cropped-SWIFT-Logo-Google.jpg","width":512,"height":512,"caption":"SWIFT Home Lifts"},"image":{"@id":"https:\/\/swiftlifts.com\/es\/#\/schema\/logo\/image\/"},"sameAs":["https:\/\/www.facebook.com\/swifthomelifts","https:\/\/www.instagram.com\/swifthomelifts\/","https:\/\/www.linkedin.com\/company\/swifthomelifts\/","https:\/\/www.pinterest.se\/swifthomelifts\/","https:\/\/www.youtube.com\/@swift5669"]}]}},"_links":{"self":[{"href":"https:\/\/swiftlifts.com\/es\/wp-json\/wp\/v2\/pages\/25294","targetHints":{"allow":["GET"]}}],"collection":[{"href":"https:\/\/swiftlifts.com\/es\/wp-json\/wp\/v2\/pages"}],"about":[{"href":"https:\/\/swiftlifts.com\/es\/wp-json\/wp\/v2\/types\/page"}],"author":[{"embeddable":true,"href":"https:\/\/swiftlifts.com\/es\/wp-json\/wp\/v2\/users\/11"}],"replies":[{"embeddable":true,"href":"https:\/\/swiftlifts.com\/es\/wp-json\/wp\/v2\/comments?post=25294"}],"version-history":[{"count":1,"href":"https:\/\/swiftlifts.com\/es\/wp-json\/wp\/v2\/pages\/25294\/revisions"}],"predecessor-version":[{"id":25994,"href":"https:\/\/swiftlifts.com\/es\/wp-json\/wp\/v2\/pages\/25294\/revisions\/25994"}],"up":[{"embeddable":true,"href":"https:\/\/swiftlifts.com\/es\/wp-json\/wp\/v2\/pages\/25275"}],"wp:attachment":[{"href":"https:\/\/swiftlifts.com\/es\/wp-json\/wp\/v2\/media?parent=25294"}],"curies":[{"name":"wp","href":"https:\/\/api.w.org\/{rel}","templated":true}]}}