{"id":25273,"date":"2024-05-24T12:00:46","date_gmt":"2024-05-24T12:00:46","guid":{"rendered":"https:\/\/swiftlifts.com\/retrato-swift-alice\/"},"modified":"2024-06-06T09:40:00","modified_gmt":"2024-06-06T09:40:00","slug":"retrato-swift-alice","status":"publish","type":"page","link":"https:\/\/swiftlifts.com\/es\/personas-swift\/retrato-swift-alice\/","title":{"rendered":"Retrato SWIFT &#8211; Alice"},"content":{"rendered":"\n\t<section class=\"section\" id=\"section_1244861419\">\n\t\t<div class=\"section-bg fill\" >\n\t\t\t\t\t\t\t\t\t\n\t\t\t\n\n\t\t<\/div>\n\n\t\t\n\n\t\t<div class=\"section-content relative\">\n\t\t\t\n<div class=\"row\"  id=\"row-1066526864\">\n\n\t<div id=\"col-465433062\" class=\"col small-12 large-12\"  >\n\t\t\t\t<div class=\"col-inner\"  >\n\t\t\t\n\t\t\t\n\t\t<\/div>\n\t\t\t\t\t<\/div>\n\n\t\n<\/div>\n<div class=\"row align-center\" style=\"max-width:100%\" id=\"row-687343711\">\n\n\t<div id=\"col-1104526848\" class=\"col medium-10 small-12 large-10\"  >\n\t\t\t\t<div class=\"col-inner\"  >\n\t\t\t\n\t\t\t\n\t<div id=\"text-3106734335\" class=\"text\">\n\t\t\n<h1>Personas SWIFT<\/h1>\n\t\t\n<style>\n#text-3106734335 {\n  font-size: 1.75rem;\n  line-height: 0.75;\n  color: rgb(0, 10, 54);\n}\n#text-3106734335 > * {\n  color: rgb(0, 10, 54);\n}\n<\/style>\n\t<\/div>\n\t\n\t<div id=\"text-2922540823\" class=\"text\">\n\t\t\n<p>Retrato del mes<\/p>\n\t\t\n<style>\n#text-2922540823 {\n  font-size: 1.6rem;\n  line-height: 0.75;\n}\n<\/style>\n\t<\/div>\n\t\n\t\t<\/div>\n\t\t\t\t\n<style>\n#col-1104526848 > .col-inner {\n  padding: 50px 0px 0px 0px;\n}\n<\/style>\n\t<\/div>\n\n\t\n<\/div>\n<div class=\"row align-equal align-center\" style=\"max-width:100%\" id=\"row-1979003664\">\n\n\t<div id=\"col-2105997122\" class=\"col medium-5 small-12 large-5\"  >\n\t\t\t\t<div class=\"col-inner text-left\" style=\"background-color:rgb(30, 98, 122);\" >\n\t\t\t\n\t\t\t\n\t<div id=\"text-4030460551\" class=\"text swift-people-text\">\n\t\t\n<p>NOMBRE: Alice Xu, \u8bb8\u62db<b><\/b><br \/>\nCARGO: Supervisor de RRHH<b><\/b><br \/>\nEDAD: <b>32<\/b><br \/>\nVIVE: <b>Shanghai, China<\/b><\/p>\n\t\t\n<style>\n#text-4030460551 {\n  font-size: 1.5rem;\n  line-height: 1.65;\n  color: rgb(255, 255, 255);\n}\n#text-4030460551 > * {\n  color: rgb(255, 255, 255);\n}\n<\/style>\n\t<\/div>\n\t\n\t\t<\/div>\n\t\t\t\t\n<style>\n#col-2105997122 > .col-inner {\n  padding: 30px 0px 0px 30px;\n  margin: 0px 0px 0px 0px;\n}\n@media (min-width:550px) {\n  #col-2105997122 > .col-inner {\n    padding: 20% 0px 0px 50px;\n  }\n}\n<\/style>\n\t<\/div>\n\n\t\n\n\t<div id=\"col-529239844\" class=\"col medium-5 small-12 large-5\"  >\n\t\t\t\t<div class=\"col-inner\"  >\n\t\t\t\n\t\t\t\n\t<div class=\"img has-hover x md-x lg-x y md-y lg-y\" id=\"image_1799908879\">\n\t\t\t\t\t\t\t\t<div class=\"img-inner dark\" >\n\t\t\t<img loading=\"lazy\" decoding=\"async\" width=\"1000\" height=\"673\" src=\"https:\/\/swiftlifts.com\/wp-content\/uploads\/2022\/11\/alice.jpg\" class=\"attachment-large size-large\" alt=\"Alice Portrait\" srcset=\"https:\/\/swiftlifts.com\/wp-content\/uploads\/2022\/11\/alice.jpg 1000w, https:\/\/swiftlifts.com\/wp-content\/uploads\/2022\/11\/alice-594x400.jpg 594w, https:\/\/swiftlifts.com\/wp-content\/uploads\/2022\/11\/alice-768x517.jpg 768w\" sizes=\"auto, (max-width: 1000px) 100vw, 1000px\" \/>\t\t\t\t\t\t\n\t\t\t\t\t<\/div>\n\t\t\t\t\t\t\t\t\n<style>\n#image_1799908879 {\n  width: 100%;\n}\n<\/style>\n\t<\/div>\n\t\n\t\t<\/div>\n\t\t\t\t\n<style>\n#col-529239844 > .col-inner {\n  margin: 0px 0px 0px 0px;\n}\n<\/style>\n\t<\/div>\n\n\t\n<\/div>\n<div class=\"row align-equal align-center\" style=\"max-width:100%\" id=\"row-2146434888\">\n\n\t<div id=\"col-1671573171\" class=\"col medium-10 small-12 large-10\"  >\n\t\t\t\t<div class=\"col-inner\"  >\n\t\t\t\n\t<div class=\"is-border\"\n\t\tstyle=\"border-color:rgb(30, 98, 122);border-width:5px 5px 5px 5px;\">\n\t<\/div>\n\t\t\t\n\t<div id=\"text-3748718547\" class=\"text\">\n\t\t\n<p><b>\u00bfQu\u00e9 cree que es lo m\u00e1s importante de su trabajo en SWIFT?<\/b><br \/>\nEncontrar y contratar a los candidatos adecuados, asegur\u00e1ndome de que se incorporan correctamente y siguen desarroll\u00e1ndose con nosotros.<\/p>\n<p><b>\u00bfQu\u00e9 es lo que m\u00e1s le gusta de su trabajo en SWIFT?<\/b><br \/>\nMe gusta el ambiente de trabajo relajado de SWIFT. Me gusta comunicarme con mis colegas y asesorarles cuando se enfrentan a nuevos retos. Me gusta ayudar y apoyar a los dem\u00e1s. Me hace feliz.<\/p>\n<p><b>\u00bfQu\u00e9 quer\u00edas ser de peque\u00f1o?<\/b><br \/>\nQuer\u00eda viajar por el mundo. Explorar distintos pa\u00edses, culturas y gastronom\u00edas. Me inspir\u00e9 viendo muchas pel\u00edculas internacionales.<\/p>\n<p><b>\u00bfSu trayectoria profesional en pocas palabras?<\/b><br \/>\nSoy licenciado en RRHH por la Universidad de Fujian. Desde que me licenci\u00e9 he trabajado para empresas internacionales. Empec\u00e9 como asistente de RRHH y luego me ascendieron a directora de RRHH. Despu\u00e9s, empec\u00e9 en SWIFT China.<\/p>\n<p><b>\u00bfC\u00f3mo describir\u00eda la cultura de SWIFT?<\/b><br \/>\nLibertad, equidad y trabajo en equipo<\/p>\n<p><b>\u00bfA qu\u00e9 dedica m\u00e1s tiempo en su trabajo en SWIFT?<\/b><br \/>\nContrataci\u00f3n, formaci\u00f3n, retribuci\u00f3n, prestaciones y, por \u00faltimo, pero no por ello menos importante, apoyo a los expatriados y colegas de SWIFT de la sede central de Estocolmo para que vengan a trabajar aqu\u00ed en China.<\/p>\n<p><b>\u00bfSus 3 rutinas diarias?<\/b><br \/>\nConducir mi coche, estudiar y leer libros con mi hija.<\/p>\n<p><b>\u00bfSus placeres culposos?<\/b><br \/>\nHot pots todos los fines de semana. Son muy picantes, pero me gusta mucho.<\/p>\n<p><b>Adem\u00e1s de los ascensores dom\u00e9sticos SWIFT, \u00bfcu\u00e1l es su medio de desplazamiento favorito?<\/b><br \/>\nEl coche, es pr\u00e1ctico. Pero tambi\u00e9n me encanta correr. <\/p>\n<p><b>\u00bfSus principales razones para recomendar a alguien que trabaje en SWIFT?<\/b><br \/>\nUn entorno de trabajo bueno y relajado y una s\u00f3lida cultura de equipo. Directivos amables y solidarios que animan a los empleados a generar ideas y propuestas.<\/p>\n<p><b>\u00bfQu\u00e9 tipo de persona se sentir\u00eda a gusto en SWIFT?<\/b><br \/>\nUn jugador de equipo de mente abierta con los pies en el suelo, pero tambi\u00e9n una actitud de \u00abel cielo es el l\u00edmite\u00bb.<\/p>\n<p><b>\u00bfVe alguna diferencia entre SWIFT y otras empresas chinas locales? \u00bfEn qu\u00e9 sentido?<\/b><br \/>\nYo dir\u00eda que SWIFT est\u00e1 m\u00e1s orientado a las personas y se centra m\u00e1s en el bienestar y el desarrollo de sus empleados.<\/p>\n<p><b>\u00bfQu\u00e9 le gustar\u00eda hacer m\u00e1s en SWIFT?<\/b><br \/>\nMe gustar\u00eda reforzar la marca de empleador de SWIFT y espero tener la oportunidad de apoyar a la organizaci\u00f3n en nuevos mercados.<\/p>\n<p><b>\u00bfQu\u00e9 es lo que m\u00e1s le gusta de los ascensores dom\u00e9sticos SWIFT?<\/b><br \/>\nLa sencillez escandinava, pero potente y con grandes prestaciones. <\/p>\n<p><b>\u00bfUna cosa sin la que no puede vivir en el trabajo?<\/b><br \/>\nMi capacidad de comunicaci\u00f3n. Es muy importante en mi puesto. <\/p>\n<p><b>\u00bfDe d\u00f3nde saca la inspiraci\u00f3n y las ideas?<\/b><br \/>\nDe hablar con mis colegas, mi familia y ver la televisi\u00f3n.<\/p>\n<p><b>\u00bfQu\u00e9 significa para usted su hogar?<\/b><br \/>\nPara m\u00ed, el hogar es un lugar c\u00e1lido. Un lugar que me da comodidad y energ\u00eda.<\/p>\n<p><b>\u00bfLugar favorito en Shanghai?<\/b><br \/>\nZool\u00f3gico de Shanghai. A mi hija le gusta ir all\u00ed.<\/p>\n<p><b>\u00bfQu\u00e9 le dir\u00eda a alguien que sue\u00f1a con trabajar en Recursos Humanos?<\/b><br \/>\nEn primer lugar, debes estudiar mucho para adquirir las nociones b\u00e1sicas de RRHH y, una vez que empieces a trabajar, acu\u00e9rdate de tener una buena relaci\u00f3n con TODOS los empleados.<\/p>\n\t\t\n<style>\n#text-3748718547 {\n  font-size: 1.5rem;\n  color: rgb(30, 98, 122);\n}\n#text-3748718547 > * {\n  color: rgb(30, 98, 122);\n}\n<\/style>\n\t<\/div>\n\t\n\t\t<\/div>\n\t\t\t\t\n<style>\n#col-1671573171 > .col-inner {\n  padding: 10px 10px 10px 10px;\n}\n@media (min-width:550px) {\n  #col-1671573171 > .col-inner {\n    padding: 50px 50px 50px 50px;\n  }\n}\n<\/style>\n\t<\/div>\n\n\t\n<\/div>\n\t\t<\/div>\n\n\t\t\n<style>\n#section_1244861419 {\n  padding-top: 30px;\n  padding-bottom: 30px;\n}\n<\/style>\n\t<\/section>\n\t\n","protected":false},"excerpt":{"rendered":"","protected":false},"author":1,"featured_media":0,"parent":25275,"menu_order":0,"comment_status":"closed","ping_status":"closed","template":"page-transparent-header.php","meta":{"_acf_changed":false,"content-type":"","footnotes":""},"class_list":["post-25273","page","type-page","status-publish","hentry"],"acf":[],"yoast_head":"<!-- This site is optimized with the Yoast SEO Premium plugin v27.3 (Yoast SEO v27.3) - https:\/\/yoast.com\/product\/yoast-seo-premium-wordpress\/ -->\n<title>Retrato SWIFT - Alice - SWIFT - 100% battery driven home lifts<\/title>\n<meta name=\"robots\" content=\"index, follow, max-snippet:-1, max-image-preview:large, max-video-preview:-1\" \/>\n<link rel=\"canonical\" href=\"https:\/\/swiftlifts.com\/es\/personas-swift\/retrato-swift-alice\/\" \/>\n<meta property=\"og:locale\" content=\"es_ES\" \/>\n<meta property=\"og:type\" content=\"article\" \/>\n<meta property=\"og:title\" content=\"Retrato SWIFT - Alice\" \/>\n<meta property=\"og:url\" content=\"https:\/\/swiftlifts.com\/es\/personas-swift\/retrato-swift-alice\/\" \/>\n<meta property=\"og:site_name\" content=\"SWIFT - 100% battery driven home lifts\" \/>\n<meta property=\"article:publisher\" content=\"https:\/\/www.facebook.com\/swifthomelifts\" \/>\n<meta property=\"article:modified_time\" content=\"2024-06-06T09:40:00+00:00\" \/>\n<meta name=\"twitter:card\" content=\"summary_large_image\" \/>\n<meta name=\"twitter:label1\" content=\"Tiempo de lectura\" \/>\n\t<meta name=\"twitter:data1\" content=\"4 minutos\" \/>\n<script type=\"application\/ld+json\" class=\"yoast-schema-graph\">{\"@context\":\"https:\\\/\\\/schema.org\",\"@graph\":[{\"@type\":\"WebPage\",\"@id\":\"https:\\\/\\\/swiftlifts.com\\\/es\\\/personas-swift\\\/retrato-swift-alice\\\/\",\"url\":\"https:\\\/\\\/swiftlifts.com\\\/es\\\/personas-swift\\\/retrato-swift-alice\\\/\",\"name\":\"Retrato SWIFT - Alice - SWIFT - 100% battery driven home lifts\",\"isPartOf\":{\"@id\":\"https:\\\/\\\/swiftlifts.com\\\/es\\\/#website\"},\"datePublished\":\"2024-05-24T12:00:46+00:00\",\"dateModified\":\"2024-06-06T09:40:00+00:00\",\"breadcrumb\":{\"@id\":\"https:\\\/\\\/swiftlifts.com\\\/es\\\/personas-swift\\\/retrato-swift-alice\\\/#breadcrumb\"},\"inLanguage\":\"es\",\"potentialAction\":[{\"@type\":\"ReadAction\",\"target\":[\"https:\\\/\\\/swiftlifts.com\\\/es\\\/personas-swift\\\/retrato-swift-alice\\\/\"]}]},{\"@type\":\"BreadcrumbList\",\"@id\":\"https:\\\/\\\/swiftlifts.com\\\/es\\\/personas-swift\\\/retrato-swift-alice\\\/#breadcrumb\",\"itemListElement\":[{\"@type\":\"ListItem\",\"position\":1,\"name\":\"Home\",\"item\":\"https:\\\/\\\/swiftlifts.com\\\/es\\\/\"},{\"@type\":\"ListItem\",\"position\":2,\"name\":\"SWIFT People\",\"item\":\"https:\\\/\\\/swiftlifts.com\\\/es\\\/personas-swift\\\/\"},{\"@type\":\"ListItem\",\"position\":3,\"name\":\"Retrato SWIFT &#8211; Alice\"}]},{\"@type\":\"WebSite\",\"@id\":\"https:\\\/\\\/swiftlifts.com\\\/es\\\/#website\",\"url\":\"https:\\\/\\\/swiftlifts.com\\\/es\\\/\",\"name\":\"SWIFT - 100% battery driven home lifts\",\"description\":\"NEW WAYS TO MOVE\",\"publisher\":{\"@id\":\"https:\\\/\\\/swiftlifts.com\\\/es\\\/#organization\"},\"potentialAction\":[{\"@type\":\"SearchAction\",\"target\":{\"@type\":\"EntryPoint\",\"urlTemplate\":\"https:\\\/\\\/swiftlifts.com\\\/es\\\/?s={search_term_string}\"},\"query-input\":{\"@type\":\"PropertyValueSpecification\",\"valueRequired\":true,\"valueName\":\"search_term_string\"}}],\"inLanguage\":\"es\"},{\"@type\":\"Organization\",\"@id\":\"https:\\\/\\\/swiftlifts.com\\\/es\\\/#organization\",\"name\":\"SWIFT Home Lifts\",\"url\":\"https:\\\/\\\/swiftlifts.com\\\/es\\\/\",\"logo\":{\"@type\":\"ImageObject\",\"inLanguage\":\"es\",\"@id\":\"https:\\\/\\\/swiftlifts.com\\\/es\\\/#\\\/schema\\\/logo\\\/image\\\/\",\"url\":\"https:\\\/\\\/swiftlifts.com\\\/wp-content\\\/uploads\\\/2025\\\/03\\\/cropped-SWIFT-Logo-Google.jpg\",\"contentUrl\":\"https:\\\/\\\/swiftlifts.com\\\/wp-content\\\/uploads\\\/2025\\\/03\\\/cropped-SWIFT-Logo-Google.jpg\",\"width\":512,\"height\":512,\"caption\":\"SWIFT Home Lifts\"},\"image\":{\"@id\":\"https:\\\/\\\/swiftlifts.com\\\/es\\\/#\\\/schema\\\/logo\\\/image\\\/\"},\"sameAs\":[\"https:\\\/\\\/www.facebook.com\\\/swifthomelifts\",\"https:\\\/\\\/www.instagram.com\\\/swifthomelifts\\\/\",\"https:\\\/\\\/www.linkedin.com\\\/company\\\/swifthomelifts\\\/\",\"https:\\\/\\\/www.pinterest.se\\\/swifthomelifts\\\/\",\"https:\\\/\\\/www.youtube.com\\\/@swift5669\"]}]}<\/script>\n<!-- \/ Yoast SEO Premium plugin. -->","yoast_head_json":{"title":"Retrato SWIFT - Alice - SWIFT - 100% battery driven home lifts","robots":{"index":"index","follow":"follow","max-snippet":"max-snippet:-1","max-image-preview":"max-image-preview:large","max-video-preview":"max-video-preview:-1"},"canonical":"https:\/\/swiftlifts.com\/es\/personas-swift\/retrato-swift-alice\/","og_locale":"es_ES","og_type":"article","og_title":"Retrato SWIFT - Alice","og_url":"https:\/\/swiftlifts.com\/es\/personas-swift\/retrato-swift-alice\/","og_site_name":"SWIFT - 100% battery driven home lifts","article_publisher":"https:\/\/www.facebook.com\/swifthomelifts","article_modified_time":"2024-06-06T09:40:00+00:00","twitter_card":"summary_large_image","twitter_misc":{"Tiempo de lectura":"4 minutos"},"schema":{"@context":"https:\/\/schema.org","@graph":[{"@type":"WebPage","@id":"https:\/\/swiftlifts.com\/es\/personas-swift\/retrato-swift-alice\/","url":"https:\/\/swiftlifts.com\/es\/personas-swift\/retrato-swift-alice\/","name":"Retrato SWIFT - Alice - SWIFT - 100% battery driven home lifts","isPartOf":{"@id":"https:\/\/swiftlifts.com\/es\/#website"},"datePublished":"2024-05-24T12:00:46+00:00","dateModified":"2024-06-06T09:40:00+00:00","breadcrumb":{"@id":"https:\/\/swiftlifts.com\/es\/personas-swift\/retrato-swift-alice\/#breadcrumb"},"inLanguage":"es","potentialAction":[{"@type":"ReadAction","target":["https:\/\/swiftlifts.com\/es\/personas-swift\/retrato-swift-alice\/"]}]},{"@type":"BreadcrumbList","@id":"https:\/\/swiftlifts.com\/es\/personas-swift\/retrato-swift-alice\/#breadcrumb","itemListElement":[{"@type":"ListItem","position":1,"name":"Home","item":"https:\/\/swiftlifts.com\/es\/"},{"@type":"ListItem","position":2,"name":"SWIFT People","item":"https:\/\/swiftlifts.com\/es\/personas-swift\/"},{"@type":"ListItem","position":3,"name":"Retrato SWIFT &#8211; Alice"}]},{"@type":"WebSite","@id":"https:\/\/swiftlifts.com\/es\/#website","url":"https:\/\/swiftlifts.com\/es\/","name":"SWIFT - 100% battery driven home lifts","description":"NEW WAYS TO MOVE","publisher":{"@id":"https:\/\/swiftlifts.com\/es\/#organization"},"potentialAction":[{"@type":"SearchAction","target":{"@type":"EntryPoint","urlTemplate":"https:\/\/swiftlifts.com\/es\/?s={search_term_string}"},"query-input":{"@type":"PropertyValueSpecification","valueRequired":true,"valueName":"search_term_string"}}],"inLanguage":"es"},{"@type":"Organization","@id":"https:\/\/swiftlifts.com\/es\/#organization","name":"SWIFT Home Lifts","url":"https:\/\/swiftlifts.com\/es\/","logo":{"@type":"ImageObject","inLanguage":"es","@id":"https:\/\/swiftlifts.com\/es\/#\/schema\/logo\/image\/","url":"https:\/\/swiftlifts.com\/wp-content\/uploads\/2025\/03\/cropped-SWIFT-Logo-Google.jpg","contentUrl":"https:\/\/swiftlifts.com\/wp-content\/uploads\/2025\/03\/cropped-SWIFT-Logo-Google.jpg","width":512,"height":512,"caption":"SWIFT Home Lifts"},"image":{"@id":"https:\/\/swiftlifts.com\/es\/#\/schema\/logo\/image\/"},"sameAs":["https:\/\/www.facebook.com\/swifthomelifts","https:\/\/www.instagram.com\/swifthomelifts\/","https:\/\/www.linkedin.com\/company\/swifthomelifts\/","https:\/\/www.pinterest.se\/swifthomelifts\/","https:\/\/www.youtube.com\/@swift5669"]}]}},"_links":{"self":[{"href":"https:\/\/swiftlifts.com\/es\/wp-json\/wp\/v2\/pages\/25273","targetHints":{"allow":["GET"]}}],"collection":[{"href":"https:\/\/swiftlifts.com\/es\/wp-json\/wp\/v2\/pages"}],"about":[{"href":"https:\/\/swiftlifts.com\/es\/wp-json\/wp\/v2\/types\/page"}],"author":[{"embeddable":true,"href":"https:\/\/swiftlifts.com\/es\/wp-json\/wp\/v2\/users\/1"}],"replies":[{"embeddable":true,"href":"https:\/\/swiftlifts.com\/es\/wp-json\/wp\/v2\/comments?post=25273"}],"version-history":[{"count":2,"href":"https:\/\/swiftlifts.com\/es\/wp-json\/wp\/v2\/pages\/25273\/revisions"}],"predecessor-version":[{"id":26000,"href":"https:\/\/swiftlifts.com\/es\/wp-json\/wp\/v2\/pages\/25273\/revisions\/26000"}],"up":[{"embeddable":true,"href":"https:\/\/swiftlifts.com\/es\/wp-json\/wp\/v2\/pages\/25275"}],"wp:attachment":[{"href":"https:\/\/swiftlifts.com\/es\/wp-json\/wp\/v2\/media?parent=25273"}],"curies":[{"name":"wp","href":"https:\/\/api.w.org\/{rel}","templated":true}]}}