{"id":25271,"date":"2024-05-24T12:00:24","date_gmt":"2024-05-24T12:00:24","guid":{"rendered":"https:\/\/swiftlifts.com\/retrato-swift-araz\/"},"modified":"2024-06-06T09:56:11","modified_gmt":"2024-06-06T09:56:11","slug":"retrato-swift-araz","status":"publish","type":"page","link":"https:\/\/swiftlifts.com\/es\/personas-swift\/retrato-swift-araz\/","title":{"rendered":"Retrato SWIFT &#8211; Araz"},"content":{"rendered":"\n\t<section class=\"section\" id=\"section_2141384945\">\n\t\t<div class=\"section-bg fill\" >\n\t\t\t\t\t\t\t\t\t\n\t\t\t\n\n\t\t<\/div>\n\n\t\t\n\n\t\t<div class=\"section-content relative\">\n\t\t\t\n<div class=\"row\"  id=\"row-2012929896\">\n\n\t<div id=\"col-905745352\" class=\"col small-12 large-12\"  >\n\t\t\t\t<div class=\"col-inner\"  >\n\t\t\t\n\t\t\t\n\t\t<\/div>\n\t\t\t\t\t<\/div>\n\n\t\n<\/div>\n<div class=\"row align-center\" style=\"max-width:100%\" id=\"row-349134947\">\n\n\t<div id=\"col-1042241619\" class=\"col medium-10 small-12 large-10\"  >\n\t\t\t\t<div class=\"col-inner\"  >\n\t\t\t\n\t\t\t\n\t<div id=\"text-1377998528\" class=\"text\">\n\t\t\n<h1>Personas Swift<\/h1>\n\t\t\n<style>\n#text-1377998528 {\n  font-size: 1.75rem;\n  line-height: 0.75;\n  color: rgb(0, 10, 54);\n}\n#text-1377998528 > * {\n  color: rgb(0, 10, 54);\n}\n<\/style>\n\t<\/div>\n\t\n\t<div id=\"text-2917835492\" class=\"text\">\n\t\t\n<p>Retrato del mes<\/p>\n<p>\n\t\t\n<style>\n#text-2917835492 {\n  font-size: 1.6rem;\n  line-height: 0.75;\n}\n<\/style>\n\t<\/div>\n\t\n\t\t<\/div>\n\t\t\t\t\n<style>\n#col-1042241619 > .col-inner {\n  padding: 50px 0px 0px 0px;\n}\n<\/style>\n\t<\/div>\n\n\t\n<\/div>\n<div class=\"row align-equal align-center\" style=\"max-width:100%\" id=\"row-444967300\">\n\n\t<div id=\"col-1052265900\" class=\"col medium-5 small-12 large-5\"  >\n\t\t\t\t<div class=\"col-inner text-left\" style=\"background-color:rgb(30, 98, 122);\" >\n\t\t\t\n\t\t\t\n\t<div id=\"text-2268280146\" class=\"text swift-people-text\">\n\t\t\n<p>NOMBRE: <b>Araz Rahimi<\/b><br \/>CARGO: <b>Arquitecto de Software <\/b><br \/>EDAD: <b>35<\/b><br \/>VIVE: <b>Estocolmo, Suecia <\/b><\/p>\n<p>\n\t\t\n<style>\n#text-2268280146 {\n  font-size: 1.5rem;\n  line-height: 1.65;\n  color: rgb(255, 255, 255);\n}\n#text-2268280146 > * {\n  color: rgb(255, 255, 255);\n}\n<\/style>\n\t<\/div>\n\t\n\t\t<\/div>\n\t\t\t\t\n<style>\n#col-1052265900 > .col-inner {\n  padding: 30px 0px 0px 30px;\n  margin: 0px 0px 0px 0px;\n}\n@media (min-width:550px) {\n  #col-1052265900 > .col-inner {\n    padding: 20% 0px 0px 50px;\n  }\n}\n<\/style>\n\t<\/div>\n\n\t\n\n\t<div id=\"col-920018902\" class=\"col medium-5 small-12 large-5\"  >\n\t\t\t\t<div class=\"col-inner\"  >\n\t\t\t\n\t\t\t\n\t<div class=\"img has-hover x md-x lg-x y md-y lg-y\" id=\"image_2082090979\">\n\t\t\t\t\t\t\t\t<div class=\"img-inner dark\" >\n\t\t\t<img loading=\"lazy\" decoding=\"async\" width=\"1000\" height=\"673\" src=\"https:\/\/swiftlifts.com\/wp-content\/uploads\/2022\/10\/people_araz.jpg\" class=\"attachment-large size-large\" alt=\"people araz\" srcset=\"https:\/\/swiftlifts.com\/wp-content\/uploads\/2022\/10\/people_araz.jpg 1000w, https:\/\/swiftlifts.com\/wp-content\/uploads\/2022\/10\/people_araz-594x400.jpg 594w, https:\/\/swiftlifts.com\/wp-content\/uploads\/2022\/10\/people_araz-768x517.jpg 768w\" sizes=\"auto, (max-width: 1000px) 100vw, 1000px\" \/>\t\t\t\t\t\t\n\t\t\t\t\t<\/div>\n\t\t\t\t\t\t\t\t\n<style>\n#image_2082090979 {\n  width: 100%;\n}\n<\/style>\n\t<\/div>\n\t\n\t\t<\/div>\n\t\t\t\t\n<style>\n#col-920018902 > .col-inner {\n  margin: 0px 0px 0px 0px;\n}\n<\/style>\n\t<\/div>\n\n\t\n<\/div>\n<div class=\"row align-equal align-center\" style=\"max-width:100%\" id=\"row-1023283996\">\n\n\t<div id=\"col-1799300986\" class=\"col medium-10 small-12 large-10\"  >\n\t\t\t\t<div class=\"col-inner\"  >\n\t\t\t\n\t<div class=\"is-border\"\n\t\tstyle=\"border-color:rgb(30, 98, 122);border-width:5px 5px 5px 5px;\">\n\t<\/div>\n\t\t\t\n\t<div id=\"text-19948557\" class=\"text\">\n\t\t\n<p><b>\u00bfQu\u00e9 es lo que m\u00e1s le gusta de su trabajo en SWIFT?<\/b><br \/>&#8211; Formar parte de una empresa apasionante e innovadora desde el principio, ver todos los avances de primera mano y trabajar con la incre\u00edble gente de SWIFT.<\/p>\n<p><b>\u00bfDe qu\u00e9 se siente m\u00e1s orgulloso hasta ahora?<\/b><br \/>&#8211; Lo que nuestro equipo ha conseguido en tan poco tiempo. Estoy muy orgullosa de lo lejos que hemos llegado y es a\u00fan m\u00e1s impresionante dadas las circunstancias con todas las locuras que est\u00e1n ocurriendo en el mundo.<\/p>\n<p><b>\u00bfQu\u00e9 quer\u00edas ser de peque\u00f1o?<\/b><br \/>&#8211; \u00a1Un astronauta! \ud83d\ude80 Pero el inter\u00e9s por el software y los ordenadores en general siempre ha estado ah\u00ed desde que era peque\u00f1o.<\/p>\n<p><b>\u00bfSu viaje en pocas palabras?<\/b><br \/>&#8211; Me licenci\u00e9 en Inform\u00e1tica en el Real Instituto de Tecnolog\u00eda y enseguida empec\u00e9 a trabajar como desarrollador de software, pasando los d\u00edas codificando. Hoy en d\u00eda sigo codificando mucho, aunque mi funci\u00f3n como arquitecto de software es m\u00e1s amplia.<\/p>\n<p><b>\u00bfUna cosa sin la que no puede vivir cuando trabaja?<\/b><br \/>&#8211; \u00a1Mis auriculares! \ud83c\udfa7<\/p>\n<p><b>\u00bfSus 3 rutinas diarias?<\/b><br \/>1. La carrera matutina alrededor del lago de nuestro barrio. \ud83d\udc5f<br \/>2. Desconectarme\u00bb durante un tiempo para pasar tiempo con mi mujer y mi hija. \u00a1La familia es lo primero! \ud83d\udc9e<br \/>3. Tomar al menos una taza de t\u00e9 antes de acostarse. \u2615\ufe0f<\/p>\n<p><b>\u00bfQu\u00e9 significa para usted su hogar?<\/b><br \/>&#8211; El hogar es el lugar donde uno debe sentirse seguro y c\u00f3modo.<\/p>\n<p><b>\u00bfSus 3 caracter\u00edsticas o funciones favoritas de SWIFT?<\/b><br \/>1. El desplazamiento suave y silencioso entre plantas.<br \/>2. La pantalla f\u00e1cil de usar y personalizable y toda la informaci\u00f3n y comentarios que el usuario obtiene en ella.<br \/>3. La interacci\u00f3n y armon\u00eda entre los bellos dise\u00f1os de pared y los salvapantallas vivos de la pantalla.<\/p>\n<p><b>\u00bfEn qu\u00e9 consiste una buena experiencia del cliente?<\/b><br \/>&#8211; Para conseguir una gran experiencia de usuario, es necesario conocer y comprender las preferencias y necesidades de los usuarios finales. Cuanta m\u00e1s informaci\u00f3n tenga de sus clientes y usuarios finales, mejor los conocer\u00e1 y m\u00e1s cerca estar\u00e1 de ofrecerles una experiencia \u00fanica y espec\u00edfica para sus necesidades.<\/p>\n<p><b>\u00bfDe d\u00f3nde saca la inspiraci\u00f3n y las ideas?<\/b><br \/>&#8211; De todas lados. Tanto en Internet como en el mundo real. Cuando se trabaja con SWIFT Pro, escuchar al grupo objetivo y comprender sus necesidades es una parte importante. Pero tambi\u00e9n es muy importante inspirarse fuera de nuestro sector para identificar nuevas caracter\u00edsticas sin precedentes que puedan mejorar el producto y la experiencia del usuario.<\/p>\n<p><b>\u00bfSus placeres culposos?<\/b><br \/>&#8211; Ver programas de televisi\u00f3n y jugar a videojuegos. \ud83c\udfae<\/p>\n<p><b>\u00bfSus consejos para alguien que sue\u00f1a con ser desarrollador?<\/b><br \/>&#8211; Empiece hoy mismo. No hace falta esperar. Hay millones de gu\u00edas y tutoriales en l\u00ednea para empezar. \ud83d\udcbb<\/p>\n<p><b>\u00bfSue\u00f1os de futuro?<\/b><br \/>&#8211; Mantenerse al d\u00eda de los avances tecnol\u00f3gicos y las innovaciones de nuestro mundo digital en constante cambio y asegurarse de que nuestro producto siempre satisface las exigencias del ma\u00f1ana.<\/p>\n<p><b>\u00bfSu medio de desplazamiento favorito (adem\u00e1s de las gr\u00faas dom\u00e9sticas SWIFT)? \ud83d\ude09 .<\/b><br \/>&#8211; Me gusta correr. Es estupendo para despejar la mente y despu\u00e9s te sientes renovado.<\/p>\n<p>\n\t\t\n<style>\n#text-19948557 {\n  font-size: 1.5rem;\n  color: rgb(30, 98, 122);\n}\n#text-19948557 > * {\n  color: rgb(30, 98, 122);\n}\n<\/style>\n\t<\/div>\n\t\n\t\t<\/div>\n\t\t\t\t\n<style>\n#col-1799300986 > .col-inner {\n  padding: 10px 10px 10px 10px;\n}\n@media (min-width:550px) {\n  #col-1799300986 > .col-inner {\n    padding: 50px 50px 50px 50px;\n  }\n}\n<\/style>\n\t<\/div>\n\n\t\n<\/div>\n\t\t<\/div>\n\n\t\t\n<style>\n#section_2141384945 {\n  padding-top: 30px;\n  padding-bottom: 30px;\n}\n<\/style>\n\t<\/section>\n\t\n","protected":false},"excerpt":{"rendered":"","protected":false},"author":1,"featured_media":0,"parent":25275,"menu_order":0,"comment_status":"closed","ping_status":"closed","template":"page-transparent-header.php","meta":{"_acf_changed":false,"content-type":"","footnotes":""},"class_list":["post-25271","page","type-page","status-publish","hentry"],"acf":[],"yoast_head":"<!-- This site is optimized with the Yoast SEO Premium plugin v27.3 (Yoast SEO v27.3) - https:\/\/yoast.com\/product\/yoast-seo-premium-wordpress\/ -->\n<title>Retrato SWIFT - Araz - SWIFT - 100% battery driven home lifts<\/title>\n<meta name=\"robots\" content=\"index, follow, max-snippet:-1, max-image-preview:large, max-video-preview:-1\" \/>\n<link rel=\"canonical\" href=\"https:\/\/swiftlifts.com\/es\/personas-swift\/retrato-swift-araz\/\" \/>\n<meta property=\"og:locale\" content=\"es_ES\" \/>\n<meta property=\"og:type\" content=\"article\" \/>\n<meta property=\"og:title\" content=\"Retrato SWIFT - Araz\" \/>\n<meta property=\"og:url\" content=\"https:\/\/swiftlifts.com\/es\/personas-swift\/retrato-swift-araz\/\" \/>\n<meta property=\"og:site_name\" content=\"SWIFT - 100% battery driven home lifts\" \/>\n<meta property=\"article:publisher\" content=\"https:\/\/www.facebook.com\/swifthomelifts\" \/>\n<meta property=\"article:modified_time\" content=\"2024-06-06T09:56:11+00:00\" \/>\n<meta name=\"twitter:card\" content=\"summary_large_image\" \/>\n<meta name=\"twitter:label1\" content=\"Tiempo de lectura\" \/>\n\t<meta name=\"twitter:data1\" content=\"4 minutos\" \/>\n<script type=\"application\/ld+json\" class=\"yoast-schema-graph\">{\"@context\":\"https:\\\/\\\/schema.org\",\"@graph\":[{\"@type\":\"WebPage\",\"@id\":\"https:\\\/\\\/swiftlifts.com\\\/es\\\/personas-swift\\\/retrato-swift-araz\\\/\",\"url\":\"https:\\\/\\\/swiftlifts.com\\\/es\\\/personas-swift\\\/retrato-swift-araz\\\/\",\"name\":\"Retrato SWIFT - Araz - SWIFT - 100% battery driven home lifts\",\"isPartOf\":{\"@id\":\"https:\\\/\\\/swiftlifts.com\\\/es\\\/#website\"},\"datePublished\":\"2024-05-24T12:00:24+00:00\",\"dateModified\":\"2024-06-06T09:56:11+00:00\",\"breadcrumb\":{\"@id\":\"https:\\\/\\\/swiftlifts.com\\\/es\\\/personas-swift\\\/retrato-swift-araz\\\/#breadcrumb\"},\"inLanguage\":\"es\",\"potentialAction\":[{\"@type\":\"ReadAction\",\"target\":[\"https:\\\/\\\/swiftlifts.com\\\/es\\\/personas-swift\\\/retrato-swift-araz\\\/\"]}]},{\"@type\":\"BreadcrumbList\",\"@id\":\"https:\\\/\\\/swiftlifts.com\\\/es\\\/personas-swift\\\/retrato-swift-araz\\\/#breadcrumb\",\"itemListElement\":[{\"@type\":\"ListItem\",\"position\":1,\"name\":\"Home\",\"item\":\"https:\\\/\\\/swiftlifts.com\\\/es\\\/\"},{\"@type\":\"ListItem\",\"position\":2,\"name\":\"SWIFT People\",\"item\":\"https:\\\/\\\/swiftlifts.com\\\/es\\\/personas-swift\\\/\"},{\"@type\":\"ListItem\",\"position\":3,\"name\":\"Retrato SWIFT &#8211; Araz\"}]},{\"@type\":\"WebSite\",\"@id\":\"https:\\\/\\\/swiftlifts.com\\\/es\\\/#website\",\"url\":\"https:\\\/\\\/swiftlifts.com\\\/es\\\/\",\"name\":\"SWIFT - 100% battery driven home lifts\",\"description\":\"NEW WAYS TO MOVE\",\"publisher\":{\"@id\":\"https:\\\/\\\/swiftlifts.com\\\/es\\\/#organization\"},\"potentialAction\":[{\"@type\":\"SearchAction\",\"target\":{\"@type\":\"EntryPoint\",\"urlTemplate\":\"https:\\\/\\\/swiftlifts.com\\\/es\\\/?s={search_term_string}\"},\"query-input\":{\"@type\":\"PropertyValueSpecification\",\"valueRequired\":true,\"valueName\":\"search_term_string\"}}],\"inLanguage\":\"es\"},{\"@type\":\"Organization\",\"@id\":\"https:\\\/\\\/swiftlifts.com\\\/es\\\/#organization\",\"name\":\"SWIFT Home Lifts\",\"url\":\"https:\\\/\\\/swiftlifts.com\\\/es\\\/\",\"logo\":{\"@type\":\"ImageObject\",\"inLanguage\":\"es\",\"@id\":\"https:\\\/\\\/swiftlifts.com\\\/es\\\/#\\\/schema\\\/logo\\\/image\\\/\",\"url\":\"https:\\\/\\\/swiftlifts.com\\\/wp-content\\\/uploads\\\/2025\\\/03\\\/cropped-SWIFT-Logo-Google.jpg\",\"contentUrl\":\"https:\\\/\\\/swiftlifts.com\\\/wp-content\\\/uploads\\\/2025\\\/03\\\/cropped-SWIFT-Logo-Google.jpg\",\"width\":512,\"height\":512,\"caption\":\"SWIFT Home Lifts\"},\"image\":{\"@id\":\"https:\\\/\\\/swiftlifts.com\\\/es\\\/#\\\/schema\\\/logo\\\/image\\\/\"},\"sameAs\":[\"https:\\\/\\\/www.facebook.com\\\/swifthomelifts\",\"https:\\\/\\\/www.instagram.com\\\/swifthomelifts\\\/\",\"https:\\\/\\\/www.linkedin.com\\\/company\\\/swifthomelifts\\\/\",\"https:\\\/\\\/www.pinterest.se\\\/swifthomelifts\\\/\",\"https:\\\/\\\/www.youtube.com\\\/@swift5669\"]}]}<\/script>\n<!-- \/ Yoast SEO Premium plugin. -->","yoast_head_json":{"title":"Retrato SWIFT - Araz - SWIFT - 100% battery driven home lifts","robots":{"index":"index","follow":"follow","max-snippet":"max-snippet:-1","max-image-preview":"max-image-preview:large","max-video-preview":"max-video-preview:-1"},"canonical":"https:\/\/swiftlifts.com\/es\/personas-swift\/retrato-swift-araz\/","og_locale":"es_ES","og_type":"article","og_title":"Retrato SWIFT - Araz","og_url":"https:\/\/swiftlifts.com\/es\/personas-swift\/retrato-swift-araz\/","og_site_name":"SWIFT - 100% battery driven home lifts","article_publisher":"https:\/\/www.facebook.com\/swifthomelifts","article_modified_time":"2024-06-06T09:56:11+00:00","twitter_card":"summary_large_image","twitter_misc":{"Tiempo de lectura":"4 minutos"},"schema":{"@context":"https:\/\/schema.org","@graph":[{"@type":"WebPage","@id":"https:\/\/swiftlifts.com\/es\/personas-swift\/retrato-swift-araz\/","url":"https:\/\/swiftlifts.com\/es\/personas-swift\/retrato-swift-araz\/","name":"Retrato SWIFT - Araz - SWIFT - 100% battery driven home lifts","isPartOf":{"@id":"https:\/\/swiftlifts.com\/es\/#website"},"datePublished":"2024-05-24T12:00:24+00:00","dateModified":"2024-06-06T09:56:11+00:00","breadcrumb":{"@id":"https:\/\/swiftlifts.com\/es\/personas-swift\/retrato-swift-araz\/#breadcrumb"},"inLanguage":"es","potentialAction":[{"@type":"ReadAction","target":["https:\/\/swiftlifts.com\/es\/personas-swift\/retrato-swift-araz\/"]}]},{"@type":"BreadcrumbList","@id":"https:\/\/swiftlifts.com\/es\/personas-swift\/retrato-swift-araz\/#breadcrumb","itemListElement":[{"@type":"ListItem","position":1,"name":"Home","item":"https:\/\/swiftlifts.com\/es\/"},{"@type":"ListItem","position":2,"name":"SWIFT People","item":"https:\/\/swiftlifts.com\/es\/personas-swift\/"},{"@type":"ListItem","position":3,"name":"Retrato SWIFT &#8211; Araz"}]},{"@type":"WebSite","@id":"https:\/\/swiftlifts.com\/es\/#website","url":"https:\/\/swiftlifts.com\/es\/","name":"SWIFT - 100% battery driven home lifts","description":"NEW WAYS TO MOVE","publisher":{"@id":"https:\/\/swiftlifts.com\/es\/#organization"},"potentialAction":[{"@type":"SearchAction","target":{"@type":"EntryPoint","urlTemplate":"https:\/\/swiftlifts.com\/es\/?s={search_term_string}"},"query-input":{"@type":"PropertyValueSpecification","valueRequired":true,"valueName":"search_term_string"}}],"inLanguage":"es"},{"@type":"Organization","@id":"https:\/\/swiftlifts.com\/es\/#organization","name":"SWIFT Home Lifts","url":"https:\/\/swiftlifts.com\/es\/","logo":{"@type":"ImageObject","inLanguage":"es","@id":"https:\/\/swiftlifts.com\/es\/#\/schema\/logo\/image\/","url":"https:\/\/swiftlifts.com\/wp-content\/uploads\/2025\/03\/cropped-SWIFT-Logo-Google.jpg","contentUrl":"https:\/\/swiftlifts.com\/wp-content\/uploads\/2025\/03\/cropped-SWIFT-Logo-Google.jpg","width":512,"height":512,"caption":"SWIFT Home Lifts"},"image":{"@id":"https:\/\/swiftlifts.com\/es\/#\/schema\/logo\/image\/"},"sameAs":["https:\/\/www.facebook.com\/swifthomelifts","https:\/\/www.instagram.com\/swifthomelifts\/","https:\/\/www.linkedin.com\/company\/swifthomelifts\/","https:\/\/www.pinterest.se\/swifthomelifts\/","https:\/\/www.youtube.com\/@swift5669"]}]}},"_links":{"self":[{"href":"https:\/\/swiftlifts.com\/es\/wp-json\/wp\/v2\/pages\/25271","targetHints":{"allow":["GET"]}}],"collection":[{"href":"https:\/\/swiftlifts.com\/es\/wp-json\/wp\/v2\/pages"}],"about":[{"href":"https:\/\/swiftlifts.com\/es\/wp-json\/wp\/v2\/types\/page"}],"author":[{"embeddable":true,"href":"https:\/\/swiftlifts.com\/es\/wp-json\/wp\/v2\/users\/1"}],"replies":[{"embeddable":true,"href":"https:\/\/swiftlifts.com\/es\/wp-json\/wp\/v2\/comments?post=25271"}],"version-history":[{"count":2,"href":"https:\/\/swiftlifts.com\/es\/wp-json\/wp\/v2\/pages\/25271\/revisions"}],"predecessor-version":[{"id":26001,"href":"https:\/\/swiftlifts.com\/es\/wp-json\/wp\/v2\/pages\/25271\/revisions\/26001"}],"up":[{"embeddable":true,"href":"https:\/\/swiftlifts.com\/es\/wp-json\/wp\/v2\/pages\/25275"}],"wp:attachment":[{"href":"https:\/\/swiftlifts.com\/es\/wp-json\/wp\/v2\/media?parent=25271"}],"curies":[{"name":"wp","href":"https:\/\/api.w.org\/{rel}","templated":true}]}}