{"id":25269,"date":"2024-05-24T12:00:03","date_gmt":"2024-05-24T12:00:03","guid":{"rendered":"https:\/\/swiftlifts.com\/retrato-swift-anders\/"},"modified":"2024-06-11T11:48:18","modified_gmt":"2024-06-11T11:48:18","slug":"retrato-swift-anders","status":"publish","type":"page","link":"https:\/\/swiftlifts.com\/es\/personas-swift\/retrato-swift-anders\/","title":{"rendered":"Retrato SWIFT &#8211; Anders"},"content":{"rendered":"\n\t<section class=\"section\" id=\"section_1681745454\">\n\t\t<div class=\"section-bg fill\" >\n\t\t\t\t\t\t\t\t\t\n\t\t\t\n\n\t\t<\/div>\n\n\t\t\n\n\t\t<div class=\"section-content relative\">\n\t\t\t\n<div class=\"row\"  id=\"row-1879847453\">\n\n\t<div id=\"col-1346069910\" class=\"col small-12 large-12\"  >\n\t\t\t\t<div class=\"col-inner\"  >\n\t\t\t\n\t\t\t\n\t\t<\/div>\n\t\t\t\t\t<\/div>\n\n\t\n<\/div>\n<div class=\"row align-center\" style=\"max-width:100%\" id=\"row-74916109\">\n\n\t<div id=\"col-837359342\" class=\"col medium-10 small-12 large-10\"  >\n\t\t\t\t<div class=\"col-inner\"  >\n\t\t\t\n\t\t\t\n\t<div id=\"text-466200436\" class=\"text\">\n\t\t\n<h1>SWIFT People<\/h1>\n\t\t\n<style>\n#text-466200436 {\n  font-size: 1.75rem;\n  line-height: 0.75;\n  color: rgb(0, 10, 54);\n}\n#text-466200436 > * {\n  color: rgb(0, 10, 54);\n}\n<\/style>\n\t<\/div>\n\t\n\t<div id=\"text-3384528157\" class=\"text\">\n\t\t\n<p>Retrato del mes<br \/>\n\t\t\n<style>\n#text-3384528157 {\n  font-size: 1.6rem;\n  line-height: 0.75;\n}\n<\/style>\n\t<\/div>\n\t\n\t\t<\/div>\n\t\t\t\t\n<style>\n#col-837359342 > .col-inner {\n  padding: 50px 0px 0px 0px;\n}\n<\/style>\n\t<\/div>\n\n\t\n<\/div>\n<div class=\"row align-equal align-center\" style=\"max-width:100%\" id=\"row-703161054\">\n\n\t<div id=\"col-146847114\" class=\"col medium-5 small-12 large-5\"  >\n\t\t\t\t<div class=\"col-inner text-left\" style=\"background-color:rgb(30, 98, 122);\" >\n\t\t\t\n\t\t\t\n\t<div id=\"text-1961384525\" class=\"text swift-people-text\">\n\t\t\n<p>NOMBRE: <b>Anders Carlsson<\/b><br \/>CARGO<strong>:<\/strong> <b>CIO, Director de Informaci\u00f3n <\/b><br \/>EDAD:<strong> 46<\/strong> <br \/>VIVE: <b>Estocolmo, Suecia <\/b><\/p>\n\t\t\n<style>\n#text-1961384525 {\n  font-size: 1.5rem;\n  line-height: 1.65;\n  color: rgb(255, 255, 255);\n}\n#text-1961384525 > * {\n  color: rgb(255, 255, 255);\n}\n<\/style>\n\t<\/div>\n\t\n\t\t<\/div>\n\t\t\t\t\n<style>\n#col-146847114 > .col-inner {\n  padding: 30px 0px 0px 30px;\n  margin: 0px 0px 0px 0px;\n}\n@media (min-width:550px) {\n  #col-146847114 > .col-inner {\n    padding: 20% 0px 0px 50px;\n  }\n}\n<\/style>\n\t<\/div>\n\n\t\n\n\t<div id=\"col-1100358543\" class=\"col medium-5 small-12 large-5\"  >\n\t\t\t\t<div class=\"col-inner\"  >\n\t\t\t\n\t\t\t\n\t<div class=\"img has-hover x md-x lg-x y md-y lg-y\" id=\"image_1996237125\">\n\t\t\t\t\t\t\t\t<div class=\"img-inner dark\" >\n\t\t\t<img loading=\"lazy\" decoding=\"async\" width=\"1706\" height=\"1928\" src=\"https:\/\/swiftlifts.com\/wp-content\/uploads\/2024\/02\/STHLM_Anders_08-scaled-e1708534465756.jpg\" class=\"attachment-original size-original\" alt=\"\" srcset=\"https:\/\/swiftlifts.com\/wp-content\/uploads\/2024\/02\/STHLM_Anders_08-scaled-e1708534465756.jpg 1706w, https:\/\/swiftlifts.com\/wp-content\/uploads\/2024\/02\/STHLM_Anders_08-scaled-e1708534465756-354x400.jpg 354w, https:\/\/swiftlifts.com\/wp-content\/uploads\/2024\/02\/STHLM_Anders_08-scaled-e1708534465756-708x800.jpg 708w, https:\/\/swiftlifts.com\/wp-content\/uploads\/2024\/02\/STHLM_Anders_08-scaled-e1708534465756-768x868.jpg 768w, https:\/\/swiftlifts.com\/wp-content\/uploads\/2024\/02\/STHLM_Anders_08-scaled-e1708534465756-1359x1536.jpg 1359w\" sizes=\"auto, (max-width: 1706px) 100vw, 1706px\" \/>\t\t\t\t\t\t\n\t\t\t\t\t<\/div>\n\t\t\t\t\t\t\t\t\n<style>\n#image_1996237125 {\n  width: 100%;\n}\n<\/style>\n\t<\/div>\n\t\n\t\t<\/div>\n\t\t\t\t\n<style>\n#col-1100358543 > .col-inner {\n  margin: 0px 0px 0px 0px;\n}\n<\/style>\n\t<\/div>\n\n\t\n<\/div>\n<div class=\"row align-equal align-center\" style=\"max-width:100%\" id=\"row-1711460114\">\n\n\t<div id=\"col-1043501819\" class=\"col medium-10 small-12 large-10\"  >\n\t\t\t\t<div class=\"col-inner\"  >\n\t\t\t\n\t<div class=\"is-border\"\n\t\tstyle=\"border-color:rgb(30, 98, 122);border-width:5px 5px 5px 5px;\">\n\t<\/div>\n\t\t\t\n\t<div id=\"text-365215573\" class=\"text\">\n\t\t\n<p><strong>\u00bfQu\u00e9 quer\u00edas ser de peque\u00f1o?<br \/><\/strong>De ni\u00f1o so\u00f1aba con ser una estrella del deporte. Ya fuera f\u00fatbol, tenis, tenis de mesa, floorball o b\u00e1dminton, si se trataba de algo que rebotaba, me atra\u00eda como un im\u00e1n. \u26bd\ufe0f\ud83c\udfbe\ud83c\udff8\ud83c\udfd3<\/p>\n<p><strong>Y acab\u00f3 como Director de Informaci\u00f3n de SWIFT, \u00bfpuede hablarnos un poco de ese viaje? <\/strong><br \/>Mi trayectoria profesional ha sido diversa, abarcando puestos como empleado y consultor, donde he desempe\u00f1ado las funciones de Director de TI, Director de Log\u00edstica y Consultor Empresarial. Como consultora de empresas, he adquirido conocimientos sobre diversos sectores y he aprendido que hay m\u00e1s de una forma de resolver un problema. Durante los \u00faltimos 15 a\u00f1os, he ocupado principalmente el puesto de CIO en la alta direcci\u00f3n, donde ha sido clave comprender el potencial del panorama digital. \ud83d\udc68\ud83c\udffb\u200d\ud83d\udcbb<\/p>\n<p><strong>Con tres palabras, \u00bfc\u00f3mo le describir\u00eda un colega (cercano)? <\/strong><br \/>Puede que no sea la persona m\u00e1s indicada para juzgarme, pero espero que mis compa\u00f1eros me describan como una persona que trabaja en equipo, curiosa y apasionada por llevar las tareas a buen t\u00e9rmino. \u2714\ufe0f<\/p>\n<p><strong>\u00bfQu\u00e9 es lo que m\u00e1s le gusta de su trabajo en SWIFT?<\/strong> <br \/>Lo que m\u00e1s me gusta de trabajar en SWIFT es la diversidad de tareas y formar parte de una startup compuesta por excelentes compa\u00f1eros. Nos divertimos en el trabajo y afrontamos los retos juntos. \ud83d\ude05<\/p>\n<p><strong>\u00bfCosta oeste o costa este?<br \/><\/strong>Costa Oeste A pesar de disfrutar de la vida en Estocolmo, en la Costa Este, mis ra\u00edces en la Costa Oeste siempre tiran de m\u00ed. \u2b05\ufe0f<\/p>\n<p><strong>\u00bfCu\u00e1l es tu lugar feliz?<br \/><\/strong>Pasear por los bosques playeros de la costa oeste sueca en primavera, justo cuando reverdecen, es como un b\u00e1lsamo para mi alma. Ah\u00ed es donde recargo pilas. \ud83c\udf0a\ud83c\udf33<\/p>\n<p><strong>\u00bfApartamento o casa?<\/strong> <br \/>La casa. Me encanta nuestra casa con jard\u00edn, pero a veces echo de menos la comodidad de un apartamento, sobre todo estar cerca de la animada vida de la ciudad. \ud83c\udfe1<\/p>\n<p><strong>\u00bfCu\u00e1l es el uso m\u00e1s inusual o poco convencional de un ascensor dom\u00e9stico que ha conocido desde que se uni\u00f3 a SWIFT?<br \/><\/strong> Recientemente, o\u00ed hablar de un aficionado a las m\u00e1quinas de pinball que instal\u00f3 un ascensor en su chalet para transportar sus m\u00e1quinas de pinball entre plantas. \ud83c\udfb0<\/p>\n<p><strong>\u00bfValoras positivamente o negativamente el auge de las IA?<\/strong><br \/>Positivamente La IA ofrece oportunidades incre\u00edbles y, en el caso de SWIFT, ha dado lugar a muchos avances positivos. Sin embargo, como ocurre con cualquier nueva tecnolog\u00eda, siempre existe el riesgo de un uso indebido, lo que puede dar lugar a problemas. \ud83d\udc4d\ud83c\udffd<\/p>\n<p><strong>\u00bfF\u00fatbol o floorball?<\/strong> <br \/>Si se trata de jugar, entonces floorball. Pero hoy en d\u00eda, entrenar al equipo de f\u00fatbol de mi hijo me produce una gran alegr\u00eda y satisfacci\u00f3n. \u26bd\ufe0f\ud83c\udfd2<\/p>\n<p><strong>La vida como entrenador de f\u00fatbol y la vida como CIO en SWIFT: \u00bfcu\u00e1les son las similitudes y las diferencias?<\/strong><br \/>En ambas funciones, la importancia del trabajo en equipo es fundamental. El \u00e9xito no viene de tener a los mejores jugadores, sino de un equipo que sabe trabajar junto de forma eficaz, aprovechando al m\u00e1ximo los puntos fuertes de cada miembro. \ud83d\udd90\ud83c\udffd<\/p>\n<p><strong>Mirando lo que ha conseguido hasta ahora, \u00bfde qu\u00e9 se siente m\u00e1s orgulloso?<\/strong> <br \/>Haber formado parte de la fundaci\u00f3n de SWIFT. Construir una empresa desde cero que ahora lidera el sector de los ascensores dom\u00e9sticos es algo de lo que estoy muy orgulloso. \ud83d\udd28<\/p>\n<p><strong>\u00bfSemla sueca o gofre?<br \/><\/strong> El semla sueco es imbatible en febrero, pero el resto del a\u00f1o, los gofres, sobre todo en una estaci\u00f3n de esqu\u00ed, podr\u00edan llevarse la palma. \ud83e\uddc7<\/p>\n<p><strong>\u00bfQu\u00e9 es lo m\u00e1s preciado de su vida? <br \/><\/strong>Tiempo: intente valorar cada momento, ya sea de trabajo o de ocio. Pero es f\u00e1cil olvidarlo. \u231b\ufe0f<\/p>\n<p><strong>\u00bfQu\u00e9 cree que es lo m\u00e1s importante de su trabajo en SWIFT?<\/strong> <br \/>Mantener una visi\u00f3n hol\u00edstica de las operaciones de SWIFT e identificar oportunidades de disrupci\u00f3n digital son vitales para nuestro \u00e9xito continuado. \ud83d\udd2e<\/p>\n<p><strong>\u00bfC\u00f3mo es una jornada laboral normal?<br \/><\/strong>Mi jornada laboral empieza con una taza de caf\u00e9. Por la ma\u00f1ana, colaboro con nuestros colegas de Asia y socios. La tarde se dedica a trabajar con nuestro equipo europeo de SWIFT y los proveedores en diversos proyectos. \ud83c\udf0f\ud83c\udf0d<\/p>\n<p><strong>\u00bfUna cosa sin la que no puede vivir en el trabajo?<br \/><\/strong>Realmente no funciono sin caf\u00e9. \u2615\ufe0f<\/p>\n<p><strong>\u00bfQu\u00e9 es lo que m\u00e1s le gusta de la gr\u00faa dom\u00e9stica SWIFT?<br \/><\/strong> Le agradezco que la gr\u00faa dom\u00e9stica SWIFT sea respetuosa con el medio ambiente, especialmente su funci\u00f3n de carga inteligente al bajar. \ud83d\udd0b<\/p>\n<p><strong>Consejos del entrenador para alguien que sue\u00f1a con trabajar en lo que usted hace<br \/><\/strong>Recuerde que, en TI, el trabajo en equipo y las conexiones humanas son fundamentales. El \u00e9xito viene de mezclar la tecnolog\u00eda con los objetivos empresariales y crear equipos fuertes. \ud83c\udfa8<\/p>\n<p><strong>\u00bfQu\u00e9 hay en tu lista de cosas que hacer antes de morir?<br \/><\/strong> \ud83e\uddf1<\/p>\n<p><strong>\u00bfSue\u00f1os de futuro?<br \/><\/strong>Poseer una casa de vacaciones junto al mar. \ud83c\udfda\ud83c\udf0a<\/p>\n<p><strong>\u00bfSu medio de transporte favorito (adem\u00e1s de SWIFT)?<br \/><\/strong>Veh\u00edculos de transporte el\u00e9ctricos y alimentados por bater\u00edas. Mi visita a Shangh\u00e1i el pasado oto\u00f1o me abri\u00f3 los ojos al avanzado estado de los transportes impulsados por bater\u00edas all\u00ed, inspirando esperanzas para alcanzar nuestros objetivos clim\u00e1ticos. (Por supuesto, esto tambi\u00e9n se aplica a los ascensores dom\u00e9sticos de SWIFT) \ud83d\ude0a.<strong><br \/><\/strong><\/p>\n\t\t\n<style>\n#text-365215573 {\n  font-size: 1.5rem;\n  color: rgb(30, 98, 122);\n}\n#text-365215573 > * {\n  color: rgb(30, 98, 122);\n}\n<\/style>\n\t<\/div>\n\t\n\t\t<\/div>\n\t\t\t\t\n<style>\n#col-1043501819 > .col-inner {\n  padding: 10px 10px 10px 10px;\n}\n@media (min-width:550px) {\n  #col-1043501819 > .col-inner {\n    padding: 50px 50px 50px 50px;\n  }\n}\n<\/style>\n\t<\/div>\n\n\t\n<\/div>\n\t\t<\/div>\n\n\t\t\n<style>\n#section_1681745454 {\n  padding-top: 30px;\n  padding-bottom: 30px;\n}\n<\/style>\n\t<\/section>\n\t\n","protected":false},"excerpt":{"rendered":"","protected":false},"author":11,"featured_media":0,"parent":25275,"menu_order":0,"comment_status":"closed","ping_status":"closed","template":"page-transparent-header.php","meta":{"_acf_changed":false,"content-type":"","footnotes":""},"class_list":["post-25269","page","type-page","status-publish","hentry"],"acf":[],"yoast_head":"<!-- This site is optimized with the Yoast SEO Premium plugin v27.3 (Yoast SEO v27.4) - https:\/\/yoast.com\/product\/yoast-seo-premium-wordpress\/ -->\n<title>Retrato SWIFT - Anders - SWIFT - 100% battery driven home lifts<\/title>\n<meta name=\"robots\" content=\"index, follow, max-snippet:-1, max-image-preview:large, max-video-preview:-1\" \/>\n<link rel=\"canonical\" href=\"https:\/\/swiftlifts.com\/es\/personas-swift\/retrato-swift-anders\/\" \/>\n<meta property=\"og:locale\" content=\"es_ES\" \/>\n<meta property=\"og:type\" content=\"article\" \/>\n<meta property=\"og:title\" content=\"Retrato SWIFT - Anders\" \/>\n<meta property=\"og:url\" content=\"https:\/\/swiftlifts.com\/es\/personas-swift\/retrato-swift-anders\/\" \/>\n<meta property=\"og:site_name\" content=\"SWIFT - 100% battery driven home lifts\" \/>\n<meta property=\"article:publisher\" content=\"https:\/\/www.facebook.com\/swifthomelifts\" \/>\n<meta property=\"article:modified_time\" content=\"2024-06-11T11:48:18+00:00\" \/>\n<meta name=\"twitter:card\" content=\"summary_large_image\" \/>\n<meta name=\"twitter:label1\" content=\"Tiempo de lectura\" \/>\n\t<meta name=\"twitter:data1\" content=\"5 minutos\" \/>\n<script type=\"application\/ld+json\" class=\"yoast-schema-graph\">{\"@context\":\"https:\\\/\\\/schema.org\",\"@graph\":[{\"@type\":\"WebPage\",\"@id\":\"https:\\\/\\\/swiftlifts.com\\\/es\\\/personas-swift\\\/retrato-swift-anders\\\/\",\"url\":\"https:\\\/\\\/swiftlifts.com\\\/es\\\/personas-swift\\\/retrato-swift-anders\\\/\",\"name\":\"Retrato SWIFT - Anders - SWIFT - 100% battery driven home lifts\",\"isPartOf\":{\"@id\":\"https:\\\/\\\/swiftlifts.com\\\/es\\\/#website\"},\"datePublished\":\"2024-05-24T12:00:03+00:00\",\"dateModified\":\"2024-06-11T11:48:18+00:00\",\"breadcrumb\":{\"@id\":\"https:\\\/\\\/swiftlifts.com\\\/es\\\/personas-swift\\\/retrato-swift-anders\\\/#breadcrumb\"},\"inLanguage\":\"es\",\"potentialAction\":[{\"@type\":\"ReadAction\",\"target\":[\"https:\\\/\\\/swiftlifts.com\\\/es\\\/personas-swift\\\/retrato-swift-anders\\\/\"]}]},{\"@type\":\"BreadcrumbList\",\"@id\":\"https:\\\/\\\/swiftlifts.com\\\/es\\\/personas-swift\\\/retrato-swift-anders\\\/#breadcrumb\",\"itemListElement\":[{\"@type\":\"ListItem\",\"position\":1,\"name\":\"Home\",\"item\":\"https:\\\/\\\/swiftlifts.com\\\/es\\\/\"},{\"@type\":\"ListItem\",\"position\":2,\"name\":\"SWIFT People\",\"item\":\"https:\\\/\\\/swiftlifts.com\\\/es\\\/personas-swift\\\/\"},{\"@type\":\"ListItem\",\"position\":3,\"name\":\"Retrato SWIFT &#8211; Anders\"}]},{\"@type\":\"WebSite\",\"@id\":\"https:\\\/\\\/swiftlifts.com\\\/es\\\/#website\",\"url\":\"https:\\\/\\\/swiftlifts.com\\\/es\\\/\",\"name\":\"SWIFT - 100% battery driven home lifts\",\"description\":\"NEW WAYS TO MOVE\",\"publisher\":{\"@id\":\"https:\\\/\\\/swiftlifts.com\\\/es\\\/#organization\"},\"potentialAction\":[{\"@type\":\"SearchAction\",\"target\":{\"@type\":\"EntryPoint\",\"urlTemplate\":\"https:\\\/\\\/swiftlifts.com\\\/es\\\/?s={search_term_string}\"},\"query-input\":{\"@type\":\"PropertyValueSpecification\",\"valueRequired\":true,\"valueName\":\"search_term_string\"}}],\"inLanguage\":\"es\"},{\"@type\":\"Organization\",\"@id\":\"https:\\\/\\\/swiftlifts.com\\\/es\\\/#organization\",\"name\":\"SWIFT Home Lifts\",\"url\":\"https:\\\/\\\/swiftlifts.com\\\/es\\\/\",\"logo\":{\"@type\":\"ImageObject\",\"inLanguage\":\"es\",\"@id\":\"https:\\\/\\\/swiftlifts.com\\\/es\\\/#\\\/schema\\\/logo\\\/image\\\/\",\"url\":\"https:\\\/\\\/swiftlifts.com\\\/wp-content\\\/uploads\\\/2025\\\/03\\\/cropped-SWIFT-Logo-Google.jpg\",\"contentUrl\":\"https:\\\/\\\/swiftlifts.com\\\/wp-content\\\/uploads\\\/2025\\\/03\\\/cropped-SWIFT-Logo-Google.jpg\",\"width\":512,\"height\":512,\"caption\":\"SWIFT Home Lifts\"},\"image\":{\"@id\":\"https:\\\/\\\/swiftlifts.com\\\/es\\\/#\\\/schema\\\/logo\\\/image\\\/\"},\"sameAs\":[\"https:\\\/\\\/www.facebook.com\\\/swifthomelifts\",\"https:\\\/\\\/www.instagram.com\\\/swifthomelifts\\\/\",\"https:\\\/\\\/www.linkedin.com\\\/company\\\/swifthomelifts\\\/\",\"https:\\\/\\\/www.pinterest.se\\\/swifthomelifts\\\/\",\"https:\\\/\\\/www.youtube.com\\\/@swift5669\"]}]}<\/script>\n<!-- \/ Yoast SEO Premium plugin. -->","yoast_head_json":{"title":"Retrato SWIFT - Anders - SWIFT - 100% battery driven home lifts","robots":{"index":"index","follow":"follow","max-snippet":"max-snippet:-1","max-image-preview":"max-image-preview:large","max-video-preview":"max-video-preview:-1"},"canonical":"https:\/\/swiftlifts.com\/es\/personas-swift\/retrato-swift-anders\/","og_locale":"es_ES","og_type":"article","og_title":"Retrato SWIFT - Anders","og_url":"https:\/\/swiftlifts.com\/es\/personas-swift\/retrato-swift-anders\/","og_site_name":"SWIFT - 100% battery driven home lifts","article_publisher":"https:\/\/www.facebook.com\/swifthomelifts","article_modified_time":"2024-06-11T11:48:18+00:00","twitter_card":"summary_large_image","twitter_misc":{"Tiempo de lectura":"5 minutos"},"schema":{"@context":"https:\/\/schema.org","@graph":[{"@type":"WebPage","@id":"https:\/\/swiftlifts.com\/es\/personas-swift\/retrato-swift-anders\/","url":"https:\/\/swiftlifts.com\/es\/personas-swift\/retrato-swift-anders\/","name":"Retrato SWIFT - Anders - SWIFT - 100% battery driven home lifts","isPartOf":{"@id":"https:\/\/swiftlifts.com\/es\/#website"},"datePublished":"2024-05-24T12:00:03+00:00","dateModified":"2024-06-11T11:48:18+00:00","breadcrumb":{"@id":"https:\/\/swiftlifts.com\/es\/personas-swift\/retrato-swift-anders\/#breadcrumb"},"inLanguage":"es","potentialAction":[{"@type":"ReadAction","target":["https:\/\/swiftlifts.com\/es\/personas-swift\/retrato-swift-anders\/"]}]},{"@type":"BreadcrumbList","@id":"https:\/\/swiftlifts.com\/es\/personas-swift\/retrato-swift-anders\/#breadcrumb","itemListElement":[{"@type":"ListItem","position":1,"name":"Home","item":"https:\/\/swiftlifts.com\/es\/"},{"@type":"ListItem","position":2,"name":"SWIFT People","item":"https:\/\/swiftlifts.com\/es\/personas-swift\/"},{"@type":"ListItem","position":3,"name":"Retrato SWIFT &#8211; Anders"}]},{"@type":"WebSite","@id":"https:\/\/swiftlifts.com\/es\/#website","url":"https:\/\/swiftlifts.com\/es\/","name":"SWIFT - 100% battery driven home lifts","description":"NEW WAYS TO MOVE","publisher":{"@id":"https:\/\/swiftlifts.com\/es\/#organization"},"potentialAction":[{"@type":"SearchAction","target":{"@type":"EntryPoint","urlTemplate":"https:\/\/swiftlifts.com\/es\/?s={search_term_string}"},"query-input":{"@type":"PropertyValueSpecification","valueRequired":true,"valueName":"search_term_string"}}],"inLanguage":"es"},{"@type":"Organization","@id":"https:\/\/swiftlifts.com\/es\/#organization","name":"SWIFT Home Lifts","url":"https:\/\/swiftlifts.com\/es\/","logo":{"@type":"ImageObject","inLanguage":"es","@id":"https:\/\/swiftlifts.com\/es\/#\/schema\/logo\/image\/","url":"https:\/\/swiftlifts.com\/wp-content\/uploads\/2025\/03\/cropped-SWIFT-Logo-Google.jpg","contentUrl":"https:\/\/swiftlifts.com\/wp-content\/uploads\/2025\/03\/cropped-SWIFT-Logo-Google.jpg","width":512,"height":512,"caption":"SWIFT Home Lifts"},"image":{"@id":"https:\/\/swiftlifts.com\/es\/#\/schema\/logo\/image\/"},"sameAs":["https:\/\/www.facebook.com\/swifthomelifts","https:\/\/www.instagram.com\/swifthomelifts\/","https:\/\/www.linkedin.com\/company\/swifthomelifts\/","https:\/\/www.pinterest.se\/swifthomelifts\/","https:\/\/www.youtube.com\/@swift5669"]}]}},"_links":{"self":[{"href":"https:\/\/swiftlifts.com\/es\/wp-json\/wp\/v2\/pages\/25269","targetHints":{"allow":["GET"]}}],"collection":[{"href":"https:\/\/swiftlifts.com\/es\/wp-json\/wp\/v2\/pages"}],"about":[{"href":"https:\/\/swiftlifts.com\/es\/wp-json\/wp\/v2\/types\/page"}],"author":[{"embeddable":true,"href":"https:\/\/swiftlifts.com\/es\/wp-json\/wp\/v2\/users\/11"}],"replies":[{"embeddable":true,"href":"https:\/\/swiftlifts.com\/es\/wp-json\/wp\/v2\/comments?post=25269"}],"version-history":[{"count":2,"href":"https:\/\/swiftlifts.com\/es\/wp-json\/wp\/v2\/pages\/25269\/revisions"}],"predecessor-version":[{"id":26379,"href":"https:\/\/swiftlifts.com\/es\/wp-json\/wp\/v2\/pages\/25269\/revisions\/26379"}],"up":[{"embeddable":true,"href":"https:\/\/swiftlifts.com\/es\/wp-json\/wp\/v2\/pages\/25275"}],"wp:attachment":[{"href":"https:\/\/swiftlifts.com\/es\/wp-json\/wp\/v2\/media?parent=25269"}],"curies":[{"name":"wp","href":"https:\/\/api.w.org\/{rel}","templated":true}]}}