{"id":25264,"date":"2024-05-24T11:25:42","date_gmt":"2024-05-24T11:25:42","guid":{"rendered":"https:\/\/swiftlifts.com\/retrato-swift-carl\/"},"modified":"2024-05-24T12:04:17","modified_gmt":"2024-05-24T12:04:17","slug":"retrato-swift-carl","status":"publish","type":"page","link":"https:\/\/swiftlifts.com\/es\/personas-swift\/retrato-swift-carl\/","title":{"rendered":"Retrato SWIFT &#8211; Carl"},"content":{"rendered":"\n\t<section class=\"section\" id=\"section_19145254\">\n\t\t<div class=\"section-bg fill\" >\n\t\t\t\t\t\t\t\t\t\n\t\t\t\n\n\t\t<\/div>\n\n\t\t\n\n\t\t<div class=\"section-content relative\">\n\t\t\t\n<div class=\"row\"  id=\"row-1772013700\">\n\n\t<div id=\"col-902829223\" class=\"col small-12 large-12\"  >\n\t\t\t\t<div class=\"col-inner\"  >\n\t\t\t\n\t\t\t\n\t\t<\/div>\n\t\t\t\t\t<\/div>\n\n\t\n<\/div>\n<div class=\"row align-center\" style=\"max-width:100%\" id=\"row-371153274\">\n\n\t<div id=\"col-2132010439\" class=\"col medium-10 small-12 large-10\"  >\n\t\t\t\t<div class=\"col-inner\"  >\n\t\t\t\n\t\t\t\n\t<div id=\"text-2514036407\" class=\"text\">\n\t\t\n<h1>SWIFT People<\/h1>\n\t\t\n<style>\n#text-2514036407 {\n  font-size: 1.75rem;\n  line-height: 0.75;\n  color: rgb(0, 10, 54);\n}\n#text-2514036407 > * {\n  color: rgb(0, 10, 54);\n}\n<\/style>\n\t<\/div>\n\t\n\t<div id=\"text-1790576039\" class=\"text\">\n\t\t\n<p>Retrato del mes<br \/>\n\t\t\n<style>\n#text-1790576039 {\n  font-size: 1.6rem;\n  line-height: 0.75;\n}\n<\/style>\n\t<\/div>\n\t\n\t\t<\/div>\n\t\t\t\t\n<style>\n#col-2132010439 > .col-inner {\n  padding: 50px 0px 0px 0px;\n}\n<\/style>\n\t<\/div>\n\n\t\n<\/div>\n<div class=\"row align-equal align-center\" style=\"max-width:100%\" id=\"row-1420671265\">\n\n\t<div id=\"col-1684234507\" class=\"col medium-5 small-12 large-5\"  >\n\t\t\t\t<div class=\"col-inner text-left\" style=\"background-color:rgb(30, 98, 122);\" >\n\t\t\t\n\t\t\t\n\t<div id=\"text-3246261943\" class=\"text swift-people-text\">\n\t\t\n<p>NOMBRE: <b>Carl Br\u00e4mberg<\/b><br \/>\nCARGO: <b>Responsable de asistencia t\u00e9cnica<\/b><br \/>\nEDAD: <b>32<\/b><br \/>\nVIVE: <b>Shanghai, China<\/b><br \/>\n\t\t\n<style>\n#text-3246261943 {\n  font-size: 1.5rem;\n  line-height: 1.65;\n  color: rgb(255, 255, 255);\n}\n#text-3246261943 > * {\n  color: rgb(255, 255, 255);\n}\n<\/style>\n\t<\/div>\n\t\n\t\t<\/div>\n\t\t\t\t\n<style>\n#col-1684234507 > .col-inner {\n  padding: 30px 0px 0px 30px;\n  margin: 0px 0px 0px 0px;\n}\n@media (min-width:550px) {\n  #col-1684234507 > .col-inner {\n    padding: 20% 0px 0px 50px;\n  }\n}\n<\/style>\n\t<\/div>\n\n\t\n\n\t<div id=\"col-1763458810\" class=\"col medium-5 small-12 large-5\"  >\n\t\t\t\t<div class=\"col-inner\"  >\n\t\t\t\n\t\t\t\n\t<div class=\"img has-hover x md-x lg-x y md-y lg-y\" id=\"image_2025314313\">\n\t\t\t\t\t\t\t\t<div class=\"img-inner dark\" >\n\t\t\t<img loading=\"lazy\" decoding=\"async\" width=\"768\" height=\"736\" src=\"https:\/\/swiftlifts.com\/wp-content\/uploads\/2023\/09\/49802ACF-3C00-4742-94B3-C48BCC428539-e1695263229877-768x736.jpeg\" class=\"attachment-medium_large size-medium_large\" alt=\"man with beard\" srcset=\"https:\/\/swiftlifts.com\/wp-content\/uploads\/2023\/09\/49802ACF-3C00-4742-94B3-C48BCC428539-e1695263229877-768x736.jpeg 768w, https:\/\/swiftlifts.com\/wp-content\/uploads\/2023\/09\/49802ACF-3C00-4742-94B3-C48BCC428539-e1695263229877-418x400.jpeg 418w, https:\/\/swiftlifts.com\/wp-content\/uploads\/2023\/09\/49802ACF-3C00-4742-94B3-C48BCC428539-e1695263229877-835x800.jpeg 835w, https:\/\/swiftlifts.com\/wp-content\/uploads\/2023\/09\/49802ACF-3C00-4742-94B3-C48BCC428539-e1695263229877.jpeg 1536w\" sizes=\"auto, (max-width: 768px) 100vw, 768px\" \/>\t\t\t\t\t\t\n\t\t\t\t\t<\/div>\n\t\t\t\t\t\t\t\t\n<style>\n#image_2025314313 {\n  width: 100%;\n}\n<\/style>\n\t<\/div>\n\t\n\t\t<\/div>\n\t\t\t\t\n<style>\n#col-1763458810 > .col-inner {\n  margin: 0px 0px 0px 0px;\n}\n<\/style>\n\t<\/div>\n\n\t\n<\/div>\n<div class=\"row align-equal align-center\" style=\"max-width:100%\" id=\"row-383709053\">\n\n\t<div id=\"col-334997821\" class=\"col medium-10 small-12 large-10\"  >\n\t\t\t\t<div class=\"col-inner\"  >\n\t\t\t\n\t<div class=\"is-border\"\n\t\tstyle=\"border-color:rgb(30, 98, 122);border-width:5px 5px 5px 5px;\">\n\t<\/div>\n\t\t\t\n\t<div id=\"text-285864013\" class=\"text\">\n\t\t\n<p><b>\u00bfSu viaje en pocas palabras?<\/b> <br \/>He estudiado en el KTH, el Real Instituto de Tecnolog\u00eda de Estocolmo. Despu\u00e9s, comenc\u00e9 mi carrera en el sector de los ascensores en Aritco, donde trabaj\u00e9 inicialmente como asistente de atenci\u00f3n al cliente durante un trabajo de verano. Esta oportunidad le condujo a puestos posteriores como Ingeniero de Producci\u00f3n y, m\u00e1s tarde, como Ingeniero de Asistencia T\u00e9cnica. Posteriormente fui contratado por SWIFT, donde empec\u00e9 como Ingeniero de Dise\u00f1o con base en nuestro centro de I+D de Falkenberg antes de pasar a mi puesto actual como Director de Soporte T\u00e9cnico en Shanghai. \ud83d\udd2c\u2699\ufe0f\ud83d\udd29<\/p>\n<p><b>\u00bfCosta Este o Costa Oeste?<\/b> <br \/>Nacido y criado en Gotemburgo, \u00a1tendr\u00eda que decir que la costa oeste es mi \u00fanica opci\u00f3n! \ud83c\udf0a<\/p>\n<p><b>\u00bfKTH o Chalmers?<\/b> Mis notas no eran lo bastante buenas para entrar en Chalmers, pero s\u00ed para KTH. Interpr\u00e9talo como quieras. \ud83d\ude35\u200d\ud83d\udcab<\/p>\n<p><b>\u00bfAlguna de las delicias locales favoritas que ha descubierto tanto en Falkenberg como en Shanghai durante sus aventuras de desarrollo de productos? <\/b> <br \/>Cualquiera que haya pasado alg\u00fan tiempo en Falkenberg habr\u00e1 o\u00eddo hablar de la famosa pizzer\u00eda Lilla Napoli. Es un lugar con una pizza excelente y una ubicaci\u00f3n bastante interesante. Merece la pena visitarlo. En cuanto al panorama gastron\u00f3mico de Shanghai, la respuesta es sencilla: alb\u00f3ndigas de sopa. He encontrado unos cuantos sitios que los sirven y todos han sido excelentes. \ud83c\udf55\ud83e\udd5f<\/p>\n<p><b>\u00bfQu\u00e9 funci\u00f3n de SWIFT le gusta m\u00e1s? <br \/><\/b>La funci\u00f3n que m\u00e1s utilizo con diferencia es SWIFT Remote. Facilita enormemente la asistencia a socios o clientes con problemas o configuraciones. No es necesario pasar horas al tel\u00e9fono guiando a un t\u00e9cnico a trav\u00e9s de los men\u00fas s\u00f3lo para descubrir que ha cometido un error 4 pasos m\u00e1s atr\u00e1s. Podemos conectarnos y asistir directamente, ahorrando tiempo y mi cordura. Podemos ver al instante los problemas que detecta el sistema y resolverlos directamente u ofrecer asesoramiento dirigido. \ud83e\uddd1\ud83c\udffc\u200d\ud83d\udcbb<\/p>\n<p><b>\u00bfSu signo del zodiaco?<\/b> <br \/>Leo. \ud83e\udd81<\/p>\n<p><b>Nacido en el a\u00f1o de la&#8230;<\/b> <br \/>Cabra. \ud83d\udc10<\/p>\n<p><b>\u00bfLe resulta m\u00e1s f\u00e1cil decir \u00abNi hao\u00bb o \u00abHej\u00bb estos d\u00edas? <\/b> <br \/>Me comprometo y digo \u00abNi Hej\u00bb <\/p>\n<p><b>\u00bfWhatsApp o WeChat? <\/b> <br \/>Un d\u00eda verdaderamente feliz ser\u00e1 cuando no necesite ninguno de los dos, pero WeChat es con diferencia el m\u00e1s f\u00e1cil de usar de los dos. \ud83d\udcf1<\/p>\n<p><b>Del Fika en Suecia al t\u00e9 tradicional en China, \u00bfc\u00f3mo han cambiado sus rutinas diarias al navegar por estos dos entornos de trabajo tan singulares? <\/b> <br \/>Cuando me mud\u00e9 a China por primera vez, fue justo antes del apogeo de la pandemia de Covid. Las pruebas diarias de Covid cada ma\u00f1ana y la restricci\u00f3n de movimientos se convirtieron en rutina durante bastante tiempo. Ahora que la vida ha vuelto a la normalidad en China, mi rutina (o la falta de ella) es sorprendentemente similar a la que ten\u00eda en Suecia. <\/p>\n<p><b>\u00bfEl mejor consejo que ha recibido (hasta ahora)? <\/b> <br \/>Es m\u00e1s f\u00e1cil pedir perd\u00f3n que pedir permiso. <\/p>\n<p><b>\u00bfQu\u00e9 es lo que m\u00e1s le gusta de su trabajo en SWIFT?<\/b> <br \/>El hecho de que no hay dos d\u00edas iguales. Nunca puedo predecir qu\u00e9 tipo de retos se presentar\u00e1n cuando llegue a la oficina. \ud83d\udd2e<\/p>\n<p><b>\u00bfT\u00e9 o caf\u00e9? <\/b> <br \/>Me gustan ambos, dependiendo del estado de \u00e1nimo puedo tomar uno u otro. \ud83c\udf75 \u2615\ufe0f<\/p>\n<p><b>\u00bfConf\u00eda en obtener el permiso de conducir chino este a\u00f1o? <\/b> <br \/>Conf\u00edo en sacarme el carn\u00e9, pero no tanto en atreverme a conducir en China. <\/p>\n<p><b>\u00bfCu\u00e1l es su lugar feliz? <\/b> <br \/>Una tarde de verano en la campi\u00f1a sueca con amigos. \ud83c\udf05<\/p>\n<p><b>\u00bfSu medio de transporte favorito adem\u00e1s de SWIFT? <\/b> <br \/>Pas\u00e9 la mayor parte de mi infancia en el archipi\u00e9lago de Gotemburgo. Esto me ha hecho amar la navegaci\u00f3n y la vela. \ud83d\udea4 \u26f5\ufe0f<\/p>\n<p><b>\u00bfQu\u00e9 hay en su lista de deseos? <\/b> <br \/>Quiero viajar m\u00e1s por China. Hasta ahora, he pasado la mayor parte de mi tiempo en China dentro de Shanghai o Jiangsu, ya que covid puso fin a todos los viajes. #\ud83c\udde8\ud83c\uddf3<\/p>\n\t\t\n<style>\n#text-285864013 {\n  font-size: 1.5rem;\n  color: rgb(30, 98, 122);\n}\n#text-285864013 > * {\n  color: rgb(30, 98, 122);\n}\n<\/style>\n\t<\/div>\n\t\n\t\t<\/div>\n\t\t\t\t\n<style>\n#col-334997821 > .col-inner {\n  padding: 10px 10px 10px 10px;\n}\n@media (min-width:550px) {\n  #col-334997821 > .col-inner {\n    padding: 50px 50px 50px 50px;\n  }\n}\n<\/style>\n\t<\/div>\n\n\t\n<\/div>\n\t\t<\/div>\n\n\t\t\n<style>\n#section_19145254 {\n  padding-top: 30px;\n  padding-bottom: 30px;\n}\n<\/style>\n\t<\/section>\n\t\n","protected":false},"excerpt":{"rendered":"","protected":false},"author":11,"featured_media":0,"parent":25275,"menu_order":0,"comment_status":"closed","ping_status":"closed","template":"page-transparent-header.php","meta":{"_acf_changed":false,"content-type":"","footnotes":""},"class_list":["post-25264","page","type-page","status-publish","hentry"],"acf":[],"yoast_head":"<!-- This site is optimized with the Yoast SEO Premium plugin v27.3 (Yoast SEO v27.3) - https:\/\/yoast.com\/product\/yoast-seo-premium-wordpress\/ -->\n<title>Retrato SWIFT - Carl - SWIFT - 100% battery driven home lifts<\/title>\n<meta name=\"robots\" content=\"index, follow, max-snippet:-1, max-image-preview:large, max-video-preview:-1\" \/>\n<link rel=\"canonical\" href=\"https:\/\/swiftlifts.com\/es\/personas-swift\/retrato-swift-carl\/\" \/>\n<meta property=\"og:locale\" content=\"es_ES\" \/>\n<meta property=\"og:type\" content=\"article\" \/>\n<meta property=\"og:title\" content=\"Retrato SWIFT - Carl\" \/>\n<meta property=\"og:url\" content=\"https:\/\/swiftlifts.com\/es\/personas-swift\/retrato-swift-carl\/\" \/>\n<meta property=\"og:site_name\" content=\"SWIFT - 100% battery driven home lifts\" \/>\n<meta property=\"article:publisher\" content=\"https:\/\/www.facebook.com\/swifthomelifts\" \/>\n<meta property=\"article:modified_time\" content=\"2024-05-24T12:04:17+00:00\" \/>\n<meta name=\"twitter:card\" content=\"summary_large_image\" \/>\n<meta name=\"twitter:label1\" content=\"Tiempo de lectura\" \/>\n\t<meta name=\"twitter:data1\" content=\"4 minutos\" \/>\n<script type=\"application\/ld+json\" class=\"yoast-schema-graph\">{\"@context\":\"https:\\\/\\\/schema.org\",\"@graph\":[{\"@type\":\"WebPage\",\"@id\":\"https:\\\/\\\/swiftlifts.com\\\/es\\\/personas-swift\\\/retrato-swift-carl\\\/\",\"url\":\"https:\\\/\\\/swiftlifts.com\\\/es\\\/personas-swift\\\/retrato-swift-carl\\\/\",\"name\":\"Retrato SWIFT - Carl - SWIFT - 100% battery driven home lifts\",\"isPartOf\":{\"@id\":\"https:\\\/\\\/swiftlifts.com\\\/es\\\/#website\"},\"datePublished\":\"2024-05-24T11:25:42+00:00\",\"dateModified\":\"2024-05-24T12:04:17+00:00\",\"breadcrumb\":{\"@id\":\"https:\\\/\\\/swiftlifts.com\\\/es\\\/personas-swift\\\/retrato-swift-carl\\\/#breadcrumb\"},\"inLanguage\":\"es\",\"potentialAction\":[{\"@type\":\"ReadAction\",\"target\":[\"https:\\\/\\\/swiftlifts.com\\\/es\\\/personas-swift\\\/retrato-swift-carl\\\/\"]}]},{\"@type\":\"BreadcrumbList\",\"@id\":\"https:\\\/\\\/swiftlifts.com\\\/es\\\/personas-swift\\\/retrato-swift-carl\\\/#breadcrumb\",\"itemListElement\":[{\"@type\":\"ListItem\",\"position\":1,\"name\":\"Home\",\"item\":\"https:\\\/\\\/swiftlifts.com\\\/es\\\/\"},{\"@type\":\"ListItem\",\"position\":2,\"name\":\"SWIFT People\",\"item\":\"https:\\\/\\\/swiftlifts.com\\\/es\\\/personas-swift\\\/\"},{\"@type\":\"ListItem\",\"position\":3,\"name\":\"Retrato SWIFT &#8211; Carl\"}]},{\"@type\":\"WebSite\",\"@id\":\"https:\\\/\\\/swiftlifts.com\\\/es\\\/#website\",\"url\":\"https:\\\/\\\/swiftlifts.com\\\/es\\\/\",\"name\":\"SWIFT - 100% battery driven home lifts\",\"description\":\"NEW WAYS TO MOVE\",\"publisher\":{\"@id\":\"https:\\\/\\\/swiftlifts.com\\\/es\\\/#organization\"},\"potentialAction\":[{\"@type\":\"SearchAction\",\"target\":{\"@type\":\"EntryPoint\",\"urlTemplate\":\"https:\\\/\\\/swiftlifts.com\\\/es\\\/?s={search_term_string}\"},\"query-input\":{\"@type\":\"PropertyValueSpecification\",\"valueRequired\":true,\"valueName\":\"search_term_string\"}}],\"inLanguage\":\"es\"},{\"@type\":\"Organization\",\"@id\":\"https:\\\/\\\/swiftlifts.com\\\/es\\\/#organization\",\"name\":\"SWIFT Home Lifts\",\"url\":\"https:\\\/\\\/swiftlifts.com\\\/es\\\/\",\"logo\":{\"@type\":\"ImageObject\",\"inLanguage\":\"es\",\"@id\":\"https:\\\/\\\/swiftlifts.com\\\/es\\\/#\\\/schema\\\/logo\\\/image\\\/\",\"url\":\"https:\\\/\\\/swiftlifts.com\\\/wp-content\\\/uploads\\\/2025\\\/03\\\/cropped-SWIFT-Logo-Google.jpg\",\"contentUrl\":\"https:\\\/\\\/swiftlifts.com\\\/wp-content\\\/uploads\\\/2025\\\/03\\\/cropped-SWIFT-Logo-Google.jpg\",\"width\":512,\"height\":512,\"caption\":\"SWIFT Home Lifts\"},\"image\":{\"@id\":\"https:\\\/\\\/swiftlifts.com\\\/es\\\/#\\\/schema\\\/logo\\\/image\\\/\"},\"sameAs\":[\"https:\\\/\\\/www.facebook.com\\\/swifthomelifts\",\"https:\\\/\\\/www.instagram.com\\\/swifthomelifts\\\/\",\"https:\\\/\\\/www.linkedin.com\\\/company\\\/swifthomelifts\\\/\",\"https:\\\/\\\/www.pinterest.se\\\/swifthomelifts\\\/\",\"https:\\\/\\\/www.youtube.com\\\/@swift5669\"]}]}<\/script>\n<!-- \/ Yoast SEO Premium plugin. -->","yoast_head_json":{"title":"Retrato SWIFT - Carl - SWIFT - 100% battery driven home lifts","robots":{"index":"index","follow":"follow","max-snippet":"max-snippet:-1","max-image-preview":"max-image-preview:large","max-video-preview":"max-video-preview:-1"},"canonical":"https:\/\/swiftlifts.com\/es\/personas-swift\/retrato-swift-carl\/","og_locale":"es_ES","og_type":"article","og_title":"Retrato SWIFT - Carl","og_url":"https:\/\/swiftlifts.com\/es\/personas-swift\/retrato-swift-carl\/","og_site_name":"SWIFT - 100% battery driven home lifts","article_publisher":"https:\/\/www.facebook.com\/swifthomelifts","article_modified_time":"2024-05-24T12:04:17+00:00","twitter_card":"summary_large_image","twitter_misc":{"Tiempo de lectura":"4 minutos"},"schema":{"@context":"https:\/\/schema.org","@graph":[{"@type":"WebPage","@id":"https:\/\/swiftlifts.com\/es\/personas-swift\/retrato-swift-carl\/","url":"https:\/\/swiftlifts.com\/es\/personas-swift\/retrato-swift-carl\/","name":"Retrato SWIFT - Carl - SWIFT - 100% battery driven home lifts","isPartOf":{"@id":"https:\/\/swiftlifts.com\/es\/#website"},"datePublished":"2024-05-24T11:25:42+00:00","dateModified":"2024-05-24T12:04:17+00:00","breadcrumb":{"@id":"https:\/\/swiftlifts.com\/es\/personas-swift\/retrato-swift-carl\/#breadcrumb"},"inLanguage":"es","potentialAction":[{"@type":"ReadAction","target":["https:\/\/swiftlifts.com\/es\/personas-swift\/retrato-swift-carl\/"]}]},{"@type":"BreadcrumbList","@id":"https:\/\/swiftlifts.com\/es\/personas-swift\/retrato-swift-carl\/#breadcrumb","itemListElement":[{"@type":"ListItem","position":1,"name":"Home","item":"https:\/\/swiftlifts.com\/es\/"},{"@type":"ListItem","position":2,"name":"SWIFT People","item":"https:\/\/swiftlifts.com\/es\/personas-swift\/"},{"@type":"ListItem","position":3,"name":"Retrato SWIFT &#8211; Carl"}]},{"@type":"WebSite","@id":"https:\/\/swiftlifts.com\/es\/#website","url":"https:\/\/swiftlifts.com\/es\/","name":"SWIFT - 100% battery driven home lifts","description":"NEW WAYS TO MOVE","publisher":{"@id":"https:\/\/swiftlifts.com\/es\/#organization"},"potentialAction":[{"@type":"SearchAction","target":{"@type":"EntryPoint","urlTemplate":"https:\/\/swiftlifts.com\/es\/?s={search_term_string}"},"query-input":{"@type":"PropertyValueSpecification","valueRequired":true,"valueName":"search_term_string"}}],"inLanguage":"es"},{"@type":"Organization","@id":"https:\/\/swiftlifts.com\/es\/#organization","name":"SWIFT Home Lifts","url":"https:\/\/swiftlifts.com\/es\/","logo":{"@type":"ImageObject","inLanguage":"es","@id":"https:\/\/swiftlifts.com\/es\/#\/schema\/logo\/image\/","url":"https:\/\/swiftlifts.com\/wp-content\/uploads\/2025\/03\/cropped-SWIFT-Logo-Google.jpg","contentUrl":"https:\/\/swiftlifts.com\/wp-content\/uploads\/2025\/03\/cropped-SWIFT-Logo-Google.jpg","width":512,"height":512,"caption":"SWIFT Home Lifts"},"image":{"@id":"https:\/\/swiftlifts.com\/es\/#\/schema\/logo\/image\/"},"sameAs":["https:\/\/www.facebook.com\/swifthomelifts","https:\/\/www.instagram.com\/swifthomelifts\/","https:\/\/www.linkedin.com\/company\/swifthomelifts\/","https:\/\/www.pinterest.se\/swifthomelifts\/","https:\/\/www.youtube.com\/@swift5669"]}]}},"_links":{"self":[{"href":"https:\/\/swiftlifts.com\/es\/wp-json\/wp\/v2\/pages\/25264","targetHints":{"allow":["GET"]}}],"collection":[{"href":"https:\/\/swiftlifts.com\/es\/wp-json\/wp\/v2\/pages"}],"about":[{"href":"https:\/\/swiftlifts.com\/es\/wp-json\/wp\/v2\/types\/page"}],"author":[{"embeddable":true,"href":"https:\/\/swiftlifts.com\/es\/wp-json\/wp\/v2\/users\/11"}],"replies":[{"embeddable":true,"href":"https:\/\/swiftlifts.com\/es\/wp-json\/wp\/v2\/comments?post=25264"}],"version-history":[{"count":1,"href":"https:\/\/swiftlifts.com\/es\/wp-json\/wp\/v2\/pages\/25264\/revisions"}],"predecessor-version":[{"id":25282,"href":"https:\/\/swiftlifts.com\/es\/wp-json\/wp\/v2\/pages\/25264\/revisions\/25282"}],"up":[{"embeddable":true,"href":"https:\/\/swiftlifts.com\/es\/wp-json\/wp\/v2\/pages\/25275"}],"wp:attachment":[{"href":"https:\/\/swiftlifts.com\/es\/wp-json\/wp\/v2\/media?parent=25264"}],"curies":[{"name":"wp","href":"https:\/\/api.w.org\/{rel}","templated":true}]}}