{"id":25247,"date":"2024-05-24T11:02:22","date_gmt":"2024-05-24T11:02:22","guid":{"rendered":"https:\/\/swiftlifts.com\/retrato-swift-thomas\/"},"modified":"2024-06-06T07:04:09","modified_gmt":"2024-06-06T07:04:09","slug":"retrato-swift-thomas","status":"publish","type":"page","link":"https:\/\/swiftlifts.com\/es\/personas-swift\/retrato-swift-thomas\/","title":{"rendered":"Retrato SWIFT &#8211; Thomas"},"content":{"rendered":"\n\t<section class=\"section\" id=\"section_579343791\">\n\t\t<div class=\"section-bg fill\" >\n\t\t\t\t\t\t\t\t\t\n\t\t\t\n\n\t\t<\/div>\n\n\t\t\n\n\t\t<div class=\"section-content relative\">\n\t\t\t\n<div class=\"row\"  id=\"row-1881214650\">\n\n\t<div id=\"col-1942783786\" class=\"col small-12 large-12\"  >\n\t\t\t\t<div class=\"col-inner\"  >\n\t\t\t\n\t\t\t\n\t\t<\/div>\n\t\t\t\t\t<\/div>\n\n\t\n<\/div>\n<div class=\"row align-center\" style=\"max-width:100%\" id=\"row-1159560289\">\n\n\t<div id=\"col-707962509\" class=\"col medium-10 small-12 large-10\"  >\n\t\t\t\t<div class=\"col-inner\"  >\n\t\t\t\n\t\t\t\n\t<div id=\"text-3064578494\" class=\"text\">\n\t\t\n<h1>SWIFT People<\/h1>\n\t\t\n<style>\n#text-3064578494 {\n  font-size: 1.75rem;\n  line-height: 0.75;\n  color: rgb(0, 10, 54);\n}\n#text-3064578494 > * {\n  color: rgb(0, 10, 54);\n}\n<\/style>\n\t<\/div>\n\t\n\t<div id=\"text-4121100325\" class=\"text\">\n\t\t\n<p>Retrato del mes<br \/>\n\t\t\n<style>\n#text-4121100325 {\n  font-size: 1.6rem;\n  line-height: 0.75;\n}\n<\/style>\n\t<\/div>\n\t\n\t\t<\/div>\n\t\t\t\t\n<style>\n#col-707962509 > .col-inner {\n  padding: 50px 0px 0px 0px;\n}\n<\/style>\n\t<\/div>\n\n\t\n<\/div>\n<div class=\"row align-equal align-center\" style=\"max-width:100%\" id=\"row-1538409879\">\n\n\t<div id=\"col-1591739234\" class=\"col medium-5 small-12 large-5\"  >\n\t\t\t\t<div class=\"col-inner text-left\" style=\"background-color:rgb(30, 98, 122);\" >\n\t\t\t\n\t\t\t\n\t<div id=\"text-2794032145\" class=\"text swift-people-text\">\n\t\t\n<p>NOMBRE: <b>Thomas Janelid<\/b> <br \/>PAPEL<strong>: <\/strong> <b>Jefe de Producto, CPO <\/b> <br \/>EDAD:<strong>47<\/strong> <br \/>VIVE: <b>Estocolmo, Suecia <\/b><\/p>\n\t\t\n<style>\n#text-2794032145 {\n  font-size: 1.5rem;\n  line-height: 1.65;\n  color: rgb(255, 255, 255);\n}\n#text-2794032145 > * {\n  color: rgb(255, 255, 255);\n}\n<\/style>\n\t<\/div>\n\t\n\t\t<\/div>\n\t\t\t\t\n<style>\n#col-1591739234 > .col-inner {\n  padding: 30px 0px 0px 30px;\n  margin: 0px 0px 0px 0px;\n}\n@media (min-width:550px) {\n  #col-1591739234 > .col-inner {\n    padding: 20% 0px 0px 50px;\n  }\n}\n<\/style>\n\t<\/div>\n\n\t\n\n\t<div id=\"col-1115854315\" class=\"col medium-5 small-12 large-5\"  >\n\t\t\t\t<div class=\"col-inner\"  >\n\t\t\t\n\t\t\t\n\t<div class=\"img has-hover x md-x lg-x y md-y lg-y\" id=\"image_718493660\">\n\t\t\t\t\t\t\t\t<div class=\"img-inner dark\" >\n\t\t\t<img loading=\"lazy\" decoding=\"async\" width=\"663\" height=\"800\" src=\"https:\/\/swiftlifts.com\/wp-content\/uploads\/2023\/07\/Thomas-article-663x800.jpg\" class=\"attachment-large size-large\" alt=\"Thomas article\" srcset=\"https:\/\/swiftlifts.com\/wp-content\/uploads\/2023\/07\/Thomas-article-663x800.jpg 663w, https:\/\/swiftlifts.com\/wp-content\/uploads\/2023\/07\/Thomas-article-332x400.jpg 332w, https:\/\/swiftlifts.com\/wp-content\/uploads\/2023\/07\/Thomas-article-768x927.jpg 768w, https:\/\/swiftlifts.com\/wp-content\/uploads\/2023\/07\/Thomas-article.jpg 1273w\" sizes=\"auto, (max-width: 663px) 100vw, 663px\" \/>\t\t\t\t\t\t\n\t\t\t\t\t<\/div>\n\t\t\t\t\t\t\t\t\n<style>\n#image_718493660 {\n  width: 100%;\n}\n<\/style>\n\t<\/div>\n\t\n\t\t<\/div>\n\t\t\t\t\n<style>\n#col-1115854315 > .col-inner {\n  margin: 0px 0px 0px 0px;\n}\n<\/style>\n\t<\/div>\n\n\t\n<\/div>\n<div class=\"row align-equal align-center\" style=\"max-width:100%\" id=\"row-1108470546\">\n\n\t<div id=\"col-1321689762\" class=\"col medium-10 small-12 large-10\"  >\n\t\t\t\t<div class=\"col-inner\"  >\n\t\t\t\n\t<div class=\"is-border\"\n\t\tstyle=\"border-color:rgb(30, 98, 122);border-width:5px 5px 5px 5px;\">\n\t<\/div>\n\t\t\t\n\t<div id=\"text-1454545592\" class=\"text\">\n\t\t\n<p><strong>\u00bfQu\u00e9 quer\u00edas ser de peque\u00f1o?<\/strong><br \/>Quer\u00eda ser oficial del ej\u00e9rcito o abogado. Pero de alg\u00fan modo, acab\u00e9 como CPO de los ascensores dom\u00e9sticos de SWIFT&#8230;<\/p>\n<p><strong>\u00bfC\u00f3mo ocurri\u00f3 eso? \u00bfPuede hablarnos un poco de esa trayectoria?<\/strong><br \/>Bueno, todo empez\u00f3 con mi m\u00e1ster en ingenier\u00eda mec\u00e1nica en KTH. A partir de ah\u00ed, trabaj\u00e9 en la consolidaci\u00f3n de f\u00e1bricas de producci\u00f3n y luego me traslad\u00e9 a Gotemburgo, donde trabaj\u00e9 como consultor, para luego entrar en el mundo de las compras en Volvo. Pero fue un golpe de suerte el que me llev\u00f3 a Aritco, cuando Tommy (antiguo Director General de Aritco y actual Director General de SWIFT) me ofreci\u00f3 el puesto de Director de Compras y, mira por d\u00f3nde, aqu\u00ed estoy, como Director de Compras de SWIFT, donde me siento como en casa.<\/p>\n<p><strong>\u00bfQu\u00e9 es lo que m\u00e1s te gusta de tu trabajo en SWIFT?<\/strong><br \/>Simplemente ser parte de este equipo fabuloso y divertido. Sabemos trabajar duro y pasarlo bien haci\u00e9ndolo.<\/p>\n<p><strong>\u00bfCosta oeste o costa este?<\/strong><br \/>Yo dir\u00eda que la costa este porque es donde crec\u00ed. Pero despu\u00e9s de vivir cinco a\u00f1os en Gotemburgo, la costa oeste tambi\u00e9n ocupa un lugar especial en mi coraz\u00f3n. Es una elecci\u00f3n dif\u00edcil, \u00a1ambos tienen su lado positivo!<\/p>\n<p><strong>\u00bfEn tierra o en el agua?<\/strong><br \/>A pesar de mis antecedentes como navegante, prefiero mantener los pies en tierra firme.<\/p>\n<p><strong>\u00bfVela o lancha motora?<\/strong><br \/>Esa s\u00ed que es dif\u00edcil. La que tenga m\u00e1s espacio, \u00a1esa es mi elecci\u00f3n!<\/p>\n<p><strong>\u00bfQu\u00e9 cree que es lo m\u00e1s importante de su trabajo en SWIFT?<\/strong><br \/>Se trata de ayudar al equipo a centrarse en el panorama general, no s\u00f3lo en los m\u00e1rgenes. Estamos aqu\u00ed para crear diferencias<\/p>\n<p><strong>\u00bfT\u00e9 o Caf\u00e9?<\/strong><br \/>Caf\u00e9 definitivamente. Es el combustible que me hace seguir adelante.<\/p>\n<p><strong>\u00bfSus 3 rutinas diarias?<\/strong><br \/>Acurrucar a mis hijos, trabajar duro y hacer algo de ejercicio, si tengo suerte.<\/p>\n<p><strong>\u00bfGimnasio o correr?<\/strong><br \/>Prefiero ir al gimnasio. Tengo que mantener los m\u00fasculos fuertes.<\/p>\n<p><strong>Jugar o ver f\u00fatbol.<\/strong><br \/>Verlo. Dejo lo de jugarlo a los profesionales<\/p>\n<p><strong>\u00bfLa mejor inversi\u00f3n hasta ahora?<\/strong><br \/>Sin duda, SWIFT Home Lifts&#8230; \u00a1jeje!<\/p>\n<p><strong>Como turista (y CPO), \u00bfnegocia para conseguir un buen precio en los mercados?<\/strong><br \/>\u00a1Claro! Siempre intento mejorar las cosas, o al menos intentarlo.<\/p>\n<p><strong>\u00bfCu\u00e1l es su mejor consejo para negociar un buen acuerdo?<\/strong><br \/>Ponte en el lugar de la otra parte y utiliza los factores externos a tu favor.<\/p>\n<p><strong>\u00bfCu\u00e1l es el art\u00edculo m\u00e1s singular o inusual que ha tenido que conseguir para un proyecto?<\/strong><br \/>Hmm&#8230; \u00bfQuiz\u00e1s un bot\u00f3n giratorio para AHL? O el suministro log\u00edstico completo para instalaciones en los t\u00faneles de la autopista de circunvalaci\u00f3n de Estocolmo. Eran bastante \u00fanicos.<\/p>\n<p><strong>Si pudiera dar un consejo a alguien que empieza su carrera como director de compras, \u00bfcu\u00e1l ser\u00eda?<\/strong><br \/>Obt\u00e9n primero los datos b\u00e1sicos, c\u00e9ntrate en la agenda y la situaci\u00f3n de la otra persona y elabora un plan a largo plazo.<\/p>\n<p><strong>\u00bfSu lema en la vida?<\/strong><br \/>Nunca te rindas y s\u00e9 siempre fiel a ti mismo.<\/p>\n<p><strong>\u00bfQu\u00e9 es lo m\u00e1s preciado de su vida?<\/strong><br \/>Mis hijos<\/p>\n<p><strong>\u00bfCual es tu truco de la vida definitivo?<\/strong><br \/>Ser un buen padre #dadoftheyear<\/p>\n<p><strong>\u00bfQue significa el hogar para t\u00ed?<\/strong><br \/>Un lugar donde realmente puedo descansar<\/p>\n<p><strong>\u00bfQu\u00e9 es lo que m\u00e1s le gusta del ascensor dom\u00e9stico SWIFT?<\/strong><br \/>El sonido del silencio. SWIFT es el elevador dom\u00e9stico m\u00e1s silencioso del mercado, y nuestro sistema electr\u00f3nico de \u00faltima generaci\u00f3n realmente nos diferencia.<\/p>\n<p><strong>\u00bfEn qu\u00e9 momento del trabajo se siente m\u00e1s orgulloso de s\u00ed mismo?<\/strong><br \/>Cuando nuestro equipo negocia una relaci\u00f3n calidad-precio muy dif\u00edcil de igualar en cualquier otro sitio.<\/p>\n<p><strong>\u00bfPlaceres culposos?<\/strong><br \/>Jugar a juegos de ordenador y entregarse a los podcasts de pol\u00edtica y sociedad es demasiado.<\/p>\n<p><strong>\u00bfSue\u00f1os a futuro?<\/strong><br \/>Oh, \u00a1Tengo muchos! Ante todo, quiero que SWIFT Home Lifts prospere y triunfe m\u00e1s all\u00e1 de lo imaginable. A t\u00edtulo personal, sue\u00f1o con dise\u00f1ar y construir mi propia casa (con un SWIFT como pieza central, por supuesto).<\/p>\n\t\t\n<style>\n#text-1454545592 {\n  font-size: 1.5rem;\n  color: rgb(30, 98, 122);\n}\n#text-1454545592 > * {\n  color: rgb(30, 98, 122);\n}\n<\/style>\n\t<\/div>\n\t\n\t\t<\/div>\n\t\t\t\t\n<style>\n#col-1321689762 > .col-inner {\n  padding: 10px 10px 10px 10px;\n}\n@media (min-width:550px) {\n  #col-1321689762 > .col-inner {\n    padding: 50px 50px 50px 50px;\n  }\n}\n<\/style>\n\t<\/div>\n\n\t\n<\/div>\n\t\t<\/div>\n\n\t\t\n<style>\n#section_579343791 {\n  padding-top: 30px;\n  padding-bottom: 30px;\n}\n<\/style>\n\t<\/section>\n\t\n","protected":false},"excerpt":{"rendered":"","protected":false},"author":11,"featured_media":0,"parent":25275,"menu_order":0,"comment_status":"closed","ping_status":"closed","template":"page-transparent-header.php","meta":{"_acf_changed":false,"content-type":"","footnotes":""},"class_list":["post-25247","page","type-page","status-publish","hentry"],"acf":[],"yoast_head":"<!-- This site is optimized with the Yoast SEO Premium plugin v27.3 (Yoast SEO v27.4) - https:\/\/yoast.com\/product\/yoast-seo-premium-wordpress\/ -->\n<title>Retrato SWIFT - Thomas - SWIFT - 100% battery driven home lifts<\/title>\n<meta name=\"robots\" content=\"index, follow, max-snippet:-1, max-image-preview:large, max-video-preview:-1\" \/>\n<link rel=\"canonical\" href=\"https:\/\/swiftlifts.com\/es\/personas-swift\/retrato-swift-thomas\/\" \/>\n<meta property=\"og:locale\" content=\"es_ES\" \/>\n<meta property=\"og:type\" content=\"article\" \/>\n<meta property=\"og:title\" content=\"Retrato SWIFT - Thomas\" \/>\n<meta property=\"og:url\" content=\"https:\/\/swiftlifts.com\/es\/personas-swift\/retrato-swift-thomas\/\" \/>\n<meta property=\"og:site_name\" content=\"SWIFT - 100% battery driven home lifts\" \/>\n<meta property=\"article:publisher\" content=\"https:\/\/www.facebook.com\/swifthomelifts\" \/>\n<meta property=\"article:modified_time\" content=\"2024-06-06T07:04:09+00:00\" \/>\n<meta name=\"twitter:card\" content=\"summary_large_image\" \/>\n<meta name=\"twitter:label1\" content=\"Tiempo de lectura\" \/>\n\t<meta name=\"twitter:data1\" content=\"4 minutos\" \/>\n<script type=\"application\/ld+json\" class=\"yoast-schema-graph\">{\"@context\":\"https:\\\/\\\/schema.org\",\"@graph\":[{\"@type\":\"WebPage\",\"@id\":\"https:\\\/\\\/swiftlifts.com\\\/es\\\/personas-swift\\\/retrato-swift-thomas\\\/\",\"url\":\"https:\\\/\\\/swiftlifts.com\\\/es\\\/personas-swift\\\/retrato-swift-thomas\\\/\",\"name\":\"Retrato SWIFT - Thomas - SWIFT - 100% battery driven home lifts\",\"isPartOf\":{\"@id\":\"https:\\\/\\\/swiftlifts.com\\\/es\\\/#website\"},\"datePublished\":\"2024-05-24T11:02:22+00:00\",\"dateModified\":\"2024-06-06T07:04:09+00:00\",\"breadcrumb\":{\"@id\":\"https:\\\/\\\/swiftlifts.com\\\/es\\\/personas-swift\\\/retrato-swift-thomas\\\/#breadcrumb\"},\"inLanguage\":\"es\",\"potentialAction\":[{\"@type\":\"ReadAction\",\"target\":[\"https:\\\/\\\/swiftlifts.com\\\/es\\\/personas-swift\\\/retrato-swift-thomas\\\/\"]}]},{\"@type\":\"BreadcrumbList\",\"@id\":\"https:\\\/\\\/swiftlifts.com\\\/es\\\/personas-swift\\\/retrato-swift-thomas\\\/#breadcrumb\",\"itemListElement\":[{\"@type\":\"ListItem\",\"position\":1,\"name\":\"Home\",\"item\":\"https:\\\/\\\/swiftlifts.com\\\/es\\\/\"},{\"@type\":\"ListItem\",\"position\":2,\"name\":\"SWIFT People\",\"item\":\"https:\\\/\\\/swiftlifts.com\\\/es\\\/personas-swift\\\/\"},{\"@type\":\"ListItem\",\"position\":3,\"name\":\"Retrato SWIFT &#8211; Thomas\"}]},{\"@type\":\"WebSite\",\"@id\":\"https:\\\/\\\/swiftlifts.com\\\/es\\\/#website\",\"url\":\"https:\\\/\\\/swiftlifts.com\\\/es\\\/\",\"name\":\"SWIFT - 100% battery driven home lifts\",\"description\":\"NEW WAYS TO MOVE\",\"publisher\":{\"@id\":\"https:\\\/\\\/swiftlifts.com\\\/es\\\/#organization\"},\"potentialAction\":[{\"@type\":\"SearchAction\",\"target\":{\"@type\":\"EntryPoint\",\"urlTemplate\":\"https:\\\/\\\/swiftlifts.com\\\/es\\\/?s={search_term_string}\"},\"query-input\":{\"@type\":\"PropertyValueSpecification\",\"valueRequired\":true,\"valueName\":\"search_term_string\"}}],\"inLanguage\":\"es\"},{\"@type\":\"Organization\",\"@id\":\"https:\\\/\\\/swiftlifts.com\\\/es\\\/#organization\",\"name\":\"SWIFT Home Lifts\",\"url\":\"https:\\\/\\\/swiftlifts.com\\\/es\\\/\",\"logo\":{\"@type\":\"ImageObject\",\"inLanguage\":\"es\",\"@id\":\"https:\\\/\\\/swiftlifts.com\\\/es\\\/#\\\/schema\\\/logo\\\/image\\\/\",\"url\":\"https:\\\/\\\/swiftlifts.com\\\/wp-content\\\/uploads\\\/2025\\\/03\\\/cropped-SWIFT-Logo-Google.jpg\",\"contentUrl\":\"https:\\\/\\\/swiftlifts.com\\\/wp-content\\\/uploads\\\/2025\\\/03\\\/cropped-SWIFT-Logo-Google.jpg\",\"width\":512,\"height\":512,\"caption\":\"SWIFT Home Lifts\"},\"image\":{\"@id\":\"https:\\\/\\\/swiftlifts.com\\\/es\\\/#\\\/schema\\\/logo\\\/image\\\/\"},\"sameAs\":[\"https:\\\/\\\/www.facebook.com\\\/swifthomelifts\",\"https:\\\/\\\/www.instagram.com\\\/swifthomelifts\\\/\",\"https:\\\/\\\/www.linkedin.com\\\/company\\\/swifthomelifts\\\/\",\"https:\\\/\\\/www.pinterest.se\\\/swifthomelifts\\\/\",\"https:\\\/\\\/www.youtube.com\\\/@swift5669\"]}]}<\/script>\n<!-- \/ Yoast SEO Premium plugin. -->","yoast_head_json":{"title":"Retrato SWIFT - Thomas - SWIFT - 100% battery driven home lifts","robots":{"index":"index","follow":"follow","max-snippet":"max-snippet:-1","max-image-preview":"max-image-preview:large","max-video-preview":"max-video-preview:-1"},"canonical":"https:\/\/swiftlifts.com\/es\/personas-swift\/retrato-swift-thomas\/","og_locale":"es_ES","og_type":"article","og_title":"Retrato SWIFT - Thomas","og_url":"https:\/\/swiftlifts.com\/es\/personas-swift\/retrato-swift-thomas\/","og_site_name":"SWIFT - 100% battery driven home lifts","article_publisher":"https:\/\/www.facebook.com\/swifthomelifts","article_modified_time":"2024-06-06T07:04:09+00:00","twitter_card":"summary_large_image","twitter_misc":{"Tiempo de lectura":"4 minutos"},"schema":{"@context":"https:\/\/schema.org","@graph":[{"@type":"WebPage","@id":"https:\/\/swiftlifts.com\/es\/personas-swift\/retrato-swift-thomas\/","url":"https:\/\/swiftlifts.com\/es\/personas-swift\/retrato-swift-thomas\/","name":"Retrato SWIFT - Thomas - SWIFT - 100% battery driven home lifts","isPartOf":{"@id":"https:\/\/swiftlifts.com\/es\/#website"},"datePublished":"2024-05-24T11:02:22+00:00","dateModified":"2024-06-06T07:04:09+00:00","breadcrumb":{"@id":"https:\/\/swiftlifts.com\/es\/personas-swift\/retrato-swift-thomas\/#breadcrumb"},"inLanguage":"es","potentialAction":[{"@type":"ReadAction","target":["https:\/\/swiftlifts.com\/es\/personas-swift\/retrato-swift-thomas\/"]}]},{"@type":"BreadcrumbList","@id":"https:\/\/swiftlifts.com\/es\/personas-swift\/retrato-swift-thomas\/#breadcrumb","itemListElement":[{"@type":"ListItem","position":1,"name":"Home","item":"https:\/\/swiftlifts.com\/es\/"},{"@type":"ListItem","position":2,"name":"SWIFT People","item":"https:\/\/swiftlifts.com\/es\/personas-swift\/"},{"@type":"ListItem","position":3,"name":"Retrato SWIFT &#8211; Thomas"}]},{"@type":"WebSite","@id":"https:\/\/swiftlifts.com\/es\/#website","url":"https:\/\/swiftlifts.com\/es\/","name":"SWIFT - 100% battery driven home lifts","description":"NEW WAYS TO MOVE","publisher":{"@id":"https:\/\/swiftlifts.com\/es\/#organization"},"potentialAction":[{"@type":"SearchAction","target":{"@type":"EntryPoint","urlTemplate":"https:\/\/swiftlifts.com\/es\/?s={search_term_string}"},"query-input":{"@type":"PropertyValueSpecification","valueRequired":true,"valueName":"search_term_string"}}],"inLanguage":"es"},{"@type":"Organization","@id":"https:\/\/swiftlifts.com\/es\/#organization","name":"SWIFT Home Lifts","url":"https:\/\/swiftlifts.com\/es\/","logo":{"@type":"ImageObject","inLanguage":"es","@id":"https:\/\/swiftlifts.com\/es\/#\/schema\/logo\/image\/","url":"https:\/\/swiftlifts.com\/wp-content\/uploads\/2025\/03\/cropped-SWIFT-Logo-Google.jpg","contentUrl":"https:\/\/swiftlifts.com\/wp-content\/uploads\/2025\/03\/cropped-SWIFT-Logo-Google.jpg","width":512,"height":512,"caption":"SWIFT Home Lifts"},"image":{"@id":"https:\/\/swiftlifts.com\/es\/#\/schema\/logo\/image\/"},"sameAs":["https:\/\/www.facebook.com\/swifthomelifts","https:\/\/www.instagram.com\/swifthomelifts\/","https:\/\/www.linkedin.com\/company\/swifthomelifts\/","https:\/\/www.pinterest.se\/swifthomelifts\/","https:\/\/www.youtube.com\/@swift5669"]}]}},"_links":{"self":[{"href":"https:\/\/swiftlifts.com\/es\/wp-json\/wp\/v2\/pages\/25247","targetHints":{"allow":["GET"]}}],"collection":[{"href":"https:\/\/swiftlifts.com\/es\/wp-json\/wp\/v2\/pages"}],"about":[{"href":"https:\/\/swiftlifts.com\/es\/wp-json\/wp\/v2\/types\/page"}],"author":[{"embeddable":true,"href":"https:\/\/swiftlifts.com\/es\/wp-json\/wp\/v2\/users\/11"}],"replies":[{"embeddable":true,"href":"https:\/\/swiftlifts.com\/es\/wp-json\/wp\/v2\/comments?post=25247"}],"version-history":[{"count":2,"href":"https:\/\/swiftlifts.com\/es\/wp-json\/wp\/v2\/pages\/25247\/revisions"}],"predecessor-version":[{"id":25998,"href":"https:\/\/swiftlifts.com\/es\/wp-json\/wp\/v2\/pages\/25247\/revisions\/25998"}],"up":[{"embeddable":true,"href":"https:\/\/swiftlifts.com\/es\/wp-json\/wp\/v2\/pages\/25275"}],"wp:attachment":[{"href":"https:\/\/swiftlifts.com\/es\/wp-json\/wp\/v2\/media?parent=25247"}],"curies":[{"name":"wp","href":"https:\/\/api.w.org\/{rel}","templated":true}]}}