{"id":25242,"date":"2024-05-24T10:37:46","date_gmt":"2024-05-24T10:37:46","guid":{"rendered":"https:\/\/swiftlifts.com\/politica-de-privacidad-de-swift\/"},"modified":"2024-06-03T07:40:11","modified_gmt":"2024-06-03T07:40:11","slug":"politica-de-privacidad-de-swift","status":"publish","type":"page","link":"https:\/\/swiftlifts.com\/es\/politica-de-privacidad-de-swift\/","title":{"rendered":"Pol\u00edtica de privacidad de SWIFT"},"content":{"rendered":"\n\t<section class=\"section pricing_sec\" id=\"section_1921224524\">\n\t\t<div class=\"section-bg fill\" >\n\t\t\t\t\t\t\t\t\t\n\t\t\t\n\n\t\t<\/div>\n\n\t\t\n\n\t\t<div class=\"section-content relative\">\n\t\t\t\n<div class=\"row\"  id=\"row-630177248\">\n\n\t<div id=\"col-1306224008\" class=\"col medium-9 small-12 large-9\"  >\n\t\t\t\t<div class=\"col-inner\"  >\n\t\t\t\n\t\t\t\n<h1>POL\u00cdTICA DE PRIVACIDAD DE SWIFT<\/h1>\n<\/p>\n<h2>1. INTRODUCCI\u00d3N<\/h2>\n<p>SWIFT Home Lifts Sweden AB (<strong>\u00abSWIFT\u00bb<\/strong>) valora su integridad personal y se esfuerza por proteger sus datos personales de la mejor manera posible. Por eso es importante para nosotros que entienda c\u00f3mo tratamos sus datos personales. La presente Pol\u00edtica de Privacidad tiene por objeto proporcionarle informaci\u00f3n sobre la forma en que SWIFT trata los datos personales y garantizar que se sienta seguro sabiendo que el tratamiento de sus datos personales se realiza de conformidad con el Reglamento General de Protecci\u00f3n de Datos y dem\u00e1s legislaci\u00f3n aplicable en materia de datos personales. La Pol\u00edtica de Privacidad tambi\u00e9n describe sus derechos frente a nosotros y c\u00f3mo puede hacerlos valer.<\/p>\n<p>SWIFT tambi\u00e9n utiliza cookies en nuestro sitio web. Para m\u00e1s informaci\u00f3n sobre nuestro uso de cookies, consulte aqu\u00ed.<a href=\"https:\/\/swiftlifts.com\/privacy-and-cookie-policy\/\"><\/a><\/p>\n<\/p>\n<h2>2. \u00bfQUI\u00c9N ES RESPONSABLE DE LOS DATOS PERSONALES?<\/h2>\n<p>SWIFT es responsable de los datos y del tratamiento de los datos personales cubiertos por esta pol\u00edtica, a menos que se indique lo contrario. A continuaci\u00f3n encontrar\u00e1 la informaci\u00f3n de contacto de SWIFT.<\/p>\n<\/p>\n<p><strong>SWIFT Home Lifts Suecia AB<\/strong><\/p>\n<p>N\u00famero de organizaci\u00f3n: 559190-7737<\/p>\n<p>Styrmansgatan 14D<\/p>\n<p>114 54 Estocolmo<\/p>\n<\/p>\n<p>Si tiene alguna pregunta sobre el tratamiento de sus datos personales por parte de SWIFT, p\u00f3ngase en contacto con nosotros en hello@swiftlifts.com.<\/p>\n<\/p>\n<h2>3. DATOS PERSONALES, FINALIDAD, FUNDAMENTO JUR\u00cdDICO Y PLAZO DE CONSERVACI\u00d3N<\/h2>\n<h4>3.1 SI ES PROPIETARIO DE UN SWIFT<\/h4>\n<p>Cuando est\u00e9 a punto de convertirse en cliente de SWIFT, nos proporcionar\u00e1 cierta informaci\u00f3n. Adem\u00e1s del nombre, la direcci\u00f3n, el n\u00famero de tel\u00e9fono y la direcci\u00f3n de correo electr\u00f3nico, tambi\u00e9n procesamos informaci\u00f3n sobre sus elecciones y preferencias en materia de dise\u00f1o para poder planificar y calcular el trabajo, preparar un presupuesto y poder ponernos en contacto con usted. Los datos se tratan para cumplir el contrato con usted o a petici\u00f3n suya antes de que se celebre el contrato. Si por cualquier motivo no celebramos un contrato, eliminaremos sus datos. Una vez que hayamos acordado y comencemos el trabajo, adem\u00e1s de la informaci\u00f3n mencionada anteriormente, tambi\u00e9n recopilaremos y procesaremos su n\u00famero personal, facturaci\u00f3n y otra informaci\u00f3n (como materiales, elecci\u00f3n de accesorios, etc.) relacionada con el trabajo. Si no se facilitan estos datos, no podremos cumplir el contrato con usted. Los datos se procesan para cumplir el contrato con usted y porque tenemos la obligaci\u00f3n legal (incluidos los motivos contables) de guardar estos datos.<\/p>\n<p>Los datos se guardan mientras su compra est\u00e9 cubierta por la garant\u00eda, que se deriva de nuestras obligaciones contractuales, y mientras tengamos la obligaci\u00f3n legal de guardar los datos. Si nuestro cliente es un comerciante y usted representa al cliente, su nombre e informaci\u00f3n de contacto se procesan con el fin de que SWIFT pueda gestionar sus obligaciones contractuales y ejercer de otro modo sus derechos y obligaciones en virtud del contrato. El tratamiento se lleva a cabo con un equilibrio de intereses como fundamento jur\u00eddico, en el que el inter\u00e9s leg\u00edtimo de SWIFT es poder ejercer sus derechos y obligaciones en virtud del contrato y gestionar de otro modo la relaci\u00f3n con la empresa que usted representa. SWIFT tambi\u00e9n puede almacenar sus datos personales durante un per\u00edodo m\u00e1s largo si es necesario para cumplir una obligaci\u00f3n legal que requiera su procesamiento en virtud de la legislaci\u00f3n aplicable, o para que SWIFT pueda establecer, hacer valer o defender reclamaciones legales.<\/p>\n<h4> <\/h4>\n<h4>3.2 IF YOU ARE A CONTACT PERSON AT A SUPPLIER OR PARTNER OF SWIFT3.2 SI USTED ES UNA PERSONA DE CONTACTO EN UN PROVEEDOR O SOCIO DE SWIFT<\/h4>\n<p>SWIFT procesa su nombre, cargo e informaci\u00f3n de contacto (direcci\u00f3n de correo electr\u00f3nico y n\u00famero de tel\u00e9fono) con el fin de que SWIFT pueda administrar sus obligaciones contractuales y, en general, para poder ejercer sus derechos y obligaciones en virtud de los acuerdos o en la relaci\u00f3n con la empresa que usted representa. En caso de que no se facilite esta informaci\u00f3n, el contrato no podr\u00e1 cumplirse o la relaci\u00f3n no podr\u00e1 mantenerse de manera efectiva. El tratamiento se lleva a cabo con una ponderaci\u00f3n de intereses como base jur\u00eddica, en la que el inter\u00e9s leg\u00edtimo de SWIFT es poder ejercer sus derechos y obligaciones en virtud del contrato y, en general, administrar la relaci\u00f3n con la empresa que usted representa.<\/p>\n<p>Su nombre e informaci\u00f3n de contacto se almacenan mientras dure nuestra relaci\u00f3n contractual o si necesitamos la informaci\u00f3n para cualquier relaci\u00f3n relacionada con nuestra relaci\u00f3n contractual o con la empresa a la que representa. Posteriormente, la informaci\u00f3n se eliminar\u00e1 en el plazo aproximado de un mes. En caso de que finalice su relaci\u00f3n laboral con la empresa a la que representa o deje de ser la persona de contacto, eliminaremos su informaci\u00f3n una vez que se nos haya informado de ello.<\/p>\n<p>Su informaci\u00f3n (por ejemplo, su nombre) puede aparecer en contratos, correspondencia u otra documentaci\u00f3n relativa a la relaci\u00f3n de SWIFT con la empresa a la que representa y que SWIFT necesita guardar por motivos comerciales, empresariales o legales. La informaci\u00f3n se almacena con el apoyo de un equilibrio de intereses, en el que el inter\u00e9s leg\u00edtimo de SWIFT es guardar informaci\u00f3n y documentaci\u00f3n de importancia comercial, empresarial o legal para el negocio de SWIFT. En la medida en que SWIFT necesite guardar esta documentaci\u00f3n para los fines mencionados, los datos personales no se eliminar\u00e1n durante este tiempo. SWIFT tambi\u00e9n puede guardar sus datos personales durante un per\u00edodo de tiempo m\u00e1s largo si es necesario para cumplir una obligaci\u00f3n legal que requiera su procesamiento en virtud de la legislaci\u00f3n aplicable, o para que SWIFT pueda establecer, hacer valer o defender reclamaciones legales.<\/p>\n<\/p>\n<h4>3.3. USO DE LAS REDES SOCIALES DE SWIFT<\/h4>\n<p><strong>Si aparece en las publicaciones de SWIFT en los medios sociales:<\/strong><\/p>\n<p>SWIFT utiliza las redes sociales, como Instagram, Linkedin, Facebook y Pinterest, como canal de marketing. Las publicaciones propias de SWIFT no suelen contener informaci\u00f3n personal, pero si es as\u00ed, hemos obtenido el consentimiento de la persona afectada. Si su nombre o una foto suya han sido publicados en nuestros medios sociales, tiene derecho a solicitar su eliminaci\u00f3n poni\u00e9ndose en contacto con SWIFT.<\/p>\n<p><strong>Si sigue, comenta, \u00abme gusta\u00bb o interact\u00faa de cualquier otro modo con SWIFT en las redes sociales:<\/strong><\/p>\n<p>Si sigue, \u00abme gusta\u00bb, escribe un comentario, \u00abpin\u00bb o se comunica de cualquier otra forma en las p\u00e1ginas de SWIFT en las redes sociales, su nombre, cualquier foto de perfil y su posible comentario pueden aparecer en la cuenta de SWIFT en las redes sociales. Esto significa que nosotros, SWIFT, procesamos la informaci\u00f3n personal que usted comparte con nosotros. SWIFT permite que esta informaci\u00f3n se publique en las cuentas de SWIFT, y procesa esta informaci\u00f3n personal, bas\u00e1ndose en un equilibrio de intereses, donde el inter\u00e9s de SWIFT es interactuar con aquellos que est\u00e1n interesados en nuestros productos y servicios, tienen opiniones sobre SWIFT o quieren contactar con SWIFT a trav\u00e9s de los medios sociales. Tenga en cuenta que cuando interact\u00faa con nosotros en las redes sociales, su informaci\u00f3n tambi\u00e9n es procesada por la empresa que est\u00e1 detr\u00e1s de la plataforma.<\/p>\n<\/p>\n<h2>4. \u00bfCON QUI\u00c9N PODR\u00cdAMOS COMPARTIR SU INFORMACI\u00d3N?<\/h2>\n<p>SWIFT puede transferir su informaci\u00f3n personal a proveedores que presten servicios a SWIFT, como empresas de facturaci\u00f3n, instaladores o empresas de transporte. Estos destinatarios s\u00f3lo tienen derecho a procesar su informaci\u00f3n personal en relaci\u00f3n con la realizaci\u00f3n de un servicio para SWIFT.<\/p>\n<p>SWIFT adopta todas las medidas legales, t\u00e9cnicas y organizativas razonables para garantizar que sus datos se tratan de forma segura y con un nivel de protecci\u00f3n adecuado cuando se transfieren o comparten con dichos terceros seleccionados. SWIFT tambi\u00e9n puede revelar su informaci\u00f3n personal a las autoridades si estamos obligados a hacerlo por ley. En caso de venta total o parcial del negocio de SWIFT, SWIFT podr\u00e1 transferir su informaci\u00f3n personal a un comprador potencial del negocio.<\/p>\n<\/p>\n<h2>5. D\u00d3NDE TRATAMOS SUS DATOS<\/h2>\n<p>Sus datos personales se procesar\u00e1n principalmente dentro de la UE\/EEE, pero tambi\u00e9n podr\u00e1n transferirse a pa\u00edses fuera de la UE\/EEE a proveedores que presten servicios en nombre de SWIFT, tal como se especifica en la secci\u00f3n 4 anterior. Si SWIFT decide utilizar proveedores que procesan datos fuera de la UE\/EEE, SWIFT ha tomado las medidas de protecci\u00f3n adecuadas para proteger sus datos personales asegur\u00e1ndose de que el destinatario de los datos personales haya firmado cl\u00e1usulas contractuales tipo adecuadas que garanticen que sus datos se procesan de conformidad con el Reglamento General de Protecci\u00f3n de Datos.<\/p>\n<\/p>\n<h2>6. TUS DERECHOS<\/h2>\n<p class=\"\">Tiene ciertos derechos legales que puede hacer valer contra SWIFT. A continuaci\u00f3n se resumen estos derechos. Para obtener informaci\u00f3n completa sobre sus derechos, consulte www.datainspektionen.se o el Reglamento General de Protecci\u00f3n de Datos, secciones 3-5.<\/p>\n<ul>\n<li><strong>Derecho de acceso\/extracci\u00f3n del registro.<\/strong> Tiene derecho a saber si SWIFT procesa sus datos personales. En ese caso, tiene derecho a recibir informaci\u00f3n sobre, entre otras cosas, qu\u00e9 datos personales se tratan, la finalidad del tratamiento, qu\u00e9 destinatarios externos tienen acceso a sus datos personales y cu\u00e1nto tiempo conservamos sus datos personales.<\/li>\n<li><strong>Derecho a la portabilidad de los datos.<\/strong> Tiene derecho a solicitar una copia de los datos personales que haya facilitado a SWIFT, en un formato estructurado, de uso com\u00fan y lectura mec\u00e1nica. Tambi\u00e9n tiene derecho a solicitar que SWIFT transfiera estos datos personales a otro controlador de datos. El derecho a la portabilidad de los datos se aplica a los datos personales que se procesan autom\u00e1ticamente y que se basan en su consentimiento o en un contrato en el que usted es parte.<\/li>\n<li><strong>Derecho a rectificar datos incorrectos.<\/strong> Tiene derecho a solicitar que SWIFT corrija la informaci\u00f3n incorrecta o incompleta sobre usted.<\/li>\n<li><strong>Derecho a la supresi\u00f3n de determinados datos. <\/strong> Tiene derecho a solicitar que SWIFT borre sus datos personales en determinadas condiciones, por ejemplo, si los datos personales ya no son necesarios para los fines para los que los recopilamos.<\/li>\n<li><strong>Derecho a oponerse al tratamiento de datos personales por parte de SWIFT.<\/strong> Tiene derecho, en determinadas condiciones, a oponerse al tratamiento de sus datos personales por parte de SWIFT.<\/li>\n<li><strong>Derecho a la limitaci\u00f3n del tratamiento de sus datos personales.<\/strong> Tiene derecho a solicitar la restricci\u00f3n del tratamiento de sus datos personales por parte de SWIFT en determinados casos. Por ejemplo, si ha impugnado que sus datos personales son correctos, puede solicitar una restricci\u00f3n del tratamiento durante un periodo de tiempo que permita a SWIFT comprobar si los datos personales son correctos.<\/li>\n<li><strong>Quejas.<\/strong> Si tiene alguna queja sobre el tratamiento de sus datos personales por parte de SWIFT, tiene derecho a presentar dicha queja ante la Autoridad Sueca de Inspecci\u00f3n de Datos.<\/li>\n<\/ul>\n<p>Si desea presentar una solicitud de extracto del registro, rectificaci\u00f3n, supresi\u00f3n, objeci\u00f3n o restricci\u00f3n, o si tiene cualquier otra pregunta sobre sus derechos en relaci\u00f3n con el tratamiento de sus datos personales por parte de SWIFT, p\u00f3ngase en contacto con SWIFT en hello@swiftlifts.com.<\/p>\n<\/p>\n<h2>7. CAMBIOS EN LA POL\u00cdTICA DE PRIVACIDAD<\/h2>\n<p>SWIFT se reserva el derecho a modificar la presente Pol\u00edtica de Privacidad. Si se producen dichos cambios, se notificar\u00e1n en la p\u00e1gina web o de cualquier otra forma que SWIFT considere adecuada.<\/p>\n\t\t<\/div>\n\t\t\t\t\t<\/div>\n\n\t\n\n<style>\n#row-630177248 > .col > .col-inner {\n  padding: 100px 0px 0px 0px;\n}\n<\/style>\n<\/div>\n\t\t<\/div>\n\n\t\t\n<style>\n#section_1921224524 {\n  padding-top: 30px;\n  padding-bottom: 30px;\n  background-color: rgb(250, 245, 242);\n}\n<\/style>\n\t<\/section>\n\t\n","protected":false},"excerpt":{"rendered":"","protected":false},"author":1,"featured_media":0,"parent":0,"menu_order":0,"comment_status":"closed","ping_status":"closed","template":"page-transparent-header.php","meta":{"_acf_changed":false,"content-type":"","footnotes":""},"class_list":["post-25242","page","type-page","status-publish","hentry"],"acf":[],"yoast_head":"<!-- This site is optimized with the Yoast SEO Premium plugin v27.3 (Yoast SEO v27.3) - https:\/\/yoast.com\/product\/yoast-seo-premium-wordpress\/ -->\n<title>Pol\u00edtica de privacidad de SWIFT - SWIFT - 100% battery driven home lifts<\/title>\n<meta name=\"robots\" content=\"index, follow, max-snippet:-1, max-image-preview:large, max-video-preview:-1\" \/>\n<link rel=\"canonical\" href=\"https:\/\/swiftlifts.com\/es\/politica-de-privacidad-de-swift\/\" \/>\n<meta property=\"og:locale\" content=\"es_ES\" \/>\n<meta property=\"og:type\" content=\"article\" \/>\n<meta property=\"og:title\" content=\"Pol\u00edtica de privacidad de SWIFT\" \/>\n<meta property=\"og:url\" content=\"https:\/\/swiftlifts.com\/es\/politica-de-privacidad-de-swift\/\" \/>\n<meta property=\"og:site_name\" content=\"SWIFT - 100% battery driven home lifts\" \/>\n<meta property=\"article:publisher\" content=\"https:\/\/www.facebook.com\/swifthomelifts\" \/>\n<meta property=\"article:modified_time\" content=\"2024-06-03T07:40:11+00:00\" \/>\n<meta name=\"twitter:card\" content=\"summary_large_image\" \/>\n<meta name=\"twitter:label1\" content=\"Tiempo de lectura\" \/>\n\t<meta name=\"twitter:data1\" content=\"10 minutos\" \/>\n<script type=\"application\/ld+json\" class=\"yoast-schema-graph\">{\"@context\":\"https:\\\/\\\/schema.org\",\"@graph\":[{\"@type\":\"WebPage\",\"@id\":\"https:\\\/\\\/swiftlifts.com\\\/es\\\/politica-de-privacidad-de-swift\\\/\",\"url\":\"https:\\\/\\\/swiftlifts.com\\\/es\\\/politica-de-privacidad-de-swift\\\/\",\"name\":\"Pol\u00edtica de privacidad de SWIFT - SWIFT - 100% battery driven home lifts\",\"isPartOf\":{\"@id\":\"https:\\\/\\\/swiftlifts.com\\\/es\\\/#website\"},\"datePublished\":\"2024-05-24T10:37:46+00:00\",\"dateModified\":\"2024-06-03T07:40:11+00:00\",\"breadcrumb\":{\"@id\":\"https:\\\/\\\/swiftlifts.com\\\/es\\\/politica-de-privacidad-de-swift\\\/#breadcrumb\"},\"inLanguage\":\"es\",\"potentialAction\":[{\"@type\":\"ReadAction\",\"target\":[\"https:\\\/\\\/swiftlifts.com\\\/es\\\/politica-de-privacidad-de-swift\\\/\"]}]},{\"@type\":\"BreadcrumbList\",\"@id\":\"https:\\\/\\\/swiftlifts.com\\\/es\\\/politica-de-privacidad-de-swift\\\/#breadcrumb\",\"itemListElement\":[{\"@type\":\"ListItem\",\"position\":1,\"name\":\"Home\",\"item\":\"https:\\\/\\\/swiftlifts.com\\\/es\\\/\"},{\"@type\":\"ListItem\",\"position\":2,\"name\":\"Pol\u00edtica de privacidad de SWIFT\"}]},{\"@type\":\"WebSite\",\"@id\":\"https:\\\/\\\/swiftlifts.com\\\/es\\\/#website\",\"url\":\"https:\\\/\\\/swiftlifts.com\\\/es\\\/\",\"name\":\"SWIFT - 100% battery driven home lifts\",\"description\":\"NEW WAYS TO MOVE\",\"publisher\":{\"@id\":\"https:\\\/\\\/swiftlifts.com\\\/es\\\/#organization\"},\"potentialAction\":[{\"@type\":\"SearchAction\",\"target\":{\"@type\":\"EntryPoint\",\"urlTemplate\":\"https:\\\/\\\/swiftlifts.com\\\/es\\\/?s={search_term_string}\"},\"query-input\":{\"@type\":\"PropertyValueSpecification\",\"valueRequired\":true,\"valueName\":\"search_term_string\"}}],\"inLanguage\":\"es\"},{\"@type\":\"Organization\",\"@id\":\"https:\\\/\\\/swiftlifts.com\\\/es\\\/#organization\",\"name\":\"SWIFT Home Lifts\",\"url\":\"https:\\\/\\\/swiftlifts.com\\\/es\\\/\",\"logo\":{\"@type\":\"ImageObject\",\"inLanguage\":\"es\",\"@id\":\"https:\\\/\\\/swiftlifts.com\\\/es\\\/#\\\/schema\\\/logo\\\/image\\\/\",\"url\":\"https:\\\/\\\/swiftlifts.com\\\/wp-content\\\/uploads\\\/2025\\\/03\\\/cropped-SWIFT-Logo-Google.jpg\",\"contentUrl\":\"https:\\\/\\\/swiftlifts.com\\\/wp-content\\\/uploads\\\/2025\\\/03\\\/cropped-SWIFT-Logo-Google.jpg\",\"width\":512,\"height\":512,\"caption\":\"SWIFT Home Lifts\"},\"image\":{\"@id\":\"https:\\\/\\\/swiftlifts.com\\\/es\\\/#\\\/schema\\\/logo\\\/image\\\/\"},\"sameAs\":[\"https:\\\/\\\/www.facebook.com\\\/swifthomelifts\",\"https:\\\/\\\/www.instagram.com\\\/swifthomelifts\\\/\",\"https:\\\/\\\/www.linkedin.com\\\/company\\\/swifthomelifts\\\/\",\"https:\\\/\\\/www.pinterest.se\\\/swifthomelifts\\\/\",\"https:\\\/\\\/www.youtube.com\\\/@swift5669\"]}]}<\/script>\n<!-- \/ Yoast SEO Premium plugin. -->","yoast_head_json":{"title":"Pol\u00edtica de privacidad de SWIFT - SWIFT - 100% battery driven home lifts","robots":{"index":"index","follow":"follow","max-snippet":"max-snippet:-1","max-image-preview":"max-image-preview:large","max-video-preview":"max-video-preview:-1"},"canonical":"https:\/\/swiftlifts.com\/es\/politica-de-privacidad-de-swift\/","og_locale":"es_ES","og_type":"article","og_title":"Pol\u00edtica de privacidad de SWIFT","og_url":"https:\/\/swiftlifts.com\/es\/politica-de-privacidad-de-swift\/","og_site_name":"SWIFT - 100% battery driven home lifts","article_publisher":"https:\/\/www.facebook.com\/swifthomelifts","article_modified_time":"2024-06-03T07:40:11+00:00","twitter_card":"summary_large_image","twitter_misc":{"Tiempo de lectura":"10 minutos"},"schema":{"@context":"https:\/\/schema.org","@graph":[{"@type":"WebPage","@id":"https:\/\/swiftlifts.com\/es\/politica-de-privacidad-de-swift\/","url":"https:\/\/swiftlifts.com\/es\/politica-de-privacidad-de-swift\/","name":"Pol\u00edtica de privacidad de SWIFT - SWIFT - 100% battery driven home lifts","isPartOf":{"@id":"https:\/\/swiftlifts.com\/es\/#website"},"datePublished":"2024-05-24T10:37:46+00:00","dateModified":"2024-06-03T07:40:11+00:00","breadcrumb":{"@id":"https:\/\/swiftlifts.com\/es\/politica-de-privacidad-de-swift\/#breadcrumb"},"inLanguage":"es","potentialAction":[{"@type":"ReadAction","target":["https:\/\/swiftlifts.com\/es\/politica-de-privacidad-de-swift\/"]}]},{"@type":"BreadcrumbList","@id":"https:\/\/swiftlifts.com\/es\/politica-de-privacidad-de-swift\/#breadcrumb","itemListElement":[{"@type":"ListItem","position":1,"name":"Home","item":"https:\/\/swiftlifts.com\/es\/"},{"@type":"ListItem","position":2,"name":"Pol\u00edtica de privacidad de SWIFT"}]},{"@type":"WebSite","@id":"https:\/\/swiftlifts.com\/es\/#website","url":"https:\/\/swiftlifts.com\/es\/","name":"SWIFT - 100% battery driven home lifts","description":"NEW WAYS TO MOVE","publisher":{"@id":"https:\/\/swiftlifts.com\/es\/#organization"},"potentialAction":[{"@type":"SearchAction","target":{"@type":"EntryPoint","urlTemplate":"https:\/\/swiftlifts.com\/es\/?s={search_term_string}"},"query-input":{"@type":"PropertyValueSpecification","valueRequired":true,"valueName":"search_term_string"}}],"inLanguage":"es"},{"@type":"Organization","@id":"https:\/\/swiftlifts.com\/es\/#organization","name":"SWIFT Home Lifts","url":"https:\/\/swiftlifts.com\/es\/","logo":{"@type":"ImageObject","inLanguage":"es","@id":"https:\/\/swiftlifts.com\/es\/#\/schema\/logo\/image\/","url":"https:\/\/swiftlifts.com\/wp-content\/uploads\/2025\/03\/cropped-SWIFT-Logo-Google.jpg","contentUrl":"https:\/\/swiftlifts.com\/wp-content\/uploads\/2025\/03\/cropped-SWIFT-Logo-Google.jpg","width":512,"height":512,"caption":"SWIFT Home Lifts"},"image":{"@id":"https:\/\/swiftlifts.com\/es\/#\/schema\/logo\/image\/"},"sameAs":["https:\/\/www.facebook.com\/swifthomelifts","https:\/\/www.instagram.com\/swifthomelifts\/","https:\/\/www.linkedin.com\/company\/swifthomelifts\/","https:\/\/www.pinterest.se\/swifthomelifts\/","https:\/\/www.youtube.com\/@swift5669"]}]}},"_links":{"self":[{"href":"https:\/\/swiftlifts.com\/es\/wp-json\/wp\/v2\/pages\/25242","targetHints":{"allow":["GET"]}}],"collection":[{"href":"https:\/\/swiftlifts.com\/es\/wp-json\/wp\/v2\/pages"}],"about":[{"href":"https:\/\/swiftlifts.com\/es\/wp-json\/wp\/v2\/types\/page"}],"author":[{"embeddable":true,"href":"https:\/\/swiftlifts.com\/es\/wp-json\/wp\/v2\/users\/1"}],"replies":[{"embeddable":true,"href":"https:\/\/swiftlifts.com\/es\/wp-json\/wp\/v2\/comments?post=25242"}],"version-history":[{"count":1,"href":"https:\/\/swiftlifts.com\/es\/wp-json\/wp\/v2\/pages\/25242\/revisions"}],"predecessor-version":[{"id":25243,"href":"https:\/\/swiftlifts.com\/es\/wp-json\/wp\/v2\/pages\/25242\/revisions\/25243"}],"wp:attachment":[{"href":"https:\/\/swiftlifts.com\/es\/wp-json\/wp\/v2\/media?parent=25242"}],"curies":[{"name":"wp","href":"https:\/\/api.w.org\/{rel}","templated":true}]}}