{"id":24655,"date":"2024-05-16T12:16:47","date_gmt":"2024-05-16T12:16:47","guid":{"rendered":"https:\/\/swiftlifts.com\/garantia-y-mantenimiento\/"},"modified":"2024-06-03T07:21:52","modified_gmt":"2024-06-03T07:21:52","slug":"garantia-y-mantenimiento","status":"publish","type":"page","link":"https:\/\/swiftlifts.com\/es\/garantia-y-mantenimiento\/","title":{"rendered":"Garant\u00eda y Mantenimiento"},"content":{"rendered":"\n\t<section class=\"section dark has-parallax\" id=\"section_1332939048\">\n\t\t<div class=\"section-bg fill\" data-parallax-container=\".section\" data-parallax-background data-parallax=\"-5\">\n\t\t\t<img loading=\"lazy\" decoding=\"async\" width=\"1635\" height=\"2048\" src=\"https:\/\/swiftlifts.com\/wp-content\/uploads\/2022\/10\/SWIFT_Carrier_Tech_view_W-1635x2048.jpg\" class=\"bg attachment-2048x2048 size-2048x2048\" alt=\"electricity needed for a domestic lift from SWIFT\" \/>\t\t\t\t\t\t\n\t\t\t\n\n\t\t<\/div>\n\n\t\t\n\n\t\t<div class=\"section-content relative\">\n\t\t\t\n<div class=\"row row-full-width\"  id=\"row-1673400142\">\n\n\t<div id=\"col-419221987\" class=\"col small-12 large-12\"  >\n\t\t\t\t<div class=\"col-inner text-center\"  >\n\t\t\t\n\t\t\t\n\t\t<\/div>\n\t\t\t\t\n<style>\n#col-419221987 > .col-inner {\n  padding: 200px 0px 0px 0px;\n}\n<\/style>\n\t<\/div>\n\n\t\n<\/div>\n<div class=\"row row-collapse row-full-width align-equal\"  id=\"row-2024523638\">\n\n\t<div id=\"col-1726884760\" class=\"col medium-4 small-12 large-4\"  >\n\t\t\t\t<div class=\"col-inner text-center\"  >\n\t\t\t\n\t\t\t\n\t\t<\/div>\n\t\t\t\t\n<style>\n#col-1726884760 > .col-inner {\n  padding: 60px 0px 0px 0px;\n  margin: 0px 0px 0px 0px;\n}\n<\/style>\n\t<\/div>\n\n\t\n\n\t<div id=\"col-375742057\" class=\"col medium-4 small-12 large-4\"  >\n\t\t\t\t<div class=\"col-inner text-center\"  >\n\t\t\t\n\t\t\t\n\t<div id=\"text-2597375517\" class=\"text\">\n\t\t\n<h1>Garant\u00eda y Mantenimiento<\/h1>\n\t\t\n<style>\n#text-2597375517 {\n  font-size: 1.5rem;\n  color: #dbe0d1;\n}\n#text-2597375517 > * {\n  color: #dbe0d1;\n}\n<\/style>\n\t<\/div>\n\t\n\t\t<\/div>\n\t\t\t\t\n<style>\n#col-375742057 > .col-inner {\n  padding: 50px 15px 0px 15px;\n}\n@media (min-width:550px) {\n  #col-375742057 > .col-inner {\n    padding: 50px 0px 0px 0px;\n  }\n}\n<\/style>\n\t<\/div>\n\n\t\n\n\t<div id=\"col-824114613\" class=\"col medium-4 small-12 large-4\"  >\n\t\t\t\t<div class=\"col-inner\"  >\n\t\t\t\n\t\t\t\n\t\t<\/div>\n\t\t\t\t\n<style>\n#col-824114613 > .col-inner {\n  padding: 20px 15px 0px 15px;\n}\n<\/style>\n\t<\/div>\n\n\t\n\n<style>\n#row-2024523638 > .col > .col-inner {\n  background-color: rgba(131, 175, 175, 0.8);\n}\n<\/style>\n<\/div>\n<div class=\"row row-collapse row-full-width align-equal\"  id=\"row-916901938\">\n\n\t<div id=\"col-1335578158\" class=\"col medium-4 small-12 large-4\"  >\n\t\t\t\t<div class=\"col-inner text-center\" style=\"background-color:rgba(131, 175, 175, 0.8);\" >\n\t\t\t\n\t\t\t\n\t<div class=\"img has-hover x md-x lg-x y md-y lg-y\" id=\"image_965550268\">\n\t\t\t\t\t\t\t\t<div class=\"img-inner dark\" >\n\t\t\t<img loading=\"lazy\" decoding=\"async\" width=\"462\" height=\"462\" src=\"https:\/\/swiftlifts.com\/wp-content\/uploads\/2022\/10\/SWIFT-Remote_2022_NM.png\" class=\"attachment-large size-large\" alt=\"SWIFT Remote 2022\" srcset=\"https:\/\/swiftlifts.com\/wp-content\/uploads\/2022\/10\/SWIFT-Remote_2022_NM.png 462w, https:\/\/swiftlifts.com\/wp-content\/uploads\/2022\/10\/SWIFT-Remote_2022_NM-400x400.png 400w, https:\/\/swiftlifts.com\/wp-content\/uploads\/2022\/10\/SWIFT-Remote_2022_NM-280x280.png 280w\" sizes=\"auto, (max-width: 462px) 100vw, 462px\" \/>\t\t\t\t\t\t\n\t\t\t\t\t<\/div>\n\t\t\t\t\t\t\t\t\n<style>\n#image_965550268 {\n  width: 30%;\n}\n<\/style>\n\t<\/div>\n\t\n\t<div id=\"text-576475795\" class=\"text\">\n\t\t\n<h2>SERVICIO SIN COMPROMISO<\/h2>\n\t\t\n<style>\n#text-576475795 {\n  color: rgb(219, 224, 209);\n}\n#text-576475795 > * {\n  color: rgb(219, 224, 209);\n}\n<\/style>\n\t<\/div>\n\t\n\t\t<\/div>\n\t\t\t\t\n<style>\n#col-1335578158 > .col-inner {\n  padding: 60px 0px 0px 0px;\n  margin: 0px 0px 0px 0px;\n}\n@media (min-width:550px) {\n  #col-1335578158 > .col-inner {\n    padding: 200px 0px 100px 0px;\n  }\n}\n<\/style>\n\t<\/div>\n\n\t\n\n\t<div id=\"col-63323125\" class=\"col medium-4 small-12 large-4\"  >\n\t\t\t\t<div class=\"col-inner text-left\"  >\n\t\t\t\n\t\t\t\n\t<div id=\"text-4157065074\" class=\"text\">\n\t\t\n<p><b>La forma en que instalamos y mantenemos los ascensores dom\u00e9sticos SWIFT sigue los mismos principios inquebrantables que utilizamos para dise\u00f1arlos y fabricarlos. Trabajamos con nuestro propio personal t\u00e9cnico y colaboramos con expertos locales para garantizar una cobertura nacional y la m\u00e1xima asistencia.<\/b><\/p>\n\t\t\n<style>\n#text-4157065074 {\n  font-size: 1.5rem;\n}\n<\/style>\n\t<\/div>\n\t\n\t\t<\/div>\n\t\t\t\t\n<style>\n#col-63323125 > .col-inner {\n  padding: 50px 15px 0px 15px;\n}\n@media (min-width:550px) {\n  #col-63323125 > .col-inner {\n    padding: 200px 50px 100px 50px;\n  }\n}\n<\/style>\n\t<\/div>\n\n\t\n\n\t<div id=\"col-833099221\" class=\"col medium-4 small-12 large-4\"  >\n\t\t\t\t<div class=\"col-inner\"  >\n\t\t\t\n\t\t\t\n\t<div id=\"text-2702138312\" class=\"text\">\n\t\t\n<p><b>Todos los sistemas de software de los ascensores dom\u00e9sticos pueden conectarse de forma inal\u00e1mbrica a nuestro centro de asistencia t\u00e9cnica central, lo que permite a nuestros t\u00e9cnicos acceder a ellos a distancia en caso necesario para comprobar el estado y proponer actualizaciones de software o servicios relacionados.<\/b><\/p>\n\t\t\n<style>\n#text-2702138312 {\n  font-size: 1.5rem;\n}\n<\/style>\n\t<\/div>\n\t\n\t\t<\/div>\n\t\t\t\t\n<style>\n#col-833099221 > .col-inner {\n  padding: 20px 15px 0px 15px;\n}\n@media (min-width:550px) {\n  #col-833099221 > .col-inner {\n    padding: 200px 100px 100px 50px;\n  }\n}\n<\/style>\n\t<\/div>\n\n\t\n\n<style>\n#row-916901938 > .col > .col-inner {\n  background-color: rgba(131, 175, 175, 0.8);\n}\n<\/style>\n<\/div>\n<div class=\"row hide-for-medium\"  id=\"row-1030870571\">\n\n\t<div id=\"col-1717143949\" class=\"col small-12 large-12\"  >\n\t\t\t\t<div class=\"col-inner\"  >\n\t\t\t\n\t\t\t\n\t\t<\/div>\n\t\t\t\t\t<\/div>\n\n\t\n\n<style>\n#row-1030870571 > .col > .col-inner {\n  padding: 50px 0px 0px 0px;\n}\n@media (min-width:550px) {\n  #row-1030870571 > .col > .col-inner {\n    padding: 50px 0px 0px 0px;\n  }\n}\n<\/style>\n<\/div>\n<div class=\"row row-collapse row-full-width align-equal\"  id=\"row-1351961828\">\n\n\t<div id=\"col-161199067\" class=\"col medium-4 small-12 large-4\"  >\n\t\t\t\t<div class=\"col-inner text-center\"  >\n\t\t\t\n\t\t\t\n\t<div class=\"img has-hover x md-x lg-x y md-y lg-y\" id=\"image_1156232437\">\n\t\t\t\t\t\t\t\t<div class=\"img-inner dark\" >\n\t\t\t<img loading=\"lazy\" decoding=\"async\" width=\"462\" height=\"462\" src=\"https:\/\/swiftlifts.com\/wp-content\/uploads\/2022\/10\/Warranty-2022_S.png\" class=\"attachment-large size-large\" alt=\"Warranty 2022\" srcset=\"https:\/\/swiftlifts.com\/wp-content\/uploads\/2022\/10\/Warranty-2022_S.png 462w, https:\/\/swiftlifts.com\/wp-content\/uploads\/2022\/10\/Warranty-2022_S-400x400.png 400w, https:\/\/swiftlifts.com\/wp-content\/uploads\/2022\/10\/Warranty-2022_S-280x280.png 280w\" sizes=\"auto, (max-width: 462px) 100vw, 462px\" \/>\t\t\t\t\t\t\n\t\t\t\t\t<\/div>\n\t\t\t\t\t\t\t\t\n<style>\n#image_1156232437 {\n  width: 30%;\n}\n<\/style>\n\t<\/div>\n\t\n\t<div id=\"text-118638753\" class=\"text\">\n\t\t\n<h2>GARANT\u00cdAS<\/h2>\n\t\t\n<style>\n#text-118638753 {\n  color: rgb(255, 201, 189);\n}\n#text-118638753 > * {\n  color: rgb(255, 201, 189);\n}\n<\/style>\n\t<\/div>\n\t\n\t\t<\/div>\n\t\t\t\t\n<style>\n#col-161199067 > .col-inner {\n  padding: 50px 0px 0px 0px;\n  margin: 0px 0px 0px 0px;\n}\n@media (min-width:550px) {\n  #col-161199067 > .col-inner {\n    padding: 200px 0px 100px 0px;\n  }\n}\n<\/style>\n\t<\/div>\n\n\t\n\n\t<div id=\"col-218015973\" class=\"col medium-4 small-12 large-4\"  >\n\t\t\t\t<div class=\"col-inner\"  >\n\t\t\t\n\t\t\t\n\t<div id=\"text-3641471478\" class=\"text warranties-color\">\n\t\t\n<p><b>Hemos tenido mucho cuidado a la hora de desarrollar nuestro sistema de accionamiento de tornillos y tuercas (pendiente de patente). Le alegrar\u00e1 saber que cualquier defecto de material estar\u00e1 cubierto por una garant\u00eda de 10 a\u00f1os del sistema de transmisi\u00f3n.<\/p>\n<p>Si cualquier otra pieza de su SWIFT falla debido a materiales defectuosos o problemas de fabricaci\u00f3n, estar\u00e1 cubierta por la garant\u00eda del ascensor (Por favor, visite su mercado local para conocer las condiciones detalladas de la garant\u00eda del ascensor).Tambi\u00e9n est\u00e1n cubiertos los fallos y desviaciones en la superficie de pintura del ascensor que se hayan producido debido a un defecto en los materiales o en la aplicaci\u00f3n de la pintura de f\u00e1brica.<\/b><\/p>\n\t\t\n<style>\n#text-3641471478 {\n  font-size: 1.5rem;\n  color: rgb(255, 201, 189);\n}\n#text-3641471478 > * {\n  color: rgb(255, 201, 189);\n}\n<\/style>\n\t<\/div>\n\t\n\t\t<\/div>\n\t\t\t\t\n<style>\n#col-218015973 > .col-inner {\n  padding: 50px 15px 0px 15px;\n}\n@media (min-width:550px) {\n  #col-218015973 > .col-inner {\n    padding: 100px 50px 100px 50px;\n  }\n}\n<\/style>\n\t<\/div>\n\n\t\n\n\t<div id=\"col-1711226933\" class=\"col medium-4 small-12 large-4\"  >\n\t\t\t\t<div class=\"col-inner\"  >\n\t\t\t\n\t\t\t\n\t<div id=\"text-2913022233\" class=\"text warranties-color\">\n\t\t\n<p><b>El paquete de bater\u00edas es una parte integral del elevador dom\u00e9stico de carga din\u00e1mica SWIFT. A diferencia de otros ascensores dom\u00e9sticos que s\u00f3lo le llevar\u00edan lentamente a la planta m\u00e1s cercana si se produjera un corte de electricidad, SWIFT podr\u00e1 funcionar con normalidad. Una peque\u00f1a p\u00e9rdida de capacidad de la bater\u00eda con el tiempo es normal, sin embargo, si la capacidad de la bater\u00eda se reduce por debajo del 70% de su capacidad original durante el per\u00edodo de garant\u00eda del ascensor, reemplazaremos su bater\u00eda de forma gratuita.<\/p>\n<p>La garant\u00eda del sistema de accionamiento SWIFT y la garant\u00eda del ascensor requieren que el ascensor sea revisado y mantenido por SWIFT o por cualquiera de nuestros expertos locales designados.<\/p>\n<p><\/b><\/p>\n\t\t\n<style>\n#text-2913022233 {\n  font-size: 1.5rem;\n}\n<\/style>\n\t<\/div>\n\t\n\t\t<\/div>\n\t\t\t\t\n<style>\n#col-1711226933 > .col-inner {\n  padding: 20px 15px 0px 15px;\n}\n@media (min-width:550px) {\n  #col-1711226933 > .col-inner {\n    padding: 100px 100px 100px 50px;\n  }\n}\n<\/style>\n\t<\/div>\n\n\t\n\n<style>\n#row-1351961828 > .col > .col-inner {\n  background-color: rgba(30, 98, 122, 0.9);\n}\n<\/style>\n<\/div>\n<div class=\"row hide-for-medium\"  id=\"row-2120253495\">\n\n\t<div id=\"col-730558789\" class=\"col small-12 large-12\"  >\n\t\t\t\t<div class=\"col-inner\"  >\n\t\t\t\n\t\t\t\n\t\t<\/div>\n\t\t\t\t\t<\/div>\n\n\t\n\n<style>\n#row-2120253495 > .col > .col-inner {\n  padding: 50px 0px 0px 0px;\n}\n<\/style>\n<\/div>\n<div class=\"row row-collapse row-full-width align-equal\"  id=\"row-499715293\">\n\n\t<div id=\"col-42173223\" class=\"col medium-4 small-12 large-4\"  >\n\t\t\t\t<div class=\"col-inner text-center\"  >\n\t\t\t\n\t\t\t\n\t<div class=\"img has-hover x md-x lg-x y md-y lg-y\" id=\"image_689221065\">\n\t\t\t\t\t\t\t\t<div class=\"img-inner dark\" >\n\t\t\t<img loading=\"lazy\" decoding=\"async\" width=\"462\" height=\"462\" src=\"https:\/\/swiftlifts.com\/wp-content\/uploads\/2022\/10\/Service-2022_M.png\" class=\"attachment-large size-large\" alt=\"Service frequency of a SWIFT domestic lift\" srcset=\"https:\/\/swiftlifts.com\/wp-content\/uploads\/2022\/10\/Service-2022_M.png 462w, https:\/\/swiftlifts.com\/wp-content\/uploads\/2022\/10\/Service-2022_M-400x400.png 400w, https:\/\/swiftlifts.com\/wp-content\/uploads\/2022\/10\/Service-2022_M-280x280.png 280w\" sizes=\"auto, (max-width: 462px) 100vw, 462px\" \/>\t\t\t\t\t\t\n\t\t\t\t\t<\/div>\n\t\t\t\t\t\t\t\t\n<style>\n#image_689221065 {\n  width: 30%;\n}\n<\/style>\n\t<\/div>\n\t\n\t<div id=\"text-3311011802\" class=\"text\">\n\t\t\n<h2>MANTENIMIENTO<\/h2>\n\t\t\n<style>\n#text-3311011802 {\n  color: rgb(131, 175, 175);\n}\n#text-3311011802 > * {\n  color: rgb(131, 175, 175);\n}\n<\/style>\n\t<\/div>\n\t\n\t\t<\/div>\n\t\t\t\t\n<style>\n#col-42173223 > .col-inner {\n  padding: 50px 0px 0px 0px;\n  margin: 0px 0px 0px 0px;\n}\n@media (min-width:550px) {\n  #col-42173223 > .col-inner {\n    padding: 200px 0px 100px 0px;\n  }\n}\n<\/style>\n\t<\/div>\n\n\t\n\n\t<div id=\"col-174957872\" class=\"col medium-4 small-12 large-4\"  >\n\t\t\t\t<div class=\"col-inner\"  >\n\t\t\t\n\t\t\t\n\t<div id=\"text-3017394674\" class=\"text maintenance-color\">\n\t\t\n<p><b><\/p>\n<p>La frecuencia del mantenimiento suele ser de 1 a 2 veces al a\u00f1o. Cuando llegue la hora del mantenimiento, un t\u00e9cnico de SWIFT acudir\u00e1 a su puerta y revisar\u00e1 el ascensor. El t\u00e9cnico se asegurar\u00e1 de dejar su ascensor en casa una vez que todo est\u00e9 terminado al m\u00e1s alto nivel. Para el mantenimiento y la reparaci\u00f3n s\u00f3lo utilizamos piezas originales SWIFT para garantizar que pueda disfrutar de a\u00f1os de uso seguro y entretenido. <\/p>\n<p>Nuestro sistema \u00abSWIFT Remote\u00bb con diagn\u00f3stico inal\u00e1mbrico garantizar\u00e1 una asistencia r\u00e1pida y le notificar\u00e1 si es necesario un servicio adicional. <\/p>\n<p><\/b><\/p>\n\t\t\n<style>\n#text-3017394674 {\n  font-size: 1.5rem;\n}\n<\/style>\n\t<\/div>\n\t\n\t\t<\/div>\n\t\t\t\t\n<style>\n#col-174957872 > .col-inner {\n  padding: 50px 15px 0px 15px;\n}\n@media (min-width:550px) {\n  #col-174957872 > .col-inner {\n    padding: 100px 50px 100px 50px;\n  }\n}\n<\/style>\n\t<\/div>\n\n\t\n\n\t<div id=\"col-1985834746\" class=\"col medium-4 small-12 large-4\"  >\n\t\t\t\t<div class=\"col-inner\"  >\n\t\t\t\n\t\t\t\n\t<div id=\"text-1075611876\" class=\"text maintenance-color\">\n\t\t\n<p><b><\/p>\n<p>Las actualizaciones peri\u00f3dicas del software tambi\u00e9n garantizar\u00e1n que su ascensor dom\u00e9stico no s\u00f3lo sea tan seguro y entretenido como la primera vez, sino que realmente mejore cuanto m\u00e1s lo utilice. SWIFT tambi\u00e9n ofrece asistencia 24 horas al d\u00eda, 7 d\u00edas a la semana, a trav\u00e9s de nuestra l\u00ednea directa.<\/p>\n<p>Consulte al personal de la sala de exposiciones SWIFT m\u00e1s cercana a su domicilio para conocer los detalles del paquete de asistencia y mantenimiento.<\/p>\n<p><\/b><\/p>\n\t\t\n<style>\n#text-1075611876 {\n  font-size: 1.5rem;\n}\n<\/style>\n\t<\/div>\n\t\n\t\t<\/div>\n\t\t\t\t\n<style>\n#col-1985834746 > .col-inner {\n  padding: 20px 15px 0px 15px;\n}\n@media (min-width:550px) {\n  #col-1985834746 > .col-inner {\n    padding: 100px 100px 100px 50px;\n  }\n}\n<\/style>\n\t<\/div>\n\n\t\n\n<style>\n#row-499715293 > .col > .col-inner {\n  background-color: rgba(0, 10, 54, 0.8);\n}\n<\/style>\n<\/div>\n<div class=\"row hide-for-medium\"  id=\"row-1159107038\">\n\n\t<div id=\"col-1603395252\" class=\"col small-12 large-12\"  >\n\t\t\t\t<div class=\"col-inner\"  >\n\t\t\t\n\t\t\t\n\t\t<\/div>\n\t\t\t\t\t<\/div>\n\n\t\n\n<style>\n#row-1159107038 > .col > .col-inner {\n  padding: 1500px 0px 0px 0px;\n}\n<\/style>\n<\/div>\n\t\t<\/div>\n\n\t\t\n<style>\n#section_1332939048 {\n  padding-top: 0px;\n  padding-bottom: 0px;\n}\n<\/style>\n\t<\/section>\n\t\n","protected":false},"excerpt":{"rendered":"","protected":false},"author":1,"featured_media":0,"parent":0,"menu_order":0,"comment_status":"closed","ping_status":"closed","template":"page-transparent-header.php","meta":{"_acf_changed":false,"content-type":"","footnotes":""},"class_list":["post-24655","page","type-page","status-publish","hentry"],"acf":[],"yoast_head":"<!-- This site is optimized with the Yoast SEO Premium plugin v27.3 (Yoast SEO v27.3) - https:\/\/yoast.com\/product\/yoast-seo-premium-wordpress\/ -->\n<title>- Garant\u00eda y mantenimiento<\/title>\n<meta name=\"robots\" content=\"index, follow, max-snippet:-1, max-image-preview:large, max-video-preview:-1\" \/>\n<link rel=\"canonical\" href=\"https:\/\/swiftlifts.com\/es\/garantia-y-mantenimiento\/\" \/>\n<meta property=\"og:locale\" content=\"es_ES\" \/>\n<meta property=\"og:type\" content=\"article\" \/>\n<meta property=\"og:title\" content=\"Garant\u00eda y Mantenimiento\" \/>\n<meta property=\"og:url\" content=\"https:\/\/swiftlifts.com\/es\/garantia-y-mantenimiento\/\" \/>\n<meta property=\"og:site_name\" content=\"SWIFT - 100% battery driven home lifts\" \/>\n<meta property=\"article:publisher\" content=\"https:\/\/www.facebook.com\/swifthomelifts\" \/>\n<meta property=\"article:modified_time\" content=\"2024-06-03T07:21:52+00:00\" \/>\n<meta name=\"twitter:card\" content=\"summary_large_image\" \/>\n<meta name=\"twitter:label1\" content=\"Tiempo de lectura\" \/>\n\t<meta name=\"twitter:data1\" content=\"5 minutos\" \/>\n<script type=\"application\/ld+json\" class=\"yoast-schema-graph\">{\"@context\":\"https:\\\/\\\/schema.org\",\"@graph\":[{\"@type\":\"WebPage\",\"@id\":\"https:\\\/\\\/swiftlifts.com\\\/es\\\/garantia-y-mantenimiento\\\/\",\"url\":\"https:\\\/\\\/swiftlifts.com\\\/es\\\/garantia-y-mantenimiento\\\/\",\"name\":\"- Garant\u00eda y mantenimiento\",\"isPartOf\":{\"@id\":\"https:\\\/\\\/swiftlifts.com\\\/es\\\/#website\"},\"datePublished\":\"2024-05-16T12:16:47+00:00\",\"dateModified\":\"2024-06-03T07:21:52+00:00\",\"breadcrumb\":{\"@id\":\"https:\\\/\\\/swiftlifts.com\\\/es\\\/garantia-y-mantenimiento\\\/#breadcrumb\"},\"inLanguage\":\"es\",\"potentialAction\":[{\"@type\":\"ReadAction\",\"target\":[\"https:\\\/\\\/swiftlifts.com\\\/es\\\/garantia-y-mantenimiento\\\/\"]}]},{\"@type\":\"BreadcrumbList\",\"@id\":\"https:\\\/\\\/swiftlifts.com\\\/es\\\/garantia-y-mantenimiento\\\/#breadcrumb\",\"itemListElement\":[{\"@type\":\"ListItem\",\"position\":1,\"name\":\"Home\",\"item\":\"https:\\\/\\\/swiftlifts.com\\\/es\\\/\"},{\"@type\":\"ListItem\",\"position\":2,\"name\":\"Garant\u00eda y Mantenimiento\"}]},{\"@type\":\"WebSite\",\"@id\":\"https:\\\/\\\/swiftlifts.com\\\/es\\\/#website\",\"url\":\"https:\\\/\\\/swiftlifts.com\\\/es\\\/\",\"name\":\"SWIFT - 100% battery driven home lifts\",\"description\":\"NEW WAYS TO MOVE\",\"publisher\":{\"@id\":\"https:\\\/\\\/swiftlifts.com\\\/es\\\/#organization\"},\"potentialAction\":[{\"@type\":\"SearchAction\",\"target\":{\"@type\":\"EntryPoint\",\"urlTemplate\":\"https:\\\/\\\/swiftlifts.com\\\/es\\\/?s={search_term_string}\"},\"query-input\":{\"@type\":\"PropertyValueSpecification\",\"valueRequired\":true,\"valueName\":\"search_term_string\"}}],\"inLanguage\":\"es\"},{\"@type\":\"Organization\",\"@id\":\"https:\\\/\\\/swiftlifts.com\\\/es\\\/#organization\",\"name\":\"SWIFT Home Lifts\",\"url\":\"https:\\\/\\\/swiftlifts.com\\\/es\\\/\",\"logo\":{\"@type\":\"ImageObject\",\"inLanguage\":\"es\",\"@id\":\"https:\\\/\\\/swiftlifts.com\\\/es\\\/#\\\/schema\\\/logo\\\/image\\\/\",\"url\":\"https:\\\/\\\/swiftlifts.com\\\/wp-content\\\/uploads\\\/2025\\\/03\\\/cropped-SWIFT-Logo-Google.jpg\",\"contentUrl\":\"https:\\\/\\\/swiftlifts.com\\\/wp-content\\\/uploads\\\/2025\\\/03\\\/cropped-SWIFT-Logo-Google.jpg\",\"width\":512,\"height\":512,\"caption\":\"SWIFT Home Lifts\"},\"image\":{\"@id\":\"https:\\\/\\\/swiftlifts.com\\\/es\\\/#\\\/schema\\\/logo\\\/image\\\/\"},\"sameAs\":[\"https:\\\/\\\/www.facebook.com\\\/swifthomelifts\",\"https:\\\/\\\/www.instagram.com\\\/swifthomelifts\\\/\",\"https:\\\/\\\/www.linkedin.com\\\/company\\\/swifthomelifts\\\/\",\"https:\\\/\\\/www.pinterest.se\\\/swifthomelifts\\\/\",\"https:\\\/\\\/www.youtube.com\\\/@swift5669\"]}]}<\/script>\n<!-- \/ Yoast SEO Premium plugin. -->","yoast_head_json":{"title":"- Garant\u00eda y mantenimiento","robots":{"index":"index","follow":"follow","max-snippet":"max-snippet:-1","max-image-preview":"max-image-preview:large","max-video-preview":"max-video-preview:-1"},"canonical":"https:\/\/swiftlifts.com\/es\/garantia-y-mantenimiento\/","og_locale":"es_ES","og_type":"article","og_title":"Garant\u00eda y Mantenimiento","og_url":"https:\/\/swiftlifts.com\/es\/garantia-y-mantenimiento\/","og_site_name":"SWIFT - 100% battery driven home lifts","article_publisher":"https:\/\/www.facebook.com\/swifthomelifts","article_modified_time":"2024-06-03T07:21:52+00:00","twitter_card":"summary_large_image","twitter_misc":{"Tiempo de lectura":"5 minutos"},"schema":{"@context":"https:\/\/schema.org","@graph":[{"@type":"WebPage","@id":"https:\/\/swiftlifts.com\/es\/garantia-y-mantenimiento\/","url":"https:\/\/swiftlifts.com\/es\/garantia-y-mantenimiento\/","name":"- Garant\u00eda y mantenimiento","isPartOf":{"@id":"https:\/\/swiftlifts.com\/es\/#website"},"datePublished":"2024-05-16T12:16:47+00:00","dateModified":"2024-06-03T07:21:52+00:00","breadcrumb":{"@id":"https:\/\/swiftlifts.com\/es\/garantia-y-mantenimiento\/#breadcrumb"},"inLanguage":"es","potentialAction":[{"@type":"ReadAction","target":["https:\/\/swiftlifts.com\/es\/garantia-y-mantenimiento\/"]}]},{"@type":"BreadcrumbList","@id":"https:\/\/swiftlifts.com\/es\/garantia-y-mantenimiento\/#breadcrumb","itemListElement":[{"@type":"ListItem","position":1,"name":"Home","item":"https:\/\/swiftlifts.com\/es\/"},{"@type":"ListItem","position":2,"name":"Garant\u00eda y Mantenimiento"}]},{"@type":"WebSite","@id":"https:\/\/swiftlifts.com\/es\/#website","url":"https:\/\/swiftlifts.com\/es\/","name":"SWIFT - 100% battery driven home lifts","description":"NEW WAYS TO MOVE","publisher":{"@id":"https:\/\/swiftlifts.com\/es\/#organization"},"potentialAction":[{"@type":"SearchAction","target":{"@type":"EntryPoint","urlTemplate":"https:\/\/swiftlifts.com\/es\/?s={search_term_string}"},"query-input":{"@type":"PropertyValueSpecification","valueRequired":true,"valueName":"search_term_string"}}],"inLanguage":"es"},{"@type":"Organization","@id":"https:\/\/swiftlifts.com\/es\/#organization","name":"SWIFT Home Lifts","url":"https:\/\/swiftlifts.com\/es\/","logo":{"@type":"ImageObject","inLanguage":"es","@id":"https:\/\/swiftlifts.com\/es\/#\/schema\/logo\/image\/","url":"https:\/\/swiftlifts.com\/wp-content\/uploads\/2025\/03\/cropped-SWIFT-Logo-Google.jpg","contentUrl":"https:\/\/swiftlifts.com\/wp-content\/uploads\/2025\/03\/cropped-SWIFT-Logo-Google.jpg","width":512,"height":512,"caption":"SWIFT Home Lifts"},"image":{"@id":"https:\/\/swiftlifts.com\/es\/#\/schema\/logo\/image\/"},"sameAs":["https:\/\/www.facebook.com\/swifthomelifts","https:\/\/www.instagram.com\/swifthomelifts\/","https:\/\/www.linkedin.com\/company\/swifthomelifts\/","https:\/\/www.pinterest.se\/swifthomelifts\/","https:\/\/www.youtube.com\/@swift5669"]}]}},"_links":{"self":[{"href":"https:\/\/swiftlifts.com\/es\/wp-json\/wp\/v2\/pages\/24655","targetHints":{"allow":["GET"]}}],"collection":[{"href":"https:\/\/swiftlifts.com\/es\/wp-json\/wp\/v2\/pages"}],"about":[{"href":"https:\/\/swiftlifts.com\/es\/wp-json\/wp\/v2\/types\/page"}],"author":[{"embeddable":true,"href":"https:\/\/swiftlifts.com\/es\/wp-json\/wp\/v2\/users\/1"}],"replies":[{"embeddable":true,"href":"https:\/\/swiftlifts.com\/es\/wp-json\/wp\/v2\/comments?post=24655"}],"version-history":[{"count":1,"href":"https:\/\/swiftlifts.com\/es\/wp-json\/wp\/v2\/pages\/24655\/revisions"}],"predecessor-version":[{"id":25965,"href":"https:\/\/swiftlifts.com\/es\/wp-json\/wp\/v2\/pages\/24655\/revisions\/25965"}],"wp:attachment":[{"href":"https:\/\/swiftlifts.com\/es\/wp-json\/wp\/v2\/media?parent=24655"}],"curies":[{"name":"wp","href":"https:\/\/api.w.org\/{rel}","templated":true}]}}