{"id":16501,"date":"2024-01-13T08:02:04","date_gmt":"2024-01-13T08:02:04","guid":{"rendered":"https:\/\/swiftlifts.com\/?page_id=16501"},"modified":"2024-03-14T01:29:49","modified_gmt":"2024-03-14T01:29:49","slug":"swift-portrait-dan","status":"publish","type":"page","link":"https:\/\/swiftlifts.com\/en\/swift-people\/swift-portrait-dan\/","title":{"rendered":"SWIFT Portrait &#8211; Dan"},"content":{"rendered":"\n\t<section class=\"section\" id=\"section_139225393\">\n\t\t<div class=\"section-bg fill\" >\n\t\t\t\t\t\t\t\t\t\n\t\t\t\n\n\t\t<\/div>\n\n\t\t\n\n\t\t<div class=\"section-content relative\">\n\t\t\t\n<div class=\"row\"  id=\"row-2072199949\">\n\n\t<div id=\"col-1723426686\" class=\"col small-12 large-12\"  >\n\t\t\t\t<div class=\"col-inner\"  >\n\t\t\t\n\t\t\t\n\t\t<\/div>\n\t\t\t\t\t<\/div>\n\n\t\n<\/div>\n<div class=\"row align-center\" style=\"max-width:100%\" id=\"row-70351220\">\n\n\t<div id=\"col-670214987\" class=\"col medium-10 small-12 large-10\"  >\n\t\t\t\t<div class=\"col-inner\"  >\n\t\t\t\n\t\t\t\n\t<div id=\"text-4224644873\" class=\"text\">\n\t\t\n<h1>SWIFT People<\/h1>\n\t\t\n<style>\n#text-4224644873 {\n  font-size: 1.75rem;\n  line-height: 0.75;\n  color: rgb(0, 10, 54);\n}\n#text-4224644873 > * {\n  color: rgb(0, 10, 54);\n}\n<\/style>\n\t<\/div>\n\t\n\t<div id=\"text-3566296479\" class=\"text\">\n\t\t\n<p>Portrait of the month<br \/>\n\t\t\n<style>\n#text-3566296479 {\n  font-size: 1.6rem;\n  line-height: 0.75;\n}\n<\/style>\n\t<\/div>\n\t\n\t\t<\/div>\n\t\t\t\t\n<style>\n#col-670214987 > .col-inner {\n  margin: 50px 0px 0px 0px;\n}\n<\/style>\n\t<\/div>\n\n\t\n<\/div>\n<div class=\"row align-equal align-center\" style=\"max-width:100%\" id=\"row-239205069\">\n\n\t<div id=\"col-1147766153\" class=\"col medium-5 small-12 large-5\"  >\n\t\t\t\t<div class=\"col-inner text-left\" style=\"background-color:rgb(0, 10, 54);\" >\n\t\t\t\n\t\t\t\n\t<div id=\"text-3474488079\" class=\"text swift-people-text\">\n\t\t\n<p>NAME: <b>Dan Bengtsson<\/b><br \/>\nROLE: <strong>Design Engineer<\/strong><br \/>\nAGE: <b>47<\/b><br \/>\nLIVE: <b>Falkenberg, Sweden<\/b><br \/>\n\t\t\n<style>\n#text-3474488079 {\n  font-size: 1.5rem;\n  line-height: 1.65;\n  color: rgb(250, 245, 242);\n}\n#text-3474488079 > * {\n  color: rgb(250, 245, 242);\n}\n<\/style>\n\t<\/div>\n\t\n\t\t<\/div>\n\t\t\t\t\n<style>\n#col-1147766153 > .col-inner {\n  padding: 20% 0px 0px 50px;\n  margin: 0px 0px 0px 0px;\n}\n<\/style>\n\t<\/div>\n\n\t\n\n\t<div id=\"col-814816376\" class=\"col medium-5 small-12 large-5\"  >\n\t\t\t\t<div class=\"col-inner\"  >\n\t\t\t\n\t\t\t\n\t<div class=\"img has-hover x md-x lg-x y md-y lg-y\" id=\"image_1971631505\">\n\t\t\t\t\t\t\t\t<div class=\"img-inner dark\" >\n\t\t\t<img loading=\"lazy\" decoding=\"async\" width=\"648\" height=\"800\" src=\"https:\/\/swiftlifts.com\/wp-content\/uploads\/2024\/01\/SWIFT_046-scaled-e1705065705946-648x800.jpg\" class=\"attachment-large size-large\" alt=\"\" srcset=\"https:\/\/swiftlifts.com\/wp-content\/uploads\/2024\/01\/SWIFT_046-scaled-e1705065705946-648x800.jpg 648w, https:\/\/swiftlifts.com\/wp-content\/uploads\/2024\/01\/SWIFT_046-scaled-e1705065705946-324x400.jpg 324w, https:\/\/swiftlifts.com\/wp-content\/uploads\/2024\/01\/SWIFT_046-scaled-e1705065705946.jpg 759w\" sizes=\"auto, (max-width: 648px) 100vw, 648px\" \/>\t\t\t\t\t\t\n\t\t\t\t\t<\/div>\n\t\t\t\t\t\t\t\t\n<style>\n#image_1971631505 {\n  width: 100%;\n}\n<\/style>\n\t<\/div>\n\t\n\t\t<\/div>\n\t\t\t\t\n<style>\n#col-814816376 > .col-inner {\n  margin: 0px 0px 0px 0px;\n}\n<\/style>\n\t<\/div>\n\n\t\n<\/div>\n<div class=\"row align-equal align-center\" style=\"max-width:100%\" id=\"row-2055615616\">\n\n\t<div id=\"col-811543542\" class=\"col medium-10 small-12 large-10\"  >\n\t\t\t\t<div class=\"col-inner\"  >\n\t\t\t\n\t<div class=\"is-border\"\n\t\tstyle=\"border-color:rgb(30, 98, 122);border-width:5px 5px 5px 5px;\">\n\t<\/div>\n\t\t\t\n\t<div id=\"text-1642502659\" class=\"text\">\n\t\t\n<p><strong>Your journey in brief?<\/strong><br \/>\n&#8211; Education in electronics, but worked with mechanics and electronics, both in practice and in theory. \u2699\ufe0f\ud83d\udd29\ud83d\udda5<\/p>\n<p><strong>What do you love most about what you do at SWIFT?<\/strong><br \/>\n&#8211; The big variation of work duties. \ud83c\udf08<\/p>\n<p><strong>What\u2019s your tips for a good start of the day?<\/strong><br \/>\n&#8211; Don\u2019t rush! Take your time to eat a good breakfast. \ud83e\udd63\ud83c\udf73\u2615\ufe0f<\/p>\n<p><strong>Tea or Coffee?<\/strong><br \/>\n&#8211; Coffee, black. \u2615\ufe0f<\/p>\n<p><strong>Your ultimate life hack?<\/strong><br \/>\n&#8211; Egg boiler on a timer, wake up to freshly boiled eggs every morning. \ud83e\udd5a\u23f2<\/p>\n<p><strong>How does a normal workday look like?<\/strong><br \/>\n&#8211; Teams meeting with the colleges around the world in the morning, solve problems in the afternoon. \ud83d\udcbb\ud83c\udf0d<\/p>\n<p><strong>One thing you cannot live without at work?<\/strong><br \/>\n&#8211; My headset for Teams meetings. \ud83c\udfa7<\/p>\n<p><strong>Looking at what you\u2019ve achieved so far, what are you most proud of?<\/strong><br \/>\n&#8211; In the end it is all the details combined that makes a great product, so all solutions that work as intended is worth to be proud of. \u2b50\ufe0f<\/p>\n<p><strong>Which SWIFT feature do you like the most?<\/strong><br \/>\n&#8211; Its home automation capabilities. \ud83d\udcaf<\/p>\n<p><strong>If you would give one piece of advice to someone who wants to pursue their career in product development, what would that be?<\/strong><br \/>\n&#8211; If you don\u2019t believe in the product you are developing, you will not find it interesting, and in the end, you won\u2019t do a great job. \ud83d\udc8e<\/p>\n<p><strong>Your motto in life?<\/strong><br \/>\n&#8211; Think first, then act. \ud83d\udcad<\/p>\n<p><strong>Beach or mountain?<\/strong><br \/>\n&#8211; Beach. \ud83c\udfd6<\/p>\n<p><strong>Fish (Salmon here i Falkenberg), veggies or meat?<\/strong><br \/>\n&#8211; Love food, so all the above. \ud83c\udf63\ud83c\udf46\ud83c\udf3d\ud83c\udf57<\/p>\n<p><strong>What is your happy place?<\/strong><br \/>\n&#8211; In the summertime, at the beach with a cold drink. In the wintertime, under the hood of an old Chevy. \ud83c\udf79 \ud83d\ude99<\/p>\n<p><strong>For someone who\u2019s never been to Falkenberg (where SWIFT R&amp;D Centre is located), can you describe it?<\/strong><br \/>\n&#8211; Falkenberg is a charming little town on the Best Coast, as we like to call it here \u2013 Sweden&#8217;s West Coast. You&#8217;ll find charming streets, nice caf\u00e9s, food markets, and cool spots to eat like Prostens Pizza, Skrea Matbruk, Lilla Napoli, and \u00c4stad Vineyard. If you like fishing, the \u00c4tran River offers plenty of salmon. However, Falkenberg is perhaps best known for its long sandy beaches, like Skrea Strand with its pretty pier and bathing jetty! \ud83c\udf0a<\/p>\n<p><strong>The best advice you have ever received (so far)?<\/strong><br \/>\n&#8211; Never ever give up! \ud83d\udc4a\ud83c\udffd If you could choose, to what innovation would you like to be the inventor of? Cure for cancer. \ud83d\udd2c\ud83d\udc68\u200d\ud83d\udd2c\ud83e\uddea<\/p>\n<p><strong>What\u2019s on your bucket list?<\/strong><br \/>\n&#8211; Visit Kennedy Space Center (NASA). \ud83d\udd2d\ud83d\ude80<\/p>\n<p><strong>Future dreams?<\/strong><br \/>\n&#8211; Own a farm with lot of machinery. \ud83c\udfda<\/p>\n<p><strong>Your favorite means of movement besides SWIFT?<\/strong><br \/>\n&#8211; My 1965 C10 pickup truck. I do love new technology and everything that is considered \u201chi-tech\u201d but sometimes it&#8217;s nice to enjoy simple things that don\u2019t need a computer to run. \ud83d\ude9b<br \/>\n\t\t\n<style>\n#text-1642502659 {\n  font-size: 1.5rem;\n  color: rgb(30, 98, 122);\n}\n#text-1642502659 > * {\n  color: rgb(30, 98, 122);\n}\n<\/style>\n\t<\/div>\n\t\n\t\t<\/div>\n\t\t\t\t\n<style>\n#col-811543542 > .col-inner {\n  padding: 10px 10px 10px 10px;\n}\n@media (min-width:550px) {\n  #col-811543542 > .col-inner {\n    padding: 50px 50px 50px 50px;\n  }\n}\n<\/style>\n\t<\/div>\n\n\t\n<\/div>\n\t\t<\/div>\n\n\t\t\n<style>\n#section_139225393 {\n  padding-top: 30px;\n  padding-bottom: 30px;\n}\n<\/style>\n\t<\/section>\n\t\n","protected":false},"excerpt":{"rendered":"","protected":false},"author":11,"featured_media":0,"parent":5312,"menu_order":0,"comment_status":"closed","ping_status":"closed","template":"page-transparent-header.php","meta":{"_acf_changed":false,"content-type":"","footnotes":""},"class_list":["post-16501","page","type-page","status-publish","hentry"],"acf":[],"yoast_head":"<!-- This site is optimized with the Yoast SEO Premium plugin v27.3 (Yoast SEO v27.3) - https:\/\/yoast.com\/product\/yoast-seo-premium-wordpress\/ -->\n<title>SWIFT Portrait - Dan - SWIFT - 100% battery driven home lifts<\/title>\n<meta name=\"robots\" content=\"index, follow, max-snippet:-1, max-image-preview:large, max-video-preview:-1\" \/>\n<link rel=\"canonical\" href=\"https:\/\/swiftlifts.com\/en\/swift-people\/swift-portrait-dan\/\" \/>\n<meta property=\"og:locale\" content=\"en_US\" \/>\n<meta property=\"og:type\" content=\"article\" \/>\n<meta property=\"og:title\" content=\"SWIFT Portrait - Dan\" \/>\n<meta property=\"og:url\" content=\"https:\/\/swiftlifts.com\/en\/swift-people\/swift-portrait-dan\/\" \/>\n<meta property=\"og:site_name\" content=\"SWIFT - 100% battery driven home lifts\" \/>\n<meta property=\"article:publisher\" content=\"https:\/\/www.facebook.com\/swifthomelifts\" \/>\n<meta property=\"article:modified_time\" content=\"2024-03-14T01:29:49+00:00\" \/>\n<meta name=\"twitter:card\" content=\"summary_large_image\" \/>\n<meta name=\"twitter:label1\" content=\"Est. reading time\" \/>\n\t<meta name=\"twitter:data1\" content=\"3 minutes\" \/>\n<script type=\"application\/ld+json\" class=\"yoast-schema-graph\">{\"@context\":\"https:\\\/\\\/schema.org\",\"@graph\":[{\"@type\":\"WebPage\",\"@id\":\"https:\\\/\\\/swiftlifts.com\\\/en\\\/swift-people\\\/swift-portrait-dan\\\/\",\"url\":\"https:\\\/\\\/swiftlifts.com\\\/en\\\/swift-people\\\/swift-portrait-dan\\\/\",\"name\":\"SWIFT Portrait - Dan - SWIFT - 100% battery driven home lifts\",\"isPartOf\":{\"@id\":\"https:\\\/\\\/swiftlifts.com\\\/en\\\/#website\"},\"datePublished\":\"2024-01-13T08:02:04+00:00\",\"dateModified\":\"2024-03-14T01:29:49+00:00\",\"breadcrumb\":{\"@id\":\"https:\\\/\\\/swiftlifts.com\\\/en\\\/swift-people\\\/swift-portrait-dan\\\/#breadcrumb\"},\"inLanguage\":\"en-GB\",\"potentialAction\":[{\"@type\":\"ReadAction\",\"target\":[\"https:\\\/\\\/swiftlifts.com\\\/en\\\/swift-people\\\/swift-portrait-dan\\\/\"]}]},{\"@type\":\"BreadcrumbList\",\"@id\":\"https:\\\/\\\/swiftlifts.com\\\/en\\\/swift-people\\\/swift-portrait-dan\\\/#breadcrumb\",\"itemListElement\":[{\"@type\":\"ListItem\",\"position\":1,\"name\":\"Home\",\"item\":\"https:\\\/\\\/swiftlifts.com\\\/en\\\/\"},{\"@type\":\"ListItem\",\"position\":2,\"name\":\"SWIFT People\",\"item\":\"https:\\\/\\\/swiftlifts.com\\\/en\\\/swift-people\\\/\"},{\"@type\":\"ListItem\",\"position\":3,\"name\":\"SWIFT Portrait &#8211; Dan\"}]},{\"@type\":\"WebSite\",\"@id\":\"https:\\\/\\\/swiftlifts.com\\\/en\\\/#website\",\"url\":\"https:\\\/\\\/swiftlifts.com\\\/en\\\/\",\"name\":\"SWIFT - 100% battery driven home lifts\",\"description\":\"NEW WAYS TO MOVE\",\"publisher\":{\"@id\":\"https:\\\/\\\/swiftlifts.com\\\/en\\\/#organization\"},\"potentialAction\":[{\"@type\":\"SearchAction\",\"target\":{\"@type\":\"EntryPoint\",\"urlTemplate\":\"https:\\\/\\\/swiftlifts.com\\\/en\\\/?s={search_term_string}\"},\"query-input\":{\"@type\":\"PropertyValueSpecification\",\"valueRequired\":true,\"valueName\":\"search_term_string\"}}],\"inLanguage\":\"en-GB\"},{\"@type\":\"Organization\",\"@id\":\"https:\\\/\\\/swiftlifts.com\\\/en\\\/#organization\",\"name\":\"SWIFT Home Lifts\",\"url\":\"https:\\\/\\\/swiftlifts.com\\\/en\\\/\",\"logo\":{\"@type\":\"ImageObject\",\"inLanguage\":\"en-GB\",\"@id\":\"https:\\\/\\\/swiftlifts.com\\\/en\\\/#\\\/schema\\\/logo\\\/image\\\/\",\"url\":\"https:\\\/\\\/swiftlifts.com\\\/wp-content\\\/uploads\\\/2025\\\/03\\\/cropped-SWIFT-Logo-Google.jpg\",\"contentUrl\":\"https:\\\/\\\/swiftlifts.com\\\/wp-content\\\/uploads\\\/2025\\\/03\\\/cropped-SWIFT-Logo-Google.jpg\",\"width\":512,\"height\":512,\"caption\":\"SWIFT Home Lifts\"},\"image\":{\"@id\":\"https:\\\/\\\/swiftlifts.com\\\/en\\\/#\\\/schema\\\/logo\\\/image\\\/\"},\"sameAs\":[\"https:\\\/\\\/www.facebook.com\\\/swifthomelifts\",\"https:\\\/\\\/www.instagram.com\\\/swifthomelifts\\\/\",\"https:\\\/\\\/www.linkedin.com\\\/company\\\/swifthomelifts\\\/\",\"https:\\\/\\\/www.pinterest.se\\\/swifthomelifts\\\/\",\"https:\\\/\\\/www.youtube.com\\\/@swift5669\"]}]}<\/script>\n<!-- \/ Yoast SEO Premium plugin. -->","yoast_head_json":{"title":"SWIFT Portrait - Dan - SWIFT - 100% battery driven home lifts","robots":{"index":"index","follow":"follow","max-snippet":"max-snippet:-1","max-image-preview":"max-image-preview:large","max-video-preview":"max-video-preview:-1"},"canonical":"https:\/\/swiftlifts.com\/en\/swift-people\/swift-portrait-dan\/","og_locale":"en_US","og_type":"article","og_title":"SWIFT Portrait - Dan","og_url":"https:\/\/swiftlifts.com\/en\/swift-people\/swift-portrait-dan\/","og_site_name":"SWIFT - 100% battery driven home lifts","article_publisher":"https:\/\/www.facebook.com\/swifthomelifts","article_modified_time":"2024-03-14T01:29:49+00:00","twitter_card":"summary_large_image","twitter_misc":{"Est. reading time":"3 minutes"},"schema":{"@context":"https:\/\/schema.org","@graph":[{"@type":"WebPage","@id":"https:\/\/swiftlifts.com\/en\/swift-people\/swift-portrait-dan\/","url":"https:\/\/swiftlifts.com\/en\/swift-people\/swift-portrait-dan\/","name":"SWIFT Portrait - Dan - SWIFT - 100% battery driven home lifts","isPartOf":{"@id":"https:\/\/swiftlifts.com\/en\/#website"},"datePublished":"2024-01-13T08:02:04+00:00","dateModified":"2024-03-14T01:29:49+00:00","breadcrumb":{"@id":"https:\/\/swiftlifts.com\/en\/swift-people\/swift-portrait-dan\/#breadcrumb"},"inLanguage":"en-GB","potentialAction":[{"@type":"ReadAction","target":["https:\/\/swiftlifts.com\/en\/swift-people\/swift-portrait-dan\/"]}]},{"@type":"BreadcrumbList","@id":"https:\/\/swiftlifts.com\/en\/swift-people\/swift-portrait-dan\/#breadcrumb","itemListElement":[{"@type":"ListItem","position":1,"name":"Home","item":"https:\/\/swiftlifts.com\/en\/"},{"@type":"ListItem","position":2,"name":"SWIFT People","item":"https:\/\/swiftlifts.com\/en\/swift-people\/"},{"@type":"ListItem","position":3,"name":"SWIFT Portrait &#8211; Dan"}]},{"@type":"WebSite","@id":"https:\/\/swiftlifts.com\/en\/#website","url":"https:\/\/swiftlifts.com\/en\/","name":"SWIFT - 100% battery driven home lifts","description":"NEW WAYS TO MOVE","publisher":{"@id":"https:\/\/swiftlifts.com\/en\/#organization"},"potentialAction":[{"@type":"SearchAction","target":{"@type":"EntryPoint","urlTemplate":"https:\/\/swiftlifts.com\/en\/?s={search_term_string}"},"query-input":{"@type":"PropertyValueSpecification","valueRequired":true,"valueName":"search_term_string"}}],"inLanguage":"en-GB"},{"@type":"Organization","@id":"https:\/\/swiftlifts.com\/en\/#organization","name":"SWIFT Home Lifts","url":"https:\/\/swiftlifts.com\/en\/","logo":{"@type":"ImageObject","inLanguage":"en-GB","@id":"https:\/\/swiftlifts.com\/en\/#\/schema\/logo\/image\/","url":"https:\/\/swiftlifts.com\/wp-content\/uploads\/2025\/03\/cropped-SWIFT-Logo-Google.jpg","contentUrl":"https:\/\/swiftlifts.com\/wp-content\/uploads\/2025\/03\/cropped-SWIFT-Logo-Google.jpg","width":512,"height":512,"caption":"SWIFT Home Lifts"},"image":{"@id":"https:\/\/swiftlifts.com\/en\/#\/schema\/logo\/image\/"},"sameAs":["https:\/\/www.facebook.com\/swifthomelifts","https:\/\/www.instagram.com\/swifthomelifts\/","https:\/\/www.linkedin.com\/company\/swifthomelifts\/","https:\/\/www.pinterest.se\/swifthomelifts\/","https:\/\/www.youtube.com\/@swift5669"]}]}},"_links":{"self":[{"href":"https:\/\/swiftlifts.com\/en\/wp-json\/wp\/v2\/pages\/16501","targetHints":{"allow":["GET"]}}],"collection":[{"href":"https:\/\/swiftlifts.com\/en\/wp-json\/wp\/v2\/pages"}],"about":[{"href":"https:\/\/swiftlifts.com\/en\/wp-json\/wp\/v2\/types\/page"}],"author":[{"embeddable":true,"href":"https:\/\/swiftlifts.com\/en\/wp-json\/wp\/v2\/users\/11"}],"replies":[{"embeddable":true,"href":"https:\/\/swiftlifts.com\/en\/wp-json\/wp\/v2\/comments?post=16501"}],"version-history":[{"count":8,"href":"https:\/\/swiftlifts.com\/en\/wp-json\/wp\/v2\/pages\/16501\/revisions"}],"predecessor-version":[{"id":20581,"href":"https:\/\/swiftlifts.com\/en\/wp-json\/wp\/v2\/pages\/16501\/revisions\/20581"}],"up":[{"embeddable":true,"href":"https:\/\/swiftlifts.com\/en\/wp-json\/wp\/v2\/pages\/5312"}],"wp:attachment":[{"href":"https:\/\/swiftlifts.com\/en\/wp-json\/wp\/v2\/media?parent=16501"}],"curies":[{"name":"wp","href":"https:\/\/api.w.org\/{rel}","templated":true}]}}