{"id":49521,"date":"2025-07-09T16:40:12","date_gmt":"2025-07-09T16:40:12","guid":{"rendered":"https:\/\/swiftlifts.com\/uber-uns\/"},"modified":"2025-11-28T11:11:53","modified_gmt":"2025-11-28T11:11:53","slug":"uber-uns","status":"publish","type":"page","link":"https:\/\/swiftlifts.com\/de\/uber-uns\/","title":{"rendered":"\u00dcber uns"},"content":{"rendered":"\n\t<section class=\"section has-parallax\" id=\"section_1428533797\">\n\t\t<div class=\"section-bg fill\" data-parallax-container=\".section\" data-parallax-background data-parallax=\"-10\">\n\t\t\t<img loading=\"lazy\" decoding=\"async\" width=\"2560\" height=\"1708\" src=\"https:\/\/swiftlifts.com\/wp-content\/uploads\/2024\/02\/swift_about_us_bg-2.jpg\" class=\"bg attachment-original size-original\" alt=\"\" \/>\t\t\t\t\t\t\n\t\t\t\n\n\t\t<\/div>\n\n\t\t\n\n\t\t<div class=\"section-content relative\">\n\t\t\t\n<div class=\"row row-full-width align-center\"  id=\"row-716424082\">\n\n\t<div id=\"col-999180312\" class=\"col hide-for-medium medium-4 small-12 large-4\"  >\n\t\t\t\t<div class=\"col-inner\"  >\n\t\t\t\n\t\t\t\n\t\t<\/div>\n\t\t\t\t\t<\/div>\n\n\t\n\n\t<div id=\"col-326276672\" class=\"col medium-3 small-9 large-3\"  >\n\t\t\t\t<div class=\"col-inner text-left\"  >\n\t\t\t\n\t\t\t\n\t<div id=\"text-2311015536\" class=\"text\">\n\t\t\n<h1>Unsere Geschichte<\/h1>\n\t\t\n<style>\n#text-2311015536 {\n  font-size: 1.5rem;\n  text-align: left;\n  color: rgb(255, 201, 189);\n}\n#text-2311015536 > * {\n  color: rgb(255, 201, 189);\n}\n<\/style>\n\t<\/div>\n\t\n\t<div id=\"text-2573436090\" class=\"text\">\n\t\t\n<p>SWIFT ist ein schwedisches Home-Tech-Unternehmen, das von Pionieren im Bereich Homelifte gegr\u00fcndet wurde \u2013 vereint durch die Leidenschaft f\u00fcr Produkte, die einen echten Unterschied machen.<\/p>\n\t\t\n<style>\n#text-2573436090 {\n  font-size: 1.2rem;\n  text-align: left;\n  color: rgb(255, 255, 255);\n}\n#text-2573436090 > * {\n  color: rgb(255, 255, 255);\n}\n@media (min-width:550px) {\n  #text-2573436090 {\n    font-size: 1.2rem;\n  }\n}\n<\/style>\n\t<\/div>\n\t\n<a href=\"https:\/\/swiftlifts.com\/en\/our-story\/\" class=\"button primary lowercase arrow-icon-button-sunset\" >\n\t\t<span>Mehr erfahren<\/span>\n\t<\/a>\n\n\t\t<\/div>\n\t\t\t\t\n<style>\n#col-326276672 > .col-inner {\n  padding: 0px 0px 0px 0px;\n  margin: 200px 0px 0px 15%;\n}\n@media (min-width:550px) {\n  #col-326276672 > .col-inner {\n    padding: 0px 0px 0px 10%;\n    margin: 35% 0px 0px 0px;\n  }\n}\n<\/style>\n\t<\/div>\n\n\t\n<\/div>\n<div class=\"row row-full-width align-center\"  id=\"row-522926282\">\n\n\t<div id=\"col-1233665724\" class=\"col hide-for-medium medium-4 small-12 large-4\"  >\n\t\t\t\t<div class=\"col-inner\"  >\n\t\t\t\n\t\t\t\n\t\t<\/div>\n\t\t\t\t\t<\/div>\n\n\t\n\n\t<div id=\"col-1819205522\" class=\"col medium-3 small-9 large-3\"  >\n\t\t\t\t<div class=\"col-inner text-left\"  >\n\t\t\t\n\t\t\t\n\t<div id=\"text-2573458161\" class=\"text\">\n\t\t\n<h2>SWIFT Leute<\/h2>\n\t\t\n<style>\n#text-2573458161 {\n  font-size: 1.5rem;\n  text-align: left;\n  color: rgb(255, 201, 189);\n}\n#text-2573458161 > * {\n  color: rgb(255, 201, 189);\n}\n<\/style>\n\t<\/div>\n\t\n\t<div id=\"text-3886089202\" class=\"text\">\n\t\t\n<p>Bei SWIFT verfolgen wir das Ziel, die Gesellschaft zu verbessern, indem wir das Leben komfortabler und nachhaltiger gestalten. Dies erreichen wir durch die Einf\u00fchrung eines Homelift-Konzepts, das erschwinglich ist, gro\u00dfartig aussieht und Spa\u00df macht. <\/p>\n\t\t\n<style>\n#text-3886089202 {\n  font-size: 1.2rem;\n  text-align: left;\n  color: rgb(255, 255, 255);\n}\n#text-3886089202 > * {\n  color: rgb(255, 255, 255);\n}\n@media (min-width:550px) {\n  #text-3886089202 {\n    font-size: 1.2rem;\n  }\n}\n<\/style>\n\t<\/div>\n\t\n<a href=\"https:\/\/swiftlifts.com\/en\/swift-people\/\" class=\"button primary lowercase arrow-icon-button-sunset\" >\n\t\t<span>Mehr erfahren<\/span>\n\t<\/a>\n\n\t\t<\/div>\n\t\t\t\t\n<style>\n#col-1819205522 > .col-inner {\n  padding: 0px 0px 0px 0px;\n  margin: 200px 0px 0px 15%;\n}\n@media (min-width:550px) {\n  #col-1819205522 > .col-inner {\n    padding: 0px 0px 0px 10%;\n    margin: 10% 0px 0px 0px;\n  }\n}\n<\/style>\n\t<\/div>\n\n\t\n<\/div>\n\t\t<\/div>\n\n\t\t\n<style>\n#section_1428533797 {\n  padding-top: 0px;\n  padding-bottom: 0px;\n}\n<\/style>\n\t<\/section>\n\t\n","protected":false},"excerpt":{"rendered":"","protected":false},"author":1,"featured_media":0,"parent":0,"menu_order":0,"comment_status":"closed","ping_status":"closed","template":"page-transparent-header.php","meta":{"_acf_changed":false,"content-type":"","footnotes":""},"class_list":["post-49521","page","type-page","status-publish","hentry"],"acf":[],"yoast_head":"<!-- This site is optimized with the Yoast SEO Premium plugin v27.3 (Yoast SEO v27.3) - https:\/\/yoast.com\/product\/yoast-seo-premium-wordpress\/ -->\n<title>\u00dcber uns - SWIFT - 100% battery driven home lifts<\/title>\n<meta name=\"description\" content=\"SWIFT ist eine schwedische Homelift-Marke mit dem Anspruch, das Leben nachhaltiger, komfortabler und unterhaltsamer zu gestalten. Genie\u00dfen Sie stilvolle Mobilit\u00e4t in Ihrem Zuhause \u2013 \u00fcber viele Jahre hinweg.\" \/>\n<meta name=\"robots\" content=\"index, follow, max-snippet:-1, max-image-preview:large, max-video-preview:-1\" \/>\n<link rel=\"canonical\" href=\"https:\/\/swiftlifts.com\/de\/uber-uns\/\" \/>\n<meta property=\"og:locale\" content=\"de_DE\" \/>\n<meta property=\"og:type\" content=\"article\" \/>\n<meta property=\"og:title\" content=\"\u00dcber uns\" \/>\n<meta property=\"og:description\" content=\"SWIFT ist eine schwedische Homelift-Marke mit dem Anspruch, das Leben nachhaltiger, komfortabler und unterhaltsamer zu gestalten. Genie\u00dfen Sie stilvolle Mobilit\u00e4t in Ihrem Zuhause \u2013 \u00fcber viele Jahre hinweg.\" \/>\n<meta property=\"og:url\" content=\"https:\/\/swiftlifts.com\/de\/uber-uns\/\" \/>\n<meta property=\"og:site_name\" content=\"SWIFT - 100% battery driven home lifts\" \/>\n<meta property=\"article:publisher\" content=\"https:\/\/www.facebook.com\/swifthomelifts\" \/>\n<meta property=\"article:modified_time\" content=\"2025-11-28T11:11:53+00:00\" \/>\n<meta name=\"twitter:card\" content=\"summary_large_image\" \/>\n<meta name=\"twitter:label1\" content=\"Gesch\u00e4tzte Lesezeit\" \/>\n\t<meta name=\"twitter:data1\" content=\"1\u00a0Minute\" \/>\n<script type=\"application\/ld+json\" class=\"yoast-schema-graph\">{\"@context\":\"https:\\\/\\\/schema.org\",\"@graph\":[{\"@type\":\"WebPage\",\"@id\":\"https:\\\/\\\/swiftlifts.com\\\/de\\\/uber-uns\\\/\",\"url\":\"https:\\\/\\\/swiftlifts.com\\\/de\\\/uber-uns\\\/\",\"name\":\"\u00dcber uns - SWIFT - 100% battery driven home lifts\",\"isPartOf\":{\"@id\":\"https:\\\/\\\/swiftlifts.com\\\/de\\\/#website\"},\"datePublished\":\"2025-07-09T16:40:12+00:00\",\"dateModified\":\"2025-11-28T11:11:53+00:00\",\"description\":\"SWIFT ist eine schwedische Homelift-Marke mit dem Anspruch, das Leben nachhaltiger, komfortabler und unterhaltsamer zu gestalten. Genie\u00dfen Sie stilvolle Mobilit\u00e4t in Ihrem Zuhause \u2013 \u00fcber viele Jahre hinweg.\",\"breadcrumb\":{\"@id\":\"https:\\\/\\\/swiftlifts.com\\\/de\\\/uber-uns\\\/#breadcrumb\"},\"inLanguage\":\"de\",\"potentialAction\":[{\"@type\":\"ReadAction\",\"target\":[\"https:\\\/\\\/swiftlifts.com\\\/de\\\/uber-uns\\\/\"]}]},{\"@type\":\"BreadcrumbList\",\"@id\":\"https:\\\/\\\/swiftlifts.com\\\/de\\\/uber-uns\\\/#breadcrumb\",\"itemListElement\":[{\"@type\":\"ListItem\",\"position\":1,\"name\":\"Home\",\"item\":\"https:\\\/\\\/swiftlifts.com\\\/de\\\/\"},{\"@type\":\"ListItem\",\"position\":2,\"name\":\"\u00dcber uns\"}]},{\"@type\":\"WebSite\",\"@id\":\"https:\\\/\\\/swiftlifts.com\\\/de\\\/#website\",\"url\":\"https:\\\/\\\/swiftlifts.com\\\/de\\\/\",\"name\":\"SWIFT - 100% battery driven home lifts\",\"description\":\"NEW WAYS TO MOVE\",\"publisher\":{\"@id\":\"https:\\\/\\\/swiftlifts.com\\\/de\\\/#organization\"},\"potentialAction\":[{\"@type\":\"SearchAction\",\"target\":{\"@type\":\"EntryPoint\",\"urlTemplate\":\"https:\\\/\\\/swiftlifts.com\\\/de\\\/?s={search_term_string}\"},\"query-input\":{\"@type\":\"PropertyValueSpecification\",\"valueRequired\":true,\"valueName\":\"search_term_string\"}}],\"inLanguage\":\"de\"},{\"@type\":\"Organization\",\"@id\":\"https:\\\/\\\/swiftlifts.com\\\/de\\\/#organization\",\"name\":\"SWIFT Home Lifts\",\"url\":\"https:\\\/\\\/swiftlifts.com\\\/de\\\/\",\"logo\":{\"@type\":\"ImageObject\",\"inLanguage\":\"de\",\"@id\":\"https:\\\/\\\/swiftlifts.com\\\/de\\\/#\\\/schema\\\/logo\\\/image\\\/\",\"url\":\"https:\\\/\\\/swiftlifts.com\\\/wp-content\\\/uploads\\\/2025\\\/03\\\/cropped-SWIFT-Logo-Google.jpg\",\"contentUrl\":\"https:\\\/\\\/swiftlifts.com\\\/wp-content\\\/uploads\\\/2025\\\/03\\\/cropped-SWIFT-Logo-Google.jpg\",\"width\":512,\"height\":512,\"caption\":\"SWIFT Home Lifts\"},\"image\":{\"@id\":\"https:\\\/\\\/swiftlifts.com\\\/de\\\/#\\\/schema\\\/logo\\\/image\\\/\"},\"sameAs\":[\"https:\\\/\\\/www.facebook.com\\\/swifthomelifts\",\"https:\\\/\\\/www.instagram.com\\\/swifthomelifts\\\/\",\"https:\\\/\\\/www.linkedin.com\\\/company\\\/swifthomelifts\\\/\",\"https:\\\/\\\/www.pinterest.se\\\/swifthomelifts\\\/\",\"https:\\\/\\\/www.youtube.com\\\/@swift5669\"]}]}<\/script>\n<!-- \/ Yoast SEO Premium plugin. -->","yoast_head_json":{"title":"\u00dcber uns - SWIFT - 100% battery driven home lifts","description":"SWIFT ist eine schwedische Homelift-Marke mit dem Anspruch, das Leben nachhaltiger, komfortabler und unterhaltsamer zu gestalten. Genie\u00dfen Sie stilvolle Mobilit\u00e4t in Ihrem Zuhause \u2013 \u00fcber viele Jahre hinweg.","robots":{"index":"index","follow":"follow","max-snippet":"max-snippet:-1","max-image-preview":"max-image-preview:large","max-video-preview":"max-video-preview:-1"},"canonical":"https:\/\/swiftlifts.com\/de\/uber-uns\/","og_locale":"de_DE","og_type":"article","og_title":"\u00dcber uns","og_description":"SWIFT ist eine schwedische Homelift-Marke mit dem Anspruch, das Leben nachhaltiger, komfortabler und unterhaltsamer zu gestalten. Genie\u00dfen Sie stilvolle Mobilit\u00e4t in Ihrem Zuhause \u2013 \u00fcber viele Jahre hinweg.","og_url":"https:\/\/swiftlifts.com\/de\/uber-uns\/","og_site_name":"SWIFT - 100% battery driven home lifts","article_publisher":"https:\/\/www.facebook.com\/swifthomelifts","article_modified_time":"2025-11-28T11:11:53+00:00","twitter_card":"summary_large_image","twitter_misc":{"Gesch\u00e4tzte Lesezeit":"1\u00a0Minute"},"schema":{"@context":"https:\/\/schema.org","@graph":[{"@type":"WebPage","@id":"https:\/\/swiftlifts.com\/de\/uber-uns\/","url":"https:\/\/swiftlifts.com\/de\/uber-uns\/","name":"\u00dcber uns - SWIFT - 100% battery driven home lifts","isPartOf":{"@id":"https:\/\/swiftlifts.com\/de\/#website"},"datePublished":"2025-07-09T16:40:12+00:00","dateModified":"2025-11-28T11:11:53+00:00","description":"SWIFT ist eine schwedische Homelift-Marke mit dem Anspruch, das Leben nachhaltiger, komfortabler und unterhaltsamer zu gestalten. Genie\u00dfen Sie stilvolle Mobilit\u00e4t in Ihrem Zuhause \u2013 \u00fcber viele Jahre hinweg.","breadcrumb":{"@id":"https:\/\/swiftlifts.com\/de\/uber-uns\/#breadcrumb"},"inLanguage":"de","potentialAction":[{"@type":"ReadAction","target":["https:\/\/swiftlifts.com\/de\/uber-uns\/"]}]},{"@type":"BreadcrumbList","@id":"https:\/\/swiftlifts.com\/de\/uber-uns\/#breadcrumb","itemListElement":[{"@type":"ListItem","position":1,"name":"Home","item":"https:\/\/swiftlifts.com\/de\/"},{"@type":"ListItem","position":2,"name":"\u00dcber uns"}]},{"@type":"WebSite","@id":"https:\/\/swiftlifts.com\/de\/#website","url":"https:\/\/swiftlifts.com\/de\/","name":"SWIFT - 100% battery driven home lifts","description":"NEW WAYS TO MOVE","publisher":{"@id":"https:\/\/swiftlifts.com\/de\/#organization"},"potentialAction":[{"@type":"SearchAction","target":{"@type":"EntryPoint","urlTemplate":"https:\/\/swiftlifts.com\/de\/?s={search_term_string}"},"query-input":{"@type":"PropertyValueSpecification","valueRequired":true,"valueName":"search_term_string"}}],"inLanguage":"de"},{"@type":"Organization","@id":"https:\/\/swiftlifts.com\/de\/#organization","name":"SWIFT Home Lifts","url":"https:\/\/swiftlifts.com\/de\/","logo":{"@type":"ImageObject","inLanguage":"de","@id":"https:\/\/swiftlifts.com\/de\/#\/schema\/logo\/image\/","url":"https:\/\/swiftlifts.com\/wp-content\/uploads\/2025\/03\/cropped-SWIFT-Logo-Google.jpg","contentUrl":"https:\/\/swiftlifts.com\/wp-content\/uploads\/2025\/03\/cropped-SWIFT-Logo-Google.jpg","width":512,"height":512,"caption":"SWIFT Home Lifts"},"image":{"@id":"https:\/\/swiftlifts.com\/de\/#\/schema\/logo\/image\/"},"sameAs":["https:\/\/www.facebook.com\/swifthomelifts","https:\/\/www.instagram.com\/swifthomelifts\/","https:\/\/www.linkedin.com\/company\/swifthomelifts\/","https:\/\/www.pinterest.se\/swifthomelifts\/","https:\/\/www.youtube.com\/@swift5669"]}]}},"_links":{"self":[{"href":"https:\/\/swiftlifts.com\/de\/wp-json\/wp\/v2\/pages\/49521","targetHints":{"allow":["GET"]}}],"collection":[{"href":"https:\/\/swiftlifts.com\/de\/wp-json\/wp\/v2\/pages"}],"about":[{"href":"https:\/\/swiftlifts.com\/de\/wp-json\/wp\/v2\/types\/page"}],"author":[{"embeddable":true,"href":"https:\/\/swiftlifts.com\/de\/wp-json\/wp\/v2\/users\/1"}],"replies":[{"embeddable":true,"href":"https:\/\/swiftlifts.com\/de\/wp-json\/wp\/v2\/comments?post=49521"}],"version-history":[{"count":1,"href":"https:\/\/swiftlifts.com\/de\/wp-json\/wp\/v2\/pages\/49521\/revisions"}],"predecessor-version":[{"id":54330,"href":"https:\/\/swiftlifts.com\/de\/wp-json\/wp\/v2\/pages\/49521\/revisions\/54330"}],"wp:attachment":[{"href":"https:\/\/swiftlifts.com\/de\/wp-json\/wp\/v2\/media?parent=49521"}],"curies":[{"name":"wp","href":"https:\/\/api.w.org\/{rel}","templated":true}]}}