{"id":49501,"date":"2025-07-04T14:00:25","date_gmt":"2025-07-04T14:00:25","guid":{"rendered":"https:\/\/swiftlifts.com\/produkte\/"},"modified":"2025-11-29T20:04:33","modified_gmt":"2025-11-29T20:04:33","slug":"produkte","status":"publish","type":"page","link":"https:\/\/swiftlifts.com\/de\/produkte\/","title":{"rendered":"Produkte"},"content":{"rendered":"\n\t<section class=\"section show-for-medium\" id=\"section_632955261\">\n\t\t<div class=\"section-bg fill\" >\n\t\t\t\t\t\t\t\t\t\n\t\t\t\n\n\t\t<\/div>\n\n\t\t\n\n\t\t<div class=\"section-content relative\">\n\t\t\t\n<div class=\"row\"  id=\"row-1649245544\">\n\n\t<div id=\"col-1413071807\" class=\"col medium-4 small-12 large-4\"  >\n\t\t\t\t<div class=\"col-inner\"  >\n\t\t\t\n\t\t\t\n\t\t<\/div>\n\t\t\t\t\n<style>\n#col-1413071807 > .col-inner {\n  margin: 0px 0px 0px 0px;\n}\n<\/style>\n\t<\/div>\n\n\t\n<\/div>\n\t\t<\/div>\n\n\t\t\n<style>\n#section_632955261 {\n  padding-top: 30px;\n  padding-bottom: 30px;\n  background-color: rgb(250, 245, 242);\n}\n<\/style>\n\t<\/section>\n\t\n\n\t<section class=\"section products-page dark hide-for-medium is-full-height\" id=\"section_1337795247\">\n\t\t<div class=\"section-bg fill\" >\n\t\t\t<img loading=\"lazy\" decoding=\"async\" width=\"1920\" height=\"1080\" src=\"https:\/\/swiftlifts.com\/wp-content\/uploads\/2022\/09\/Lotti_Cartoon_Seq_000001.jpeg\" class=\"bg attachment- size-\" alt=\"Lotti Cartoon Seq\" \/>\t\t\t\t\t\t\n\t\t\t\n\n\t\t<\/div>\n\n\t\t\n\n\t\t<div class=\"section-content relative\">\n\t\t\t\n<div class=\"row align-middle\" style=\"max-width:90%\" id=\"row-1315283415\">\n\n\t<div id=\"col-1423035089\" class=\"col medium-3 small-12 large-3\"  >\n\t\t\t\t<div class=\"col-inner text-left\"  >\n\t\t\t\n\t\t\t\n\t<div id=\"text-2783865474\" class=\"text\">\n\t\t\n<h1>SWIFT Pro<\/h1>\n\t\t\n<style>\n#text-2783865474 {\n  font-size: 1.9rem;\n  color: #ff9196;\n}\n#text-2783865474 > * {\n  color: #ff9196;\n}\n<\/style>\n\t<\/div>\n\t\n\t<div id=\"text-2323659863\" class=\"text\">\n\t\t\n\t\t\n<style>\n#text-2323659863 {\n  font-size: 2.25rem;\n  color: rgb(255, 201, 189);\n}\n#text-2323659863 > * {\n  color: rgb(255, 201, 189);\n}\n<\/style>\n\t<\/div>\n\t\n\t\t<\/div>\n\t\t\t\t\t<\/div>\n\n\t\n\n\t<div id=\"col-525246068\" class=\"col medium-6 small-12 large-6\"  >\n\t\t\t\t<div class=\"col-inner text-left\"  >\n\t\t\t\n\t\t\t\n\t\t<\/div>\n\t\t\t\t\t<\/div>\n\n\t\n\n\t<div id=\"col-1043386930\" class=\"col medium-3 small-12 large-3\"  >\n\t\t\t\t<div class=\"col-inner text-left\"  >\n\t\t\t\n\t\t\t\n\t<div id=\"text-2455951508\" class=\"text\">\n\t\t\n<h2>SWIFT Lite<\/h2>\n\t\t\n<style>\n#text-2455951508 {\n  font-size: 1.9rem;\n  color: #1d627a;\n}\n#text-2455951508 > * {\n  color: #1d627a;\n}\n<\/style>\n\t<\/div>\n\t\n\t<div id=\"text-3660937708\" class=\"text\">\n\t\t\n\t\t\n<style>\n#text-3660937708 {\n  font-size: 2.25rem;\n  color: rgb(255,255,255);\n}\n#text-3660937708 > * {\n  color: rgb(255,255,255);\n}\n<\/style>\n\t<\/div>\n\t\n\t\t<\/div>\n\t\t\t\t\n<style>\n#col-1043386930 > .col-inner {\n  padding: 0px 0px 0px 30px;\n  margin: 0px 0px 0px 0;\n}\n<\/style>\n\t<\/div>\n\n\t\n<\/div>\n<div class=\"row align-middle\" style=\"max-width:90%\" id=\"row-988402754\">\n\n\t<div id=\"col-210495725\" class=\"col medium-3 small-12 large-3\"  >\n\t\t\t\t<div class=\"col-inner text-left\"  >\n\t\t\t\n\t\t\t\n\t<div id=\"text-2729975665\" class=\"text\">\n\t\t\n<h4>Der modernste und fortschrittlichste Homelift auf dem Markt.<\/h4>\n\t\t\n<style>\n#text-2729975665 {\n  font-size: 1.5rem;\n  color: #ffffff;\n}\n#text-2729975665 > * {\n  color: #ffffff;\n}\n<\/style>\n\t<\/div>\n\t\n\t\t<\/div>\n\t\t\t\t\t<\/div>\n\n\t\n\n\t<div id=\"col-118242192\" class=\"col medium-6 small-12 large-6\"  >\n\t\t\t\t<div class=\"col-inner text-left\"  >\n\t\t\t\n\t\t\t\n\t\t<\/div>\n\t\t\t\t\t<\/div>\n\n\t\n\n\t<div id=\"col-581097525\" class=\"col medium-3 small-12 large-3\"  >\n\t\t\t\t<div class=\"col-inner text-left\"  >\n\t\t\t\n\t\t\t\n\t<div id=\"text-454739397\" class=\"text\">\n\t\t\n<h4>Ein kleiner Homelift f\u00fcr ein kleineres Budget.<\/h4>\n\t\t\n<style>\n#text-454739397 {\n  font-size: 1.5rem;\n}\n<\/style>\n\t<\/div>\n\t\n\t\t<\/div>\n\t\t\t\t\n<style>\n#col-581097525 > .col-inner {\n  padding: 0px 0px 0px 30px;\n  margin: 0px 0px 0px 0;\n}\n<\/style>\n\t<\/div>\n\n\t\n<\/div>\n<div class=\"row align-middle\" style=\"max-width:90%\" id=\"row-1124809690\">\n\n\t<div id=\"col-289522412\" class=\"col medium-3 small-12 large-3\"  >\n\t\t\t\t<div class=\"col-inner text-left\"  >\n\t\t\t\n\t\t\t\n<a href=\"https:\/\/swiftlifts.com\/en\/products\/swift-pro-residential-lift\/\" class=\"button primary lowercase arrow-icon-button-nordic-sunset-lottie\" >\n\t\t<span>SWIFT Pro<\/span>\n\t<\/a>\n\n\t\t<\/div>\n\t\t\t\t\t<\/div>\n\n\t\n\n\t<div id=\"col-2109382064\" class=\"col medium-6 small-12 large-6\"  >\n\t\t\t\t<div class=\"col-inner text-left\"  >\n\t\t\t\n\t\t\t\n\t\t<\/div>\n\t\t\t\t\t<\/div>\n\n\t\n\n\t<div id=\"col-782214045\" class=\"col medium-3 small-12 large-3\"  >\n\t\t\t\t<div class=\"col-inner text-left\"  >\n\t\t\t\n\t\t\t\n<a href=\"https:\/\/swiftlifts.com\/en\/products\/swift-lite-a-small-house-lift\/\" class=\"button primary lowercase arrow-icon-button-teal\" >\n\t\t<span>SWIFT Lite<\/span>\n\t<\/a>\n\n\t\t<\/div>\n\t\t\t\t\n<style>\n#col-782214045 > .col-inner {\n  padding: 0px 0px 0px 30px;\n  margin: 0px 0px 0px 0px;\n}\n<\/style>\n\t<\/div>\n\n\t\n<\/div>\n\t\t<\/div>\n\n\t\t\n<style>\n#section_1337795247 {\n  padding-top: 0px;\n  padding-bottom: 0px;\n  min-height: 100vh;\n  background-color: rgb(0, 0, 0);\n}\n<\/style>\n\t<\/section>\n\t\n\n\t<section class=\"section show-for-medium\" id=\"section_1707351060\">\n\t\t<div class=\"section-bg fill\" >\n\t\t\t\t\t\t\t\t\t\n\t\t\t\n\n\t\t<\/div>\n\n\t\t\n\n\t\t<div class=\"section-content relative\">\n\t\t\t\n<div class=\"row\"  id=\"row-1533575291\">\n\n\t<div id=\"col-2063531351\" class=\"col medium-5 small-12 large-5\"  >\n\t\t\t\t<div class=\"col-inner text-left\"  >\n\t\t\t\n\t\t\t\n\t<div id=\"text-1910430418\" class=\"text\">\n\t\t\n<h2>SWIFT Pro<\/h2>\n\t\t\n<style>\n#text-1910430418 {\n  font-size: 3rem;\n  color: rgb(255, 145, 150);\n}\n#text-1910430418 > * {\n  color: rgb(255, 145, 150);\n}\n<\/style>\n\t<\/div>\n\t\n\t<div id=\"text-4010030495\" class=\"text\">\n\t\t\n<h4>Der modernste und fortschrittlichste Homelift auf dem Markt.<\/h4>\n\t\t\n<style>\n#text-4010030495 {\n  font-size: 2rem;\n  color: #ff9196;\n}\n#text-4010030495 > * {\n  color: #ff9196;\n}\n<\/style>\n\t<\/div>\n\t\n\t\t<\/div>\n\t\t\t\t\t<\/div>\n\n\t\n\n\t<div id=\"col-1888753763\" class=\"col medium-2 small-12 large-2\"  >\n\t\t\t\t<div class=\"col-inner text-left\"  >\n\t\t\t\n\t\t\t\n<a href=\"https:\/\/swiftlifts.com\/swift-pro\/\" class=\"button primary is-outline lowercase\" >\n\t\t<span>SWIFT Pro<\/span>\n\t<i class=\"icon-angle-right\" aria-hidden=\"true\"><\/i><\/a>\n\n\t\t<\/div>\n\t\t\t\t\t<\/div>\n\n\t\n<\/div>\n\t\t<\/div>\n\n\t\t\n<style>\n#section_1707351060 {\n  padding-top: 30px;\n  padding-bottom: 30px;\n  min-height: 500px;\n  background-color: rgb(250, 245, 242);\n}\n<\/style>\n\t<\/section>\n\t\n\n\t<section class=\"section show-for-medium\" id=\"section_158125534\">\n\t\t<div class=\"section-bg fill\" >\n\t\t\t<img loading=\"lazy\" decoding=\"async\" width=\"960\" height=\"1080\" src=\"https:\/\/swiftlifts.com\/wp-content\/uploads\/2022\/06\/pro.jpg\" class=\"bg attachment- size-\" alt=\"SWIFT Pro\" \/>\t\t\t\t\t\t\n\t\t\t\n\n\t\t<\/div>\n\n\t\t\n\n\t\t<div class=\"section-content relative\">\n\t\t\t\n\t\t<\/div>\n\n\t\t\n<style>\n#section_158125534 {\n  padding-top: 200px;\n  padding-bottom: 200px;\n}\n@media (min-width:550px) {\n  #section_158125534 {\n    padding-top: 30px;\n    padding-bottom: 30px;\n  }\n}\n<\/style>\n\t<\/section>\n\t\n\n\t<section class=\"section show-for-medium\" id=\"section_776735719\">\n\t\t<div class=\"section-bg fill\" >\n\t\t\t\t\t\t\t\t\t\n\t\t\t\n\n\t\t<\/div>\n\n\t\t\n\n\t\t<div class=\"section-content relative\">\n\t\t\t\n<div class=\"row\"  id=\"row-1544661556\">\n\n\t<div id=\"col-1650775528\" class=\"col medium-5 small-12 large-5\"  >\n\t\t\t\t<div class=\"col-inner text-left\"  >\n\t\t\t\n\t\t\t\n\t<div id=\"text-210379307\" class=\"text\">\n\t\t\n<h2>SWIFT Lite<\/h2>\n\t\t\n<style>\n#text-210379307 {\n  font-size: 3rem;\n}\n<\/style>\n\t<\/div>\n\t\n\t<div id=\"text-3504098521\" class=\"text\">\n\t\t\n<h4>Ein kleiner Homelift f\u00fcr ein kleineres Budget.<\/h4>\n\t\t\n<style>\n#text-3504098521 {\n  font-size: 2rem;\n}\n<\/style>\n\t<\/div>\n\t\n\t\t<\/div>\n\t\t\t\t\n<style>\n#col-1650775528 > .col-inner {\n  margin: 50px 0px 0px 0px;\n}\n<\/style>\n\t<\/div>\n\n\t\n\n\t<div id=\"col-302169288\" class=\"col medium-2 small-12 large-2\"  >\n\t\t\t\t<div class=\"col-inner text-left\"  >\n\t\t\t\n\t\t\t\n<a href=\"https:\/\/swiftlifts.com\/swift-lite\/\" class=\"button primary is-outline lowercase\" >\n\t\t<span>SWIFT Lite<\/span>\n\t<i class=\"icon-angle-right\" aria-hidden=\"true\"><\/i><\/a>\n\n\t\t<\/div>\n\t\t\t\t\t<\/div>\n\n\t\n<\/div>\n\t\t<\/div>\n\n\t\t\n<style>\n#section_776735719 {\n  padding-top: 30px;\n  padding-bottom: 30px;\n  min-height: 500px;\n  background-color: rgb(250, 245, 242);\n}\n<\/style>\n\t<\/section>\n\t\n\n\t<section class=\"section show-for-medium\" id=\"section_253583945\">\n\t\t<div class=\"section-bg fill\" >\n\t\t\t<img loading=\"lazy\" decoding=\"async\" width=\"960\" height=\"1080\" src=\"https:\/\/swiftlifts.com\/wp-content\/uploads\/2022\/06\/lite.jpg\" class=\"bg attachment- size-\" alt=\"SWIFT Lite\" \/>\t\t\t\t\t\t\n\t\t\t\n\n\t\t<\/div>\n\n\t\t\n\n\t\t<div class=\"section-content relative\">\n\t\t\t\n\t\t<\/div>\n\n\t\t\n<style>\n#section_253583945 {\n  padding-top: 200px;\n  padding-bottom: 200px;\n}\n@media (min-width:550px) {\n  #section_253583945 {\n    padding-top: 30px;\n    padding-bottom: 30px;\n  }\n}\n<\/style>\n\t<\/section>\n\t\n","protected":false},"excerpt":{"rendered":"","protected":false},"author":6,"featured_media":49502,"parent":0,"menu_order":0,"comment_status":"closed","ping_status":"closed","template":"page-transparent-header.php","meta":{"_acf_changed":false,"content-type":"","footnotes":""},"class_list":["post-49501","page","type-page","status-publish","has-post-thumbnail","hentry"],"acf":[],"yoast_head":"<!-- This site is optimized with the Yoast SEO Premium plugin v27.3 (Yoast SEO v27.4) - https:\/\/yoast.com\/product\/yoast-seo-premium-wordpress\/ -->\n<title>Homelifte f\u00fcr den privaten Gebrauch - swiftlifts.com<\/title>\n<meta name=\"description\" content=\"Personenlifte f\u00fcr den Heimgebrauch stehen f\u00fcr die Zukunft stilvollen und komfortablen Wohnens. Entdecken Sie unseren SWIFT Pro sowie die preisg\u00fcnstigere Variante SWIFT Lite\" \/>\n<meta name=\"robots\" content=\"index, follow, max-snippet:-1, max-image-preview:large, max-video-preview:-1\" \/>\n<link rel=\"canonical\" href=\"https:\/\/swiftlifts.com\/de\/produkte\/\" \/>\n<meta property=\"og:locale\" content=\"de_DE\" \/>\n<meta property=\"og:type\" content=\"article\" \/>\n<meta property=\"og:title\" content=\"Produkte\" \/>\n<meta property=\"og:description\" content=\"Personenlifte f\u00fcr den Heimgebrauch stehen f\u00fcr die Zukunft stilvollen und komfortablen Wohnens. Entdecken Sie unseren SWIFT Pro sowie die preisg\u00fcnstigere Variante SWIFT Lite\" \/>\n<meta property=\"og:url\" content=\"https:\/\/swiftlifts.com\/de\/produkte\/\" \/>\n<meta property=\"og:site_name\" content=\"SWIFT - 100% battery driven home lifts\" \/>\n<meta property=\"article:publisher\" content=\"https:\/\/www.facebook.com\/swifthomelifts\" \/>\n<meta property=\"article:modified_time\" content=\"2025-11-29T20:04:33+00:00\" \/>\n<meta property=\"og:image\" content=\"https:\/\/swiftlifts.com\/wp-content\/uploads\/2022\/06\/5-2.jpg\" \/>\n\t<meta property=\"og:image:width\" content=\"800\" \/>\n\t<meta property=\"og:image:height\" content=\"950\" \/>\n\t<meta property=\"og:image:type\" content=\"image\/jpeg\" \/>\n<meta name=\"twitter:card\" content=\"summary_large_image\" \/>\n<meta name=\"twitter:label1\" content=\"Gesch\u00e4tzte Lesezeit\" \/>\n\t<meta name=\"twitter:data1\" content=\"2\u00a0Minuten\" \/>\n<script type=\"application\/ld+json\" class=\"yoast-schema-graph\">{\"@context\":\"https:\\\/\\\/schema.org\",\"@graph\":[{\"@type\":\"WebPage\",\"@id\":\"https:\\\/\\\/swiftlifts.com\\\/de\\\/produkte\\\/\",\"url\":\"https:\\\/\\\/swiftlifts.com\\\/de\\\/produkte\\\/\",\"name\":\"Homelifte f\u00fcr den privaten Gebrauch - swiftlifts.com\",\"isPartOf\":{\"@id\":\"https:\\\/\\\/swiftlifts.com\\\/de\\\/#website\"},\"primaryImageOfPage\":{\"@id\":\"https:\\\/\\\/swiftlifts.com\\\/de\\\/produkte\\\/#primaryimage\"},\"image\":{\"@id\":\"https:\\\/\\\/swiftlifts.com\\\/de\\\/produkte\\\/#primaryimage\"},\"thumbnailUrl\":\"https:\\\/\\\/swiftlifts.com\\\/wp-content\\\/uploads\\\/2022\\\/06\\\/5-2.jpg\",\"datePublished\":\"2025-07-04T14:00:25+00:00\",\"dateModified\":\"2025-11-29T20:04:33+00:00\",\"description\":\"Personenlifte f\u00fcr den Heimgebrauch stehen f\u00fcr die Zukunft stilvollen und komfortablen Wohnens. Entdecken Sie unseren SWIFT Pro sowie die preisg\u00fcnstigere Variante SWIFT Lite\",\"breadcrumb\":{\"@id\":\"https:\\\/\\\/swiftlifts.com\\\/de\\\/produkte\\\/#breadcrumb\"},\"inLanguage\":\"de\",\"potentialAction\":[{\"@type\":\"ReadAction\",\"target\":[\"https:\\\/\\\/swiftlifts.com\\\/de\\\/produkte\\\/\"]}]},{\"@type\":\"ImageObject\",\"inLanguage\":\"de\",\"@id\":\"https:\\\/\\\/swiftlifts.com\\\/de\\\/produkte\\\/#primaryimage\",\"url\":\"https:\\\/\\\/swiftlifts.com\\\/wp-content\\\/uploads\\\/2022\\\/06\\\/5-2.jpg\",\"contentUrl\":\"https:\\\/\\\/swiftlifts.com\\\/wp-content\\\/uploads\\\/2022\\\/06\\\/5-2.jpg\",\"width\":800,\"height\":950,\"caption\":\"Personal lifts for home use from SWIFT\"},{\"@type\":\"BreadcrumbList\",\"@id\":\"https:\\\/\\\/swiftlifts.com\\\/de\\\/produkte\\\/#breadcrumb\",\"itemListElement\":[{\"@type\":\"ListItem\",\"position\":1,\"name\":\"Home\",\"item\":\"https:\\\/\\\/swiftlifts.com\\\/de\\\/\"},{\"@type\":\"ListItem\",\"position\":2,\"name\":\"Produkte\"}]},{\"@type\":\"WebSite\",\"@id\":\"https:\\\/\\\/swiftlifts.com\\\/de\\\/#website\",\"url\":\"https:\\\/\\\/swiftlifts.com\\\/de\\\/\",\"name\":\"SWIFT - 100% battery driven home lifts\",\"description\":\"NEW WAYS TO MOVE\",\"publisher\":{\"@id\":\"https:\\\/\\\/swiftlifts.com\\\/de\\\/#organization\"},\"potentialAction\":[{\"@type\":\"SearchAction\",\"target\":{\"@type\":\"EntryPoint\",\"urlTemplate\":\"https:\\\/\\\/swiftlifts.com\\\/de\\\/?s={search_term_string}\"},\"query-input\":{\"@type\":\"PropertyValueSpecification\",\"valueRequired\":true,\"valueName\":\"search_term_string\"}}],\"inLanguage\":\"de\"},{\"@type\":\"Organization\",\"@id\":\"https:\\\/\\\/swiftlifts.com\\\/de\\\/#organization\",\"name\":\"SWIFT Home Lifts\",\"url\":\"https:\\\/\\\/swiftlifts.com\\\/de\\\/\",\"logo\":{\"@type\":\"ImageObject\",\"inLanguage\":\"de\",\"@id\":\"https:\\\/\\\/swiftlifts.com\\\/de\\\/#\\\/schema\\\/logo\\\/image\\\/\",\"url\":\"https:\\\/\\\/swiftlifts.com\\\/wp-content\\\/uploads\\\/2025\\\/03\\\/cropped-SWIFT-Logo-Google.jpg\",\"contentUrl\":\"https:\\\/\\\/swiftlifts.com\\\/wp-content\\\/uploads\\\/2025\\\/03\\\/cropped-SWIFT-Logo-Google.jpg\",\"width\":512,\"height\":512,\"caption\":\"SWIFT Home Lifts\"},\"image\":{\"@id\":\"https:\\\/\\\/swiftlifts.com\\\/de\\\/#\\\/schema\\\/logo\\\/image\\\/\"},\"sameAs\":[\"https:\\\/\\\/www.facebook.com\\\/swifthomelifts\",\"https:\\\/\\\/www.instagram.com\\\/swifthomelifts\\\/\",\"https:\\\/\\\/www.linkedin.com\\\/company\\\/swifthomelifts\\\/\",\"https:\\\/\\\/www.pinterest.se\\\/swifthomelifts\\\/\",\"https:\\\/\\\/www.youtube.com\\\/@swift5669\"]}]}<\/script>\n<!-- \/ Yoast SEO Premium plugin. -->","yoast_head_json":{"title":"Homelifte f\u00fcr den privaten Gebrauch - swiftlifts.com","description":"Personenlifte f\u00fcr den Heimgebrauch stehen f\u00fcr die Zukunft stilvollen und komfortablen Wohnens. Entdecken Sie unseren SWIFT Pro sowie die preisg\u00fcnstigere Variante SWIFT Lite","robots":{"index":"index","follow":"follow","max-snippet":"max-snippet:-1","max-image-preview":"max-image-preview:large","max-video-preview":"max-video-preview:-1"},"canonical":"https:\/\/swiftlifts.com\/de\/produkte\/","og_locale":"de_DE","og_type":"article","og_title":"Produkte","og_description":"Personenlifte f\u00fcr den Heimgebrauch stehen f\u00fcr die Zukunft stilvollen und komfortablen Wohnens. Entdecken Sie unseren SWIFT Pro sowie die preisg\u00fcnstigere Variante SWIFT Lite","og_url":"https:\/\/swiftlifts.com\/de\/produkte\/","og_site_name":"SWIFT - 100% battery driven home lifts","article_publisher":"https:\/\/www.facebook.com\/swifthomelifts","article_modified_time":"2025-11-29T20:04:33+00:00","og_image":[{"width":800,"height":950,"url":"https:\/\/swiftlifts.com\/wp-content\/uploads\/2022\/06\/5-2.jpg","type":"image\/jpeg"}],"twitter_card":"summary_large_image","twitter_misc":{"Gesch\u00e4tzte Lesezeit":"2\u00a0Minuten"},"schema":{"@context":"https:\/\/schema.org","@graph":[{"@type":"WebPage","@id":"https:\/\/swiftlifts.com\/de\/produkte\/","url":"https:\/\/swiftlifts.com\/de\/produkte\/","name":"Homelifte f\u00fcr den privaten Gebrauch - swiftlifts.com","isPartOf":{"@id":"https:\/\/swiftlifts.com\/de\/#website"},"primaryImageOfPage":{"@id":"https:\/\/swiftlifts.com\/de\/produkte\/#primaryimage"},"image":{"@id":"https:\/\/swiftlifts.com\/de\/produkte\/#primaryimage"},"thumbnailUrl":"https:\/\/swiftlifts.com\/wp-content\/uploads\/2022\/06\/5-2.jpg","datePublished":"2025-07-04T14:00:25+00:00","dateModified":"2025-11-29T20:04:33+00:00","description":"Personenlifte f\u00fcr den Heimgebrauch stehen f\u00fcr die Zukunft stilvollen und komfortablen Wohnens. Entdecken Sie unseren SWIFT Pro sowie die preisg\u00fcnstigere Variante SWIFT Lite","breadcrumb":{"@id":"https:\/\/swiftlifts.com\/de\/produkte\/#breadcrumb"},"inLanguage":"de","potentialAction":[{"@type":"ReadAction","target":["https:\/\/swiftlifts.com\/de\/produkte\/"]}]},{"@type":"ImageObject","inLanguage":"de","@id":"https:\/\/swiftlifts.com\/de\/produkte\/#primaryimage","url":"https:\/\/swiftlifts.com\/wp-content\/uploads\/2022\/06\/5-2.jpg","contentUrl":"https:\/\/swiftlifts.com\/wp-content\/uploads\/2022\/06\/5-2.jpg","width":800,"height":950,"caption":"Personal lifts for home use from SWIFT"},{"@type":"BreadcrumbList","@id":"https:\/\/swiftlifts.com\/de\/produkte\/#breadcrumb","itemListElement":[{"@type":"ListItem","position":1,"name":"Home","item":"https:\/\/swiftlifts.com\/de\/"},{"@type":"ListItem","position":2,"name":"Produkte"}]},{"@type":"WebSite","@id":"https:\/\/swiftlifts.com\/de\/#website","url":"https:\/\/swiftlifts.com\/de\/","name":"SWIFT - 100% battery driven home lifts","description":"NEW WAYS TO MOVE","publisher":{"@id":"https:\/\/swiftlifts.com\/de\/#organization"},"potentialAction":[{"@type":"SearchAction","target":{"@type":"EntryPoint","urlTemplate":"https:\/\/swiftlifts.com\/de\/?s={search_term_string}"},"query-input":{"@type":"PropertyValueSpecification","valueRequired":true,"valueName":"search_term_string"}}],"inLanguage":"de"},{"@type":"Organization","@id":"https:\/\/swiftlifts.com\/de\/#organization","name":"SWIFT Home Lifts","url":"https:\/\/swiftlifts.com\/de\/","logo":{"@type":"ImageObject","inLanguage":"de","@id":"https:\/\/swiftlifts.com\/de\/#\/schema\/logo\/image\/","url":"https:\/\/swiftlifts.com\/wp-content\/uploads\/2025\/03\/cropped-SWIFT-Logo-Google.jpg","contentUrl":"https:\/\/swiftlifts.com\/wp-content\/uploads\/2025\/03\/cropped-SWIFT-Logo-Google.jpg","width":512,"height":512,"caption":"SWIFT Home Lifts"},"image":{"@id":"https:\/\/swiftlifts.com\/de\/#\/schema\/logo\/image\/"},"sameAs":["https:\/\/www.facebook.com\/swifthomelifts","https:\/\/www.instagram.com\/swifthomelifts\/","https:\/\/www.linkedin.com\/company\/swifthomelifts\/","https:\/\/www.pinterest.se\/swifthomelifts\/","https:\/\/www.youtube.com\/@swift5669"]}]}},"_links":{"self":[{"href":"https:\/\/swiftlifts.com\/de\/wp-json\/wp\/v2\/pages\/49501","targetHints":{"allow":["GET"]}}],"collection":[{"href":"https:\/\/swiftlifts.com\/de\/wp-json\/wp\/v2\/pages"}],"about":[{"href":"https:\/\/swiftlifts.com\/de\/wp-json\/wp\/v2\/types\/page"}],"author":[{"embeddable":true,"href":"https:\/\/swiftlifts.com\/de\/wp-json\/wp\/v2\/users\/6"}],"replies":[{"embeddable":true,"href":"https:\/\/swiftlifts.com\/de\/wp-json\/wp\/v2\/comments?post=49501"}],"version-history":[{"count":1,"href":"https:\/\/swiftlifts.com\/de\/wp-json\/wp\/v2\/pages\/49501\/revisions"}],"predecessor-version":[{"id":49520,"href":"https:\/\/swiftlifts.com\/de\/wp-json\/wp\/v2\/pages\/49501\/revisions\/49520"}],"wp:featuredmedia":[{"embeddable":true,"href":"https:\/\/swiftlifts.com\/de\/wp-json\/wp\/v2\/media\/49502"}],"wp:attachment":[{"href":"https:\/\/swiftlifts.com\/de\/wp-json\/wp\/v2\/media?parent=49501"}],"curies":[{"name":"wp","href":"https:\/\/api.w.org\/{rel}","templated":true}]}}