{"id":28678,"date":"2023-07-01T08:38:47","date_gmt":"2023-07-01T08:38:47","guid":{"rendered":"https:\/\/swiftlifts.com\/swift-portrait-thomas\/"},"modified":"2024-12-09T07:15:29","modified_gmt":"2024-12-09T07:15:29","slug":"swift-portrait-thomas","status":"publish","type":"page","link":"https:\/\/swiftlifts.com\/be\/swift-people\/swift-portrait-thomas\/","title":{"rendered":"SWIFT Portret &#8211; Thomas"},"content":{"rendered":"\n\t<section class=\"section\" id=\"section_927022761\">\n\t\t<div class=\"section-bg fill\" >\n\t\t\t\t\t\t\t\t\t\n\t\t\t\n\n\t\t<\/div>\n\n\t\t\n\n\t\t<div class=\"section-content relative\">\n\t\t\t\n<div class=\"row\"  id=\"row-1293481393\">\n\n\t<div id=\"col-1139574197\" class=\"col small-12 large-12\"  >\n\t\t\t\t<div class=\"col-inner\"  >\n\t\t\t\n\t\t\t\n\t\t<\/div>\n\t\t\t\t\t<\/div>\n\n\t\n<\/div>\n<div class=\"row align-center\" style=\"max-width:100%\" id=\"row-1734849855\">\n\n\t<div id=\"col-1678463479\" class=\"col medium-10 small-12 large-10\"  >\n\t\t\t\t<div class=\"col-inner\"  >\n\t\t\t\n\t\t\t\n\t<div id=\"text-712685987\" class=\"text\">\n\t\t\n<h1>Mensen van SWIFT &#8211; Thomas Janelid<\/h1>\n\t\t\n<style>\n#text-712685987 {\n  font-size: 1.75rem;\n  line-height: 0.75;\n  color: rgb(0, 10, 54);\n}\n#text-712685987 > * {\n  color: rgb(0, 10, 54);\n}\n<\/style>\n\t<\/div>\n\t\n\t<div id=\"text-3462761195\" class=\"text\">\n\t\t\n<p>Portret van de maand<br \/>\n\t\t\n<style>\n#text-3462761195 {\n  font-size: 1.6rem;\n  line-height: 0.75;\n}\n<\/style>\n\t<\/div>\n\t\n\t\t<\/div>\n\t\t\t\t\n<style>\n#col-1678463479 > .col-inner {\n  padding: 50px 0px 0px 0px;\n}\n<\/style>\n\t<\/div>\n\n\t\n<\/div>\n<div class=\"row align-equal align-center\" style=\"max-width:100%\" id=\"row-723543435\">\n\n\t<div id=\"col-1131911517\" class=\"col medium-5 small-12 large-5\"  >\n\t\t\t\t<div class=\"col-inner text-left\" style=\"background-color:rgb(30, 98, 122);\" >\n\t\t\t\n\t\t\t\n\t<div id=\"text-941512221\" class=\"text swift-people-text\">\n\t\t\n<p>NAAM: <b>Thomas Janelid<\/b><br \/>\nROL<strong>:<\/strong> <b>Chief Product Officer, CPO<\/b><br \/>\nLEEFTIJD: <strong>47<\/strong><br \/>\nWOONACHTIG: <b>Stockholm, Zweden<\/b><\/p>\n\t\t\n<style>\n#text-941512221 {\n  font-size: 1.5rem;\n  line-height: 1.65;\n  color: rgb(255, 255, 255);\n}\n#text-941512221 > * {\n  color: rgb(255, 255, 255);\n}\n<\/style>\n\t<\/div>\n\t\n\t\t<\/div>\n\t\t\t\t\n<style>\n#col-1131911517 > .col-inner {\n  padding: 30px 0px 0px 30px;\n  margin: 0px 0px 0px 0px;\n}\n@media (min-width:550px) {\n  #col-1131911517 > .col-inner {\n    padding: 20% 0px 0px 50px;\n  }\n}\n<\/style>\n\t<\/div>\n\n\t\n\n\t<div id=\"col-473709446\" class=\"col medium-5 small-12 large-5\"  >\n\t\t\t\t<div class=\"col-inner\"  >\n\t\t\t\n\t\t\t\n\t<div class=\"img has-hover x md-x lg-x y md-y lg-y\" id=\"image_1514495558\">\n\t\t\t\t\t\t\t\t<div class=\"img-inner dark\" >\n\t\t\t<img loading=\"lazy\" decoding=\"async\" width=\"663\" height=\"800\" src=\"https:\/\/swiftlifts.com\/wp-content\/uploads\/2023\/07\/Thomas-article-663x800.jpg\" class=\"attachment-large size-large\" alt=\"Thomas article\" srcset=\"https:\/\/swiftlifts.com\/wp-content\/uploads\/2023\/07\/Thomas-article-663x800.jpg 663w, https:\/\/swiftlifts.com\/wp-content\/uploads\/2023\/07\/Thomas-article-332x400.jpg 332w, https:\/\/swiftlifts.com\/wp-content\/uploads\/2023\/07\/Thomas-article-768x927.jpg 768w, https:\/\/swiftlifts.com\/wp-content\/uploads\/2023\/07\/Thomas-article.jpg 1273w\" sizes=\"auto, (max-width: 663px) 100vw, 663px\" \/>\t\t\t\t\t\t\n\t\t\t\t\t<\/div>\n\t\t\t\t\t\t\t\t\n<style>\n#image_1514495558 {\n  width: 100%;\n}\n<\/style>\n\t<\/div>\n\t\n\t\t<\/div>\n\t\t\t\t\n<style>\n#col-473709446 > .col-inner {\n  margin: 0px 0px 0px 0px;\n}\n<\/style>\n\t<\/div>\n\n\t\n<\/div>\n<div class=\"row align-equal align-center\" style=\"max-width:100%\" id=\"row-1351304019\">\n\n\t<div id=\"col-568687111\" class=\"col medium-10 small-12 large-10\"  >\n\t\t\t\t<div class=\"col-inner\"  >\n\t\t\t\n\t<div class=\"is-border\"\n\t\tstyle=\"border-color:rgb(30, 98, 122);border-width:5px 5px 5px 5px;\">\n\t<\/div>\n\t\t\t\n\t<div id=\"text-259262547\" class=\"text\">\n\t\t\n<p><strong>Wat wilde jij worden toen je klein was?<\/strong><br \/>\nIk wilde legerofficier of advocaat worden. Maar op de een of andere manier werd ik CPO van SWIFT huisliften&#8230;<\/p>\n<p><strong>Hoe gebeurde dat, kun je ons iets vertellen over die reis?<\/strong><br \/>\nNou, het begon allemaal met mijn Master of Science-graad in werktuigbouwkunde aan de KTH. Van daaruit werkte ik aan het consolideren van productiefabrieken en verhuisde vervolgens naar G\u00f6teborg waar ik als consultant werkte en kwam vervolgens terecht in de inkoopwereld bij Volvo. Maar het was een meevaller die mij bij Aritco bracht toen Tommy (voormalig CEO bij Aritco, tegenwoordig CEO van SWIFT) mij de baan als inkoopmanager aanbood en kijk, hier ben ik CPO bij SWIFT, waar ik mij meteen thuis voel.<\/p>\n<p><strong>Wat vind je het leukst aan wat je doet bij SWIFT?<\/strong><br \/>\nHet is eenvoudig: deel uitmaken van dit fantastische en leuke team. Wij weten hoe we hard moeten werken en hebben er plezier in.<\/p>\n<p><strong>Westkust of oostkust?<\/strong><br \/>\nIk zou zeggen de oostkust, want daar ben ik opgegroeid. Maar na vijf jaar in G\u00f6teborg te hebben gewoond, heeft de westkust ook een speciaal plekje in mijn hart. Het is een moeilijke keuze, ze hebben allebei hun positieve kanten!<\/p>\n<p><strong>Op het land of in het water?<\/strong><br \/>\nOndanks mijn zeilachtergrond houd ik het liefst mijn voeten op vaste grond.<\/p>\n<p><strong>Zeil- of motorboot?<\/strong><br \/>\nNou, dat is een lastige. Welke de meeste ruimte heeft, dat is mijn keuze!<\/p>\n<p><strong>Wat vind jij het belangrijkste in je werk bij SWIFT?<\/strong><br \/>\nWelke de meeste ruimte heeft, dat is mijn keuze! Wij zijn hier om een verschil te maken.<\/p>\n<p><strong>Thee of Koffie<\/strong><br \/>\nZeker koffie. Het is de brandstof die mij op de been houdt.<\/p>\n<p><strong>Jouw 3 dagelijkse routines?<\/strong><br \/>\nMijn kinderen oprollen, hard werken en wat beweging erin doen als ik geluk heb.<\/p>\n<p><strong>Gymnasium of hardlopen?<\/strong><br \/>\nIk ga mee met de sportschool. Je moet die spieren sterk houden.<\/p>\n<p><strong>Voetbal spelen of kijken?<\/strong><br \/>\nDe hele weg kijken. Laat het spelen over aan de profs.<\/p>\n<p><strong>Beste investering tot nu toe?<\/strong><br \/>\nZonder twijfel SWIFT Huisliften&#8230; hehe!<\/p>\n<p><strong>Onderhandelt u als toerist (en CPO) over goede deals op markten?<\/strong><br \/>\nZeker weten! Ik probeer altijd dingen beter te maken, of in ieder geval een kans te geven.<\/p>\n<p><strong>Dus, je beste advies voor het onderhandelen over een goede deal?<\/strong><br \/>\nVerplaats uzelf in de schoenen van de andere partij en gebruik eventuele externe factoren in uw voordeel.<\/p>\n<p><strong>Wat is het meest unieke of ongebruikelijke item dat je ooit voor een project hebt moeten aanschaffen?<\/strong><br \/>\nHmm&#8230; Wat dacht je van een draaiknop voor AHL? Of het complete logistieke aanbod voor installaties in de rondwegtunnels van Stockholm. Die waren behoorlijk uniek.<\/p>\n<p><strong>Als je \u00e9\u00e9n advies zou mogen geven aan iemand die zijn carri\u00e8re als inkoopmanager begint, wat zou dat dan zijn?<\/strong><br \/>\nZorg eerst dat de basisgegevens goed zijn, focus op de agenda en situatie van de ander en maak een langetermijnplan.<\/p>\n<p><strong>Jouw levensmotto?<\/strong><br \/>\nGeef nooit op en blijf altijd trouw aan jezelf.<\/p>\n<p><strong>Wat is je meest waardevolle ding in je leven?<\/strong><br \/>\nMijn kinderen.<\/p>\n<p><strong>Jouw ultieme lifehack?<\/strong><br \/>\nWees een geweldige vader. #dadoftheyear<\/p>\n<p><strong>Wat betekent thuis voor jou?<\/strong><br \/>\nEen plek waar ik echt tot rust kan komen.<\/p>\n<p><strong>Wat vind jij het leukste aan de SWIFT huislift?<\/strong><br \/>\nHet geluid van de stilte. SWIFT is de stilste huislift op de markt, en ons ultramoderne elektronische systeem onderscheidt ons echt.<\/p>\n<p><strong>Moment op het werk waarop je het meest trots op jezelf bent?<\/strong><br \/>\nWanneer ons team onderhandelt over een prijs- en kwaliteitsverhouding die nergens anders moeilijk te evenaren is.<\/p>\n<p><strong>Guilty pleasures?<\/strong><br \/>\nEen beetje te veel computerspelletjes spelen en zich overgeven aan podcasts over politiek en maatschappij.<\/p>\n<p><strong>Toekomstige dromen?<\/strong><br \/>\nO, ik heb genoeg! Eerst en vooral wil ik SWIFT Home Lifts zien bloeien en onvoorstelbaar succesvol worden. En persoonlijk droom ik ervan om mijn eigen huis te ontwerpen en te bouwen (met een SWIFT als middelpunt natuurlijk).<\/p>\n\t\t\n<style>\n#text-259262547 {\n  font-size: 1.5rem;\n  color: rgb(30, 98, 122);\n}\n#text-259262547 > * {\n  color: rgb(30, 98, 122);\n}\n<\/style>\n\t<\/div>\n\t\n\t\t<\/div>\n\t\t\t\t\n<style>\n#col-568687111 > .col-inner {\n  padding: 10px 10px 10px 10px;\n}\n@media (min-width:550px) {\n  #col-568687111 > .col-inner {\n    padding: 50px 50px 50px 50px;\n  }\n}\n<\/style>\n\t<\/div>\n\n\t\n<\/div>\n\t\t<\/div>\n\n\t\t\n<style>\n#section_927022761 {\n  padding-top: 30px;\n  padding-bottom: 30px;\n}\n<\/style>\n\t<\/section>\n\t\n","protected":false},"excerpt":{"rendered":"","protected":false},"author":11,"featured_media":0,"parent":28700,"menu_order":0,"comment_status":"closed","ping_status":"closed","template":"page-transparent-header.php","meta":{"_acf_changed":false,"content-type":"","footnotes":""},"class_list":["post-28678","page","type-page","status-publish","hentry"],"acf":[],"yoast_head":"<!-- This site is optimized with the Yoast SEO Premium plugin v27.3 (Yoast SEO v27.4) - https:\/\/yoast.com\/product\/yoast-seo-premium-wordpress\/ -->\n<title>Mensen van SWIFT \u2013 Thomas Janeli - SWIFT Lifts<\/title>\n<meta name=\"description\" content=\"Thomas Janelid speelt een belangrijke rol bij SWIFT Lifts en brengt vaardigheid en passie in elk project. Lees meer over zijn reis en impact op het team.\" \/>\n<meta name=\"robots\" content=\"index, follow, max-snippet:-1, max-image-preview:large, max-video-preview:-1\" \/>\n<link rel=\"canonical\" href=\"https:\/\/swiftlifts.com\/be\/swift-people\/swift-portrait-thomas\/\" \/>\n<meta property=\"og:locale\" content=\"en_US\" \/>\n<meta property=\"og:type\" content=\"article\" \/>\n<meta property=\"og:title\" content=\"SWIFT Portret - Thomas\" \/>\n<meta property=\"og:description\" content=\"Thomas Janelid speelt een belangrijke rol bij SWIFT Lifts en brengt vaardigheid en passie in elk project. Lees meer over zijn reis en impact op het team.\" \/>\n<meta property=\"og:url\" content=\"https:\/\/swiftlifts.com\/be\/swift-people\/swift-portrait-thomas\/\" \/>\n<meta property=\"og:site_name\" content=\"SWIFT - 100% battery driven home lifts\" \/>\n<meta property=\"article:publisher\" content=\"https:\/\/www.facebook.com\/swifthomelifts\" \/>\n<meta property=\"article:modified_time\" content=\"2024-12-09T07:15:29+00:00\" \/>\n<meta name=\"twitter:card\" content=\"summary_large_image\" \/>\n<meta name=\"twitter:label1\" content=\"Est. reading time\" \/>\n\t<meta name=\"twitter:data1\" content=\"5 minutes\" \/>\n<script type=\"application\/ld+json\" class=\"yoast-schema-graph\">{\"@context\":\"https:\\\/\\\/schema.org\",\"@graph\":[{\"@type\":\"WebPage\",\"@id\":\"https:\\\/\\\/swiftlifts.com\\\/be\\\/swift-people\\\/swift-portrait-thomas\\\/\",\"url\":\"https:\\\/\\\/swiftlifts.com\\\/be\\\/swift-people\\\/swift-portrait-thomas\\\/\",\"name\":\"Mensen van SWIFT \u2013 Thomas Janeli - SWIFT Lifts\",\"isPartOf\":{\"@id\":\"https:\\\/\\\/swiftlifts.com\\\/be\\\/#website\"},\"datePublished\":\"2023-07-01T08:38:47+00:00\",\"dateModified\":\"2024-12-09T07:15:29+00:00\",\"description\":\"Thomas Janelid speelt een belangrijke rol bij SWIFT Lifts en brengt vaardigheid en passie in elk project. Lees meer over zijn reis en impact op het team.\",\"breadcrumb\":{\"@id\":\"https:\\\/\\\/swiftlifts.com\\\/be\\\/swift-people\\\/swift-portrait-thomas\\\/#breadcrumb\"},\"inLanguage\":\"be-BE\",\"potentialAction\":[{\"@type\":\"ReadAction\",\"target\":[\"https:\\\/\\\/swiftlifts.com\\\/be\\\/swift-people\\\/swift-portrait-thomas\\\/\"]}]},{\"@type\":\"BreadcrumbList\",\"@id\":\"https:\\\/\\\/swiftlifts.com\\\/be\\\/swift-people\\\/swift-portrait-thomas\\\/#breadcrumb\",\"itemListElement\":[{\"@type\":\"ListItem\",\"position\":1,\"name\":\"Home\",\"item\":\"https:\\\/\\\/swiftlifts.com\\\/be\\\/\"},{\"@type\":\"ListItem\",\"position\":2,\"name\":\"SWIFT People\",\"item\":\"https:\\\/\\\/swiftlifts.com\\\/be\\\/swift-people\\\/\"},{\"@type\":\"ListItem\",\"position\":3,\"name\":\"SWIFT Portret &#8211; Thomas\"}]},{\"@type\":\"WebSite\",\"@id\":\"https:\\\/\\\/swiftlifts.com\\\/be\\\/#website\",\"url\":\"https:\\\/\\\/swiftlifts.com\\\/be\\\/\",\"name\":\"SWIFT - 100% battery driven home lifts\",\"description\":\"NEW WAYS TO MOVE\",\"publisher\":{\"@id\":\"https:\\\/\\\/swiftlifts.com\\\/be\\\/#organization\"},\"potentialAction\":[{\"@type\":\"SearchAction\",\"target\":{\"@type\":\"EntryPoint\",\"urlTemplate\":\"https:\\\/\\\/swiftlifts.com\\\/be\\\/?s={search_term_string}\"},\"query-input\":{\"@type\":\"PropertyValueSpecification\",\"valueRequired\":true,\"valueName\":\"search_term_string\"}}],\"inLanguage\":\"be-BE\"},{\"@type\":\"Organization\",\"@id\":\"https:\\\/\\\/swiftlifts.com\\\/be\\\/#organization\",\"name\":\"SWIFT Home Lifts\",\"url\":\"https:\\\/\\\/swiftlifts.com\\\/be\\\/\",\"logo\":{\"@type\":\"ImageObject\",\"inLanguage\":\"be-BE\",\"@id\":\"https:\\\/\\\/swiftlifts.com\\\/be\\\/#\\\/schema\\\/logo\\\/image\\\/\",\"url\":\"https:\\\/\\\/swiftlifts.com\\\/wp-content\\\/uploads\\\/2025\\\/03\\\/cropped-SWIFT-Logo-Google.jpg\",\"contentUrl\":\"https:\\\/\\\/swiftlifts.com\\\/wp-content\\\/uploads\\\/2025\\\/03\\\/cropped-SWIFT-Logo-Google.jpg\",\"width\":512,\"height\":512,\"caption\":\"SWIFT Home Lifts\"},\"image\":{\"@id\":\"https:\\\/\\\/swiftlifts.com\\\/be\\\/#\\\/schema\\\/logo\\\/image\\\/\"},\"sameAs\":[\"https:\\\/\\\/www.facebook.com\\\/swifthomelifts\",\"https:\\\/\\\/www.instagram.com\\\/swifthomelifts\\\/\",\"https:\\\/\\\/www.linkedin.com\\\/company\\\/swifthomelifts\\\/\",\"https:\\\/\\\/www.pinterest.se\\\/swifthomelifts\\\/\",\"https:\\\/\\\/www.youtube.com\\\/@swift5669\"]}]}<\/script>\n<!-- \/ Yoast SEO Premium plugin. -->","yoast_head_json":{"title":"Mensen van SWIFT \u2013 Thomas Janeli - SWIFT Lifts","description":"Thomas Janelid speelt een belangrijke rol bij SWIFT Lifts en brengt vaardigheid en passie in elk project. Lees meer over zijn reis en impact op het team.","robots":{"index":"index","follow":"follow","max-snippet":"max-snippet:-1","max-image-preview":"max-image-preview:large","max-video-preview":"max-video-preview:-1"},"canonical":"https:\/\/swiftlifts.com\/be\/swift-people\/swift-portrait-thomas\/","og_locale":"en_US","og_type":"article","og_title":"SWIFT Portret - Thomas","og_description":"Thomas Janelid speelt een belangrijke rol bij SWIFT Lifts en brengt vaardigheid en passie in elk project. Lees meer over zijn reis en impact op het team.","og_url":"https:\/\/swiftlifts.com\/be\/swift-people\/swift-portrait-thomas\/","og_site_name":"SWIFT - 100% battery driven home lifts","article_publisher":"https:\/\/www.facebook.com\/swifthomelifts","article_modified_time":"2024-12-09T07:15:29+00:00","twitter_card":"summary_large_image","twitter_misc":{"Est. reading time":"5 minutes"},"schema":{"@context":"https:\/\/schema.org","@graph":[{"@type":"WebPage","@id":"https:\/\/swiftlifts.com\/be\/swift-people\/swift-portrait-thomas\/","url":"https:\/\/swiftlifts.com\/be\/swift-people\/swift-portrait-thomas\/","name":"Mensen van SWIFT \u2013 Thomas Janeli - SWIFT Lifts","isPartOf":{"@id":"https:\/\/swiftlifts.com\/be\/#website"},"datePublished":"2023-07-01T08:38:47+00:00","dateModified":"2024-12-09T07:15:29+00:00","description":"Thomas Janelid speelt een belangrijke rol bij SWIFT Lifts en brengt vaardigheid en passie in elk project. Lees meer over zijn reis en impact op het team.","breadcrumb":{"@id":"https:\/\/swiftlifts.com\/be\/swift-people\/swift-portrait-thomas\/#breadcrumb"},"inLanguage":"be-BE","potentialAction":[{"@type":"ReadAction","target":["https:\/\/swiftlifts.com\/be\/swift-people\/swift-portrait-thomas\/"]}]},{"@type":"BreadcrumbList","@id":"https:\/\/swiftlifts.com\/be\/swift-people\/swift-portrait-thomas\/#breadcrumb","itemListElement":[{"@type":"ListItem","position":1,"name":"Home","item":"https:\/\/swiftlifts.com\/be\/"},{"@type":"ListItem","position":2,"name":"SWIFT People","item":"https:\/\/swiftlifts.com\/be\/swift-people\/"},{"@type":"ListItem","position":3,"name":"SWIFT Portret &#8211; Thomas"}]},{"@type":"WebSite","@id":"https:\/\/swiftlifts.com\/be\/#website","url":"https:\/\/swiftlifts.com\/be\/","name":"SWIFT - 100% battery driven home lifts","description":"NEW WAYS TO MOVE","publisher":{"@id":"https:\/\/swiftlifts.com\/be\/#organization"},"potentialAction":[{"@type":"SearchAction","target":{"@type":"EntryPoint","urlTemplate":"https:\/\/swiftlifts.com\/be\/?s={search_term_string}"},"query-input":{"@type":"PropertyValueSpecification","valueRequired":true,"valueName":"search_term_string"}}],"inLanguage":"be-BE"},{"@type":"Organization","@id":"https:\/\/swiftlifts.com\/be\/#organization","name":"SWIFT Home Lifts","url":"https:\/\/swiftlifts.com\/be\/","logo":{"@type":"ImageObject","inLanguage":"be-BE","@id":"https:\/\/swiftlifts.com\/be\/#\/schema\/logo\/image\/","url":"https:\/\/swiftlifts.com\/wp-content\/uploads\/2025\/03\/cropped-SWIFT-Logo-Google.jpg","contentUrl":"https:\/\/swiftlifts.com\/wp-content\/uploads\/2025\/03\/cropped-SWIFT-Logo-Google.jpg","width":512,"height":512,"caption":"SWIFT Home Lifts"},"image":{"@id":"https:\/\/swiftlifts.com\/be\/#\/schema\/logo\/image\/"},"sameAs":["https:\/\/www.facebook.com\/swifthomelifts","https:\/\/www.instagram.com\/swifthomelifts\/","https:\/\/www.linkedin.com\/company\/swifthomelifts\/","https:\/\/www.pinterest.se\/swifthomelifts\/","https:\/\/www.youtube.com\/@swift5669"]}]}},"_links":{"self":[{"href":"https:\/\/swiftlifts.com\/be\/wp-json\/wp\/v2\/pages\/28678","targetHints":{"allow":["GET"]}}],"collection":[{"href":"https:\/\/swiftlifts.com\/be\/wp-json\/wp\/v2\/pages"}],"about":[{"href":"https:\/\/swiftlifts.com\/be\/wp-json\/wp\/v2\/types\/page"}],"author":[{"embeddable":true,"href":"https:\/\/swiftlifts.com\/be\/wp-json\/wp\/v2\/users\/11"}],"replies":[{"embeddable":true,"href":"https:\/\/swiftlifts.com\/be\/wp-json\/wp\/v2\/comments?post=28678"}],"version-history":[{"count":2,"href":"https:\/\/swiftlifts.com\/be\/wp-json\/wp\/v2\/pages\/28678\/revisions"}],"predecessor-version":[{"id":37822,"href":"https:\/\/swiftlifts.com\/be\/wp-json\/wp\/v2\/pages\/28678\/revisions\/37822"}],"up":[{"embeddable":true,"href":"https:\/\/swiftlifts.com\/be\/wp-json\/wp\/v2\/pages\/28700"}],"wp:attachment":[{"href":"https:\/\/swiftlifts.com\/be\/wp-json\/wp\/v2\/media?parent=28678"}],"curies":[{"name":"wp","href":"https:\/\/api.w.org\/{rel}","templated":true}]}}