{"id":56716,"date":"2024-03-14T12:12:40","date_gmt":"2024-03-14T12:12:40","guid":{"rendered":"https:\/\/swiftlifts.com\/batterij-aangedreven\/"},"modified":"2026-05-12T03:45:46","modified_gmt":"2026-05-12T03:45:46","slug":"batterij-aangedreven","status":"publish","type":"page","link":"https:\/\/swiftlifts.com\/be-fr\/batterij-aangedreven\/","title":{"rendered":"Ascenseurs 100 % \u00c9lectriques Disponibles En Belgique"},"content":{"rendered":"\n\t<section class=\"section\" id=\"section_706941703\">\n\t\t<div class=\"section-bg fill\" >\n\t\t\t\t\t\t\t\t\t\n\t\t\t\n\n\t\t<\/div>\n\n\t\t\n\n\t\t<div class=\"section-content relative\">\n\t\t\t\n<div class=\"row row-full-width align-center\"  id=\"row-929504074\">\n\n\t<div id=\"col-199547348\" class=\"col small-12 large-12\"  >\n\t\t\t\t<div class=\"col-inner text-center\"  >\n\t\t\t\n\t\t\t\n\t<div id=\"text-80322486\" class=\"text\">\n\t\t\n\t\t\n<style>\n#text-80322486 {\n  font-size: 2rem;\n  color: rgb(255, 255, 255);\n}\n#text-80322486 > * {\n  color: rgb(255, 255, 255);\n}\n<\/style>\n\t<\/div>\n\t\n\t\t<\/div>\n\t\t\t\t\n<style>\n#col-199547348 > .col-inner {\n  padding: 0px 0px 0px 0px;\n  margin: 0px 0px 0px 0px;\n}\n<\/style>\n\t<\/div>\n\n\t\n\n<style>\n#row-929504074 > .col > .col-inner {\n  padding: 0px 0px 0px 0px;\n}\n<\/style>\n<\/div>\n\t\t<\/div>\n\n\t\t\n<style>\n#section_706941703 {\n  padding-top: 30px;\n  padding-bottom: 30px;\n  background-color: rgb(0,0,0);\n}\n<\/style>\n\t<\/section>\n\t\n\n\t<section class=\"section battery-video\" id=\"section_786563090\">\n\t\t<div class=\"section-bg fill\" >\n\t\t\t\t\t\t\t\t\t\n\t\t\t\n\n\t\t<\/div>\n\n\t\t\n\n\t\t<div class=\"section-content relative\">\n\t\t\t\n<div class=\"row row-collapse row-full-width\"  id=\"row-11518159\">\n\n\t<div id=\"col-1919045541\" class=\"col small-12 large-12\"  >\n\t\t\t\t<div class=\"col-inner\"  >\n\t\t\t\n\t\t\t\n<div class=\"battery-video-container\">\n<div class=\"video-section active\">\n<p><video src=\"https:\/\/swiftlifts.com\/wp-content\/uploads\/2024\/04\/100_battery_driven-grafisk_svart_1.mp4\" preload=\"auto\" autoplay=\"autoplay\" loop=\"loop\" muted=\"\" width=\"300\" height=\"150\"><\/video><\/p>\n<div class=\"battery-overlay\">\n<h2>Ascenseurs 100 % \u00c9lectriques Disponibles En Belgique<\/h2>\n<h2>L&rsquo;Ascenseur domestique \u00e0 batterie en Belgique SWIFT \u2014 Inspir\u00e9 de la technologie Tesla, bas\u00e9 sur 3 composants<\/h2>\n<h2>Kom meer te weten.<\/h2>\n<p><img decoding=\"async\" src=\"https:\/\/swiftlifts.com\/wp-content\/uploads\/2024\/03\/arrow-right.png\" width=\"100\" \/><\/p>\n<\/div>\n<\/div>\n<div class=\"video-section\">\n<p><video src=\"https:\/\/swiftlifts.com\/wp-content\/uploads\/2024\/04\/100_battery_driven-grafisk_svart_2.mp4\" preload=\"auto\" autoplay=\"autoplay\" loop=\"loop\" muted=\"\" width=\"300\" height=\"150\"><\/video><\/p>\n<div class=\"battery-overlay\">\n<h2>1. Een geavanceerde IPM<br \/>\nSynRM-motor<\/h2>\n<h2>Volgende (1\/3)<\/h2>\n<p><img decoding=\"async\" src=\"https:\/\/swiftlifts.com\/wp-content\/uploads\/2024\/03\/arrow-right.png\" width=\"100\" \/><\/p>\n<\/div>\n<\/div>\n<div class=\"video-section\">\n<p><video src=\"https:\/\/swiftlifts.com\/wp-content\/uploads\/2024\/04\/100_battery_driven-grafisk_svart_3.mp4\" preload=\"auto\" autoplay=\"autoplay\" loop=\"loop\" muted=\"\" width=\"300\" height=\"150\"><\/video><\/p>\n<div class=\"battery-overlay\">\n<h2>2. Een unieke SWIFT-motorcontroller<\/h2>\n<h2>Volgende (2\/3)<\/h2>\n<p><img decoding=\"async\" src=\"https:\/\/swiftlifts.com\/wp-content\/uploads\/2024\/03\/arrow-right.png\" width=\"100\" \/><\/p>\n<\/div>\n<\/div>\n<div class=\"video-section\">\n<p><video src=\"https:\/\/swiftlifts.com\/wp-content\/uploads\/2024\/04\/100_battery_driven-grafisk_svart_4.mp4\" preload=\"auto\" autoplay=\"autoplay\" loop=\"loop\" muted=\"\" width=\"300\" height=\"150\"><\/video><\/p>\n<div class=\"battery-overlay\">\n<h2>3. Een speciaal SWIFT-batterijpakket<\/h2>\n<h2>Volgende (3\/3)<\/h2>\n<p><img decoding=\"async\" src=\"https:\/\/swiftlifts.com\/wp-content\/uploads\/2024\/03\/arrow-right.png\" width=\"100\" \/><\/p>\n<\/div>\n<\/div>\n<\/div>\n\t\t<\/div>\n\t\t\t\t\n<style>\n#col-1919045541 > .col-inner {\n  padding: 0px 0px 0px 0px;\n  margin: 0px 0px 0px 0px;\n}\n<\/style>\n\t<\/div>\n\n\t\n\n<style>\n#row-11518159 > .col > .col-inner {\n  padding: 0px 0px 0px 0px;\n}\n<\/style>\n<\/div>\n\t\t<\/div>\n\n\t\t\n<style>\n#section_786563090 {\n  padding-top: 30px;\n  padding-bottom: 30px;\n  background-color: rgb(0, 0, 0);\n}\n<\/style>\n\t<\/section>\n\t\n\n\t<section class=\"section why_a_home_lift\" id=\"section_283002836\">\n\t\t<div class=\"section-bg fill\" >\n\t\t\t\t\t\t\t\t\t\n\t\t\t\n\n\t\t<\/div>\n\n\t\t\n\n\t\t<div class=\"section-content relative\">\n\t\t\t\n<div class=\"row\" style=\"max-width:100%\" id=\"row-373969468\">\n\n\t<div id=\"col-1780237598\" class=\"col hide-for-medium medium-2 small-12 large-2\"  >\n\t\t\t\t<div class=\"col-inner\"  >\n\t\t\t\n\t\t\t\n\t\t<\/div>\n\t\t\t\t\t<\/div>\n\n\t\n\n\t<div id=\"col-261165784\" class=\"col medium-4 small-12 large-4\"  >\n\t\t\t\t<div class=\"col-inner text-center\"  >\n\t\t\t\n\t\t\t\n\t<div class=\"img has-hover x md-x lg-x y md-y lg-y\" id=\"image_133311359\">\n\t\t\t\t\t\t\t\t<div class=\"img-inner dark\" >\n\t\t\t<img loading=\"lazy\" decoding=\"async\" width=\"300\" height=\"250\" src=\"https:\/\/swiftlifts.com\/wp-content\/uploads\/2024\/03\/IPMSynRM-1.gif\" class=\"attachment-original size-original\" alt=\"\" \/>\t\t\t\t\t\t\n\t\t\t\t\t<\/div>\n\t\t\t\t\t\t\t\t\n<style>\n#image_133311359 {\n  width: 60%;\n}\n<\/style>\n\t<\/div>\n\t\n\t\t<\/div>\n\t\t\t\t\n<style>\n#col-261165784 > .col-inner {\n  margin: 70px 0px 0px 0px;\n}\n@media (min-width:550px) {\n  #col-261165784 > .col-inner {\n    margin: 70px 0px 0px 0px;\n  }\n}\n<\/style>\n\t<\/div>\n\n\t\n\n\t<div id=\"col-1530749997\" class=\"col medium-4 small-12 large-4\"  >\n\t\t\t\t<div class=\"col-inner text-center\"  >\n\t\t\t\n\t\t\t\n\t<div id=\"text-3776183661\" class=\"text\">\n\t\t\n<h2>1. Moteur IPM SynRM<\/h2>\n\t\t\n<style>\n#text-3776183661 {\n  font-size: 1.5rem;\n  text-align: left;\n  color: rgb(255, 255, 255);\n}\n#text-3776183661 > * {\n  color: rgb(255, 255, 255);\n}\n<\/style>\n\t<\/div>\n\t\n\t<div id=\"text-1514683236\" class=\"text\">\n\t\t\n<p>SWIFT utilise le m\u00eame type de moteur d&rsquo;entra\u00eenement que Tesla et les autres voitures \u00e9lectriques \u2014 un moteur dit IPMSynRM. Il est plus avanc\u00e9 qu&rsquo;un moteur \u00e0 induction conventionnel et se distingue par son efficacit\u00e9, ses performances, ses capacit\u00e9s de r\u00e9gulation et sa fiabilit\u00e9. C&rsquo;est le c\u0153ur de notre Ascenseur domestique \u00e0 batterie en Belgique.<\/p>\n\t\t\n<style>\n#text-1514683236 {\n  font-size: 1.2rem;\n  text-align: left;\n  color: rgb(255, 201, 189);\n}\n#text-1514683236 > * {\n  color: rgb(255, 201, 189);\n}\n<\/style>\n\t<\/div>\n\t\n\t\t<\/div>\n\t\t\t\t\n<style>\n#col-1530749997 > .col-inner {\n  margin: 0px 0px 0px 0px;\n}\n@media (min-width:550px) {\n  #col-1530749997 > .col-inner {\n    margin: 70px 0px 0px 0px;\n  }\n}\n<\/style>\n\t<\/div>\n\n\t\n<\/div>\n\t\t<\/div>\n\n\t\t\n<style>\n#section_283002836 {\n  padding-top: 30px;\n  padding-bottom: 30px;\n  background-color: rgb(0,0,0);\n}\n<\/style>\n\t<\/section>\n\t\n\n\t<section class=\"section why_a_home_lift\" id=\"section_608540398\">\n\t\t<div class=\"section-bg fill\" >\n\t\t\t\t\t\t\t\t\t\n\t\t\t\n\n\t\t<\/div>\n\n\t\t\n\n\t\t<div class=\"section-content relative\">\n\t\t\t\n<div class=\"row\" style=\"max-width:100%\" id=\"row-1348657024\">\n\n\t<div id=\"col-1466632264\" class=\"col hide-for-medium medium-2 small-12 large-2\"  >\n\t\t\t\t<div class=\"col-inner\"  >\n\t\t\t\n\t\t\t\n\t\t<\/div>\n\t\t\t\t\t<\/div>\n\n\t\n\n\t<div id=\"col-1442079652\" class=\"col medium-4 small-12 large-4\"  >\n\t\t\t\t<div class=\"col-inner text-center\"  >\n\t\t\t\n\t\t\t\n\t<div class=\"img has-hover x md-x lg-x y md-y lg-y\" id=\"image_167900184\">\n\t\t\t\t\t\t\t\t<div class=\"img-inner dark\" >\n\t\t\t<img loading=\"lazy\" decoding=\"async\" width=\"300\" height=\"250\" src=\"https:\/\/swiftlifts.com\/wp-content\/uploads\/2024\/03\/motor-controller.gif\" class=\"attachment-original size-original\" alt=\"\" \/>\t\t\t\t\t\t\n\t\t\t\t\t<\/div>\n\t\t\t\t\t\t\t\t\n<style>\n#image_167900184 {\n  width: 60%;\n}\n<\/style>\n\t<\/div>\n\t\n\t\t<\/div>\n\t\t\t\t\n<style>\n#col-1442079652 > .col-inner {\n  margin: 0px 0px 0px 0px;\n}\n@media (min-width:550px) {\n  #col-1442079652 > .col-inner {\n    margin: 70px 0px 0px 0px;\n  }\n}\n<\/style>\n\t<\/div>\n\n\t\n\n\t<div id=\"col-1109112213\" class=\"col medium-4 small-12 large-4\"  >\n\t\t\t\t<div class=\"col-inner text-center\"  >\n\t\t\t\n\t\t\t\n\t<div id=\"text-1666127922\" class=\"text\">\n\t\t\n<h2>2. Contr\u00f4leur De Moteur SWIFT<\/h2>\n\t\t\n<style>\n#text-1666127922 {\n  font-size: 1.5rem;\n  text-align: left;\n  color: rgb(255, 255, 255);\n}\n#text-1666127922 > * {\n  color: rgb(255, 255, 255);\n}\n<\/style>\n\t<\/div>\n\t\n\t<div id=\"text-1714444898\" class=\"text\">\n\t\t\n<p>En combinant notre moteur IPMSynRM avec un contr\u00f4leur de moteur SWIFT unique, plusieurs avantages sont offerts :<\/p>\n<ul>\n<li>Acc\u00e9l\u00e9ration fluide<\/li>\n<li>Vitesse pr\u00e9cise<\/li>\n<li>Atterrissage en douceur<\/li>\n<\/ul>\n\t\t\n<style>\n#text-1714444898 {\n  font-size: 1.2rem;\n  text-align: left;\n  color: rgb(255, 201, 189);\n}\n#text-1714444898 > * {\n  color: rgb(255, 201, 189);\n}\n<\/style>\n\t<\/div>\n\t\n\t\t<\/div>\n\t\t\t\t\n<style>\n#col-1109112213 > .col-inner {\n  margin: 0px 0px 0px 0px;\n}\n@media (min-width:550px) {\n  #col-1109112213 > .col-inner {\n    margin: 70px 0px 0px 0px;\n  }\n}\n<\/style>\n\t<\/div>\n\n\t\n<\/div>\n\t\t<\/div>\n\n\t\t\n<style>\n#section_608540398 {\n  padding-top: 30px;\n  padding-bottom: 30px;\n  background-color: rgb(0,0,0);\n}\n<\/style>\n\t<\/section>\n\t\n\n\t<section class=\"section why_a_home_lift\" id=\"section_1588229264\">\n\t\t<div class=\"section-bg fill\" >\n\t\t\t\t\t\t\t\t\t\n\t\t\t\n\n\t\t<\/div>\n\n\t\t\n\n\t\t<div class=\"section-content relative\">\n\t\t\t\n<div class=\"row\" style=\"max-width:100%\" id=\"row-1983929102\">\n\n\t<div id=\"col-479623455\" class=\"col hide-for-medium medium-2 small-12 large-2\"  >\n\t\t\t\t<div class=\"col-inner\"  >\n\t\t\t\n\t\t\t\n\t\t<\/div>\n\t\t\t\t\t<\/div>\n\n\t\n\n\t<div id=\"col-338954530\" class=\"col medium-4 small-12 large-4\"  >\n\t\t\t\t<div class=\"col-inner text-center\"  >\n\t\t\t\n\t\t\t\n\t<div class=\"img has-hover x md-x lg-x y md-y lg-y\" id=\"image_1875398897\">\n\t\t\t\t\t\t\t\t<div class=\"img-inner dark\" >\n\t\t\t<img loading=\"lazy\" decoding=\"async\" width=\"300\" height=\"250\" src=\"https:\/\/swiftlifts.com\/wp-content\/uploads\/2024\/03\/battery-pack.gif\" class=\"attachment-original size-original\" alt=\"\" \/>\t\t\t\t\t\t\n\t\t\t\t\t<\/div>\n\t\t\t\t\t\t\t\t\n<style>\n#image_1875398897 {\n  width: 60%;\n}\n<\/style>\n\t<\/div>\n\t\n\t\t<\/div>\n\t\t\t\t\n<style>\n#col-338954530 > .col-inner {\n  margin: 0px 0px 0px 0px;\n}\n@media (min-width:550px) {\n  #col-338954530 > .col-inner {\n    margin: 70px 0px 0px 0px;\n  }\n}\n<\/style>\n\t<\/div>\n\n\t\n\n\t<div id=\"col-1521636216\" class=\"col medium-4 small-12 large-4\"  >\n\t\t\t\t<div class=\"col-inner text-center\"  >\n\t\t\t\n\t\t\t\n\t<div id=\"text-2711479812\" class=\"text\">\n\t\t\n<h2>3. Bloc Batterie SWIFT<\/h2>\n\t\t\n<style>\n#text-2711479812 {\n  font-size: 1.5rem;\n  text-align: left;\n  color: rgb(255, 255, 255);\n}\n#text-2711479812 > * {\n  color: rgb(255, 255, 255);\n}\n<\/style>\n\t<\/div>\n\t\n\t<div id=\"text-768481138\" class=\"text\">\n\t\t\n<p>La combinaison du moteur SWIFT + contr\u00f4leur de moteur avec le bloc batterie plomb-acide SWIFT compl\u00e8te l&rsquo;innovation et permet des fonctionnalit\u00e9s uniques suppl\u00e9mentaires pour notre ascenseur aliment\u00e9 par batterie en Belgique:<\/p>\n<ul>\n<li><strong>\u00c9conomie d&rsquo;\u00e9nergie \u2013<\/strong> En r\u00e9cup\u00e9rant l&rsquo;\u00e9nergie de freinage dans les batteries lorsque l&rsquo;ascenseur descend, nous r\u00e9utilisons l&rsquo;\u00e9nergie. En pratique, chaque quatri\u00e8me trajet sera \u00ab gratuit \u00bb. Nous appelons cela le SWIFT EcoDrive. C&rsquo;est ce qui fait de notre ascenseur domestique \u00e0 batterie une solution en Belgique v\u00e9ritablement \u00e9cologique.<\/li>\n<li><strong>Courant monophas\u00e9 \u2013<\/strong> L&rsquo;utilisation du bloc batterie r\u00e9duit la puissance de pointe, permettant \u00e0 l&rsquo;ascenseur d&rsquo;\u00eatre aliment\u00e9 en courant standard monophas\u00e9.<\/li>\n<li><strong>Anti-Coincement \u2013<\/strong> Le bloc batterie permet une utilisation continue, m\u00eame en cas de coupure de courant dans votre domicile.<\/li>\n<\/ul>\n\t\t\n<style>\n#text-768481138 {\n  font-size: 1.2rem;\n  text-align: left;\n  color: rgb(255, 201, 189);\n}\n#text-768481138 > * {\n  color: rgb(255, 201, 189);\n}\n<\/style>\n\t<\/div>\n\t\n\t\t<\/div>\n\t\t\t\t\n<style>\n#col-1521636216 > .col-inner {\n  margin: 0px 0px 0px 0px;\n}\n@media (min-width:550px) {\n  #col-1521636216 > .col-inner {\n    margin: 70px 0px 0px 0px;\n  }\n}\n<\/style>\n\t<\/div>\n\n\t\n<\/div>\n\t\t<\/div>\n\n\t\t\n<style>\n#section_1588229264 {\n  padding-top: 30px;\n  padding-bottom: 30px;\n  background-color: rgb(0,0,0);\n}\n<\/style>\n\t<\/section>\n\t\n","protected":false},"excerpt":{"rendered":"","protected":false},"author":1,"featured_media":0,"parent":0,"menu_order":0,"comment_status":"closed","ping_status":"closed","template":"page-transparent-header.php","meta":{"_acf_changed":false,"content-type":"","footnotes":""},"class_list":["post-56716","page","type-page","status-publish","hentry"],"acf":[],"yoast_head":"<!-- This site is optimized with the Yoast SEO Premium plugin v27.3 (Yoast SEO v27.5) - https:\/\/yoast.com\/product\/yoast-seo-premium-wordpress\/ -->\n<title>100% Batterijvoeding<\/title>\n<meta name=\"description\" content=\"Leer meer over de innovatieve, 100% batterijaangedreven SWIFT-liften, ge\u00efnspireerd door Tesla, die energiebesparingen en betrouwbare prestaties voor uw huis bieden.\" \/>\n<meta name=\"robots\" content=\"index, follow, max-snippet:-1, max-image-preview:large, max-video-preview:-1\" \/>\n<link rel=\"canonical\" href=\"https:\/\/swiftlifts.com\/be-fr\/batterij-aangedreven\/\" \/>\n<meta property=\"og:locale\" content=\"fr_FR\" \/>\n<meta property=\"og:type\" content=\"article\" \/>\n<meta property=\"og:title\" content=\"Ascenseurs 100 % \u00c9lectriques Disponibles En Belgique\" \/>\n<meta property=\"og:description\" content=\"Leer meer over de innovatieve, 100% batterijaangedreven SWIFT-liften, ge\u00efnspireerd door Tesla, die energiebesparingen en betrouwbare prestaties voor uw huis bieden.\" \/>\n<meta property=\"og:url\" content=\"https:\/\/swiftlifts.com\/be-fr\/batterij-aangedreven\/\" \/>\n<meta property=\"og:site_name\" content=\"SWIFT - 100% battery driven home lifts\" \/>\n<meta property=\"article:publisher\" content=\"https:\/\/www.facebook.com\/swifthomelifts\" \/>\n<meta property=\"article:modified_time\" content=\"2026-05-12T03:45:46+00:00\" \/>\n<meta property=\"og:image\" content=\"https:\/\/swiftlifts.com\/wp-content\/uploads\/2024\/03\/arrow-right.png\" \/>\n<meta name=\"twitter:card\" content=\"summary_large_image\" \/>\n<meta name=\"twitter:label1\" content=\"Dur\u00e9e de lecture est.\" \/>\n\t<meta name=\"twitter:data1\" content=\"4 minutes\" \/>\n<script type=\"application\/ld+json\" class=\"yoast-schema-graph\">{\"@context\":\"https:\\\/\\\/schema.org\",\"@graph\":[{\"@type\":\"WebPage\",\"@id\":\"https:\\\/\\\/swiftlifts.com\\\/be-fr\\\/batterij-aangedreven\\\/\",\"url\":\"https:\\\/\\\/swiftlifts.com\\\/be-fr\\\/batterij-aangedreven\\\/\",\"name\":\"100% Batterijvoeding\",\"isPartOf\":{\"@id\":\"https:\\\/\\\/swiftlifts.com\\\/be-fr\\\/#website\"},\"primaryImageOfPage\":{\"@id\":\"https:\\\/\\\/swiftlifts.com\\\/be-fr\\\/batterij-aangedreven\\\/#primaryimage\"},\"image\":{\"@id\":\"https:\\\/\\\/swiftlifts.com\\\/be-fr\\\/batterij-aangedreven\\\/#primaryimage\"},\"thumbnailUrl\":\"https:\\\/\\\/swiftlifts.com\\\/wp-content\\\/uploads\\\/2024\\\/03\\\/arrow-right.png\",\"datePublished\":\"2024-03-14T12:12:40+00:00\",\"dateModified\":\"2026-05-12T03:45:46+00:00\",\"description\":\"Leer meer over de innovatieve, 100% batterijaangedreven SWIFT-liften, ge\u00efnspireerd door Tesla, die energiebesparingen en betrouwbare prestaties voor uw huis bieden.\",\"breadcrumb\":{\"@id\":\"https:\\\/\\\/swiftlifts.com\\\/be-fr\\\/batterij-aangedreven\\\/#breadcrumb\"},\"inLanguage\":\"fr-BE\",\"potentialAction\":[{\"@type\":\"ReadAction\",\"target\":[\"https:\\\/\\\/swiftlifts.com\\\/be-fr\\\/batterij-aangedreven\\\/\"]}]},{\"@type\":\"ImageObject\",\"inLanguage\":\"fr-BE\",\"@id\":\"https:\\\/\\\/swiftlifts.com\\\/be-fr\\\/batterij-aangedreven\\\/#primaryimage\",\"url\":\"https:\\\/\\\/swiftlifts.com\\\/wp-content\\\/uploads\\\/2024\\\/03\\\/arrow-right.png\",\"contentUrl\":\"https:\\\/\\\/swiftlifts.com\\\/wp-content\\\/uploads\\\/2024\\\/03\\\/arrow-right.png\"},{\"@type\":\"BreadcrumbList\",\"@id\":\"https:\\\/\\\/swiftlifts.com\\\/be-fr\\\/batterij-aangedreven\\\/#breadcrumb\",\"itemListElement\":[{\"@type\":\"ListItem\",\"position\":1,\"name\":\"Home\",\"item\":\"https:\\\/\\\/swiftlifts.com\\\/en\\\/\"},{\"@type\":\"ListItem\",\"position\":2,\"name\":\"Ascenseurs 100 % \u00c9lectriques Disponibles En Belgique\"}]},{\"@type\":\"WebSite\",\"@id\":\"https:\\\/\\\/swiftlifts.com\\\/be-fr\\\/#website\",\"url\":\"https:\\\/\\\/swiftlifts.com\\\/be-fr\\\/\",\"name\":\"SWIFT - 100% battery driven home lifts\",\"description\":\"NEW WAYS TO MOVE\",\"publisher\":{\"@id\":\"https:\\\/\\\/swiftlifts.com\\\/be-fr\\\/#organization\"},\"potentialAction\":[{\"@type\":\"SearchAction\",\"target\":{\"@type\":\"EntryPoint\",\"urlTemplate\":\"https:\\\/\\\/swiftlifts.com\\\/be-fr\\\/?s={search_term_string}\"},\"query-input\":{\"@type\":\"PropertyValueSpecification\",\"valueRequired\":true,\"valueName\":\"search_term_string\"}}],\"inLanguage\":\"fr-BE\"},{\"@type\":\"Organization\",\"@id\":\"https:\\\/\\\/swiftlifts.com\\\/be-fr\\\/#organization\",\"name\":\"SWIFT Home Lifts\",\"url\":\"https:\\\/\\\/swiftlifts.com\\\/be-fr\\\/\",\"logo\":{\"@type\":\"ImageObject\",\"inLanguage\":\"fr-BE\",\"@id\":\"https:\\\/\\\/swiftlifts.com\\\/be-fr\\\/#\\\/schema\\\/logo\\\/image\\\/\",\"url\":\"https:\\\/\\\/swiftlifts.com\\\/wp-content\\\/uploads\\\/2025\\\/03\\\/cropped-SWIFT-Logo-Google.jpg\",\"contentUrl\":\"https:\\\/\\\/swiftlifts.com\\\/wp-content\\\/uploads\\\/2025\\\/03\\\/cropped-SWIFT-Logo-Google.jpg\",\"width\":512,\"height\":512,\"caption\":\"SWIFT Home Lifts\"},\"image\":{\"@id\":\"https:\\\/\\\/swiftlifts.com\\\/be-fr\\\/#\\\/schema\\\/logo\\\/image\\\/\"},\"sameAs\":[\"https:\\\/\\\/www.facebook.com\\\/swifthomelifts\",\"https:\\\/\\\/www.instagram.com\\\/swifthomelifts\\\/\",\"https:\\\/\\\/www.linkedin.com\\\/company\\\/swifthomelifts\\\/\",\"https:\\\/\\\/www.pinterest.se\\\/swifthomelifts\\\/\",\"https:\\\/\\\/www.youtube.com\\\/@swift5669\"]}]}<\/script>\n<!-- \/ Yoast SEO Premium plugin. -->","yoast_head_json":{"title":"100% Batterijvoeding","description":"Leer meer over de innovatieve, 100% batterijaangedreven SWIFT-liften, ge\u00efnspireerd door Tesla, die energiebesparingen en betrouwbare prestaties voor uw huis bieden.","robots":{"index":"index","follow":"follow","max-snippet":"max-snippet:-1","max-image-preview":"max-image-preview:large","max-video-preview":"max-video-preview:-1"},"canonical":"https:\/\/swiftlifts.com\/be-fr\/batterij-aangedreven\/","og_locale":"fr_FR","og_type":"article","og_title":"Ascenseurs 100 % \u00c9lectriques Disponibles En Belgique","og_description":"Leer meer over de innovatieve, 100% batterijaangedreven SWIFT-liften, ge\u00efnspireerd door Tesla, die energiebesparingen en betrouwbare prestaties voor uw huis bieden.","og_url":"https:\/\/swiftlifts.com\/be-fr\/batterij-aangedreven\/","og_site_name":"SWIFT - 100% battery driven home lifts","article_publisher":"https:\/\/www.facebook.com\/swifthomelifts","article_modified_time":"2026-05-12T03:45:46+00:00","og_image":[{"url":"https:\/\/swiftlifts.com\/wp-content\/uploads\/2024\/03\/arrow-right.png","type":"","width":"","height":""}],"twitter_card":"summary_large_image","twitter_misc":{"Dur\u00e9e de lecture est.":"4 minutes"},"schema":{"@context":"https:\/\/schema.org","@graph":[{"@type":"WebPage","@id":"https:\/\/swiftlifts.com\/be-fr\/batterij-aangedreven\/","url":"https:\/\/swiftlifts.com\/be-fr\/batterij-aangedreven\/","name":"100% Batterijvoeding","isPartOf":{"@id":"https:\/\/swiftlifts.com\/be-fr\/#website"},"primaryImageOfPage":{"@id":"https:\/\/swiftlifts.com\/be-fr\/batterij-aangedreven\/#primaryimage"},"image":{"@id":"https:\/\/swiftlifts.com\/be-fr\/batterij-aangedreven\/#primaryimage"},"thumbnailUrl":"https:\/\/swiftlifts.com\/wp-content\/uploads\/2024\/03\/arrow-right.png","datePublished":"2024-03-14T12:12:40+00:00","dateModified":"2026-05-12T03:45:46+00:00","description":"Leer meer over de innovatieve, 100% batterijaangedreven SWIFT-liften, ge\u00efnspireerd door Tesla, die energiebesparingen en betrouwbare prestaties voor uw huis bieden.","breadcrumb":{"@id":"https:\/\/swiftlifts.com\/be-fr\/batterij-aangedreven\/#breadcrumb"},"inLanguage":"fr-BE","potentialAction":[{"@type":"ReadAction","target":["https:\/\/swiftlifts.com\/be-fr\/batterij-aangedreven\/"]}]},{"@type":"ImageObject","inLanguage":"fr-BE","@id":"https:\/\/swiftlifts.com\/be-fr\/batterij-aangedreven\/#primaryimage","url":"https:\/\/swiftlifts.com\/wp-content\/uploads\/2024\/03\/arrow-right.png","contentUrl":"https:\/\/swiftlifts.com\/wp-content\/uploads\/2024\/03\/arrow-right.png"},{"@type":"BreadcrumbList","@id":"https:\/\/swiftlifts.com\/be-fr\/batterij-aangedreven\/#breadcrumb","itemListElement":[{"@type":"ListItem","position":1,"name":"Home","item":"https:\/\/swiftlifts.com\/en\/"},{"@type":"ListItem","position":2,"name":"Ascenseurs 100 % \u00c9lectriques Disponibles En Belgique"}]},{"@type":"WebSite","@id":"https:\/\/swiftlifts.com\/be-fr\/#website","url":"https:\/\/swiftlifts.com\/be-fr\/","name":"SWIFT - 100% battery driven home lifts","description":"NEW WAYS TO MOVE","publisher":{"@id":"https:\/\/swiftlifts.com\/be-fr\/#organization"},"potentialAction":[{"@type":"SearchAction","target":{"@type":"EntryPoint","urlTemplate":"https:\/\/swiftlifts.com\/be-fr\/?s={search_term_string}"},"query-input":{"@type":"PropertyValueSpecification","valueRequired":true,"valueName":"search_term_string"}}],"inLanguage":"fr-BE"},{"@type":"Organization","@id":"https:\/\/swiftlifts.com\/be-fr\/#organization","name":"SWIFT Home Lifts","url":"https:\/\/swiftlifts.com\/be-fr\/","logo":{"@type":"ImageObject","inLanguage":"fr-BE","@id":"https:\/\/swiftlifts.com\/be-fr\/#\/schema\/logo\/image\/","url":"https:\/\/swiftlifts.com\/wp-content\/uploads\/2025\/03\/cropped-SWIFT-Logo-Google.jpg","contentUrl":"https:\/\/swiftlifts.com\/wp-content\/uploads\/2025\/03\/cropped-SWIFT-Logo-Google.jpg","width":512,"height":512,"caption":"SWIFT Home Lifts"},"image":{"@id":"https:\/\/swiftlifts.com\/be-fr\/#\/schema\/logo\/image\/"},"sameAs":["https:\/\/www.facebook.com\/swifthomelifts","https:\/\/www.instagram.com\/swifthomelifts\/","https:\/\/www.linkedin.com\/company\/swifthomelifts\/","https:\/\/www.pinterest.se\/swifthomelifts\/","https:\/\/www.youtube.com\/@swift5669"]}]}},"_links":{"self":[{"href":"https:\/\/swiftlifts.com\/be-fr\/wp-json\/wp\/v2\/pages\/56716","targetHints":{"allow":["GET"]}}],"collection":[{"href":"https:\/\/swiftlifts.com\/be-fr\/wp-json\/wp\/v2\/pages"}],"about":[{"href":"https:\/\/swiftlifts.com\/be-fr\/wp-json\/wp\/v2\/types\/page"}],"author":[{"embeddable":true,"href":"https:\/\/swiftlifts.com\/be-fr\/wp-json\/wp\/v2\/users\/1"}],"replies":[{"embeddable":true,"href":"https:\/\/swiftlifts.com\/be-fr\/wp-json\/wp\/v2\/comments?post=56716"}],"version-history":[{"count":2,"href":"https:\/\/swiftlifts.com\/be-fr\/wp-json\/wp\/v2\/pages\/56716\/revisions"}],"predecessor-version":[{"id":64619,"href":"https:\/\/swiftlifts.com\/be-fr\/wp-json\/wp\/v2\/pages\/56716\/revisions\/64619"}],"wp:attachment":[{"href":"https:\/\/swiftlifts.com\/be-fr\/wp-json\/wp\/v2\/media?parent=56716"}],"curies":[{"name":"wp","href":"https:\/\/api.w.org\/{rel}","templated":true}]}}